{"id":90,"date":"2021-11-30T18:19:55","date_gmt":"2021-11-30T21:19:55","guid":{"rendered":"https:\/\/www.uaudiobrasil.com.br\/?post_type=product&#038;p=90"},"modified":"2025-03-05T14:35:14","modified_gmt":"2025-03-05T17:35:14","slug":"astra-modulation-pedal","status":"publish","type":"product","link":"https:\/\/www.uaudiobrasil.com.br\/en\/loja\/pedais-uafx\/astra-modulation-pedal\/","title":{"rendered":"Astra Modulation Pedal"},"content":{"rendered":"<h2>O \u00e1pice dos efeitos de chorus, flanger\/doubler e tr\u00eamulo valvulado.<\/h2>\n<h4>Agora voc\u00ea pode:<\/h4>\n<div class=\"features__column\">\n<div class=\"features__item--with-image features__item--no-text\">\n<ul>\n<li>Dar textura aos seus timbres com o famoso chorus \/ vibrato bucket-bridge japon\u00eas, do ano de 1976.<\/li>\n<li>Explorar os limites externos com o flanger \/ doubler bucket-bridge.<\/li>\n<li>Obter todas as nuances do tr\u00eamulo valvulado dos anos 60, direto de seus amplificadores de guitarra americanos favoritos.<\/li>\n<li>Acessar rapidamente os sons nos modos Live \/ Preset com uma comuta\u00e7\u00e3o silenciosa e by-pass.<\/li>\n<li>Baixar os efeitos Phaser X90 e Dharma Trem 61 no ato do registro do produto.<\/li>\n<li>Construir sua pedaleira em torno do design UA atemporal e robusta, projetada para durar d\u00e9cadas.<\/li>\n<\/ul>\n<p>&nbsp;<\/p>\n<hr \/>\n<\/div>\n<h2 dir=\"ltr\" data-placeholder=\"Tradu\u00e7\u00e3o\"><\/h2>\n<h2><strong>Brigade Chorus: Famosa modula\u00e7\u00e3o japonesa<\/strong><\/h2>\n<p>Ap\u00f3s o seu lan\u00e7amento em 1976, este famoso pedal mudou o som da m\u00fasica com seu som denso, exuberante e com um vibrato ondulado.\u00a0O modo Brigade Chorus do Astra oferece a emula\u00e7\u00e3o de circuito mais completa da categoria \u2013 incluindo sua se\u00e7\u00e3o de pr\u00e9-amplificador para sons densos e saturados \u2013 permitindo que voc\u00ea retrate ondula\u00e7\u00f5es sutis de textura anal\u00f3gica, adicionando brilho e movimento em tudo que voc\u00ea toca.<\/p>\n<h2><strong>Flanger \/ Doubler: Um rack de efeitos de est\u00fadio<\/strong><\/h2>\n<p>Com muita tecnologia bucket-brigade do final dos anos 70, este cl\u00e1ssico flanger \/ doubler de rack \u00e9 famoso por seus impressionantes efeitos de whoosh, altamente \u00a0org\u00e2nico e uma gama de sons que v\u00e3o muito al\u00e9m das t\u00edpicas caixas de flanger.\u00a0O efeito Flanger \/ Dblr do Astra \u00e9 a \u00fanica emula\u00e7\u00e3o de circuito ponta a ponta desta rara unidade, capturando suas caracter\u00edsticas originais e colocando toda sua complexidade a seus p\u00e9s.<\/p>\n<h2><strong>Trem 65: Um aut\u00eantico amplificador \u201cShake\u201d<\/strong><\/h2>\n<p>Poucas coisas se comparam ao tr\u00eamulo acionado por v\u00e1lvula \u00f3ptica dos amplificadores americanos dos anos 60.\u00a0Profundo, ondulante e a pr\u00f3pria ess\u00eancia da vibra\u00e7\u00e3o, o Trem 65 \u00e9 uma emula\u00e7\u00e3o fiel deste circuito cl\u00e1ssico.\u00a0De ondula\u00e7\u00f5es cintilantes ao caos agitado, cada detalhe din\u00e2mico \u00e9 capturado no estilo UA desde as complexas intera\u00e7\u00f5es entre o fotorresistor da fonte de luz at\u00e9 o tubo condutor 12AT7.\u00a0Al\u00e9m disso, voc\u00ea pode explorar ainda mais e criar suas pr\u00f3prias texturas Trem com configura\u00e7\u00f5es de onda quadrada e senoidal vari\u00e1veis.<\/p>\n<h2><strong>Mecanismos de modula\u00e7\u00e3o est\u00e9reo duplos para sua infinita criatividade<\/strong><\/h2>\n<p>O processador UAFX do Astra alimenta inst\u00e2ncias est\u00e9reo separadas de cada efeito de modula\u00e7\u00e3o, gra\u00e7as ao seu exclusivo processamento duplo.\u00a0\u00c9 como ter duas unidades de hardware funcionando simultaneamente \u2013 ou at\u00e9 mesmo circuitos de tr\u00eaulo duplos \u2013 dando a voc\u00ea uma propaga\u00e7\u00e3o est\u00e9reo de texturas complexas.<\/p>\n<h2><strong>Um pedal de \u00faltima gera\u00e7\u00e3o<\/strong><\/h2>\n<p>Com recursos modernos e de alta pot\u00eancia, como convers\u00e3o de n\u00edvel, mecanismos de processamento duplo, efeitos adicionais para download (no ato do registro do produto), modos Live \/ Preset, true \/ buffered bypass e comuta\u00e7\u00e3o silenciosa, o Astra Modulation Machine vai dar o acabamento para sua obra prima.<\/p>\n<p>&nbsp;<\/p>\n<hr \/>\n<h5>\u00a0*Requer fonte de alimenta\u00e7\u00e3o (N\u00c3O INCLUSA) de 9V e no m\u00ednimo 400mA<\/h5>\n<h4>Aplicativo de controle UAFX e manual do propriet\u00e1rio<\/h4>\n<div><a href=\"https:\/\/www.uaudio.com\/uafx\/start\" target=\"_blank\" rel=\"noopener\">Baixe o app<\/a>\u00a0 |\u00a0\u00a0<a href=\"https:\/\/help.uaudio.com\/hc\/en-us\/sections\/360012250151-UAFX-Pedals-Documentation\" target=\"_blank\" rel=\"noopener\">Manual<\/a>\u00a0 |\u00a0 <a href=\"https:\/\/help.uaudio.com\/hc\/en-us\/articles\/360058186352\" target=\"_blank\" rel=\"noopener\">Guia R\u00e1pido<\/a><\/div>\n<div><\/div>\n<div><em>(Manual e Guia R\u00e1pido em Ingl\u00eas.)<\/em><\/div>\n<\/div>","protected":false},"excerpt":{"rendered":"<p>Levando voc\u00ea ao maravilhoso e surreal mundo da modula\u00e7\u00e3o anal\u00f3gica cl\u00e1ssica, o UAFX Astra Modulation Machine oferece os efeitos sonoros mais aut\u00eanticos de chorus \/ vibrato, flanger\/doubler de est\u00fadio e tr\u00eamulo valvulado j\u00e1 colocados em uma \u00fanica pedaleira.<\/p>\n<p>Constru\u00eddo com base em nosso novo e poderoso processador duplo UAFX e com n\u00edveis incompar\u00e1veis de realismo anal\u00f3gico, o Astra oferece modula\u00e7\u00e3o \u201cvintage\u201d perfeitamente elaborada para inspirar voc\u00ea por d\u00e9cadas.<\/p>\n<p><img decoding=\"async\" class=\"alignnone size-medium wp-image-5695\" src=\"https:\/\/www.uaudiobrasil.com.br\/wp-content\/uploads\/2025\/03\/disclaimer.png\" alt=\"AV Pro Brasil\" width=\"100%\" \/><\/p>\n<h2>R$ 3.849,00<\/h2>","protected":false},"featured_media":99,"comment_status":"closed","ping_status":"closed","template":"","meta":{"site-sidebar-layout":"default","site-content-layout":"default","ast-site-content-layout":"default","site-content-style":"default","site-sidebar-style":"default","ast-global-header-display":"","ast-banner-title-visibility":"","ast-main-header-display":"","ast-hfb-above-header-display":"","ast-hfb-below-header-display":"","ast-hfb-mobile-header-display":"","site-post-title":"","ast-breadcrumbs-content":"","ast-featured-img":"","footer-sml-layout":"","ast-disable-related-posts":"","theme-transparent-header-meta":"default","adv-header-id-meta":"","stick-header-meta":"","header-above-stick-meta":"","header-main-stick-meta":"","header-below-stick-meta":"","astra-migrate-meta-layouts":"set","ast-page-background-enabled":"default","ast-page-background-meta":{"desktop":{"background-color":"var(--ast-global-color-4)","background-image":"","background-repeat":"repeat","background-position":"center center","background-size":"auto","background-attachment":"scroll","background-type":"","background-media":"","overlay-type":"","overlay-color":"","overlay-opacity":"","overlay-gradient":""},"tablet":{"background-color":"","background-image":"","background-repeat":"repeat","background-position":"center center","background-size":"auto","background-attachment":"scroll","background-type":"","background-media":"","overlay-type":"","overlay-color":"","overlay-opacity":"","overlay-gradient":""},"mobile":{"background-color":"","background-image":"","background-repeat":"repeat","background-position":"center center","background-size":"auto","background-attachment":"scroll","background-type":"","background-media":"","overlay-type":"","overlay-color":"","overlay-opacity":"","overlay-gradient":""}},"ast-content-background-meta":{"desktop":{"background-color":"var(--ast-global-color-5)","background-image":"","background-repeat":"repeat","background-position":"center center","background-size":"auto","background-attachment":"scroll","background-type":"","background-media":"","overlay-type":"","overlay-color":"","overlay-opacity":"","overlay-gradient":""},"tablet":{"background-color":"var(--ast-global-color-5)","background-image":"","background-repeat":"repeat","background-position":"center center","background-size":"auto","background-attachment":"scroll","background-type":"","background-media":"","overlay-type":"","overlay-color":"","overlay-opacity":"","overlay-gradient":""},"mobile":{"background-color":"var(--ast-global-color-5)","background-image":"","background-repeat":"repeat","background-position":"center center","background-size":"auto","background-attachment":"scroll","background-type":"","background-media":"","overlay-type":"","overlay-color":"","overlay-opacity":"","overlay-gradient":""}},"_joinchat":[]},"product_brand":[],"product_cat":[17],"product_tag":[],"class_list":{"0":"post-90","1":"product","2":"type-product","3":"status-publish","4":"has-post-thumbnail","6":"product_cat-pedais-uafx","7":"desktop-align-left","8":"tablet-align-left","9":"mobile-align-left","11":"first","12":"instock","13":"shipping-taxable","14":"product-type-external"},"aioseo_notices":[],"jetpack_sharing_enabled":true,"_links":{"self":[{"href":"https:\/\/www.uaudiobrasil.com.br\/en\/wp-json\/wp\/v2\/product\/90","targetHints":{"allow":["GET"]}}],"collection":[{"href":"https:\/\/www.uaudiobrasil.com.br\/en\/wp-json\/wp\/v2\/product"}],"about":[{"href":"https:\/\/www.uaudiobrasil.com.br\/en\/wp-json\/wp\/v2\/types\/product"}],"replies":[{"embeddable":true,"href":"https:\/\/www.uaudiobrasil.com.br\/en\/wp-json\/wp\/v2\/comments?post=90"}],"version-history":[{"count":3,"href":"https:\/\/www.uaudiobrasil.com.br\/en\/wp-json\/wp\/v2\/product\/90\/revisions"}],"predecessor-version":[{"id":5727,"href":"https:\/\/www.uaudiobrasil.com.br\/en\/wp-json\/wp\/v2\/product\/90\/revisions\/5727"}],"wp:featuredmedia":[{"embeddable":true,"href":"https:\/\/www.uaudiobrasil.com.br\/en\/wp-json\/wp\/v2\/media\/99"}],"wp:attachment":[{"href":"https:\/\/www.uaudiobrasil.com.br\/en\/wp-json\/wp\/v2\/media?parent=90"}],"wp:term":[{"taxonomy":"product_brand","embeddable":true,"href":"https:\/\/www.uaudiobrasil.com.br\/en\/wp-json\/wp\/v2\/product_brand?post=90"},{"taxonomy":"product_cat","embeddable":true,"href":"https:\/\/www.uaudiobrasil.com.br\/en\/wp-json\/wp\/v2\/product_cat?post=90"},{"taxonomy":"product_tag","embeddable":true,"href":"https:\/\/www.uaudiobrasil.com.br\/en\/wp-json\/wp\/v2\/product_tag?post=90"}],"curies":[{"name":"wp","href":"https:\/\/api.w.org\/{rel}","templated":true}]}}