{"id":85,"date":"2021-11-30T18:13:00","date_gmt":"2021-11-30T21:13:00","guid":{"rendered":"https:\/\/www.uaudiobrasil.com.br\/?post_type=product&#038;p=85"},"modified":"2025-03-05T14:35:14","modified_gmt":"2025-03-05T17:35:14","slug":"golden-reverb-pedal","status":"publish","type":"product","link":"https:\/\/www.uaudiobrasil.com.br\/en\/loja\/pedais-uafx\/golden-reverb-pedal\/","title":{"rendered":"Golden Reverb Pedal"},"content":{"rendered":"<h2>Efeitos de reverbera\u00e7\u00e3o vintage que vai al\u00e9m de qualquer outro pedal.<\/h2>\n<h4>Agora voc\u00ea pode:<\/h4>\n<div class=\"features__column\">\n<div class=\"features__item--with-image features__item--no-text\">\n<ul>\n<li>Obter o som inconfund\u00edvel de tr\u00eas modelos de reverbera\u00e7\u00e3o de mola extra\u00eddos dos cl\u00e1ssicos amplificadores de guitarra americanos dos anos 60.<\/li>\n<li>Acessar rapidamente os sons com os modos Live \/ Preset, brincar com a comuta\u00e7\u00e3o silenciosa e bypass com spillover.<\/li>\n<li>Explorar o som denso e pesado de tr\u00eas reverbs de est\u00fadios alem\u00e3es provenientes do est\u00fadio The Plant.<\/li>\n<li>Baixar o efeito Chamber &amp; Plate adicional no ato do registro do produto.<\/li>\n<li>Esculpir sons tridimensionais com algoritmos de reverbera\u00e7\u00e3o digitais bit a bit.<\/li>\n<li>Construir sua pedaleira em torno do design UA atemporal e robusta, projetada para durar d\u00e9cadas.<\/li>\n<\/ul>\n<p>&nbsp;<\/p>\n<hr \/>\n<\/div>\n<h2 dir=\"ltr\" data-placeholder=\"Tradu\u00e7\u00e3o\"><\/h2>\n<h2><strong>Spring 65: Um trio de aut\u00eanticos reverbs de amplificadores vintage<\/strong><\/h2>\n<p>O reverb de mola alimentado por v\u00e1lvulas dos cl\u00e1ssicos amplificadores de guitarra americanos dos anos 60 \u00e9 um som celestial como nenhum outro.\u00a0Mas n\u00e3o h\u00e1 dois tanques de reverbera\u00e7\u00e3o de mola com som semelhante.\u00a0Ent\u00e3o, testamos mais de duas d\u00fazias de tanques, finalmente escolhendo e modelando tr\u00eas tanques de um trio de amplificadores vintage.\u00a0Ao contr\u00e1rio de outras emula\u00e7\u00f5es de reverbera\u00e7\u00e3o de mola, a abordagem de \u201camplificador inteiro\u201d do UA captura fielmente o recorte do tubo de cada circuito de reverbera\u00e7\u00e3o.\u00a0O resultado final \u00e9 \u00fanico e impressionante.<\/p>\n<h2><strong>Plate 140: Uma gama cl\u00e1ssica de placas de est\u00fadio<\/strong><\/h2>\n<p>O som denso e pesado do reverb de placa de est\u00fadio do final dos anos 1950 \u00e9 parte integrante de mais de 60 anos de timbres de guitarra cl\u00e1ssicos. Os tr\u00eas pratos com vozes exclusivos do Golden Reverberator \u2013 provenientes do est\u00fadio de grava\u00e7\u00e3o The Plant em Sausalito, Calif\u00f3rnia \u2013 enquadram seus timbres em um ambiente nebuloso t\u00e3o quente quanto o sol do meio-dia.\u00a0Al\u00e9m disso, voc\u00ea pode adicionar facilmente ondula\u00e7\u00f5es de modula\u00e7\u00e3o anal\u00f3gica.<\/p>\n<h2><strong>Hall 224: Um mundo do ambiente digital vintage do final dos anos 70<\/strong><\/h2>\n<p>Introduzido no final dos anos 1970, o reverb digital de est\u00fadio permitiu que guitarristas progressivos se aventurassem ainda mais na explora\u00e7\u00e3o atmosf\u00e9rica \u2013 alimentando o pop e os sons de guitarra de rock alternativo dos anos 80, 90 e posteriores.\u00a0O efeito Hall 224 do Golden Reverberator oferece os algoritmos exatos bit a bit, com todas as suas exuberantes trilhas granuladas e texturas de modula\u00e7\u00e3o.<\/p>\n<h2><strong>Mecanismos de reverbera\u00e7\u00e3o est\u00e9reo duplos para sua infinita criatividade<\/strong><\/h2>\n<p>Constru\u00eddo a partir do zero para o UAFX, o poderoso mecanismo do Golden Reverberator executa inst\u00e2ncias est\u00e9reo separadas de cada efeito de reverbera\u00e7\u00e3o, gra\u00e7as ao seu processamento de mecanismo duplo \u2013 fornecendo paisagens sonoras imersivas tridimensionais. Isso resulta em uma propaga\u00e7\u00e3o est\u00e9reo de texturas complexas e inspiradoras e transi\u00e7\u00f5es de efeito perfeitas.<\/p>\n<h2><strong>Um pedal de \u00faltima gera\u00e7\u00e3o<\/strong><\/h2>\n<p>Com recursos modernos e de alta pot\u00eancia, como convers\u00e3o de n\u00edvel, mecanismos de processamento duplo, efeitos adicionais para download (no ato do registro do produto), modos Live \/ Preset, true \/ buffered bypass com comuta\u00e7\u00e3o silenciosa, trilhas de efeito e dry through anal\u00f3gico, o Golden Reverberator mostra a perfei\u00e7\u00e3o da pura reverbera\u00e7\u00e3o, em uma bela pedaleira constru\u00edda para durar d\u00e9cadas.<\/p>\n<p>&nbsp;<\/p>\n<hr \/>\n<h5>\u00a0*Requer fonte de alimenta\u00e7\u00e3o (N\u00c3O INCLUSA) de 9V e no m\u00ednimo 400mA<\/h5>\n<h4>Aplicativo de controle UAFX e manual do propriet\u00e1rio<\/h4>\n<div><a href=\"https:\/\/www.uaudio.com\/uafx\/start\" target=\"_blank\" rel=\"noopener\">Baixe o app<\/a>\u00a0 |\u00a0\u00a0<a href=\"https:\/\/help.uaudio.com\/hc\/en-us\/sections\/360012250151-UAFX-Pedals-Documentation\" target=\"_blank\" rel=\"noopener\">Manual<\/a>\u00a0 |\u00a0 <a href=\"https:\/\/help.uaudio.com\/hc\/en-us\/articles\/360058186352\" target=\"_blank\" rel=\"noopener\">Guia R\u00e1pido<\/a><\/div>\n<div><\/div>\n<\/div>\n<div><em>(Manual e Guia R\u00e1pido em Ingl\u00eas.)<\/em><\/div>","protected":false},"excerpt":{"rendered":"<p>Aproveitando mais de 20 anos de experi\u00eancia em modelagem de reverbera\u00e7\u00e3o, o UAFX Golden Reverberator coloca um famoso trio de reverbera\u00e7\u00f5es bem a seus p\u00e9s. Temos aqui a emula\u00e7\u00e3o de reverbs de mola alimentado por v\u00e1lvulas dos cl\u00e1ssicos amplificadores de guitarra dos anos 60. Um som denso e pesado dos reverbs de est\u00fadio dos anos 50.<\/p>\n<p>Constru\u00eddo sobre o poderoso processamento duplo UAFX e n\u00edveis sem precedentes de autenticidade sonora, Golden Reverberator \u00e9 uma unidade de reverbera\u00e7\u00e3o que pode ser seu carro-chefe desta linha de pedais.<\/p>\n<p><img decoding=\"async\" class=\"alignnone size-medium wp-image-5695\" src=\"https:\/\/www.uaudiobrasil.com.br\/wp-content\/uploads\/2025\/03\/disclaimer.png\" alt=\"AV Pro Brasil\" width=\"100%\" \/><\/p>\n<h2>R$ 3.849,00<\/h2>","protected":false},"featured_media":96,"comment_status":"closed","ping_status":"closed","template":"","meta":{"site-sidebar-layout":"default","site-content-layout":"default","ast-site-content-layout":"default","site-content-style":"default","site-sidebar-style":"default","ast-global-header-display":"","ast-banner-title-visibility":"","ast-main-header-display":"","ast-hfb-above-header-display":"","ast-hfb-below-header-display":"","ast-hfb-mobile-header-display":"","site-post-title":"","ast-breadcrumbs-content":"","ast-featured-img":"","footer-sml-layout":"","ast-disable-related-posts":"","theme-transparent-header-meta":"default","adv-header-id-meta":"","stick-header-meta":"","header-above-stick-meta":"","header-main-stick-meta":"","header-below-stick-meta":"","astra-migrate-meta-layouts":"set","ast-page-background-enabled":"default","ast-page-background-meta":{"desktop":{"background-color":"var(--ast-global-color-4)","background-image":"","background-repeat":"repeat","background-position":"center center","background-size":"auto","background-attachment":"scroll","background-type":"","background-media":"","overlay-type":"","overlay-color":"","overlay-opacity":"","overlay-gradient":""},"tablet":{"background-color":"","background-image":"","background-repeat":"repeat","background-position":"center center","background-size":"auto","background-attachment":"scroll","background-type":"","background-media":"","overlay-type":"","overlay-color":"","overlay-opacity":"","overlay-gradient":""},"mobile":{"background-color":"","background-image":"","background-repeat":"repeat","background-position":"center center","background-size":"auto","background-attachment":"scroll","background-type":"","background-media":"","overlay-type":"","overlay-color":"","overlay-opacity":"","overlay-gradient":""}},"ast-content-background-meta":{"desktop":{"background-color":"var(--ast-global-color-5)","background-image":"","background-repeat":"repeat","background-position":"center center","background-size":"auto","background-attachment":"scroll","background-type":"","background-media":"","overlay-type":"","overlay-color":"","overlay-opacity":"","overlay-gradient":""},"tablet":{"background-color":"var(--ast-global-color-5)","background-image":"","background-repeat":"repeat","background-position":"center center","background-size":"auto","background-attachment":"scroll","background-type":"","background-media":"","overlay-type":"","overlay-color":"","overlay-opacity":"","overlay-gradient":""},"mobile":{"background-color":"var(--ast-global-color-5)","background-image":"","background-repeat":"repeat","background-position":"center center","background-size":"auto","background-attachment":"scroll","background-type":"","background-media":"","overlay-type":"","overlay-color":"","overlay-opacity":"","overlay-gradient":""}},"_joinchat":[]},"product_brand":[],"product_cat":[17],"product_tag":[],"class_list":{"0":"post-85","1":"product","2":"type-product","3":"status-publish","4":"has-post-thumbnail","6":"product_cat-pedais-uafx","7":"desktop-align-left","8":"tablet-align-left","9":"mobile-align-left","11":"first","12":"instock","13":"shipping-taxable","14":"product-type-external"},"aioseo_notices":[],"jetpack_sharing_enabled":true,"_links":{"self":[{"href":"https:\/\/www.uaudiobrasil.com.br\/en\/wp-json\/wp\/v2\/product\/85","targetHints":{"allow":["GET"]}}],"collection":[{"href":"https:\/\/www.uaudiobrasil.com.br\/en\/wp-json\/wp\/v2\/product"}],"about":[{"href":"https:\/\/www.uaudiobrasil.com.br\/en\/wp-json\/wp\/v2\/types\/product"}],"replies":[{"embeddable":true,"href":"https:\/\/www.uaudiobrasil.com.br\/en\/wp-json\/wp\/v2\/comments?post=85"}],"version-history":[{"count":3,"href":"https:\/\/www.uaudiobrasil.com.br\/en\/wp-json\/wp\/v2\/product\/85\/revisions"}],"predecessor-version":[{"id":5728,"href":"https:\/\/www.uaudiobrasil.com.br\/en\/wp-json\/wp\/v2\/product\/85\/revisions\/5728"}],"wp:featuredmedia":[{"embeddable":true,"href":"https:\/\/www.uaudiobrasil.com.br\/en\/wp-json\/wp\/v2\/media\/96"}],"wp:attachment":[{"href":"https:\/\/www.uaudiobrasil.com.br\/en\/wp-json\/wp\/v2\/media?parent=85"}],"wp:term":[{"taxonomy":"product_brand","embeddable":true,"href":"https:\/\/www.uaudiobrasil.com.br\/en\/wp-json\/wp\/v2\/product_brand?post=85"},{"taxonomy":"product_cat","embeddable":true,"href":"https:\/\/www.uaudiobrasil.com.br\/en\/wp-json\/wp\/v2\/product_cat?post=85"},{"taxonomy":"product_tag","embeddable":true,"href":"https:\/\/www.uaudiobrasil.com.br\/en\/wp-json\/wp\/v2\/product_tag?post=85"}],"curies":[{"name":"wp","href":"https:\/\/api.w.org\/{rel}","templated":true}]}}