{"id":5812,"date":"2025-03-05T11:58:56","date_gmt":"2025-03-05T14:58:56","guid":{"rendered":"https:\/\/www.uaudiobrasil.com.br\/?post_type=product&#038;p=5812"},"modified":"2025-03-05T14:40:02","modified_gmt":"2025-03-05T17:40:02","slug":"universal-audio-apollo-x6-gen-2-essentials-edition-desktop-mac-win-tb3","status":"publish","type":"product","link":"https:\/\/www.uaudiobrasil.com.br\/en\/loja\/interfaces-de-audio\/linha-apollo\/universal-audio-apollo-x6-gen-2-essentials-edition-desktop-mac-win-tb3\/","title":{"rendered":"Universal Audio Apollo x6 GEN 2 Essentials+ Edition (Desktop\/Mac\/Win\/TB3)"},"content":{"rendered":"<p>&nbsp;<\/p>\n<h2 data-start=\"470\" data-end=\"495\">Apollo X6<\/h2>\n<h3 data-start=\"496\" data-end=\"543\">O centro da sua pr\u00f3xima produ\u00e7\u00e3o musical.<\/h3>\n<p data-start=\"545\" data-end=\"893\">A pr\u00f3xima gera\u00e7\u00e3o das interfaces <strong data-start=\"578\" data-end=\"591\">Apollo x6<\/strong> da Universal Audio chegou, oferecendo aos produtores e est\u00fadios um conversor de \u00e1udio de alt\u00edssima qualidade, dois pr\u00e9-amplificadores Unison\u2122 e processamento <strong data-start=\"750\" data-end=\"767\">HEXA Core DSP<\/strong> para grava\u00e7\u00e3o e produ\u00e7\u00e3o com plug-ins UAD de n\u00edvel mundial, incluindo Auto-Tune, Neve, Manley, Avalon, SSL e muitos outros.<\/p>\n<p data-start=\"895\" data-end=\"1201\">Confi\u00e1vel entre os principais produtores e engenheiros de som do mundo que buscam a qualidade sonora <strong data-start=\"996\" data-end=\"1008\">Apollo X<\/strong> e poder de processamento DSP sem a necessidade de mais canais de hardware, a <strong data-start=\"1086\" data-end=\"1099\">Apollo x6<\/strong> eleva seu est\u00fadio a um novo n\u00edvel com qualidade de \u00e1udio lend\u00e1ria e a reconhecida engenharia da UA.<\/p>\n<hr data-start=\"1203\" data-end=\"1206\" \/>\n<h2 data-start=\"1208\" data-end=\"1234\">Principais Benef\u00edcios<\/h2>\n<p data-start=\"1235\" data-end=\"2229\">\u2705 <strong data-start=\"1237\" data-end=\"1277\">Convers\u00e3o de \u00e1udio de \u00faltima gera\u00e7\u00e3o<\/strong> com a maior faixa din\u00e2mica e menor distor\u00e7\u00e3o entre todas as Apollo.<br data-start=\"1345\" data-end=\"1348\" \/>\u2705 <strong data-start=\"1350\" data-end=\"1369\">Preamps Unison\u2122<\/strong> para grava\u00e7\u00e3o em tempo real com emula\u00e7\u00f5es aut\u00eanticas de Neve, API, Avalon, Manley, Fender e mais.<br data-start=\"1467\" data-end=\"1470\" \/>\u2705 <strong data-start=\"1472\" data-end=\"1520\">Acesse mais de 200 plug-ins UAD DSP e Native<\/strong>, incluindo cl\u00e1ssicos como Capitol Chambers, Sound City Studios, EL8 Distressor e muitos outros.<br data-start=\"1616\" data-end=\"1619\" \/>\u2705 <strong data-start=\"1621\" data-end=\"1646\">Misture com confian\u00e7a<\/strong> em qualquer ambiente ou fone de ouvido com Apollo Monitor Correction, alimentado por Sonarworks\u00ae*.<br data-start=\"1745\" data-end=\"1748\" \/>\u2705 <strong data-start=\"1750\" data-end=\"1763\">Auto-Gain<\/strong> para definir n\u00edveis em v\u00e1rias entradas em segundos.<br data-start=\"1815\" data-end=\"1818\" \/>\u2705 <strong data-start=\"1820\" data-end=\"1847\">Gerenciamento de graves<\/strong> para adicionar um subwoofer ao seu monitoramento e ouvir todos os detalhes das frequ\u00eancias baixas.<br data-start=\"1946\" data-end=\"1949\" \/>\u2705 <strong data-start=\"1951\" data-end=\"1974\">Configura\u00e7\u00e3o r\u00e1pida<\/strong> de monitora\u00e7\u00e3o de baixa lat\u00eancia, cenas de plug-ins e mixagem imersiva com o app UAD Console.<br data-start=\"2068\" data-end=\"2071\" \/>\u2705 <strong data-start=\"2073\" data-end=\"2125\">Inclui milhares de d\u00f3lares em plug-ins premiados<\/strong> da Auto-Tune, Fairchild, Teletronix e muito mais, dispon\u00edveis nas edi\u00e7\u00f5es <strong data-start=\"2200\" data-end=\"2226\">Essentials+ ou Studio+<\/strong>.<\/p>\n<hr data-start=\"2231\" data-end=\"2234\" \/>\n<h2 data-start=\"2236\" data-end=\"2269\">O Novo Centro do Seu Est\u00fadio<\/h2>\n<p data-start=\"2270\" data-end=\"2654\">A <strong data-start=\"2272\" data-end=\"2285\">Apollo x6<\/strong> foi projetada para produtores que exigem <strong data-start=\"2327\" data-end=\"2359\">qualidade de \u00e1udio impec\u00e1vel<\/strong>, sem a necessidade de pr\u00e9-amplificadores anal\u00f3gicos extras dos modelos maiores. Com uma faixa din\u00e2mica sem precedentes e convers\u00e3o de \u00e1udio de <strong data-start=\"2503\" data-end=\"2523\">24-bit \/ 192 kHz<\/strong>, agora com <strong data-start=\"2535\" data-end=\"2572\">D\/A aprimorado para monitoramento<\/strong>, a <strong data-start=\"2576\" data-end=\"2589\">Apollo x6<\/strong> coloca o som das grandes produ\u00e7\u00f5es diretamente no seu est\u00fadio.<\/p>\n<hr data-start=\"2656\" data-end=\"2659\" \/>\n<h2 data-start=\"2661\" data-end=\"2700\">Todas as Entradas Que Voc\u00ea Precisa<\/h2>\n<p data-start=\"2701\" data-end=\"3083\">Com <strong data-start=\"2705\" data-end=\"2740\">dois pr\u00e9-amplificadores Unison\u2122<\/strong> e entradas de instrumento Hi-Z no painel frontal, a <strong data-start=\"2793\" data-end=\"2806\">Apollo x6<\/strong> permite que voc\u00ea grave em tempo real com o som de equipamentos lend\u00e1rios da Neve, Manley, API, Fender, Marshall e muitos outros. Al\u00e9m disso, com <strong data-start=\"2952\" data-end=\"2989\">seis entradas de linha adicionais<\/strong>, conectar seus sintetizadores, teclados e outros equipamentos externos nunca foi t\u00e3o f\u00e1cil.<\/p>\n<hr data-start=\"3085\" data-end=\"3088\" \/>\n<h2 data-start=\"3090\" data-end=\"3130\">Misture com Sons Vintage &amp; Modernos<\/h2>\n<p data-start=\"3131\" data-end=\"3461\">Desde o primeiro momento, a <strong data-start=\"3159\" data-end=\"3172\">Apollo x6<\/strong> oferece ferramentas para criar <strong data-start=\"3204\" data-end=\"3229\">mixagens inspiradoras<\/strong>. Com compressores Teletronix LA-2A, EQs Pultec, sintetizadores e efeitos de fita inclusos, voc\u00ea pode explorar toda a biblioteca de mais de <strong data-start=\"3369\" data-end=\"3389\">200 plug-ins UAD<\/strong> e desbloquear ferramentas comprovadas na cria\u00e7\u00e3o de grandes sucessos.<\/p>\n<hr data-start=\"3463\" data-end=\"3466\" \/>\n<h2 data-start=\"3468\" data-end=\"3507\">Ou\u00e7a Cada Detalhe Como Nunca Antes<\/h2>\n<p data-start=\"3508\" data-end=\"3844\">Agora em sua segunda gera\u00e7\u00e3o, a <strong data-start=\"3540\" data-end=\"3553\">Apollo x6<\/strong> conta com os <strong data-start=\"3567\" data-end=\"3601\">conversores D\/A mais avan\u00e7ados<\/strong> da UA, combinados com <strong data-start=\"3624\" data-end=\"3681\">Apollo Monitor Correction, alimentado por Sonarworks\u00ae<\/strong>. Isso significa que, seja ouvindo em monitores ou fones de ouvido, voc\u00ea ter\u00e1 a <strong data-start=\"3761\" data-end=\"3791\">representa\u00e7\u00e3o mais precisa<\/strong> do seu \u00e1udio, evitando surpresas na mixagem final.<\/p>\n<hr data-start=\"3846\" data-end=\"3849\" \/>\n<h2 data-start=\"3851\" data-end=\"3893\">Encontre Seu Fluxo no App UAD Console<\/h2>\n<p data-start=\"3894\" data-end=\"4259\">Assim como em um est\u00fadio anal\u00f3gico, onde o <strong data-start=\"3937\" data-end=\"3981\">console \u00e9 o cora\u00e7\u00e3o do fluxo de trabalho<\/strong>, a <strong data-start=\"3985\" data-end=\"3998\">Apollo x6<\/strong> conta com um poderoso <strong data-start=\"4021\" data-end=\"4049\">motor de mixagem digital<\/strong> para controlar roteamento e monitora\u00e7\u00e3o de plug-ins. Com recursos como <strong data-start=\"4121\" data-end=\"4194\">Auto-Gain, Bass Management, suporte a \u00e1udio imersivo e Plug-In Scenes<\/strong>, \u00e9 f\u00e1cil encontrar um fluxo de trabalho eficiente e produtivo.<\/p>\n<hr data-start=\"4261\" data-end=\"4264\" \/>\n<h2 data-start=\"4266\" data-end=\"4321\">Um Sistema H\u00edbrido para Potencializar Seu Trabalho<\/h2>\n<p data-start=\"4322\" data-end=\"4574\">Combine o <strong data-start=\"4332\" data-end=\"4349\">HEXA Core DSP<\/strong> da Apollo x6 com o processamento do seu computador para produzir grandes sess\u00f5es com cadeias complexas de plug-ins \u2014 um fluxo de trabalho h\u00edbrido que <strong data-start=\"4500\" data-end=\"4571\">supera qualquer configura\u00e7\u00e3o baseada apenas em processamento nativo<\/strong>.<\/p>\n<hr data-start=\"4576\" data-end=\"4579\" \/>\n<h2 data-start=\"4581\" data-end=\"4622\">Expanda Seu Est\u00fadio Conforme Preciso<\/h2>\n<p data-start=\"4623\" data-end=\"4899\">Expanda seu est\u00fadio conectando <strong data-start=\"4654\" data-end=\"4698\">at\u00e9 quatro interfaces Apollo Thunderbolt<\/strong>, somando at\u00e9 <strong data-start=\"4712\" data-end=\"4745\">128 canais de entrada e sa\u00edda<\/strong> no seu DAW. Controle tudo diretamente do <strong data-start=\"4787\" data-end=\"4808\">Apollo Twin ou x4<\/strong>. N\u00e3o importa at\u00e9 onde sua m\u00fasica te leve, uma <strong data-start=\"4855\" data-end=\"4894\">Apollo sempre estar\u00e1 ao seu alcance<\/strong>.**<\/p>\n<hr data-start=\"4901\" data-end=\"4904\" \/>\n<h2 data-start=\"4906\" data-end=\"4941\"><strong data-start=\"4909\" data-end=\"4939\">Principais Caracter\u00edsticas<\/strong><\/h2>\n<p data-start=\"4942\" data-end=\"6379\">\u2714 <strong data-start=\"4944\" data-end=\"4986\">Interface de \u00e1udio Thunderbolt 16 x 22<\/strong> com processamento HEXA Core DSP.<br data-start=\"5019\" data-end=\"5022\" \/>\u2714 <strong data-start=\"5024\" data-end=\"5059\">Dois pr\u00e9-amplificadores Unison\u2122<\/strong>, duas entradas Hi-Z, seis entradas de linha 1\/4&#8243;, duas I\/Os Toslink \u00f3pticas (ADAT S\/MUX), I\/O coaxial RCA (S\/PDIF), word clock I\/O (BNC).<br data-start=\"5197\" data-end=\"5200\" \/>\u2714 <strong data-start=\"5202\" data-end=\"5233\">Duas sa\u00eddas de monitor 1\/4&#8243;<\/strong>, seis sa\u00eddas de linha 1\/4&#8243; (ALT \/ 5.1 surround), duas sa\u00eddas de fone de ouvido TRS 1\/4&#8243;.<br data-start=\"5322\" data-end=\"5325\" \/>\u2714 <strong data-start=\"5327\" data-end=\"5373\">Conversores Apollo X Gen 2 de classe elite<\/strong> com resolu\u00e7\u00e3o <strong data-start=\"5388\" data-end=\"5408\">24-bit \/ 192 kHz<\/strong> e clock duplo-cristalino para <strong data-start=\"5439\" data-end=\"5461\">jitter ultra-baixo<\/strong>.<br data-start=\"5462\" data-end=\"5465\" \/>\u2714 <strong data-start=\"5467\" data-end=\"5512\">D\/A aprimorado para monitoramento cr\u00edtico<\/strong>, com faixa din\u00e2mica de <strong data-start=\"5536\" data-end=\"5546\">130 dB<\/strong> e distor\u00e7\u00e3o ultra-baixa de <strong data-start=\"5574\" data-end=\"5585\">-127 dB<\/strong>.<br data-start=\"5586\" data-end=\"5589\" \/>\u2714 <strong data-start=\"5591\" data-end=\"5634\">Corre\u00e7\u00e3o de monitores e fones de ouvido<\/strong> com Apollo Monitor Correction, alimentado por Sonarworks\u00ae*.<br data-start=\"5694\" data-end=\"5697\" \/>\u2714 <strong data-start=\"5699\" data-end=\"5730\">Monitor controller completo<\/strong> com comuta\u00e7\u00e3o de alto-falantes e talkback integrado.<br data-start=\"5783\" data-end=\"5786\" \/>\u2714 <strong data-start=\"5788\" data-end=\"5818\">App UAD Console atualizado<\/strong> com Auto-Gain, Plug-In Scenes, gerenciamento de subwoofer e suporte para \u00e1udio imersivo.<br data-start=\"5907\" data-end=\"5910\" \/>\u2714 <strong data-start=\"5912\" data-end=\"5981\">Processamento DSP onboard compat\u00edvel com mais de 200 plug-ins UAD<\/strong> nos formatos VST, AU e AAX 64 em <strong data-start=\"6015\" data-end=\"6043\">todas as DAWs principais<\/strong>.<br data-start=\"6044\" data-end=\"6047\" \/>\u2714 <strong data-start=\"6049\" data-end=\"6080\">Inclui at\u00e9 50+ plug-ins UAD<\/strong> nas edi\u00e7\u00f5es Essentials+ ou Studio+.<br data-start=\"6116\" data-end=\"6119\" \/>\u2714 <strong data-start=\"6121\" data-end=\"6195\">Compat\u00edvel com LUNA, Logic Pro, Pro Tools, Cubase, Ableton Live e mais<\/strong>.**<br data-start=\"6198\" data-end=\"6201\" \/>\u2714 <strong data-start=\"6203\" data-end=\"6251\">Expans\u00edvel com interfaces Apollo Thunderbolt<\/strong> ou modelos selecionados via Dante.<br data-start=\"6286\" data-end=\"6289\" \/>\u2714 <strong data-start=\"6291\" data-end=\"6325\">Suporte t\u00e9cnico l\u00edder do setor<\/strong>, fornecido por engenheiros de \u00e1udio especializados.<\/p>\n<p data-start=\"4942\" data-end=\"6379\">\n<p data-start=\"4942\" data-end=\"6379\">\n<h3 data-start=\"40\" data-end=\"87\">Plug-ins inclu\u00eddos na Essentials+ Edition<\/h3>\n<h4 data-start=\"89\" data-end=\"124\">Channel Strips &amp; Preamps (6)<\/h4>\n<ul data-start=\"125\" data-end=\"287\">\n<li data-start=\"125\" data-end=\"155\">Century Tube Channel Strip<\/li>\n<li data-start=\"156\" data-end=\"178\">CS-1 Channel Strip<\/li>\n<li data-start=\"179\" data-end=\"209\">Helios Type 69 Preamp &amp; EQ<\/li>\n<li data-start=\"210\" data-end=\"237\">Precision Channel Strip<\/li>\n<li data-start=\"238\" data-end=\"262\">UA 610-A Preamp &amp; EQ<\/li>\n<li data-start=\"263\" data-end=\"287\">UA 610-B Preamp &amp; EQ<\/li>\n<\/ul>\n<h4 data-start=\"289\" data-end=\"326\">Compressores \/ Limitadores (7)<\/h4>\n<ul data-start=\"327\" data-end=\"563\">\n<li data-start=\"327\" data-end=\"351\">Fairchild 670 Legacy<\/li>\n<li data-start=\"352\" data-end=\"388\">Teletronix LA-2A Classic Leveler<\/li>\n<li data-start=\"389\" data-end=\"430\">Teletronix LA-2A Gray Classic Leveler<\/li>\n<li data-start=\"431\" data-end=\"474\">Teletronix LA-2A Silver Classic Leveler<\/li>\n<li data-start=\"475\" data-end=\"521\">Teletronix LA-2A Legacy Leveling Amplifier<\/li>\n<li data-start=\"522\" data-end=\"542\">UA 1176LN Legacy<\/li>\n<li data-start=\"543\" data-end=\"563\">UA 1176SE Legacy<\/li>\n<\/ul>\n<h4 data-start=\"565\" data-end=\"589\">Equalizadores (6)<\/h4>\n<ul data-start=\"590\" data-end=\"757\">\n<li data-start=\"590\" data-end=\"618\">Helios Type 69 Legacy EQ<\/li>\n<li data-start=\"619\" data-end=\"646\">Pultec EQP-1A Legacy EQ<\/li>\n<li data-start=\"647\" data-end=\"675\">Pultec EQP-1A Passive EQ<\/li>\n<li data-start=\"676\" data-end=\"704\">Pultec HLF-3C Passive EQ<\/li>\n<li data-start=\"705\" data-end=\"732\">Pultec MEQ-5 Passive EQ<\/li>\n<li data-start=\"733\" data-end=\"757\">Pultec Pro Legacy EQ<\/li>\n<\/ul>\n<h4 data-start=\"759\" data-end=\"792\">Processamento Especial (4)<\/h4>\n<ul data-start=\"793\" data-end=\"909\">\n<li data-start=\"793\" data-end=\"822\">Auto-Tune Realtime Access<\/li>\n<li data-start=\"823\" data-end=\"846\">Oxide Tape Recorder<\/li>\n<li data-start=\"847\" data-end=\"872\">Precision Enhancer Hz<\/li>\n<li data-start=\"873\" data-end=\"909\">Verve Analog Machines Essentials<\/li>\n<\/ul>\n<h4 data-start=\"911\" data-end=\"934\">Instrumentos (1)<\/h4>\n<ul data-start=\"935\" data-end=\"963\">\n<li data-start=\"935\" data-end=\"963\">PolyMAX Polyphonic Synth<\/li>\n<\/ul>\n<h4 data-start=\"965\" data-end=\"993\">Delay &amp; Modula\u00e7\u00e3o (3)<\/h4>\n<ul data-start=\"994\" data-end=\"1064\">\n<li data-start=\"994\" data-end=\"1014\">Galaxy Tape Echo<\/li>\n<li data-start=\"1015\" data-end=\"1038\">Precision Delay Mod<\/li>\n<li data-start=\"1039\" data-end=\"1064\">Precision Delay Mod L<\/li>\n<\/ul>\n<h4 data-start=\"1066\" data-end=\"1097\">Reverbs &amp; Ambi\u00eancias (3)<\/h4>\n<ul data-start=\"1098\" data-end=\"1188\">\n<li data-start=\"1098\" data-end=\"1129\">Precision Reflection Engine<\/li>\n<li data-start=\"1130\" data-end=\"1151\">Pure Plate Reverb<\/li>\n<li data-start=\"1152\" data-end=\"1188\">RealVerb Pro Custom Room Modeler<\/li>\n<\/ul>\n<h4 data-start=\"1190\" data-end=\"1217\">Guitarra &amp; Baixo (3)<\/h4>\n<ul data-start=\"1218\" data-end=\"1313\" data-is-last-node=\"\" data-is-only-node=\"\">\n<li data-start=\"1218\" data-end=\"1257\">Ampeg SVT-VR Classic Bass Amplifier<\/li>\n<li data-start=\"1258\" data-end=\"1294\">Marshall Plexi Classic Amplifier<\/li>\n<li data-start=\"1295\" data-end=\"1313\" data-is-last-node=\"\">Raw Distortion<\/li>\n<\/ul>","protected":false},"excerpt":{"rendered":"<p data-start=\"99\" data-end=\"463\">Interface de \u00e1udio Thunderbolt mont\u00e1vel em rack com 16 entradas e 22 sa\u00eddas, dois pr\u00e9-amplificadores Unison, convers\u00e3o de \u00e1udio de elite da segunda gera\u00e7\u00e3o do Apollo X, Auto-Gain, Apollo Monitor Correction, suporte para som surround at\u00e9 5.1 com gerenciamento de graves, processamento de plug-ins DSP HEXA core e um pacote premium de software para Mac ou Windows.<\/p>","protected":false},"featured_media":5817,"comment_status":"closed","ping_status":"closed","template":"","meta":{"site-sidebar-layout":"default","site-content-layout":"","ast-site-content-layout":"default","site-content-style":"default","site-sidebar-style":"default","ast-global-header-display":"","ast-banner-title-visibility":"","ast-main-header-display":"","ast-hfb-above-header-display":"","ast-hfb-below-header-display":"","ast-hfb-mobile-header-display":"","site-post-title":"","ast-breadcrumbs-content":"","ast-featured-img":"","footer-sml-layout":"","ast-disable-related-posts":"","theme-transparent-header-meta":"default","adv-header-id-meta":"","stick-header-meta":"","header-above-stick-meta":"","header-main-stick-meta":"","header-below-stick-meta":"","astra-migrate-meta-layouts":"set","ast-page-background-enabled":"default","ast-page-background-meta":{"desktop":{"background-color":"var(--ast-global-color-4)","background-image":"","background-repeat":"repeat","background-position":"center center","background-size":"auto","background-attachment":"scroll","background-type":"","background-media":"","overlay-type":"","overlay-color":"","overlay-opacity":"","overlay-gradient":""},"tablet":{"background-color":"","background-image":"","background-repeat":"repeat","background-position":"center center","background-size":"auto","background-attachment":"scroll","background-type":"","background-media":"","overlay-type":"","overlay-color":"","overlay-opacity":"","overlay-gradient":""},"mobile":{"background-color":"","background-image":"","background-repeat":"repeat","background-position":"center center","background-size":"auto","background-attachment":"scroll","background-type":"","background-media":"","overlay-type":"","overlay-color":"","overlay-opacity":"","overlay-gradient":""}},"ast-content-background-meta":{"desktop":{"background-color":"var(--ast-global-color-5)","background-image":"","background-repeat":"repeat","background-position":"center center","background-size":"auto","background-attachment":"scroll","background-type":"","background-media":"","overlay-type":"","overlay-color":"","overlay-opacity":"","overlay-gradient":""},"tablet":{"background-color":"var(--ast-global-color-5)","background-image":"","background-repeat":"repeat","background-position":"center center","background-size":"auto","background-attachment":"scroll","background-type":"","background-media":"","overlay-type":"","overlay-color":"","overlay-opacity":"","overlay-gradient":""},"mobile":{"background-color":"var(--ast-global-color-5)","background-image":"","background-repeat":"repeat","background-position":"center center","background-size":"auto","background-attachment":"scroll","background-type":"","background-media":"","overlay-type":"","overlay-color":"","overlay-opacity":"","overlay-gradient":""}},"_joinchat":[]},"product_brand":[],"product_cat":[61,21,20],"product_tag":[130,129,59],"class_list":{"0":"post-5812","1":"product","2":"type-product","3":"status-publish","4":"has-post-thumbnail","6":"product_cat-exportar","7":"product_cat-interfaces-de-audio","8":"product_cat-linha-apollo","9":"product_tag-apollo","10":"product_tag-apollo-x6","11":"product_tag-universal-audio","12":"desktop-align-left","13":"tablet-align-left","14":"mobile-align-left","16":"first","17":"instock","18":"shipping-taxable","19":"purchasable","20":"product-type-simple"},"aioseo_notices":[],"jetpack_sharing_enabled":true,"_links":{"self":[{"href":"https:\/\/www.uaudiobrasil.com.br\/en\/wp-json\/wp\/v2\/product\/5812","targetHints":{"allow":["GET"]}}],"collection":[{"href":"https:\/\/www.uaudiobrasil.com.br\/en\/wp-json\/wp\/v2\/product"}],"about":[{"href":"https:\/\/www.uaudiobrasil.com.br\/en\/wp-json\/wp\/v2\/types\/product"}],"replies":[{"embeddable":true,"href":"https:\/\/www.uaudiobrasil.com.br\/en\/wp-json\/wp\/v2\/comments?post=5812"}],"version-history":[{"count":5,"href":"https:\/\/www.uaudiobrasil.com.br\/en\/wp-json\/wp\/v2\/product\/5812\/revisions"}],"predecessor-version":[{"id":5928,"href":"https:\/\/www.uaudiobrasil.com.br\/en\/wp-json\/wp\/v2\/product\/5812\/revisions\/5928"}],"wp:featuredmedia":[{"embeddable":true,"href":"https:\/\/www.uaudiobrasil.com.br\/en\/wp-json\/wp\/v2\/media\/5817"}],"wp:attachment":[{"href":"https:\/\/www.uaudiobrasil.com.br\/en\/wp-json\/wp\/v2\/media?parent=5812"}],"wp:term":[{"taxonomy":"product_brand","embeddable":true,"href":"https:\/\/www.uaudiobrasil.com.br\/en\/wp-json\/wp\/v2\/product_brand?post=5812"},{"taxonomy":"product_cat","embeddable":true,"href":"https:\/\/www.uaudiobrasil.com.br\/en\/wp-json\/wp\/v2\/product_cat?post=5812"},{"taxonomy":"product_tag","embeddable":true,"href":"https:\/\/www.uaudiobrasil.com.br\/en\/wp-json\/wp\/v2\/product_tag?post=5812"}],"curies":[{"name":"wp","href":"https:\/\/api.w.org\/{rel}","templated":true}]}}