{"id":58,"date":"2021-11-24T17:04:04","date_gmt":"2021-11-24T20:04:04","guid":{"rendered":"https:\/\/www.uaudiobrasil.com.br\/?post_type=product&#038;p=58"},"modified":"2025-03-05T14:35:14","modified_gmt":"2025-03-05T17:35:14","slug":"starlight-delay-pedal","status":"publish","type":"product","link":"https:\/\/www.uaudiobrasil.com.br\/en\/loja\/pedais-uafx\/starlight-delay-pedal\/","title":{"rendered":"Starlight Delay Pedal"},"content":{"rendered":"<h2>Efeitos de delay modernos, aut\u00eanticos e inigual\u00e1veis.<\/h2>\n<h4>Agora voc\u00ea pode:<\/h4>\n<div class=\"features__column\">\n<div class=\"features__item--with-image features__item--no-text\">\n<ul>\n<li>Criar emula\u00e7\u00f5es impressionantes de hardware de tape echo, com m\u00e1quinas de fita novas, usadas e gastas.<\/li>\n<li>Criar efeitos de delay anal\u00f3gicos bucket-brigade com a cor, textura e modula\u00e7\u00e3o do hardware original.<\/li>\n<li>Acessar rapidamente os sons com os modos Live\/Preset com comuta\u00e7\u00e3o silenciosa e bypass com spillover.<\/li>\n<li>Baixar o efeito de delay do Cooper Time Cube no ato do registro do produto.<\/li>\n<li>Construir sua pedaleira em torno do design UA atemporal e robusta, projetada para durar d\u00e9cadas.<\/li>\n<\/ul>\n<p>&nbsp;<\/p>\n<hr \/>\n<\/div>\n<h2 dir=\"ltr\" data-placeholder=\"Tradu\u00e7\u00e3o\"><\/h2>\n<h2><strong>Tape EP-III: Delay e pr\u00e9-amplificador de fita perfeitamente copiados<\/strong><\/h2>\n<p>Um glorioso sistema de motores e fitas, al\u00e9m das antigas unidades de eco de fita do in\u00edcio dos anos 70 est\u00e3o representadas pelo Tape EP-III da Starlight Echo Station. De sua aleatoriedade wow \/ flutter ao som da emenda da fita, todos os tra\u00e7os exc\u00eantricos do hardware est\u00e3o aqui, incluindo seu circuito de pr\u00e9-amplificador incrivelmente musical. Al\u00e9m disso, voc\u00ea pode ajustar suas repeti\u00e7\u00f5es com m\u00e1quinas de fita novas, usadas e gastas para in\u00fameras texturas sonoras.<\/p>\n<h2><strong>DMM anal\u00f3gico: Efeitos de Bucket<\/strong><strong>\u2011<\/strong><strong>Brigade<\/strong><\/h2>\n<p>Sem uma tradu\u00e7\u00e3o exata, o syrupy repeats, thick modulation e mind-bending sci\u2011fi effects s\u00e3o nomes de antigos bucket\u2011brigade delays. O Starlight Echo Station captura as melhores caracter\u00edsticas de v\u00e1rias unidades escolhidas a dedo do final dos anos 70 \/ in\u00edcio dos anos 80, modelando todo o circuito, at\u00e9 o pr\u00e9-amplificador e a taxa de clock imprevis\u00edvel \u2013 dando a voc\u00ea efeitos \u201cwhoosh\u201d, vibratos e texturas originais.<\/p>\n<h2><strong>Precision: Delays de alta fidelidade e modula\u00e7\u00e3o<\/strong><\/h2>\n<p>Apresentando mirror\u2011image repeats with dynamic e shimmering modulation, o efeito Precision \u00e9 uma mina de ouro de delays modernos. Crie facilmente efeitos de flange e chorus de alta fidelidade e tempere suas cria\u00e7\u00f5es com repeti\u00e7\u00f5es de pingue-pongue, adicionando movimento \u00e0s suas pe\u00e7as.<\/p>\n<h2><strong>Mecanismos de delay est\u00e9reo duplos para sua infinita criatividade<\/strong><\/h2>\n<p>O processador duplo UAFX da Starlight alimenta inst\u00e2ncias est\u00e9reo separadas de cada efeito de delay. \u00c9 como ter duas fitas ou unidades de hardware de bucket-brigade funcionando simultaneamente, dando a voc\u00ea uma propaga\u00e7\u00e3o est\u00e9reo completa de texturas espaciais complexas e inspiradoras e transi\u00e7\u00f5es de efeito de delay cont\u00ednuas.<\/p>\n<h2><strong>Um pedal de \u00faltima gera\u00e7\u00e3o<\/strong><\/h2>\n<p>Com recursos modernos e de alta pot\u00eancia, como convers\u00e3o de n\u00edvel, mecanismos de processamento duplo, efeitos adicionais para download (no ato do registro do produto), modos Live \/ Preset, buffered bypass com comuta\u00e7\u00e3o silenciosa, trilhas de efeito \/ spillover, tap tempo e anal\u00f3gico dry through, o Starlight Echo Station \u00e9 o seu navegador de delay do s\u00e9culo.<\/p>\n<p>&nbsp;<\/p>\n<hr \/>\n<h5>\u00a0*Requer fonte de alimenta\u00e7\u00e3o (N\u00c3O INCLUSA) de 9V e no m\u00ednimo 400mA<\/h5>\n<h4>Aplicativo de controle UAFX e manual do propriet\u00e1rio<\/h4>\n<div><a href=\"https:\/\/www.uaudio.com\/uafx\/start\" target=\"_blank\" rel=\"noopener\">Baixe o app<\/a>\u00a0 |\u00a0\u00a0<a href=\"https:\/\/help.uaudio.com\/hc\/en-us\/sections\/360012250151-UAFX-Pedals-Documentation\" target=\"_blank\" rel=\"noopener\">Manual<\/a>\u00a0 |\u00a0 <a href=\"https:\/\/help.uaudio.com\/hc\/en-us\/articles\/360058186352\" target=\"_blank\" rel=\"noopener\">Guia R\u00e1pido<\/a><\/div>\n<\/div>\n<div><\/div>\n<div><em>(Manual e Guia R\u00e1pido em Ingl\u00eas.)<\/em><\/div>","protected":false},"excerpt":{"rendered":"<p>Aperte os cintos para uma viagem no tempo com o UAFX Starlight Echo Station, apresentando emula\u00e7\u00f5es de tape echo, bucket-brigade e unidades de digital delay em um pedal superpoderoso.<\/p>\n<p>Constru\u00eddo com base no processamento duplo UAFX e precis\u00e3o inabal\u00e1vel, o Starlight estabelece uma nova refer\u00eancia em efeitos de delay, elaborados para viajar at\u00e9 os confins da sua imagina\u00e7\u00e3o.<\/p>","protected":false},"featured_media":68,"comment_status":"closed","ping_status":"closed","template":"","meta":{"site-sidebar-layout":"default","site-content-layout":"default","ast-site-content-layout":"default","site-content-style":"default","site-sidebar-style":"default","ast-global-header-display":"","ast-banner-title-visibility":"","ast-main-header-display":"","ast-hfb-above-header-display":"","ast-hfb-below-header-display":"","ast-hfb-mobile-header-display":"","site-post-title":"","ast-breadcrumbs-content":"","ast-featured-img":"","footer-sml-layout":"","ast-disable-related-posts":"","theme-transparent-header-meta":"default","adv-header-id-meta":"","stick-header-meta":"","header-above-stick-meta":"","header-main-stick-meta":"","header-below-stick-meta":"","astra-migrate-meta-layouts":"default","ast-page-background-enabled":"default","ast-page-background-meta":{"desktop":{"background-color":"var(--ast-global-color-4)","background-image":"","background-repeat":"repeat","background-position":"center center","background-size":"auto","background-attachment":"scroll","background-type":"","background-media":"","overlay-type":"","overlay-color":"","overlay-opacity":"","overlay-gradient":""},"tablet":{"background-color":"","background-image":"","background-repeat":"repeat","background-position":"center center","background-size":"auto","background-attachment":"scroll","background-type":"","background-media":"","overlay-type":"","overlay-color":"","overlay-opacity":"","overlay-gradient":""},"mobile":{"background-color":"","background-image":"","background-repeat":"repeat","background-position":"center center","background-size":"auto","background-attachment":"scroll","background-type":"","background-media":"","overlay-type":"","overlay-color":"","overlay-opacity":"","overlay-gradient":""}},"ast-content-background-meta":{"desktop":{"background-color":"var(--ast-global-color-5)","background-image":"","background-repeat":"repeat","background-position":"center center","background-size":"auto","background-attachment":"scroll","background-type":"","background-media":"","overlay-type":"","overlay-color":"","overlay-opacity":"","overlay-gradient":""},"tablet":{"background-color":"var(--ast-global-color-5)","background-image":"","background-repeat":"repeat","background-position":"center center","background-size":"auto","background-attachment":"scroll","background-type":"","background-media":"","overlay-type":"","overlay-color":"","overlay-opacity":"","overlay-gradient":""},"mobile":{"background-color":"var(--ast-global-color-5)","background-image":"","background-repeat":"repeat","background-position":"center center","background-size":"auto","background-attachment":"scroll","background-type":"","background-media":"","overlay-type":"","overlay-color":"","overlay-opacity":"","overlay-gradient":""}},"_joinchat":[]},"product_brand":[],"product_cat":[17],"product_tag":[],"class_list":{"0":"post-58","1":"product","2":"type-product","3":"status-publish","4":"has-post-thumbnail","6":"product_cat-pedais-uafx","7":"desktop-align-left","8":"tablet-align-left","9":"mobile-align-left","11":"first","12":"instock","13":"shipping-taxable","14":"purchasable","15":"product-type-simple"},"aioseo_notices":[],"jetpack_sharing_enabled":true,"_links":{"self":[{"href":"https:\/\/www.uaudiobrasil.com.br\/en\/wp-json\/wp\/v2\/product\/58","targetHints":{"allow":["GET"]}}],"collection":[{"href":"https:\/\/www.uaudiobrasil.com.br\/en\/wp-json\/wp\/v2\/product"}],"about":[{"href":"https:\/\/www.uaudiobrasil.com.br\/en\/wp-json\/wp\/v2\/types\/product"}],"replies":[{"embeddable":true,"href":"https:\/\/www.uaudiobrasil.com.br\/en\/wp-json\/wp\/v2\/comments?post=58"}],"version-history":[{"count":3,"href":"https:\/\/www.uaudiobrasil.com.br\/en\/wp-json\/wp\/v2\/product\/58\/revisions"}],"predecessor-version":[{"id":5732,"href":"https:\/\/www.uaudiobrasil.com.br\/en\/wp-json\/wp\/v2\/product\/58\/revisions\/5732"}],"wp:featuredmedia":[{"embeddable":true,"href":"https:\/\/www.uaudiobrasil.com.br\/en\/wp-json\/wp\/v2\/media\/68"}],"wp:attachment":[{"href":"https:\/\/www.uaudiobrasil.com.br\/en\/wp-json\/wp\/v2\/media?parent=58"}],"wp:term":[{"taxonomy":"product_brand","embeddable":true,"href":"https:\/\/www.uaudiobrasil.com.br\/en\/wp-json\/wp\/v2\/product_brand?post=58"},{"taxonomy":"product_cat","embeddable":true,"href":"https:\/\/www.uaudiobrasil.com.br\/en\/wp-json\/wp\/v2\/product_cat?post=58"},{"taxonomy":"product_tag","embeddable":true,"href":"https:\/\/www.uaudiobrasil.com.br\/en\/wp-json\/wp\/v2\/product_tag?post=58"}],"curies":[{"name":"wp","href":"https:\/\/api.w.org\/{rel}","templated":true}]}}