{"id":5605,"date":"2025-02-14T16:06:00","date_gmt":"2025-02-14T19:06:00","guid":{"rendered":"https:\/\/www.uaudiobrasil.com.br\/?post_type=product&#038;p=5605"},"modified":"2025-03-05T14:41:32","modified_gmt":"2025-03-05T17:41:32","slug":"universal-audio-apollo-x16-essentials-edition-rack-mac-win-tb3-2","status":"publish","type":"product","link":"https:\/\/www.uaudiobrasil.com.br\/en\/loja\/interfaces-de-audio\/linha-apollo\/universal-audio-apollo-x16-essentials-edition-rack-mac-win-tb3-2\/","title":{"rendered":"Universal Audio Apollo x16 Ultimate+ Edition (Rack\/Mac\/Win\/TB3)"},"content":{"rendered":"<p data-start=\"550\" data-end=\"603\"><strong data-start=\"550\" data-end=\"601\">Experimente o padr\u00e3o ouro em grava\u00e7\u00e3o de \u00e1udio.<\/strong><\/p>\n<p data-start=\"605\" data-end=\"945\">A nova gera\u00e7\u00e3o das interfaces Apollo x16 foi projetada para est\u00fadios profissionais e produtores musicais que precisam de 16 canais de convers\u00e3o de \u00e1udio de alta resolu\u00e7\u00e3o e processamento DSP HEXA Core para conectar a um console e mixar sess\u00f5es grandes com os renomados plug-ins UAD da Auto-Tune, Neve, Manley, Avalon, SSL e muitos outros.<\/p>\n<p data-start=\"947\" data-end=\"1113\">Usada nos est\u00fadios de grava\u00e7\u00e3o mais prestigiados do mundo, a Apollo x16 traz o som premiado da Universal Audio e sua lend\u00e1ria qualidade diretamente para o seu rack.<\/p>\n<hr data-start=\"1115\" data-end=\"1118\" \/>\n<h3 data-start=\"1120\" data-end=\"1147\">Benef\u00edcios Principais<\/h3>\n<p data-start=\"1148\" data-end=\"2183\">\u2714\ufe0f <strong data-start=\"1151\" data-end=\"1191\">Convers\u00e3o de \u00e1udio de \u00faltima gera\u00e7\u00e3o<\/strong>, com a maior faixa din\u00e2mica e menor distor\u00e7\u00e3o de qualquer Apollo<br data-start=\"1256\" data-end=\"1259\" \/>\u2714\ufe0f <strong data-start=\"1262\" data-end=\"1292\">Conectividade profissional<\/strong> com 16 x 16 entradas e sa\u00eddas anal\u00f3gicas via DB-25 e op\u00e7\u00e3o de n\u00edvel de headroom +24 dBu<br data-start=\"1380\" data-end=\"1383\" \/>\u2714\ufe0f <strong data-start=\"1386\" data-end=\"1436\">Acesso a mais de 200 plug-ins UAD DSP e Native<\/strong>, incluindo t\u00edtulos premiados como Capitol Chambers, Sound City Studios e EL8 Distressor<br data-start=\"1524\" data-end=\"1527\" \/>\u2714\ufe0f <strong data-start=\"1530\" data-end=\"1568\">Fluxo de trabalho r\u00e1pido e natural<\/strong> com integra\u00e7\u00e3o total ao LUNA para um som anal\u00f3gico real em tempo real<br data-start=\"1638\" data-end=\"1641\" \/>\u2714\ufe0f <strong data-start=\"1644\" data-end=\"1692\">Monitoramento confi\u00e1vel em qualquer ambiente<\/strong>, com Apollo Monitor Correction da Sonarworks\u00ae*<br data-start=\"1739\" data-end=\"1742\" \/>\u2714\ufe0f <strong data-start=\"1745\" data-end=\"1772\">Gerenciamento de graves<\/strong> para adicionar um subwoofer ao seu sistema de monitores e ouvir os detalhes das baixas frequ\u00eancias<br data-start=\"1871\" data-end=\"1874\" \/>\u2714\ufe0f <strong data-start=\"1877\" data-end=\"1897\">Mixagem imersiva<\/strong> at\u00e9 9.1.6 para projetos Dolby Atmos, Auro-3D e Sony 360 Reality Audio<br data-start=\"1967\" data-end=\"1970\" \/>\u2714\ufe0f <strong data-start=\"1973\" data-end=\"2007\">Processamento h\u00edbrido poderoso<\/strong>, combinando DSP HEXA Core e o processamento nativo do seu computador<br data-start=\"2076\" data-end=\"2079\" \/>\u2714\ufe0f <strong data-start=\"2082\" data-end=\"2102\">Expans\u00e3o modular<\/strong>, permitindo conectar at\u00e9 quatro unidades Apollo x16 para um total de 64 canais<\/p>\n<hr data-start=\"2185\" data-end=\"2188\" \/>\n<h3 data-start=\"2190\" data-end=\"2242\">Elite-Class Apollo X para Consoles e Outboards<\/h3>\n<p data-start=\"2243\" data-end=\"2465\">Projetada para engenheiros de som e produtores exigentes, a Apollo x16 Gen 2 entrega convers\u00e3o A\/D e D\/A de alta fidelidade com conex\u00f5es DB-25 para f\u00e1cil integra\u00e7\u00e3o com equipamentos anal\u00f3gicos e consoles de grande porte.<\/p>\n<hr data-start=\"2467\" data-end=\"2470\" \/>\n<h3 data-start=\"2472\" data-end=\"2516\">Milhares de Sons Anal\u00f3gicos em Um Rack<\/h3>\n<p data-start=\"2517\" data-end=\"2759\">A Apollo x16 vem em duas edi\u00e7\u00f5es, cada uma com uma extensa cole\u00e7\u00e3o de plug-ins UAD prontos para uso, incluindo compressores Teletronix LA-2A e 1176, equalizadores Pultec, e canais SSL e API, al\u00e9m de efeitos modernos como Auto-Tune e Avalon.<\/p>\n<hr data-start=\"2761\" data-end=\"2764\" \/>\n<h3 data-start=\"2766\" data-end=\"2804\">Monitoramento e Mixagem Imersiva<\/h3>\n<p data-start=\"2805\" data-end=\"2988\">Com conversores A\/D e D\/A de alt\u00edssima resolu\u00e7\u00e3o e a Apollo Monitor Correction da Sonarworks\u00ae, a x16 garante que voc\u00ea ou\u00e7a cada detalhe com precis\u00e3o, sem surpresas na mixagem final.<\/p>\n<hr data-start=\"2990\" data-end=\"2993\" \/>\n<h3 data-start=\"2995\" data-end=\"3027\">Principais Caracter\u00edsticas<\/h3>\n<p data-start=\"3028\" data-end=\"3591\">\ud83d\udd39 <strong data-start=\"3031\" data-end=\"3064\">Interface Thunderbolt 18 x 20<\/strong> com processamento DSP HEXA Core<br data-start=\"3096\" data-end=\"3099\" \/>\ud83d\udd39 <strong data-start=\"3102\" data-end=\"3128\">Conex\u00f5es profissionais<\/strong>: 16 entradas e sa\u00eddas anal\u00f3gicas (DB-25), est\u00e9reo AES I\/O (XLR) e word clock I\/O (BNC)<br data-start=\"3215\" data-end=\"3218\" \/>\ud83d\udd39 <strong data-start=\"3221\" data-end=\"3256\">Monitoramento de alta qualidade<\/strong> com 133 dB de faixa din\u00e2mica e distor\u00e7\u00e3o ultrabaixa de -129 dB<br data-start=\"3319\" data-end=\"3322\" \/>\ud83d\udd39 <strong data-start=\"3325\" data-end=\"3355\">Convers\u00e3o digital de elite<\/strong> com clock de cristal duplo para jitter ultrabaixo<br data-start=\"3405\" data-end=\"3408\" \/>\ud83d\udd39 <strong data-start=\"3411\" data-end=\"3448\">Compat\u00edvel com os principais DAWs<\/strong>: LUNA, Logic Pro, Pro Tools, Cubase, Ableton Live e mais**<br data-start=\"3507\" data-end=\"3510\" \/>\ud83d\udd39 <strong data-start=\"3513\" data-end=\"3527\">Expans\u00edvel<\/strong> via Thunderbolt com outras interfaces Apollo ou conex\u00e3o Dante<\/p>\n<p data-start=\"3593\" data-end=\"3795\" data-is-last-node=\"\">* <em data-start=\"3596\" data-end=\"3713\">A funcionalidade Apollo Monitor Correction estar\u00e1 dispon\u00edvel no Q4 2024 e requer licen\u00e7as adicionais da Sonarworks.<\/em><br data-start=\"3713\" data-end=\"3716\" \/>** <em data-start=\"3721\" data-end=\"3795\" data-is-last-node=\"\">Para informa\u00e7\u00f5es detalhadas de compatibilidade, consulte help.uaudio.com<\/em><\/p>","protected":false},"excerpt":{"rendered":"<p><img decoding=\"async\" class=\"alignnone size-medium wp-image-5695\" src=\"https:\/\/www.uaudiobrasil.com.br\/wp-content\/uploads\/2025\/03\/disclaimer.png\" alt=\"AV Pro Brasil\" width=\"100%\" \/><\/p>","protected":false},"featured_media":5599,"comment_status":"closed","ping_status":"closed","template":"","meta":{"site-sidebar-layout":"default","site-content-layout":"default","ast-site-content-layout":"default","site-content-style":"default","site-sidebar-style":"default","ast-global-header-display":"","ast-banner-title-visibility":"","ast-main-header-display":"","ast-hfb-above-header-display":"","ast-hfb-below-header-display":"","ast-hfb-mobile-header-display":"","site-post-title":"","ast-breadcrumbs-content":"","ast-featured-img":"","footer-sml-layout":"","ast-disable-related-posts":"","theme-transparent-header-meta":"default","adv-header-id-meta":"","stick-header-meta":"","header-above-stick-meta":"","header-main-stick-meta":"","header-below-stick-meta":"","astra-migrate-meta-layouts":"set","ast-page-background-enabled":"default","ast-page-background-meta":{"desktop":{"background-color":"var(--ast-global-color-4)","background-image":"","background-repeat":"repeat","background-position":"center center","background-size":"auto","background-attachment":"scroll","background-type":"","background-media":"","overlay-type":"","overlay-color":"","overlay-opacity":"","overlay-gradient":""},"tablet":{"background-color":"","background-image":"","background-repeat":"repeat","background-position":"center center","background-size":"auto","background-attachment":"scroll","background-type":"","background-media":"","overlay-type":"","overlay-color":"","overlay-opacity":"","overlay-gradient":""},"mobile":{"background-color":"","background-image":"","background-repeat":"repeat","background-position":"center center","background-size":"auto","background-attachment":"scroll","background-type":"","background-media":"","overlay-type":"","overlay-color":"","overlay-opacity":"","overlay-gradient":""}},"ast-content-background-meta":{"desktop":{"background-color":"var(--ast-global-color-5)","background-image":"","background-repeat":"repeat","background-position":"center center","background-size":"auto","background-attachment":"scroll","background-type":"","background-media":"","overlay-type":"","overlay-color":"","overlay-opacity":"","overlay-gradient":""},"tablet":{"background-color":"var(--ast-global-color-5)","background-image":"","background-repeat":"repeat","background-position":"center center","background-size":"auto","background-attachment":"scroll","background-type":"","background-media":"","overlay-type":"","overlay-color":"","overlay-opacity":"","overlay-gradient":""},"mobile":{"background-color":"var(--ast-global-color-5)","background-image":"","background-repeat":"repeat","background-position":"center center","background-size":"auto","background-attachment":"scroll","background-type":"","background-media":"","overlay-type":"","overlay-color":"","overlay-opacity":"","overlay-gradient":""}},"_joinchat":[]},"product_brand":[],"product_cat":[20],"product_tag":[128,59],"class_list":{"0":"post-5605","1":"product","2":"type-product","3":"status-publish","4":"has-post-thumbnail","6":"product_cat-linha-apollo","7":"product_tag-apollo-x16","8":"product_tag-universal-audio","9":"desktop-align-left","10":"tablet-align-left","11":"mobile-align-left","13":"first","14":"instock","15":"shipping-taxable","16":"purchasable","17":"product-type-simple"},"aioseo_notices":[],"jetpack_sharing_enabled":true,"_links":{"self":[{"href":"https:\/\/www.uaudiobrasil.com.br\/en\/wp-json\/wp\/v2\/product\/5605","targetHints":{"allow":["GET"]}}],"collection":[{"href":"https:\/\/www.uaudiobrasil.com.br\/en\/wp-json\/wp\/v2\/product"}],"about":[{"href":"https:\/\/www.uaudiobrasil.com.br\/en\/wp-json\/wp\/v2\/types\/product"}],"replies":[{"embeddable":true,"href":"https:\/\/www.uaudiobrasil.com.br\/en\/wp-json\/wp\/v2\/comments?post=5605"}],"version-history":[{"count":6,"href":"https:\/\/www.uaudiobrasil.com.br\/en\/wp-json\/wp\/v2\/product\/5605\/revisions"}],"predecessor-version":[{"id":5824,"href":"https:\/\/www.uaudiobrasil.com.br\/en\/wp-json\/wp\/v2\/product\/5605\/revisions\/5824"}],"wp:featuredmedia":[{"embeddable":true,"href":"https:\/\/www.uaudiobrasil.com.br\/en\/wp-json\/wp\/v2\/media\/5599"}],"wp:attachment":[{"href":"https:\/\/www.uaudiobrasil.com.br\/en\/wp-json\/wp\/v2\/media?parent=5605"}],"wp:term":[{"taxonomy":"product_brand","embeddable":true,"href":"https:\/\/www.uaudiobrasil.com.br\/en\/wp-json\/wp\/v2\/product_brand?post=5605"},{"taxonomy":"product_cat","embeddable":true,"href":"https:\/\/www.uaudiobrasil.com.br\/en\/wp-json\/wp\/v2\/product_cat?post=5605"},{"taxonomy":"product_tag","embeddable":true,"href":"https:\/\/www.uaudiobrasil.com.br\/en\/wp-json\/wp\/v2\/product_tag?post=5605"}],"curies":[{"name":"wp","href":"https:\/\/api.w.org\/{rel}","templated":true}]}}