{"id":5514,"date":"2025-01-07T10:23:00","date_gmt":"2025-01-07T13:23:00","guid":{"rendered":"https:\/\/www.uaudiobrasil.com.br\/?post_type=product&#038;p=5514"},"modified":"2025-04-25T11:27:46","modified_gmt":"2025-04-25T14:27:46","slug":"universal-audio-apollo-x8p-edition-essentials-rack-mac-win-tb3-apx8pg2-ee","status":"publish","type":"product","link":"https:\/\/www.uaudiobrasil.com.br\/en\/loja\/interfaces-de-audio\/linha-apollo\/universal-audio-apollo-x8p-edition-essentials-rack-mac-win-tb3-apx8pg2-ee\/","title":{"rendered":"Universal Audio Apollo x8p Edition Essentials+ (Rack\/Mac\/Win\/TB3) &#8211; APX8PG2-EE"},"content":{"rendered":"<p>&nbsp;<\/p>\n<h3>Descri\u00e7\u00e3o do Produto<\/h3>\n<p>Grave sess\u00f5es grandes com som anal\u00f3gico aut\u00eantico.<\/p>\n<p>A pr\u00f3xima gera\u00e7\u00e3o de interfaces Apollo x8p da UA chegou, para produtores e engenheiros que precisam de:<\/p>\n<ul>\n<li><strong>Convers\u00e3o de \u00e1udio de alta resolu\u00e7\u00e3o<\/strong><\/li>\n<li><strong>Oito pr\u00e9-amplificadores de microfone Unison\u2122<\/strong><\/li>\n<li><strong>Processamento DSP HEXA Core<\/strong><\/li>\n<\/ul>\n<p>Com essas funcionalidades, \u00e9 poss\u00edvel gravar e mixar grandes sess\u00f5es com plug-ins UAD de classe mundial, incluindo Auto-Tune, Neve, Manley, Avalon, SSL e muitos outros.<\/p>\n<p><strong>Confi\u00e1vel<\/strong> por produtores e engenheiros de topo ao redor do mundo, o Apollo x8p \u00e9 a interface de \u00e1udio mais confi\u00e1vel para produ\u00e7\u00e3o de \u00e1udio profissional, proporcionando som atemporal e qualidade UA diretamente no seu rack.<\/p>\n<hr \/>\n<h3>Benef\u00edcios Principais<\/h3>\n<ul>\n<li><strong>Convers\u00e3o de \u00e1udio de pr\u00f3xima gera\u00e7\u00e3o<\/strong>: maior faixa din\u00e2mica e menor distor\u00e7\u00e3o de qualquer Apollo.<\/li>\n<li><strong>Som anal\u00f3gico aut\u00eantico<\/strong>: com pr\u00e9-amplificadores Unison\u2122, grave em tempo real usando equipamentos de marcas como Neve, API, Avalon, Fender e mais.<\/li>\n<li><strong>Biblioteca completa de plug-ins UAD<\/strong>: mais de 200 plug-ins DSP e Native, incluindo t\u00edtulos premiados como Capitol Chambers, Sound City Studios, EL8 Distressor e outros.<\/li>\n<li><strong>Corre\u00e7\u00e3o de monitor Apollo<\/strong>: mixe com confian\u00e7a em qualquer sala ou usando fones de ouvido, alimentado pelo Sonarworks\u00ae.<\/li>\n<li><strong>Auto-Gain<\/strong>: ajuste os n\u00edveis de entrada em segundos, sem perder nenhum take.<\/li>\n<li><strong>Gerenciamento de graves<\/strong>: ou\u00e7a todos os detalhes das frequ\u00eancias graves, adicionando um subwoofer ao seu sistema de monitoramento.<\/li>\n<li><strong>UAD Console App<\/strong>: configure rapidamente cues de baixa lat\u00eancia, cenas de plug-ins e monitoramento de \u00e1udio imersivo.<\/li>\n<li><strong>Plug-ins premiados<\/strong>: receba milhares de d\u00f3lares em plug-ins UAD, incluindo Auto-Tune, Fairchild, Teletronix e mais, com as edi\u00e7\u00f5es Essentials+ ou Studio+.<\/li>\n<\/ul>\n<hr \/>\n<h3>Caracter\u00edsticas Principais<\/h3>\n<ul>\n<li><strong>Interface de \u00e1udio Thunderbolt 16 x 22<\/strong><\/li>\n<li><strong>Processamento de plug-ins DSP HEXA Core<\/strong><\/li>\n<li><strong>Oito pr\u00e9-amplificadores Unison\u2122<\/strong><\/li>\n<li><strong>Duas entradas Hi-Z para instrumentos<\/strong><\/li>\n<li><strong>Entrada DB-25 (linha 1-8)<\/strong><\/li>\n<li><strong>Duas entradas e sa\u00eddas \u00f3pticas Toslink (ADAT S\/MUX ou S\/PDIF)<\/strong><\/li>\n<li><strong>Entrada e sa\u00edda word clock (BNC)<\/strong><\/li>\n<li><strong>Sa\u00eddas de monitor de 1\/4&#8243;<\/strong><\/li>\n<li><strong>Sa\u00edda DB-25 (ALT \/ 7.1 surround)<\/strong><\/li>\n<li><strong>Duas sa\u00eddas de fone de ouvido TRS de 1\/4&#8243;<\/strong><\/li>\n<li><strong>Resolu\u00e7\u00e3o de 24 bits \/ 192 kHz com Clocking de Cristal Duplo<\/strong><\/li>\n<li><strong>Calibra\u00e7\u00e3o com Sonarworks\u00ae<\/strong><\/li>\n<\/ul>\n<ul>\n<li style=\"list-style-type: none;\">\n<ul>\n<li style=\"list-style-type: none;\"><\/li>\n<\/ul>\n<\/li>\n<\/ul>","protected":false},"excerpt":{"rendered":"<p><img decoding=\"async\" width=\"100%\" alt=\"AV Pro Brasil\" src=\"https:\/\/www.uaudiobrasil.com.br\/wp-content\/uploads\/2025\/03\/disclaimer.png\" class=\"alignnone size-medium wp-image-5695\"><\/p>","protected":false},"featured_media":5522,"comment_status":"closed","ping_status":"closed","template":"","meta":{"site-sidebar-layout":"default","site-content-layout":"default","ast-site-content-layout":"default","site-content-style":"default","site-sidebar-style":"default","ast-global-header-display":"","ast-banner-title-visibility":"","ast-main-header-display":"","ast-hfb-above-header-display":"","ast-hfb-below-header-display":"","ast-hfb-mobile-header-display":"","site-post-title":"","ast-breadcrumbs-content":"","ast-featured-img":"","footer-sml-layout":"","ast-disable-related-posts":"","theme-transparent-header-meta":"default","adv-header-id-meta":"","stick-header-meta":"","header-above-stick-meta":"","header-main-stick-meta":"","header-below-stick-meta":"","astra-migrate-meta-layouts":"set","ast-page-background-enabled":"default","ast-page-background-meta":{"desktop":{"background-color":"var(--ast-global-color-4)","background-image":"","background-repeat":"repeat","background-position":"center center","background-size":"auto","background-attachment":"scroll","background-type":"","background-media":"","overlay-type":"","overlay-color":"","overlay-opacity":"","overlay-gradient":""},"tablet":{"background-color":"","background-image":"","background-repeat":"repeat","background-position":"center center","background-size":"auto","background-attachment":"scroll","background-type":"","background-media":"","overlay-type":"","overlay-color":"","overlay-opacity":"","overlay-gradient":""},"mobile":{"background-color":"","background-image":"","background-repeat":"repeat","background-position":"center center","background-size":"auto","background-attachment":"scroll","background-type":"","background-media":"","overlay-type":"","overlay-color":"","overlay-opacity":"","overlay-gradient":""}},"ast-content-background-meta":{"desktop":{"background-color":"var(--ast-global-color-5)","background-image":"","background-repeat":"repeat","background-position":"center center","background-size":"auto","background-attachment":"scroll","background-type":"","background-media":"","overlay-type":"","overlay-color":"","overlay-opacity":"","overlay-gradient":""},"tablet":{"background-color":"var(--ast-global-color-5)","background-image":"","background-repeat":"repeat","background-position":"center center","background-size":"auto","background-attachment":"scroll","background-type":"","background-media":"","overlay-type":"","overlay-color":"","overlay-opacity":"","overlay-gradient":""},"mobile":{"background-color":"var(--ast-global-color-5)","background-image":"","background-repeat":"repeat","background-position":"center center","background-size":"auto","background-attachment":"scroll","background-type":"","background-media":"","overlay-type":"","overlay-color":"","overlay-opacity":"","overlay-gradient":""}},"_joinchat":[]},"product_brand":[],"product_cat":[61,21,20],"product_tag":[131,59],"class_list":{"0":"post-5514","1":"product","2":"type-product","3":"status-publish","4":"has-post-thumbnail","6":"product_cat-exportar","7":"product_cat-interfaces-de-audio","8":"product_cat-linha-apollo","9":"product_tag-apollo-x8p","10":"product_tag-universal-audio","11":"desktop-align-left","12":"tablet-align-left","13":"mobile-align-left","15":"first","16":"instock","17":"shipping-taxable","18":"purchasable","19":"product-type-simple"},"aioseo_notices":[],"jetpack_sharing_enabled":true,"_links":{"self":[{"href":"https:\/\/www.uaudiobrasil.com.br\/en\/wp-json\/wp\/v2\/product\/5514","targetHints":{"allow":["GET"]}}],"collection":[{"href":"https:\/\/www.uaudiobrasil.com.br\/en\/wp-json\/wp\/v2\/product"}],"about":[{"href":"https:\/\/www.uaudiobrasil.com.br\/en\/wp-json\/wp\/v2\/types\/product"}],"replies":[{"embeddable":true,"href":"https:\/\/www.uaudiobrasil.com.br\/en\/wp-json\/wp\/v2\/comments?post=5514"}],"version-history":[{"count":5,"href":"https:\/\/www.uaudiobrasil.com.br\/en\/wp-json\/wp\/v2\/product\/5514\/revisions"}],"predecessor-version":[{"id":5803,"href":"https:\/\/www.uaudiobrasil.com.br\/en\/wp-json\/wp\/v2\/product\/5514\/revisions\/5803"}],"wp:featuredmedia":[{"embeddable":true,"href":"https:\/\/www.uaudiobrasil.com.br\/en\/wp-json\/wp\/v2\/media\/5522"}],"wp:attachment":[{"href":"https:\/\/www.uaudiobrasil.com.br\/en\/wp-json\/wp\/v2\/media?parent=5514"}],"wp:term":[{"taxonomy":"product_brand","embeddable":true,"href":"https:\/\/www.uaudiobrasil.com.br\/en\/wp-json\/wp\/v2\/product_brand?post=5514"},{"taxonomy":"product_cat","embeddable":true,"href":"https:\/\/www.uaudiobrasil.com.br\/en\/wp-json\/wp\/v2\/product_cat?post=5514"},{"taxonomy":"product_tag","embeddable":true,"href":"https:\/\/www.uaudiobrasil.com.br\/en\/wp-json\/wp\/v2\/product_tag?post=5514"}],"curies":[{"name":"wp","href":"https:\/\/api.w.org\/{rel}","templated":true}]}}