{"id":4802,"date":"2024-11-01T15:59:00","date_gmt":"2024-11-01T18:59:00","guid":{"rendered":"https:\/\/www.uaudiobrasil.com.br\/?post_type=product&#038;p=4802"},"modified":"2025-03-05T14:35:09","modified_gmt":"2025-03-05T17:35:09","slug":"apollo-twin-x-duo-studio-edition-gen-2-macos-win","status":"publish","type":"product","link":"https:\/\/www.uaudiobrasil.com.br\/en\/loja\/interfaces-de-audio\/linha-apollo\/apollo-twin-x-duo-studio-edition-gen-2-macos-win\/","title":{"rendered":"Apollo Twin X DUO Studio+ Edition Gen 2 (MacOS\/Win)"},"content":{"rendered":"<p><strong>Interface de \u00c1udio Thunderbolt 10 x 6 &#8211; Apollo Twin X (Gen 2)<\/strong><\/p>\n<p><strong>Descri\u00e7\u00e3o do Produto<\/strong><br \/>\nA interface de \u00e1udio Thunderbolt 10 x 6 Apollo Twin X combina d\u00e9cadas de experi\u00eancia anal\u00f3gica em um dispositivo desktop. Com dois pr\u00e9-amplificadores Unison\u2122, convers\u00e3o de \u00e1udio de classe elite Apollo X Gen 2, Auto-Gain, corre\u00e7\u00e3o de monitor Apollo, gerenciamento de graves e processamento de plug-ins DUO Core, esta interface \u00e9 ideal para produtores e m\u00fasicos que buscam qualidade excepcional em suas grava\u00e7\u00f5es, seja em Mac ou Windows.<\/p>\n<p><strong>Principais Benef\u00edcios<\/strong><\/p>\n<ul>\n<li><strong>Convers\u00e3o de \u00c1udio de Pr\u00f3xima Gera\u00e7\u00e3o:<\/strong> Ou\u00e7a a mais ampla faixa din\u00e2mica e a menor distor\u00e7\u00e3o de qualquer Apollo.<\/li>\n<li><strong>Tons Anal\u00f3gicos Aut\u00eanticos:<\/strong> Grave em tempo real com pr\u00e9-amplificadores Unison\u2122, utilizando emula\u00e7\u00f5es de equipamentos cl\u00e1ssicos como Neve, API, Avalon e Manley.<\/li>\n<li><strong>Acesso \u00e0 Biblioteca Completa de Plug-ins:<\/strong> Utilize mais de 200 plug-ins UAD DSP e Native, incluindo t\u00edtulos premiados como Capitol Chambers e EL8 Distressor.<\/li>\n<li><strong>Corre\u00e7\u00e3o de Monitor:<\/strong> Misture com confian\u00e7a em qualquer ambiente com a corre\u00e7\u00e3o de monitor Apollo, alimentada pelo Sonarworks\u00ae.<\/li>\n<li><strong>Auto-Gain:<\/strong> Ajuste rapidamente seus n\u00edveis em m\u00faltiplas entradas, garantindo que voc\u00ea n\u00e3o perca nenhuma grava\u00e7\u00e3o.<\/li>\n<li><strong>Gerenciamento de Graves:<\/strong> Ou\u00e7a todos os detalhes de baixa frequ\u00eancia em suas mixagens, adicionando um subwoofer ao seu setup.<\/li>\n<li><strong>Aplicativo UAD Console:<\/strong> Configure rapidamente cues de baixa lat\u00eancia e monitora\u00e7\u00e3o de \u00e1udio imersiva.<\/li>\n<li><strong>Pacote de Plug-ins Inclusos:<\/strong> Receba milhares de d\u00f3lares em t\u00edtulos premiados de plug-ins UAD com as edi\u00e7\u00f5es Essentials+ ou Studio+.<\/li>\n<\/ul>\n<p><strong>Experimente o Melhor da Apollo em Seu Desktop<\/strong><br \/>\nA Universal Audio projetou a Apollo Twin X para a nova gera\u00e7\u00e3o de produtores musicais, que desejam capturar os sons utilizados pelos maiores artistas do mundo ao longo das d\u00e9cadas. Com sua faixa din\u00e2mica sem precedentes e convers\u00e3o de \u00e1udio elite de 24 bits \/ 192 kHz \u2014 agora com monitoramento aprimorado \u2014 a Apollo Twin X est\u00e1 pronta para sua jornada criativa, trazendo o som das estrelas para o seu est\u00fadio.<\/p>\n<p><strong>Grave com Preamps Famosos<\/strong><br \/>\nCom dois pr\u00e9-amplificadores Unison\u2122 e entrada de instrumento Hi-Z no painel frontal, a Apollo Twin X permite que voc\u00ea grave em tempo real utilizando emula\u00e7\u00f5es de equipamentos cl\u00e1ssicos de Neve, Manley e API, proporcionando texturas anal\u00f3gicas ricas como as utilizadas nas grava\u00e7\u00f5es mais ic\u00f4nicas.<\/p>\n<p><strong>Mixe com Sons Anal\u00f3gicos Aut\u00eanticos<\/strong><br \/>\nA Apollo Twin X oferece, imediatamente, as ferramentas usadas nos maiores est\u00fadios do mundo. Com compressores Teletronix LA-2A, equalizadores Pultec e amplificadores Marshall e Ampeg inclusos, voc\u00ea pode acessar uma biblioteca completa de mais de 200 plug-ins UAD e desbloquear sons comprovados como os de Ocean Way Studios e Capitol Chambers.<\/p>\n<p><strong>Ou\u00e7a os Detalhes Como Nunca Antes<\/strong><br \/>\nAgora em seu design Gen 2, a Apollo Twin X apresenta os conversores D\/A de maior resolu\u00e7\u00e3o j\u00e1 criados pela UA, combinados com a corre\u00e7\u00e3o de monitor Apollo. Isso significa que, ao reproduzir seu \u00e1udio por meio de monitores ou fones de ouvido, voc\u00ea n\u00e3o s\u00f3 ouvir\u00e1 a representa\u00e7\u00e3o mais pura de suas grava\u00e7\u00f5es, como tamb\u00e9m n\u00e3o haver\u00e1 surpresas ao ouvir sua mixagem ou master final.<\/p>\n<p><strong>Encontre Seu Fluxo no Aplicativo UAD Console<\/strong><br \/>\nAssim como um est\u00fadio anal\u00f3gico, onde uma mesa \u00e9 o cora\u00e7\u00e3o do fluxo de trabalho, a Apollo Twin X possui um poderoso motor de mixagem digital que permite controlar o roteamento e a monitora\u00e7\u00e3o de plug-ins. Com recursos recentes como Auto-Gain, gerenciamento de graves e cenas de plug-ins, \u00e9 f\u00e1cil encontrar um fluxo que se adapte \u00e0s suas necessidades.<\/p>\n<p><strong>Um Sistema H\u00edbrido, Feito para Sua Miss\u00e3o<\/strong><br \/>\nCombine o DUO Core DSP da Apollo Twin X com o processamento nativo do seu computador para produzir sess\u00f5es grandes com cadeias de plug-ins complexas \u2014 um fluxo de trabalho h\u00edbrido potente que supera qualquer configura\u00e7\u00e3o de grava\u00e7\u00e3o apenas nativa.<\/p>\n<p><strong>Expanda Seu Est\u00fadio \u00e0 Medida que Cresce<\/strong><br \/>\nConstrua seu est\u00fadio conectando at\u00e9 quatro interfaces Thunderbolt Apollo, com at\u00e9 128 canais de I\/O premium ao seu DAW, e controle tudo diretamente da sua mesa utilizando a Apollo Twin X. Assim, n\u00e3o importa qu\u00e3o longe sua m\u00fasica o leve, uma Apollo sempre estar\u00e1 ao seu alcance.<\/p>\n<p><strong>Caracter\u00edsticas Principais<\/strong><\/p>\n<ul>\n<li><strong>Interface de \u00c1udio Thunderbolt 10 x 6<\/strong> com processamento de plug-ins DUO Core DSP.<\/li>\n<li><strong>Dois pr\u00e9-amplificadores Unison\u2122<\/strong>, entrada de instrumento Hi-Z e entrada \u00f3ptica Toslink (ADAT ou S\/PDIF).<\/li>\n<li><strong>Sa\u00eddas de monitor<\/strong>: duas sa\u00eddas de monitor 1\/4&#8243;, duas sa\u00eddas de linha 1\/4&#8243; (ALT) e uma sa\u00edda para fones de ouvido 1\/4&#8243; TRS.<\/li>\n<li><strong>Conversores elite-class Apollo X Gen 2<\/strong> com resolu\u00e7\u00e3o de 24 bits \/ 192 kHz.<\/li>\n<li><strong>D\/A Aprimorado<\/strong> para monitoramento e reprodu\u00e7\u00e3o cr\u00edtica, com faixa din\u00e2mica de 129 dB.<\/li>\n<li><strong>Calibra\u00e7\u00e3o de Sa\u00eddas:<\/strong> ajuste suas sa\u00eddas principais e para fones de ouvido com a corre\u00e7\u00e3o de monitor Apollo.<\/li>\n<li><strong>Controlador de Monitor Completo:<\/strong> com troca de alto-falantes alternativos e talkback integrado para comunica\u00e7\u00e3o f\u00e1cil com o talento.<\/li>\n<li><strong>Aplicativo UAD Console Atualizado:<\/strong> recursos como Auto-Gain, cenas de plug-ins, integra\u00e7\u00e3o de subwoofer com gerenciamento de graves e suporte a \u00e1udio imersivo.<\/li>\n<li><strong>DSP Onboard:<\/strong> suporta mais de 200 plug-ins UAD via VST, AU e AAX 64 em todas as principais DAWs.<\/li>\n<li><strong>Inclui mais de 50 plug-ins UAD<\/strong> com as edi\u00e7\u00f5es Essentials+ ou Studio+.<\/li>\n<li><strong>Compat\u00edvel com LUNA, Logic Pro, Pro Tools, Cubase, Ableton Live e mais.<\/strong><\/li>\n<li><strong>Expans\u00edvel<\/strong> com interfaces Thunderbolt Apollo ou modelos selecionados via Dante.<\/li>\n<li><strong>Suporte t\u00e9cnico gratuito<\/strong> da ind\u00fastria, oferecido por engenheiros de \u00e1udio experientes.<\/li>\n<\/ul>","protected":false},"excerpt":{"rendered":"<p><img decoding=\"async\" width=\"100%\" alt=\"AV Pro Brasil\" src=\"https:\/\/www.uaudiobrasil.com.br\/wp-content\/uploads\/2025\/03\/disclaimer.png\" class=\"alignnone size-medium wp-image-5695\"><\/p>","protected":false},"featured_media":4345,"comment_status":"closed","ping_status":"closed","template":"","meta":{"site-sidebar-layout":"default","site-content-layout":"default","ast-site-content-layout":"default","site-content-style":"default","site-sidebar-style":"default","ast-global-header-display":"","ast-banner-title-visibility":"","ast-main-header-display":"","ast-hfb-above-header-display":"","ast-hfb-below-header-display":"","ast-hfb-mobile-header-display":"","site-post-title":"","ast-breadcrumbs-content":"","ast-featured-img":"","footer-sml-layout":"","ast-disable-related-posts":"","theme-transparent-header-meta":"default","adv-header-id-meta":"","stick-header-meta":"","header-above-stick-meta":"","header-main-stick-meta":"","header-below-stick-meta":"","astra-migrate-meta-layouts":"default","ast-page-background-enabled":"default","ast-page-background-meta":{"desktop":{"background-color":"var(--ast-global-color-4)","background-image":"","background-repeat":"repeat","background-position":"center center","background-size":"auto","background-attachment":"scroll","background-type":"","background-media":"","overlay-type":"","overlay-color":"","overlay-opacity":"","overlay-gradient":""},"tablet":{"background-color":"","background-image":"","background-repeat":"repeat","background-position":"center center","background-size":"auto","background-attachment":"scroll","background-type":"","background-media":"","overlay-type":"","overlay-color":"","overlay-opacity":"","overlay-gradient":""},"mobile":{"background-color":"","background-image":"","background-repeat":"repeat","background-position":"center center","background-size":"auto","background-attachment":"scroll","background-type":"","background-media":"","overlay-type":"","overlay-color":"","overlay-opacity":"","overlay-gradient":""}},"ast-content-background-meta":{"desktop":{"background-color":"var(--ast-global-color-5)","background-image":"","background-repeat":"repeat","background-position":"center center","background-size":"auto","background-attachment":"scroll","background-type":"","background-media":"","overlay-type":"","overlay-color":"","overlay-opacity":"","overlay-gradient":""},"tablet":{"background-color":"var(--ast-global-color-5)","background-image":"","background-repeat":"repeat","background-position":"center center","background-size":"auto","background-attachment":"scroll","background-type":"","background-media":"","overlay-type":"","overlay-color":"","overlay-opacity":"","overlay-gradient":""},"mobile":{"background-color":"var(--ast-global-color-5)","background-image":"","background-repeat":"repeat","background-position":"center center","background-size":"auto","background-attachment":"scroll","background-type":"","background-media":"","overlay-type":"","overlay-color":"","overlay-opacity":"","overlay-gradient":""}},"_joinchat":[]},"product_brand":[],"product_cat":[21,20],"product_tag":[105,59],"class_list":{"0":"post-4802","1":"product","2":"type-product","3":"status-publish","4":"has-post-thumbnail","6":"product_cat-interfaces-de-audio","7":"product_cat-linha-apollo","8":"product_tag-twinxduo","9":"product_tag-universal-audio","10":"desktop-align-left","11":"tablet-align-left","12":"mobile-align-left","14":"first","15":"instock","16":"shipping-taxable","17":"purchasable","18":"product-type-simple"},"aioseo_notices":[],"jetpack_sharing_enabled":true,"_links":{"self":[{"href":"https:\/\/www.uaudiobrasil.com.br\/en\/wp-json\/wp\/v2\/product\/4802","targetHints":{"allow":["GET"]}}],"collection":[{"href":"https:\/\/www.uaudiobrasil.com.br\/en\/wp-json\/wp\/v2\/product"}],"about":[{"href":"https:\/\/www.uaudiobrasil.com.br\/en\/wp-json\/wp\/v2\/types\/product"}],"replies":[{"embeddable":true,"href":"https:\/\/www.uaudiobrasil.com.br\/en\/wp-json\/wp\/v2\/comments?post=4802"}],"version-history":[{"count":3,"href":"https:\/\/www.uaudiobrasil.com.br\/en\/wp-json\/wp\/v2\/product\/4802\/revisions"}],"predecessor-version":[{"id":5806,"href":"https:\/\/www.uaudiobrasil.com.br\/en\/wp-json\/wp\/v2\/product\/4802\/revisions\/5806"}],"wp:featuredmedia":[{"embeddable":true,"href":"https:\/\/www.uaudiobrasil.com.br\/en\/wp-json\/wp\/v2\/media\/4345"}],"wp:attachment":[{"href":"https:\/\/www.uaudiobrasil.com.br\/en\/wp-json\/wp\/v2\/media?parent=4802"}],"wp:term":[{"taxonomy":"product_brand","embeddable":true,"href":"https:\/\/www.uaudiobrasil.com.br\/en\/wp-json\/wp\/v2\/product_brand?post=4802"},{"taxonomy":"product_cat","embeddable":true,"href":"https:\/\/www.uaudiobrasil.com.br\/en\/wp-json\/wp\/v2\/product_cat?post=4802"},{"taxonomy":"product_tag","embeddable":true,"href":"https:\/\/www.uaudiobrasil.com.br\/en\/wp-json\/wp\/v2\/product_tag?post=4802"}],"curies":[{"name":"wp","href":"https:\/\/api.w.org\/{rel}","templated":true}]}}