{"id":4514,"date":"2024-10-22T10:53:00","date_gmt":"2024-10-22T13:53:00","guid":{"rendered":"https:\/\/www.uaudiobrasil.com.br\/?post_type=product&#038;p=4514"},"modified":"2025-03-05T14:35:09","modified_gmt":"2025-03-05T17:35:09","slug":"pedal-de-guitarra-knuckles-92-rev-universal-audio","status":"publish","type":"product","link":"https:\/\/www.uaudiobrasil.com.br\/en\/loja\/pedais-uafx\/pedal-de-guitarra-knuckles-92-rev-universal-audio\/","title":{"rendered":"Pedal De Guitarra Knuckles &#8217;92 Rev Universal Audio"},"content":{"rendered":"<p><title>Knuckles &#8217;92 Dual Rec Amplifier<\/title><\/p>\n<style>\n body{\n font-family:Arial,sans-serif;\n margin:0;\n padding:0;\n color:#333;\n background-color:#f4f4f4;\n}\n .container{\n max-width:1200px;\n margin:0 auto;\n padding:20px;\n}\n .header{\n color:#f4f4f4;\n padding:20px;\n text-align:center;\n}\n .header h1{\n margin:0;\n font-size:2.5rem;\n color:#292826;\/* Cor destacada para o t\u00edtulo *\/\n}\n .product-info{\n display:flex;\n flex-wrap:wrap;\n gap:20px;\n margin-top:20px;\n}\n .product-image img{\n max-width:100%;\n border-radius:10px;\n box-shadow:0 4px 10px rgba(0,0,0,0.2);\n}\n .product-details{\n flex:1;\n background:#ffffff;\n padding:20px;\n border-radius:10px;\n box-shadow:0 2px 10px rgba(0,0,0,0.1);\n}\n .product-details h2{\n color:#333;\/* Ajuste para cor mais neutra *\/\n margin-bottom:10px;\n}\n .product-details p{\n margin:10px 0;\n line-height:1.6;\n}\n .features,.specs{\n margin-top:20px;\n padding:20px;\n background:#ffffff;\n border-radius:10px;\n box-shadow:0 2px 10px rgba(0,0,0,0.1);\n}\n .features ul,.specs ul{\n list-style:none;\n padding:0;\n}\n .features li,.specs li{\n margin-bottom:10px;\n padding-left:20px;\n position:relative;\n}\n .features li::before,.specs li::before{\n content:\"\u2022\";\n position:absolute;\n left:0;\n color:#C77B36;\n}\n .cta{\n text-align:center;\n margin-top:20px;\n}\n .cta a{\n text-decoration:none;\n background:#C77B36;\n color:#fff;\n padding:10px 20px;\n border-radius:5px;\n transition:background 0.3s;\n}\n .cta a:hover{\n background:#C77B36;\n}\n<\/style>\n<header class=\"header\">\n<h1>Knuckles &#8217;92 Dual Rec Amplifier<\/h1>\n<\/header>\n<div class=\"container\">\n<div class=\"product-info\">\n<div class=\"product-details\">\n<h2>Descri\u00e7\u00e3o<\/h2>\n<p>Pedal de amplificador e emula\u00e7\u00e3o de caixas est\u00e9reo, com seis famosas combina\u00e7\u00f5es de microfone\/alto-falante, boosts integrados, modos ao vivo e predefinidos, e personaliza\u00e7\u00e3o com o aplicativo m\u00f3vel UAFX.<\/p>\n<h2>Obtenha o som bruto do punk, rock alternativo e metal aos seus p\u00e9s<\/h2>\n<p>O Knuckles &#8217;92 Dual Rec Amplifier entrega o som distorcido de alto ganho que impulsionou bandas lend\u00e1rias como Foo Fighters, Incubus, Nevermore, Dream Theater e muitas outras.<\/p>\n<p>Com seis combina\u00e7\u00f5es cl\u00e1ssicas de microfone e alto-falante, overdrive\/boost estilo TS embutido e gate de ru\u00eddo, o Knuckles oferece o som aut\u00eantico que definiu g\u00eaneros de um dos amplificadores de alto ganho mais ferozes do mundo.<\/p>\n<\/p><\/div>\n<div class=\"product-image\">\n <img data-recalc-dims=\"1\" height=\"300\" width=\"300\" decoding=\"async\" src=\"https:\/\/i0.wp.com\/www.uaudiobrasil.com.br\/wp-content\/uploads\/2024\/10\/Knuckles-92-Dual-Rec-Amplifier-Ortho_Top_Trans.png?resize=300%2C300&#038;ssl=1\" alt=\"Knuckles '92 Dual Rec Amplifier\">\n <\/div>\n<\/p><\/div>\n<div class=\"features\">\n<h2>Caracter\u00edsticas Principais<\/h2>\n<ul>\n<li>Conecte-se ao famoso amplificador de alto ganho Rev F Dual Rec de 1992 que impulsionou o punk, rock alternativo e metal dos anos 90 em diante.<\/li>\n<li>Poderoso motor UAFX dual-engine para a emula\u00e7\u00e3o mais aut\u00eantica desse amplificador j\u00e1 colocada em um pedal.<\/li>\n<li>Overdrive embutido estilo TS, boost de pr\u00e9-amplificador, gate de ru\u00eddo e troca de canais.<\/li>\n<li>Seis combina\u00e7\u00f5es cl\u00e1ssicas de microfone e alto-falante usadas em discos de rock e metal dos anos 90.<\/li>\n<li>Personalize e salve seus pr\u00f3prios tons no aplicativo m\u00f3vel UAFX.<\/li>\n<\/ul><\/div>\n<div class=\"specs\">\n<h2>Especifica\u00e7\u00f5es<\/h2>\n<ul>\n<li>Requisitos de energia: 9VDC isolado, centro-negativo, m\u00ednimo 400 mA (vendido separadamente).<\/li>\n<li>Entradas: 2 x \u00bc\u201d TS (entrada direita para conex\u00f5es est\u00e9reo e modo de 4 cabos).<\/li>\n<li>Sa\u00eddas: 2 x \u00bc\u201d TS (sa\u00edda direita para conex\u00f5es est\u00e9reo e modo de 4 cabos).<\/li>\n<li>USB Tipo-C para atualiza\u00e7\u00f5es via computador.<\/li>\n<li>Altura: 6,5 cm | Largura: 9,2 cm | Profundidade: 14,1 cm.<\/li>\n<li>Peso: 0,567 kg.<\/li>\n<\/ul><\/div>\n<\/div>","protected":false},"excerpt":{"rendered":"<p><img decoding=\"async\" width=\"100%\" alt=\"AV Pro Brasil\" src=\"https:\/\/www.uaudiobrasil.com.br\/wp-content\/uploads\/2025\/03\/disclaimer.png\" class=\"alignnone size-medium wp-image-5695\"><\/p>","protected":false},"featured_media":4515,"comment_status":"closed","ping_status":"closed","template":"","meta":{"site-sidebar-layout":"default","site-content-layout":"default","ast-site-content-layout":"default","site-content-style":"default","site-sidebar-style":"default","ast-global-header-display":"","ast-banner-title-visibility":"","ast-main-header-display":"","ast-hfb-above-header-display":"","ast-hfb-below-header-display":"","ast-hfb-mobile-header-display":"","site-post-title":"","ast-breadcrumbs-content":"","ast-featured-img":"","footer-sml-layout":"","ast-disable-related-posts":"","theme-transparent-header-meta":"default","adv-header-id-meta":"","stick-header-meta":"","header-above-stick-meta":"","header-main-stick-meta":"","header-below-stick-meta":"","astra-migrate-meta-layouts":"set","ast-page-background-enabled":"default","ast-page-background-meta":{"desktop":{"background-color":"var(--ast-global-color-4)","background-image":"","background-repeat":"repeat","background-position":"center center","background-size":"auto","background-attachment":"scroll","background-type":"","background-media":"","overlay-type":"","overlay-color":"","overlay-opacity":"","overlay-gradient":""},"tablet":{"background-color":"","background-image":"","background-repeat":"repeat","background-position":"center center","background-size":"auto","background-attachment":"scroll","background-type":"","background-media":"","overlay-type":"","overlay-color":"","overlay-opacity":"","overlay-gradient":""},"mobile":{"background-color":"","background-image":"","background-repeat":"repeat","background-position":"center center","background-size":"auto","background-attachment":"scroll","background-type":"","background-media":"","overlay-type":"","overlay-color":"","overlay-opacity":"","overlay-gradient":""}},"ast-content-background-meta":{"desktop":{"background-color":"var(--ast-global-color-5)","background-image":"","background-repeat":"repeat","background-position":"center center","background-size":"auto","background-attachment":"scroll","background-type":"","background-media":"","overlay-type":"","overlay-color":"","overlay-opacity":"","overlay-gradient":""},"tablet":{"background-color":"var(--ast-global-color-5)","background-image":"","background-repeat":"repeat","background-position":"center center","background-size":"auto","background-attachment":"scroll","background-type":"","background-media":"","overlay-type":"","overlay-color":"","overlay-opacity":"","overlay-gradient":""},"mobile":{"background-color":"var(--ast-global-color-5)","background-image":"","background-repeat":"repeat","background-position":"center center","background-size":"auto","background-attachment":"scroll","background-type":"","background-media":"","overlay-type":"","overlay-color":"","overlay-opacity":"","overlay-gradient":""}},"_joinchat":[]},"product_brand":[],"product_cat":[17],"product_tag":[],"class_list":{"0":"post-4514","1":"product","2":"type-product","3":"status-publish","4":"has-post-thumbnail","6":"product_cat-pedais-uafx","7":"desktop-align-left","8":"tablet-align-left","9":"mobile-align-left","11":"first","12":"instock","13":"shipping-taxable","14":"product-type-external"},"aioseo_notices":[],"jetpack_sharing_enabled":true,"_links":{"self":[{"href":"https:\/\/www.uaudiobrasil.com.br\/en\/wp-json\/wp\/v2\/product\/4514","targetHints":{"allow":["GET"]}}],"collection":[{"href":"https:\/\/www.uaudiobrasil.com.br\/en\/wp-json\/wp\/v2\/product"}],"about":[{"href":"https:\/\/www.uaudiobrasil.com.br\/en\/wp-json\/wp\/v2\/types\/product"}],"replies":[{"embeddable":true,"href":"https:\/\/www.uaudiobrasil.com.br\/en\/wp-json\/wp\/v2\/comments?post=4514"}],"version-history":[{"count":13,"href":"https:\/\/www.uaudiobrasil.com.br\/en\/wp-json\/wp\/v2\/product\/4514\/revisions"}],"predecessor-version":[{"id":5807,"href":"https:\/\/www.uaudiobrasil.com.br\/en\/wp-json\/wp\/v2\/product\/4514\/revisions\/5807"}],"wp:featuredmedia":[{"embeddable":true,"href":"https:\/\/www.uaudiobrasil.com.br\/en\/wp-json\/wp\/v2\/media\/4515"}],"wp:attachment":[{"href":"https:\/\/www.uaudiobrasil.com.br\/en\/wp-json\/wp\/v2\/media?parent=4514"}],"wp:term":[{"taxonomy":"product_brand","embeddable":true,"href":"https:\/\/www.uaudiobrasil.com.br\/en\/wp-json\/wp\/v2\/product_brand?post=4514"},{"taxonomy":"product_cat","embeddable":true,"href":"https:\/\/www.uaudiobrasil.com.br\/en\/wp-json\/wp\/v2\/product_cat?post=4514"},{"taxonomy":"product_tag","embeddable":true,"href":"https:\/\/www.uaudiobrasil.com.br\/en\/wp-json\/wp\/v2\/product_tag?post=4514"}],"curies":[{"name":"wp","href":"https:\/\/api.w.org\/{rel}","templated":true}]}}