{"id":4414,"date":"2024-10-08T12:55:00","date_gmt":"2024-10-08T15:55:00","guid":{"rendered":"https:\/\/www.uaudiobrasil.com.br\/?post_type=product&#038;p=4414"},"modified":"2025-03-05T14:35:09","modified_gmt":"2025-03-05T17:35:09","slug":"apollo-x4-gen-2-essentials-edition-desktop-mac-win-tb3","status":"publish","type":"product","link":"https:\/\/www.uaudiobrasil.com.br\/en\/loja\/interfaces-de-audio\/linha-apollo\/apollo-x4-gen-2-essentials-edition-desktop-mac-win-tb3\/","title":{"rendered":"Apollo x4 GEN 2 Essentials+ Edition (Desktop\/Mac\/Win\/TB3)"},"content":{"rendered":"<p>Interface de \u00e1udio Thunderbolt 12 x 18 de mesa com quatro pr\u00e9-amplificadores de microfone Unison, convers\u00e3o de \u00e1udio de classe elite Apollo X Gen 2, Auto-Gain, Corre\u00e7\u00e3o de Monitor Apollo, Gerenciamento de Graves, processamento de plug-ins DSP QUAD Core e um pacote de software premium para Mac ou Windows.<\/p>\n<p>Crie com a interface de \u00e1udio de mesa mais poderosa do mundo.<\/p>\n<p>Grave e mixe sess\u00f5es maiores e ou\u00e7a cada detalhe com a nova gera\u00e7\u00e3o das interfaces Apollo x4 da UA, apresentando a convers\u00e3o de \u00e1udio com a mais alta resolu\u00e7\u00e3o, quatro pr\u00e9-amplificadores de microfone Unison\u2122 e processamento DSP QUAD Core, permitindo que voc\u00ea grave em tempo real usando plug-ins UAD da Neve, Manley, Avalon, SSL e muitos outros.<\/p>\n<p>Confiada por artistas e produtores em todo o mundo, a Apollo x4 eleva suas produ\u00e7\u00f5es com som atemporal e a lend\u00e1ria qualidade da UA, projetada para inspirar sua pr\u00f3xima colabora\u00e7\u00e3o.<\/p>\n<p><strong>Principais Benef\u00edcios<\/strong><\/p>\n<ul>\n<li><strong>Experimente a convers\u00e3o de \u00e1udio da pr\u00f3xima gera\u00e7\u00e3o com a maior faixa din\u00e2mica e menor distor\u00e7\u00e3o de qualquer Apollo. <\/strong><\/li>\n<li><strong>Obtenha tons anal\u00f3gicos com os pr\u00e9-amplificadores UnisonTM, permitindo gravar em tempo real com emula\u00e7\u00f5es aut\u00eanticas de Neve, API, Avalon, Manley, Fender e mais. <\/strong><\/li>\n<li><strong>Acesse a biblioteca completa de mais de 200 plug-ins DSP e Native da UAD, incluindo t\u00edtulos premiados como Capitol Chambers, Sound City Studios, EL8 Distressor e muito mais. <\/strong><\/li>\n<li><strong>Fa\u00e7a mixagens com confian\u00e7a em qualquer sala ou atrav\u00e9s de fones de ouvido usando a Corre\u00e7\u00e3o de Monitor Apollo alimentada pelo Sonarworks\u00ae*. <\/strong><\/li>\n<li><strong>Use o Auto-Gain para ajustar seus n\u00edveis em v\u00e1rias entradas em segundos e nunca perca uma tomada. <\/strong><\/li>\n<li><strong>Ou\u00e7a todos os detalhes graves em suas mixagens usando o gerenciamento de graves para adicionar um subwoofer \u00e0 sua configura\u00e7\u00e3o de monitor. <\/strong><\/li>\n<li><strong>Configure rapidamente cenas de baixa lat\u00eancia, plug-ins e monitoramento de \u00e1udio imersivo com o aplicativo UAD Console. <\/strong><\/li>\n<li><strong>Obtenha milhares de d\u00f3lares em plug-ins premiados da UAD, como Auto-Tune, Fairchild, Teletronix, e mais, com as edi\u00e7\u00f5es Essentials+ ou Studio+.<\/strong><\/li>\n<\/ul>\n<p><strong>Obtenha a Apollo de Mesa Mais Poderosa J\u00e1 Feita<\/strong> A Universal Audio desenvolveu a Apollo x4 para expandir a aclamada Apollo Twin, a interface que revolucionou a grava\u00e7\u00e3o em est\u00fadios dom\u00e9sticos e de projeto. Com mais entradas e sa\u00eddas, faixa din\u00e2mica sem precedentes e convers\u00e3o de \u00e1udio de classe elite 24-bit \/ 192 kHz \u2014 agora com monitoramento aprimorado \u2014 a Apollo x4 coloca o som das estrelas ao alcance dos est\u00fadios de projeto e colaboradores.<\/p>\n<p><strong>Grave com Pr\u00e9-amplificadores Ic\u00f4nicos<\/strong> Com quatro pr\u00e9-amplificadores Unison\u2122 e duas entradas Hi\u2011Z no painel frontal, a Apollo x4 permite gravar em tempo real com plug-ins de pr\u00e9-amplificadores e tiras de canal da Neve, Manley, API e muitos outros, oferecendo as mesmas texturas anal\u00f3gicas ricas usadas nas maiores grava\u00e7\u00f5es de todos os tempos.<\/p>\n<p><strong>Mixe com Sons Anal\u00f3gicos Aut\u00eanticos<\/strong> Direto da caixa, a Apollo x4 oferece as ferramentas usadas nos maiores est\u00fadios de grava\u00e7\u00e3o do mundo. Junto com compressores Teletronix LA-2A, equalizadores Pultec e amplificadores da Marshall e Ampeg inclusos, voc\u00ea pode acessar toda a biblioteca de mais de 200 plug-ins UAD e desbloquear sons comprovados como Ocean Way Studios, Capitol Chambers e muitos outros.<\/p>\n<p><strong>Ou\u00e7a os Detalhes Como Nunca Antes<\/strong> Agora em sua segunda gera\u00e7\u00e3o, a Apollo x4 apresenta os conversores D\/A de maior resolu\u00e7\u00e3o da UA combinados com a Corre\u00e7\u00e3o de Monitor Apollo, alimentada pelo Sonarworks.\u00ae Isso significa que, ao reproduzir seu \u00e1udio atrav\u00e9s de monitores ou fones de ouvido, voc\u00ea ouvir\u00e1 a representa\u00e7\u00e3o mais pura de suas grava\u00e7\u00f5es, sem surpresas quando escutar sua mixagem ou masteriza\u00e7\u00e3o final.<\/p>\n<p><strong>Encontre Seu Fluxo no Aplicativo UAD Console<\/strong> Assim como em um est\u00fadio anal\u00f3gico, onde o console \u00e9 o cora\u00e7\u00e3o do fluxo de trabalho, a Apollo x4 possui um poderoso motor de mixagem digital onde voc\u00ea controla o roteamento e monitoramento de plug-ins. E com recursos como Auto-Gain, Gerenciamento de Graves e Plug-In Scenes, \u00e9 f\u00e1cil encontrar um fluxo que se adapta \u00e0s suas necessidades.<\/p>\n<p><strong>Um Sistema H\u00edbrido, Feito para Sua Miss\u00e3o<\/strong> Combine o DSP QUAD Core da Apollo x4 com o processamento nativo do seu computador para produzir grandes sess\u00f5es com cadeias de plug-ins complexas \u2014 um fluxo de trabalho h\u00edbrido poderoso que supera qualquer configura\u00e7\u00e3o de grava\u00e7\u00e3o exclusivamente nativa.<\/p>\n<p><strong>Expanda Seu Est\u00fadio \u00e0 Medida Que Voc\u00ea Cresce<\/strong> Construa seu est\u00fadio conectando at\u00e9 quatro interfaces Thunderbolt Apollo com at\u00e9 128 canais de I\/O premium ao seu DAW e controle tudo a partir do seu desktop usando a Apollo x4. Assim, n\u00e3o importa at\u00e9 onde sua m\u00fasica o leve, uma Apollo estar\u00e1 sempre ao seu alcance.<\/p>\n<p><strong>Caracter\u00edsticas Principais:<\/strong><\/p>\n<ul>\n<li><strong>Interface de \u00e1udio Thunderbolt 12 x 18<\/strong> com processamento DSP QUAD Core.<\/li>\n<li><strong>Quatro pr\u00e9-amplificadores de microfone Unison\u2122<\/strong> e duas entradas de instrumento Hi-Z, al\u00e9m de I\/O Toslink \u00f3ptico (ADAT ou S\/PDIF).<\/li>\n<li><strong>Duas sa\u00eddas de monitor 1\/4&#8243;<\/strong>, quatro sa\u00eddas de linha 1\/4&#8243; (ALT 1\/2) e duas sa\u00eddas de fone de ouvido TRS 1\/4&#8243;.<\/li>\n<li><strong>Conversores de classe elite Apollo X Gen 2<\/strong> com resolu\u00e7\u00e3o de 24-bit \/ 192 kHz.<\/li>\n<li><strong>Convers\u00e3o D\/A aprimorada<\/strong> para monitoramento e reprodu\u00e7\u00e3o cr\u00edtica com faixa din\u00e2mica de 129 dB.<\/li>\n<li>Calibre suas sa\u00eddas de monitor principal e fone de ouvido com a <strong>Corre\u00e7\u00e3o de Monitor Apollo<\/strong> alimentada pelo Sonarworks\u00ae*.<\/li>\n<li><strong>Controlador de monitor totalmente equipado<\/strong>, com troca de alto-falantes alternativos e talkback integrado para f\u00e1cil comunica\u00e7\u00e3o com talentos.<\/li>\n<li><strong>Aplicativo UAD Console atualizado<\/strong> com Auto-Gain, Plug-In Scenes, integra\u00e7\u00e3o de subwoofer com Gerenciamento de Graves, suporte a \u00e1udio imersivo e mais.<\/li>\n<li><strong>DSP integrado<\/strong> que suporta mais de 200 plug-ins UAD nos formatos VST, AU e AAX 64 em todos os principais DAWs.<\/li>\n<li>Inclui at\u00e9 <strong>50+ plug-ins UAD<\/strong> com as edi\u00e7\u00f5es Essentials+ ou Studio+.<\/li>\n<li><strong>Compat\u00edvel com LUNA, Logic Pro, Pro Tools, Cubase, Ableton Live e mais<\/strong>.<\/li>\n<li><strong>Expans\u00edvel com interfaces Apollo Thunderbolt<\/strong> ou modelos selecionados via Dante.<\/li>\n<li><strong>Suporte t\u00e9cnico l\u00edder da ind\u00fastria<\/strong> com engenheiros de \u00e1udio especializados.<\/li>\n<\/ul>","protected":false},"excerpt":{"rendered":"<p><img decoding=\"async\" width=\"100%\" alt=\"AV Pro Brasil\" src=\"https:\/\/www.uaudiobrasil.com.br\/wp-content\/uploads\/2025\/03\/disclaimer.png\" class=\"alignnone size-medium wp-image-5695\"><\/p>","protected":false},"featured_media":4890,"comment_status":"closed","ping_status":"closed","template":"","meta":{"site-sidebar-layout":"default","site-content-layout":"default","ast-site-content-layout":"default","site-content-style":"default","site-sidebar-style":"default","ast-global-header-display":"","ast-banner-title-visibility":"","ast-main-header-display":"","ast-hfb-above-header-display":"","ast-hfb-below-header-display":"","ast-hfb-mobile-header-display":"","site-post-title":"","ast-breadcrumbs-content":"","ast-featured-img":"","footer-sml-layout":"","ast-disable-related-posts":"","theme-transparent-header-meta":"default","adv-header-id-meta":"","stick-header-meta":"","header-above-stick-meta":"","header-main-stick-meta":"","header-below-stick-meta":"","astra-migrate-meta-layouts":"set","ast-page-background-enabled":"default","ast-page-background-meta":{"desktop":{"background-color":"var(--ast-global-color-4)","background-image":"","background-repeat":"repeat","background-position":"center center","background-size":"auto","background-attachment":"scroll","background-type":"","background-media":"","overlay-type":"","overlay-color":"","overlay-opacity":"","overlay-gradient":""},"tablet":{"background-color":"","background-image":"","background-repeat":"repeat","background-position":"center center","background-size":"auto","background-attachment":"scroll","background-type":"","background-media":"","overlay-type":"","overlay-color":"","overlay-opacity":"","overlay-gradient":""},"mobile":{"background-color":"","background-image":"","background-repeat":"repeat","background-position":"center center","background-size":"auto","background-attachment":"scroll","background-type":"","background-media":"","overlay-type":"","overlay-color":"","overlay-opacity":"","overlay-gradient":""}},"ast-content-background-meta":{"desktop":{"background-color":"var(--ast-global-color-5)","background-image":"","background-repeat":"repeat","background-position":"center center","background-size":"auto","background-attachment":"scroll","background-type":"","background-media":"","overlay-type":"","overlay-color":"","overlay-opacity":"","overlay-gradient":""},"tablet":{"background-color":"var(--ast-global-color-5)","background-image":"","background-repeat":"repeat","background-position":"center center","background-size":"auto","background-attachment":"scroll","background-type":"","background-media":"","overlay-type":"","overlay-color":"","overlay-opacity":"","overlay-gradient":""},"mobile":{"background-color":"var(--ast-global-color-5)","background-image":"","background-repeat":"repeat","background-position":"center center","background-size":"auto","background-attachment":"scroll","background-type":"","background-media":"","overlay-type":"","overlay-color":"","overlay-opacity":"","overlay-gradient":""}},"_joinchat":[]},"product_brand":[],"product_cat":[21,20],"product_tag":[107,59],"class_list":{"0":"post-4414","1":"product","2":"type-product","3":"status-publish","4":"has-post-thumbnail","6":"product_cat-interfaces-de-audio","7":"product_cat-linha-apollo","8":"product_tag-x4","9":"product_tag-universal-audio","10":"desktop-align-left","11":"tablet-align-left","12":"mobile-align-left","14":"first","15":"instock","16":"shipping-taxable","17":"product-type-external"},"aioseo_notices":[],"jetpack_sharing_enabled":true,"_links":{"self":[{"href":"https:\/\/www.uaudiobrasil.com.br\/en\/wp-json\/wp\/v2\/product\/4414","targetHints":{"allow":["GET"]}}],"collection":[{"href":"https:\/\/www.uaudiobrasil.com.br\/en\/wp-json\/wp\/v2\/product"}],"about":[{"href":"https:\/\/www.uaudiobrasil.com.br\/en\/wp-json\/wp\/v2\/types\/product"}],"replies":[{"embeddable":true,"href":"https:\/\/www.uaudiobrasil.com.br\/en\/wp-json\/wp\/v2\/comments?post=4414"}],"version-history":[{"count":7,"href":"https:\/\/www.uaudiobrasil.com.br\/en\/wp-json\/wp\/v2\/product\/4414\/revisions"}],"predecessor-version":[{"id":5808,"href":"https:\/\/www.uaudiobrasil.com.br\/en\/wp-json\/wp\/v2\/product\/4414\/revisions\/5808"}],"wp:featuredmedia":[{"embeddable":true,"href":"https:\/\/www.uaudiobrasil.com.br\/en\/wp-json\/wp\/v2\/media\/4890"}],"wp:attachment":[{"href":"https:\/\/www.uaudiobrasil.com.br\/en\/wp-json\/wp\/v2\/media?parent=4414"}],"wp:term":[{"taxonomy":"product_brand","embeddable":true,"href":"https:\/\/www.uaudiobrasil.com.br\/en\/wp-json\/wp\/v2\/product_brand?post=4414"},{"taxonomy":"product_cat","embeddable":true,"href":"https:\/\/www.uaudiobrasil.com.br\/en\/wp-json\/wp\/v2\/product_cat?post=4414"},{"taxonomy":"product_tag","embeddable":true,"href":"https:\/\/www.uaudiobrasil.com.br\/en\/wp-json\/wp\/v2\/product_tag?post=4414"}],"curies":[{"name":"wp","href":"https:\/\/api.w.org\/{rel}","templated":true}]}}