{"id":4359,"date":"2024-09-23T16:35:22","date_gmt":"2024-09-23T19:35:22","guid":{"rendered":"https:\/\/www.uaudiobrasil.com.br\/?post_type=product&#038;p=4359"},"modified":"2025-03-05T14:35:09","modified_gmt":"2025-03-05T17:35:09","slug":"pedal-de-guitarra-amp-enigmatico-82-overdrive-special-universal-audio","status":"publish","type":"product","link":"https:\/\/www.uaudiobrasil.com.br\/en\/loja\/pedais-uafx\/pedal-de-guitarra-amp-enigmatico-82-overdrive-special-universal-audio\/","title":{"rendered":"Pedal De Guitarra Enigmatic &#8217;82 Overdrive Special Amp Universal Audio"},"content":{"rendered":"<p>&nbsp;<\/p>\n<style>\n body{<br \/>\n font-family:Arial,sans-serif;<br \/>\n margin:0;<br \/>\n padding:0;<br \/>\n color:#333;<br \/>\n background-color:#f4f4f4;<br \/>\n}<br \/>\n .container{<br \/>\n max-width:1200px;<br \/>\n margin:0 auto;<br \/>\n padding:20px;<br \/>\n}<br \/>\n .header{<br \/>\n color:#f4f4f4;<br \/>\n padding:20px;<br \/>\n text-align:center;<br \/>\n}<br \/>\n .header h1{<br \/>\n margin:0;<br \/>\n font-size:2.5rem;<br \/>\n color:#C77B36;\/* Cor destacada para o t\u00edtulo *\/<br \/>\n}<br \/>\n .product-info{<br \/>\n display:flex;<br \/>\n flex-wrap:wrap;<br \/>\n gap:20px;<br \/>\n margin-top:20px;<br \/>\n}<br \/>\n .product-image img{<br \/>\n max-width:100%;<br \/>\n border-radius:10px;<br \/>\n box-shadow:0 4px 10px rgba(0,0,0,0.2);<br \/>\n}<br \/>\n .product-details{<br \/>\n flex:1;<br \/>\n background:#ffffff;<br \/>\n padding:20px;<br \/>\n border-radius:10px;<br \/>\n box-shadow:0 2px 10px rgba(0,0,0,0.1);<br \/>\n}<br \/>\n .product-details h2{<br \/>\n color:#333;\/* Ajuste para cor mais neutra *\/<br \/>\n margin-bottom:10px;<br \/>\n}<br \/>\n .product-details p{<br \/>\n margin:10px 0;<br \/>\n line-height:1.6;<br \/>\n}<br \/>\n .features,.specs{<br \/>\n margin-top:20px;<br \/>\n padding:20px;<br \/>\n background:#ffffff;<br \/>\n border-radius:10px;<br \/>\n box-shadow:0 2px 10px rgba(0,0,0,0.1);<br \/>\n}<br \/>\n .features ul,.specs ul{<br \/>\n list-style:none;<br \/>\n padding:0;<br \/>\n}<br \/>\n .features li,.specs li{<br \/>\n margin-bottom:10px;<br \/>\n padding-left:20px;<br \/>\n position:relative;<br \/>\n}<br \/>\n .features li::before,.specs li::before{<br \/>\n content:\"\u2022\";<br \/>\n position:absolute;<br \/>\n left:0;<br \/>\n color:#C77B36;<br \/>\n}<br \/>\n .cta{<br \/>\n text-align:center;<br \/>\n margin-top:20px;<br \/>\n}<br \/>\n .cta a{<br \/>\n text-decoration:none;<br \/>\n background:#C77B36;<br \/>\n color:#fff;<br \/>\n padding:10px 20px;<br \/>\n border-radius:5px;<br \/>\n transition:background 0.3s;<br \/>\n}<br \/>\n .cta a:hover{<br \/>\n background:#C77B36;<br \/>\n}<br \/>\n<\/style>\n<p>&nbsp;<\/p>\n<header class=\"header\">\n<h1>Enigmatic &#8217;82 Overdrive Special Amp<\/h1>\n<\/header>\n<div class=\"container\">\n<div class=\"product-info\">\n<div class=\"product-details\">\n<h2>Descri\u00e7\u00e3o<\/h2>\n<p>Pedal de emula\u00e7\u00e3o de amp e caixa est\u00e9reo com nove pares de microfones\/alto-falantes famosos, modifica\u00e7\u00f5es de timbre de amp de ponta a ponta, modos ao vivo e predefinidos, e personaliza\u00e7\u00e3o com o aplicativo m\u00f3vel UAFX.<\/p>\n<h2>Obtenha os tons m\u00edticos que encantaram lendas.<\/h2>\n<p>Enigmatic &#8217;82 Overdrive Special Amp permite que voc\u00ea experimente o som celestial de um amplificador a v\u00e1lvula que cativou lendas como John Mayer, Stevie Ray Vaughan, Robben Ford, Larry Carlton, Joe Bonamassa e Carlos Santana.*<\/p>\n<p>Capturando perfeitamente n\u00e3o apenas um, mas v\u00e1rios amplificadores Overdrive Special customizados que abrangem 30 anos \u2014 com sua famosa sensibilidade ao toque, escolhas de pr\u00e9-amplificadores coloridos, modifica\u00e7\u00f5es na pilha de tons, al\u00e9m de gabinetes de microfones e alto-falantes cuidadosamente selecionados \u2014 o Enigm\u00e1tico &#8217;82 \u00e9 como ter um amplificador feito \u00e0 m\u00e3o, constru\u00eddo s\u00f3 para voc\u00ea.<\/p>\n<\/div>\n<div class=\"product-image\"><img data-recalc-dims=\"1\" height=\"300\" width=\"300\" decoding=\"async\" src=\"https:\/\/i0.wp.com\/www.uaudiobrasil.com.br\/wp-content\/uploads\/2024\/09\/Enigmatic-82-ODS-Amp-Ortho_Top_Trans-BG.png?resize=300%2C300&#038;ssl=1\" alt=\"Enigmatic '82 Overdrive Special Amp\" \/><\/div>\n<\/div>\n<div class=\"features\">\n<h2>Tr\u00eas Gabinetes Padr\u00e3o<\/h2>\n<ul>\n<li>1&#215;12 Black GB25<\/li>\n<li>2&#215;12 Boutique D65<\/li>\n<li>2&#215;12 Brute<\/li>\n<\/ul>\n<h2>Seis Gabinetes B\u00f4nus<\/h2>\n<ul>\n<li>4&#215;12 UK V30<\/li>\n<li>2&#215;12 JBF120<\/li>\n<li>1&#215;12 Black EV12<\/li>\n<li>4&#215;12 Stripped GB<\/li>\n<li>1&#215;12 JBG125<\/li>\n<li>2&#215;12 D-EV12<\/li>\n<\/ul>\n<\/div>\n<div class=\"specs\">\n<h2>Especifica\u00e7\u00f5es<\/h2>\n<ul>\n<li>Requisitos de energia: 9VDC isolado, centro-negativo, m\u00ednimo 400 mA (vendido separadamente).<\/li>\n<li>Entradas: 2 x \u00bc\u201d TS (entrada direita para conex\u00f5es est\u00e9reo e modo de 4 cabos).<\/li>\n<li>Sa\u00eddas: 2 x \u00bc\u201d TS (sa\u00edda direita para conex\u00f5es est\u00e9reo e modo de 4 cabos).<\/li>\n<li>USB Tipo-C para atualiza\u00e7\u00f5es via computador.<\/li>\n<li>Altura: 6,5 cm | Largura: 9,2 cm | Profundidade: 14,1 cm.<\/li>\n<li>Peso: 0,567 kg.<\/li>\n<\/ul>\n<\/div>\n<\/div>\n<p>&nbsp;<\/p>","protected":false},"excerpt":{"rendered":"<p>Enigmatic \u201982 Overdrive Special Amp permite que voc\u00ea experimente o som celestial de um amplificador a v\u00e1lvula que cativou lendas como John Mayer, Stevie Ray Vaughan, Robben Ford, Larry Carlton, Joe Bonamassa e Carlos Santana.*<\/p>\n<p>Capturando perfeitamente n\u00e3o apenas um, mas v\u00e1rios amplificadores Overdrive Special customizados que abrangem 30 anos \u2014 com sua famosa sensibilidade ao toque, escolhas de pr\u00e9-amplificadores coloridos, modifica\u00e7\u00f5es na pilha de tons, al\u00e9m de gabinetes de microfones e alto-falantes cuidadosamente selecionados \u2014 o Enigm\u00e1tico \u201982 \u00e9 como ter um amplificador feito \u00e0 m\u00e3o, constru\u00eddo s\u00f3 para voc\u00ea.<\/p>\n<p><img decoding=\"async\" class=\"alignnone size-medium wp-image-5695\" src=\"https:\/\/www.uaudiobrasil.com.br\/wp-content\/uploads\/2025\/03\/disclaimer.png\" alt=\"AV Pro Brasil\" width=\"100%\" \/><\/p>","protected":false},"featured_media":4362,"comment_status":"closed","ping_status":"closed","template":"","meta":{"site-sidebar-layout":"default","site-content-layout":"default","ast-site-content-layout":"default","site-content-style":"default","site-sidebar-style":"default","ast-global-header-display":"","ast-banner-title-visibility":"","ast-main-header-display":"","ast-hfb-above-header-display":"","ast-hfb-below-header-display":"","ast-hfb-mobile-header-display":"","site-post-title":"","ast-breadcrumbs-content":"","ast-featured-img":"","footer-sml-layout":"","ast-disable-related-posts":"","theme-transparent-header-meta":"default","adv-header-id-meta":"","stick-header-meta":"","header-above-stick-meta":"","header-main-stick-meta":"","header-below-stick-meta":"","astra-migrate-meta-layouts":"set","ast-page-background-enabled":"default","ast-page-background-meta":{"desktop":{"background-color":"var(--ast-global-color-4)","background-image":"","background-repeat":"repeat","background-position":"center center","background-size":"auto","background-attachment":"scroll","background-type":"","background-media":"","overlay-type":"","overlay-color":"","overlay-opacity":"","overlay-gradient":""},"tablet":{"background-color":"","background-image":"","background-repeat":"repeat","background-position":"center center","background-size":"auto","background-attachment":"scroll","background-type":"","background-media":"","overlay-type":"","overlay-color":"","overlay-opacity":"","overlay-gradient":""},"mobile":{"background-color":"","background-image":"","background-repeat":"repeat","background-position":"center center","background-size":"auto","background-attachment":"scroll","background-type":"","background-media":"","overlay-type":"","overlay-color":"","overlay-opacity":"","overlay-gradient":""}},"ast-content-background-meta":{"desktop":{"background-color":"var(--ast-global-color-5)","background-image":"","background-repeat":"repeat","background-position":"center center","background-size":"auto","background-attachment":"scroll","background-type":"","background-media":"","overlay-type":"","overlay-color":"","overlay-opacity":"","overlay-gradient":""},"tablet":{"background-color":"var(--ast-global-color-5)","background-image":"","background-repeat":"repeat","background-position":"center center","background-size":"auto","background-attachment":"scroll","background-type":"","background-media":"","overlay-type":"","overlay-color":"","overlay-opacity":"","overlay-gradient":""},"mobile":{"background-color":"var(--ast-global-color-5)","background-image":"","background-repeat":"repeat","background-position":"center center","background-size":"auto","background-attachment":"scroll","background-type":"","background-media":"","overlay-type":"","overlay-color":"","overlay-opacity":"","overlay-gradient":""}},"_joinchat":[]},"product_brand":[],"product_cat":[17],"product_tag":[59],"class_list":{"0":"post-4359","1":"product","2":"type-product","3":"status-publish","4":"has-post-thumbnail","6":"product_cat-pedais-uafx","7":"product_tag-universal-audio","8":"desktop-align-left","9":"tablet-align-left","10":"mobile-align-left","12":"first","13":"instock","14":"shipping-taxable","15":"product-type-external"},"aioseo_notices":[],"jetpack_sharing_enabled":true,"_links":{"self":[{"href":"https:\/\/www.uaudiobrasil.com.br\/en\/wp-json\/wp\/v2\/product\/4359","targetHints":{"allow":["GET"]}}],"collection":[{"href":"https:\/\/www.uaudiobrasil.com.br\/en\/wp-json\/wp\/v2\/product"}],"about":[{"href":"https:\/\/www.uaudiobrasil.com.br\/en\/wp-json\/wp\/v2\/types\/product"}],"replies":[{"embeddable":true,"href":"https:\/\/www.uaudiobrasil.com.br\/en\/wp-json\/wp\/v2\/comments?post=4359"}],"version-history":[{"count":11,"href":"https:\/\/www.uaudiobrasil.com.br\/en\/wp-json\/wp\/v2\/product\/4359\/revisions"}],"predecessor-version":[{"id":4522,"href":"https:\/\/www.uaudiobrasil.com.br\/en\/wp-json\/wp\/v2\/product\/4359\/revisions\/4522"}],"wp:featuredmedia":[{"embeddable":true,"href":"https:\/\/www.uaudiobrasil.com.br\/en\/wp-json\/wp\/v2\/media\/4362"}],"wp:attachment":[{"href":"https:\/\/www.uaudiobrasil.com.br\/en\/wp-json\/wp\/v2\/media?parent=4359"}],"wp:term":[{"taxonomy":"product_brand","embeddable":true,"href":"https:\/\/www.uaudiobrasil.com.br\/en\/wp-json\/wp\/v2\/product_brand?post=4359"},{"taxonomy":"product_cat","embeddable":true,"href":"https:\/\/www.uaudiobrasil.com.br\/en\/wp-json\/wp\/v2\/product_cat?post=4359"},{"taxonomy":"product_tag","embeddable":true,"href":"https:\/\/www.uaudiobrasil.com.br\/en\/wp-json\/wp\/v2\/product_tag?post=4359"}],"curies":[{"name":"wp","href":"https:\/\/api.w.org\/{rel}","templated":true}]}}