{"id":4295,"date":"2024-09-13T14:13:23","date_gmt":"2024-09-13T17:13:23","guid":{"rendered":"https:\/\/www.uaudiobrasil.com.br\/?post_type=product&#038;p=4295"},"modified":"2025-03-05T14:35:09","modified_gmt":"2025-03-05T17:35:09","slug":"universal-audio-apollo-x16d-dante-essentials-edition-rack-mac-win-tb3","status":"publish","type":"product","link":"https:\/\/www.uaudiobrasil.com.br\/en\/loja\/interfaces-de-audio\/linha-apollo\/universal-audio-apollo-x16d-dante-essentials-edition-rack-mac-win-tb3\/","title":{"rendered":"Universal Audio Apollo x16D Dante Essentials+ Edition (Rack\/Mac\/Win\/TB3)"},"content":{"rendered":"<p> <title>Apollo x16D Dante Essentials+ Edition<\/title><\/p>\n<style>\n body{\n font-family:Arial,sans-serif;\n line-height:1.6;\n margin:20px;\n}\n h1,h2,h3{\n color:#333;\n}\n ul{\n list-style-type:disc;\n margin-left:20px;\n}\n .key-benefits,.key-features,.included-plugins{\n margin-bottom:20px;\n}\n <\/style>\n<p><\/head><br \/>\n<body><\/p>\n<p>Apollo x16D Essentials+ Edition<br \/>\n Interface de \u00c1udio Thunderbolt com Dante\u00ae<\/p>\n<h2>Descri\u00e7\u00e3o<\/h2>\n<p>Interface de \u00e1udio Thunderbolt 18 x 20 para montagem em rack com I\/O Dante, convers\u00e3o de \u00e1udio Apollo X de classe elite 24-bit\/192 kHz e processamento HEXA core para Mac ou Windows.<\/p>\n<h2>Descri\u00e7\u00e3o do Produto<\/h2>\n<p>Leve os plug-ins UAD do est\u00fadio para o palco.<\/p>\n<p>Perfeito para locais de som ao vivo ou est\u00fadios de grava\u00e7\u00e3o em rede, o Apollo x16D oferece som de classe elite Apollo X e processamento em tempo real de plug-ins UAD via Thunderbolt e Dante. Com o Apollo x16D, voc\u00ea pode mixar e gravar performances ao vivo com mais de 200 plug-ins UAD de Neve, SSL e Auto-Tune, al\u00e9m de compressores cl\u00e1ssicos LA-2A e 1176, e muito mais.<\/p>\n<div class=\"key-benefits\">\n<h3>Benef\u00edcios Principais<\/h3>\n<ul>\n<li>Mixar performances de est\u00fadio e ao vivo usando plug-ins UAD premiados em tempo real via Dante<\/li>\n<li>Usar Cenas de Plug-In para lembrar configura\u00e7\u00f5es instantaneamente, mesmo no meio de uma performance<\/li>\n<li>Transformar qualquer espa\u00e7o com Ethernet em um est\u00fadio de grava\u00e7\u00e3o Apollo multi-sala<\/li>\n<li>Linkar at\u00e9 quatro x16Ds para um sistema Dante de 64 canais com redund\u00e2ncia de rede<\/li>\n<li>Levar seus melhores plug-ins UAD como Auto-Tune, Neve e Lexicon do est\u00fadio para o palco<\/li>\n<li>Escolher entre as edi\u00e7\u00f5es Essentials+ e Ultimate+, adicionando at\u00e9 100+ plug-ins UAD no valor de milhares de d\u00f3lares<\/li>\n<\/ul><\/div>\n<div class=\"key-features\">\n<h3>Caracter\u00edsticas Principais<\/h3>\n<ul>\n<li>Interface de \u00e1udio 18 x 20 com I\/O Dante (suporta modo AES67 @ 48 kHz)<\/li>\n<li>Convers\u00e3o D\/A de classe elite Apollo X 24-bit \/ 192 kHz<\/li>\n<li>Stereo AES I\/O para conex\u00e3o com hardware digital profissional<\/li>\n<li>Inclui at\u00e9 100+ plug-ins UAD com edi\u00e7\u00f5es Ultimate+ ou Essentials+<\/li>\n<li>Lembrar configura\u00e7\u00f5es de plug-ins via MIDI, mesmo no meio de uma performance<\/li>\n<li>Processamento HEXA Core onboard para mixagem com plug-ins UAD com lat\u00eancia quase zero<\/li>\n<li>Compat\u00edvel com interfaces Thunderbolt Apollo para expandir sistemas via Dante*<\/li>\n<li>Criar mixagens de \u00e1udio imersivas de 16 canais para Dolby Atmos, Auro-3D, Sony 360 Reality Audio e outros<\/li>\n<li>Suporte de monitoramento ALT em todos os modos de monitoramento (2 x ALT mon para est\u00e9reo, 1 x ALT mon para todos)<\/li>\n<li>Suporte t\u00e9cnico l\u00edder do setor gratuito de engenheiros de \u00e1udio experientes<\/li>\n<\/ul><\/div>\n<p><em>*Para informa\u00e7\u00f5es completas sobre compatibilidade, consulte help.uaudio.com<\/em><\/p>\n<h2>Plug-Ins Inclu\u00eddos na Edi\u00e7\u00e3o Essentials+<\/h2>\n<div class=\"included-plugins\">\n<h3>Channel Strips &#038; Preamps<\/h3>\n<ul>\n<li>Century Tube Channel Strip<\/li>\n<li>CS-1 Channel Strip<\/li>\n<li>Helios Type 69 Preamp &#038; EQ<\/li>\n<li>Helios Type 69 Preamp &#038; EQ Legacy<\/li>\n<li>Precision Channel Strip<\/li>\n<li>UA 610-A Preamp &#038; EQ<\/li>\n<li>UA 610-B Preamp &#038; EQ<\/li>\n<\/ul>\n<h3>Compressors\/Limiters<\/h3>\n<ul>\n<li>Fairchild 670 Legacy<\/li>\n<li>Teletronix LA-2A Classic Leveler<\/li>\n<li>Teletronix LA-2A Gray Classic Leveler<\/li>\n<li>Teletronix LA-2A Legacy Leveling Amplifier<\/li>\n<li>Teletronix LA-2A Silver Classic Leveler<\/li>\n<li>UA 1176LN Legacy<\/li>\n<li>UA 1176SE Legacy<\/li>\n<\/ul>\n<h3>Special Processing<\/h3>\n<ul>\n<li>Auto-Tune Realtime Access<\/li>\n<li>Precision Enhancer Hz<\/li>\n<\/ul>\n<h3>Instruments<\/h3>\n<ul>\n<li>PolyMAX Synth<\/li>\n<\/ul>\n<h3>Delay &#038; Modulation<\/h3>\n<ul>\n<li>Galaxy Tape Echo<\/li>\n<li>Oxide Tape Recorder<\/li>\n<li>Precision Delay Mod<\/li>\n<li>Precision Delay Mod L<\/li>\n<\/ul>\n<h3>Reverbs &#038; Rooms<\/h3>\n<ul>\n<li>Precision Reflection Engine<\/li>\n<li>Pure Plate Reverb<\/li>\n<li>RealVerb Pro<\/li>\n<\/ul>\n<h3>Equalizers<\/h3>\n<ul>\n<li>Pultec EQP-1A Legacy EQ<\/li>\n<li>Pultec EQP-1A Passive EQ<\/li>\n<li>Pultec HLF-3C Passive EQ<\/li>\n<li>Pultec MEQ-5 Passive EQ<\/li>\n<li>Pultec-Pro Legacy EQ<\/li>\n<\/ul>\n<h3>Guitar &#038; Bass<\/h3>\n<ul>\n<li>Raw Distortion<\/li>\n<li>Ampeg SVT-VR Bass Amplifier<\/li>\n<li>Marshall Plexi Classic Amplifier<\/li>\n<\/ul><\/div>\n<p><\/body><br \/>\n<\/html><\/p>","protected":false},"excerpt":{"rendered":"<p>Interface de \u00e1udio em rack 18 x 20 com Thunderbolt, com I\/O Dante, convers\u00e3o de \u00e1udio elite Apollo X a 24 bits\/192 kHz e processamento HEXA core para Mac ou Windows.<\/p>\n<p>Perfeito para locais de som ao vivo ou est\u00fadios de grava\u00e7\u00e3o em rede, o Apollo x16D proporciona som de classe elite Apollo X e processamento em tempo real de plug-ins UAD via Thunderbolt e Dante. Com o Apollo x16D, voc\u00ea pode mixar e gravar performances ao vivo com mais de 200 plug-ins UAD de marcas como Neve, SSL, Auto-Tune, al\u00e9m dos cl\u00e1ssicos compressores LA-2A e 1176, entre outros.<\/p>\n<p><img decoding=\"async\" class=\"alignnone size-medium wp-image-5695\" src=\"https:\/\/www.uaudiobrasil.com.br\/wp-content\/uploads\/2025\/03\/disclaimer.png\" alt=\"AV Pro Brasil\" width=\"100%\" \/><\/p>\n<h2>R$ 34.999,00<\/h2>","protected":false},"featured_media":3978,"comment_status":"closed","ping_status":"closed","template":"","meta":{"site-sidebar-layout":"default","site-content-layout":"default","ast-site-content-layout":"default","site-content-style":"default","site-sidebar-style":"default","ast-global-header-display":"","ast-banner-title-visibility":"","ast-main-header-display":"","ast-hfb-above-header-display":"","ast-hfb-below-header-display":"","ast-hfb-mobile-header-display":"","site-post-title":"","ast-breadcrumbs-content":"","ast-featured-img":"","footer-sml-layout":"","ast-disable-related-posts":"","theme-transparent-header-meta":"default","adv-header-id-meta":"","stick-header-meta":"","header-above-stick-meta":"","header-main-stick-meta":"","header-below-stick-meta":"","astra-migrate-meta-layouts":"set","ast-page-background-enabled":"default","ast-page-background-meta":{"desktop":{"background-color":"var(--ast-global-color-4)","background-image":"","background-repeat":"repeat","background-position":"center center","background-size":"auto","background-attachment":"scroll","background-type":"","background-media":"","overlay-type":"","overlay-color":"","overlay-opacity":"","overlay-gradient":""},"tablet":{"background-color":"","background-image":"","background-repeat":"repeat","background-position":"center center","background-size":"auto","background-attachment":"scroll","background-type":"","background-media":"","overlay-type":"","overlay-color":"","overlay-opacity":"","overlay-gradient":""},"mobile":{"background-color":"","background-image":"","background-repeat":"repeat","background-position":"center center","background-size":"auto","background-attachment":"scroll","background-type":"","background-media":"","overlay-type":"","overlay-color":"","overlay-opacity":"","overlay-gradient":""}},"ast-content-background-meta":{"desktop":{"background-color":"var(--ast-global-color-5)","background-image":"","background-repeat":"repeat","background-position":"center center","background-size":"auto","background-attachment":"scroll","background-type":"","background-media":"","overlay-type":"","overlay-color":"","overlay-opacity":"","overlay-gradient":""},"tablet":{"background-color":"var(--ast-global-color-5)","background-image":"","background-repeat":"repeat","background-position":"center center","background-size":"auto","background-attachment":"scroll","background-type":"","background-media":"","overlay-type":"","overlay-color":"","overlay-opacity":"","overlay-gradient":""},"mobile":{"background-color":"var(--ast-global-color-5)","background-image":"","background-repeat":"repeat","background-position":"center center","background-size":"auto","background-attachment":"scroll","background-type":"","background-media":"","overlay-type":"","overlay-color":"","overlay-opacity":"","overlay-gradient":""}},"_joinchat":[]},"product_brand":[],"product_cat":[20],"product_tag":[115,59],"class_list":{"0":"post-4295","1":"product","2":"type-product","3":"status-publish","4":"has-post-thumbnail","6":"product_cat-linha-apollo","7":"product_tag-apollo-x16d","8":"product_tag-universal-audio","9":"desktop-align-left","10":"tablet-align-left","11":"mobile-align-left","13":"first","14":"instock","15":"shipping-taxable","16":"product-type-external"},"aioseo_notices":[],"jetpack_sharing_enabled":true,"_links":{"self":[{"href":"https:\/\/www.uaudiobrasil.com.br\/en\/wp-json\/wp\/v2\/product\/4295","targetHints":{"allow":["GET"]}}],"collection":[{"href":"https:\/\/www.uaudiobrasil.com.br\/en\/wp-json\/wp\/v2\/product"}],"about":[{"href":"https:\/\/www.uaudiobrasil.com.br\/en\/wp-json\/wp\/v2\/types\/product"}],"replies":[{"embeddable":true,"href":"https:\/\/www.uaudiobrasil.com.br\/en\/wp-json\/wp\/v2\/comments?post=4295"}],"version-history":[{"count":12,"href":"https:\/\/www.uaudiobrasil.com.br\/en\/wp-json\/wp\/v2\/product\/4295\/revisions"}],"predecessor-version":[{"id":5772,"href":"https:\/\/www.uaudiobrasil.com.br\/en\/wp-json\/wp\/v2\/product\/4295\/revisions\/5772"}],"wp:featuredmedia":[{"embeddable":true,"href":"https:\/\/www.uaudiobrasil.com.br\/en\/wp-json\/wp\/v2\/media\/3978"}],"wp:attachment":[{"href":"https:\/\/www.uaudiobrasil.com.br\/en\/wp-json\/wp\/v2\/media?parent=4295"}],"wp:term":[{"taxonomy":"product_brand","embeddable":true,"href":"https:\/\/www.uaudiobrasil.com.br\/en\/wp-json\/wp\/v2\/product_brand?post=4295"},{"taxonomy":"product_cat","embeddable":true,"href":"https:\/\/www.uaudiobrasil.com.br\/en\/wp-json\/wp\/v2\/product_cat?post=4295"},{"taxonomy":"product_tag","embeddable":true,"href":"https:\/\/www.uaudiobrasil.com.br\/en\/wp-json\/wp\/v2\/product_tag?post=4295"}],"curies":[{"name":"wp","href":"https:\/\/api.w.org\/{rel}","templated":true}]}}