{"id":4154,"date":"2024-07-26T12:58:27","date_gmt":"2024-07-26T15:58:27","guid":{"rendered":"https:\/\/www.uaudiobrasil.com.br\/?post_type=product&#038;p=4154"},"modified":"2025-03-05T14:35:09","modified_gmt":"2025-03-05T17:35:09","slug":"microfone-bock-251-universal-audio","status":"publish","type":"product","link":"https:\/\/www.uaudiobrasil.com.br\/en\/loja\/microfones\/microfone-bock-251-universal-audio\/","title":{"rendered":"Microfone Bock 251 Universal Audio"},"content":{"rendered":"<h2>UA Bock 251<\/h2>\n<p><em>Alcance o nirvana sonoro.<\/em><\/p>\n<p>O UA Bock 251 \u00e9 o microfone condensador de tubo de diafragma grande de padr\u00e3o m\u00faltiplo da Universal Audio, feito \u00e0 m\u00e3o na UA Custom Shop em Santa Cruz.<\/p>\n<p>Indo al\u00e9m do famoso ELAM 251*, considerado por muitos como o melhor microfone vocal j\u00e1 feito, esta obra-prima projetada por David Bock apresenta componentes selecionados manualmente para um som vintage rico com aprimoramentos para desempenho e consist\u00eancia.<\/p>\n<p><img data-recalc-dims=\"1\" decoding=\"async\" style=\"width: 100%; max-width: 600px; height: auto;\" src=\"https:\/\/i0.wp.com\/www.uaudiobrasil.com.br\/wp-content\/uploads\/2024\/07\/251-Studio-jpg.webp?ssl=1\" alt=\"UA Bock 251\" \/><\/p>\n<h3>Principais Caracter\u00edsticas<\/h3>\n<ul>\n<li>Microfone condensador de tubo de diafragma grande para est\u00fadio, feito \u00e0 m\u00e3o com carinho na UA Custom Shop em Santa Cruz, Calif\u00f3rnia<\/li>\n<li>Sons ic\u00f4nicos de &#8220;unidade de ouro&#8221; com aprimoramentos modernos por David Bock<\/li>\n<li>Padr\u00f5es polares selecion\u00e1veis: omnidirecional, cardioide e figura-8<\/li>\n<li>C\u00e1psula CK12 fabricada na Alemanha e transformador Cinemag<\/li>\n<\/ul>\n<h3>Adicione Magia Feita \u00e0 M\u00e3o ao seu Est\u00fadio<\/h3>\n<p>O UA Bock 251 \u00e9 a interpreta\u00e7\u00e3o amorosa de David Bock dos cl\u00e1ssicos microfones 251 que ele estudou e manteve como engenheiro t\u00e9cnico-chefe dos principais est\u00fadios de grava\u00e7\u00e3o do mundo por duas d\u00e9cadas. Feito \u00e0 m\u00e3o na Custom Shop da UA em Santa Cruz, Calif\u00f3rnia, o microfone UA Bock 251 coloca o som de &#8220;unidade de ouro&#8221; no cora\u00e7\u00e3o das suas grava\u00e7\u00f5es.<\/p>\n<h3>Sons Ricos de Microfone de Tubo, com S\u00f4nica Atualizada<\/h3>\n<p>Com sua c\u00e1psula CK12 fabricada na Alemanha e grande transformador de sa\u00edda, o UA Bock 251 oferece resposta de baixa frequ\u00eancia estendida at\u00e9 10 Hz e capacidades SPL mais altas em compara\u00e7\u00e3o com os microfones vintage 251.<\/p>\n<h3>Constru\u00eddo para uma Vida de Grava\u00e7\u00f5es Harmoniosas<\/h3>\n<p>Feito \u00e0 m\u00e3o usando componentes premium, cada UA Bock 251 \u00e9 constru\u00eddo e testado de acordo com as exigentes especifica\u00e7\u00f5es de David Bock. Com sua maleta inspirada em designs vintage, montagem robusta e acess\u00f3rios, este microfone n\u00e3o poupa despesas para durar uma vida inteira.<\/p>","protected":false},"excerpt":{"rendered":"<p>Indo al\u00e9m do famoso ELAM 251*, considerado por muitos como o melhor microfone vocal j\u00e1 feito, esta obra-prima projetada por David Bock apresenta componentes selecionados manualmente para um som vintage rico com aprimoramentos para desempenho e consist\u00eancia.<\/p>","protected":false},"featured_media":4158,"comment_status":"closed","ping_status":"closed","template":"","meta":{"site-sidebar-layout":"default","site-content-layout":"default","ast-site-content-layout":"default","site-content-style":"default","site-sidebar-style":"default","ast-global-header-display":"","ast-banner-title-visibility":"","ast-main-header-display":"","ast-hfb-above-header-display":"","ast-hfb-below-header-display":"","ast-hfb-mobile-header-display":"","site-post-title":"","ast-breadcrumbs-content":"","ast-featured-img":"","footer-sml-layout":"","ast-disable-related-posts":"","theme-transparent-header-meta":"default","adv-header-id-meta":"","stick-header-meta":"","header-above-stick-meta":"","header-main-stick-meta":"","header-below-stick-meta":"","astra-migrate-meta-layouts":"default","ast-page-background-enabled":"default","ast-page-background-meta":{"desktop":{"background-color":"var(--ast-global-color-4)","background-image":"","background-repeat":"repeat","background-position":"center center","background-size":"auto","background-attachment":"scroll","background-type":"","background-media":"","overlay-type":"","overlay-color":"","overlay-opacity":"","overlay-gradient":""},"tablet":{"background-color":"","background-image":"","background-repeat":"repeat","background-position":"center center","background-size":"auto","background-attachment":"scroll","background-type":"","background-media":"","overlay-type":"","overlay-color":"","overlay-opacity":"","overlay-gradient":""},"mobile":{"background-color":"","background-image":"","background-repeat":"repeat","background-position":"center center","background-size":"auto","background-attachment":"scroll","background-type":"","background-media":"","overlay-type":"","overlay-color":"","overlay-opacity":"","overlay-gradient":""}},"ast-content-background-meta":{"desktop":{"background-color":"var(--ast-global-color-5)","background-image":"","background-repeat":"repeat","background-position":"center center","background-size":"auto","background-attachment":"scroll","background-type":"","background-media":"","overlay-type":"","overlay-color":"","overlay-opacity":"","overlay-gradient":""},"tablet":{"background-color":"var(--ast-global-color-5)","background-image":"","background-repeat":"repeat","background-position":"center center","background-size":"auto","background-attachment":"scroll","background-type":"","background-media":"","overlay-type":"","overlay-color":"","overlay-opacity":"","overlay-gradient":""},"mobile":{"background-color":"var(--ast-global-color-5)","background-image":"","background-repeat":"repeat","background-position":"center center","background-size":"auto","background-attachment":"scroll","background-type":"","background-media":"","overlay-type":"","overlay-color":"","overlay-opacity":"","overlay-gradient":""}},"_joinchat":[]},"product_brand":[],"product_cat":[23],"product_tag":[59],"class_list":{"0":"post-4154","1":"product","2":"type-product","3":"status-publish","4":"has-post-thumbnail","6":"product_cat-microfones","7":"product_tag-universal-audio","8":"desktop-align-left","9":"tablet-align-left","10":"mobile-align-left","12":"first","13":"instock","14":"shipping-taxable","15":"product-type-simple"},"aioseo_notices":[],"jetpack_sharing_enabled":true,"_links":{"self":[{"href":"https:\/\/www.uaudiobrasil.com.br\/en\/wp-json\/wp\/v2\/product\/4154","targetHints":{"allow":["GET"]}}],"collection":[{"href":"https:\/\/www.uaudiobrasil.com.br\/en\/wp-json\/wp\/v2\/product"}],"about":[{"href":"https:\/\/www.uaudiobrasil.com.br\/en\/wp-json\/wp\/v2\/types\/product"}],"replies":[{"embeddable":true,"href":"https:\/\/www.uaudiobrasil.com.br\/en\/wp-json\/wp\/v2\/comments?post=4154"}],"version-history":[{"count":4,"href":"https:\/\/www.uaudiobrasil.com.br\/en\/wp-json\/wp\/v2\/product\/4154\/revisions"}],"predecessor-version":[{"id":5702,"href":"https:\/\/www.uaudiobrasil.com.br\/en\/wp-json\/wp\/v2\/product\/4154\/revisions\/5702"}],"wp:featuredmedia":[{"embeddable":true,"href":"https:\/\/www.uaudiobrasil.com.br\/en\/wp-json\/wp\/v2\/media\/4158"}],"wp:attachment":[{"href":"https:\/\/www.uaudiobrasil.com.br\/en\/wp-json\/wp\/v2\/media?parent=4154"}],"wp:term":[{"taxonomy":"product_brand","embeddable":true,"href":"https:\/\/www.uaudiobrasil.com.br\/en\/wp-json\/wp\/v2\/product_brand?post=4154"},{"taxonomy":"product_cat","embeddable":true,"href":"https:\/\/www.uaudiobrasil.com.br\/en\/wp-json\/wp\/v2\/product_cat?post=4154"},{"taxonomy":"product_tag","embeddable":true,"href":"https:\/\/www.uaudiobrasil.com.br\/en\/wp-json\/wp\/v2\/product_tag?post=4154"}],"curies":[{"name":"wp","href":"https:\/\/api.w.org\/{rel}","templated":true}]}}