{"id":4145,"date":"2024-07-26T12:35:37","date_gmt":"2024-07-26T15:35:37","guid":{"rendered":"https:\/\/www.uaudiobrasil.com.br\/?post_type=product&#038;p=4145"},"modified":"2025-03-05T14:35:09","modified_gmt":"2025-03-05T17:35:09","slug":"microfone-bock-187-universal-audio","status":"publish","type":"product","link":"https:\/\/www.uaudiobrasil.com.br\/en\/loja\/microfones\/microfone-bock-187-universal-audio\/","title":{"rendered":"Microfone Bock 187 Universal Audio"},"content":{"rendered":"<h2>UA Bock 187<\/h2>\n<p><em>Fa\u00e7a tudo com um microfone cl\u00e1ssico que nunca sai do seu pedestal.<\/em><\/p>\n<p><img data-recalc-dims=\"1\" decoding=\"async\" style=\"width: 100%; max-width: 600px; height: auto;\" src=\"https:\/\/i0.wp.com\/www.uaudiobrasil.com.br\/wp-content\/uploads\/2024\/07\/Bock-187-Hero-jpg.webp?ssl=1\" alt=\"UA Bock 187\" \/><\/p>\n<p>O UA Bock 187 \u00e9 o microfone condensador FET de diafragma grande da Universal Audio, projetado para proporcionar \u00e0s vozes e instrumentos o tom cl\u00e1ssico do lend\u00e1rio U87,* com aprimoramentos sonoros modernos do designer de microfones David Bock.<\/p>\n<p>Feito \u00e0 m\u00e3o na UA Custom Shop na Calif\u00f3rnia, este microfone cardioide boutique \u00e9 destinado a ser a pedra angular do seu est\u00fadio por muitos anos.<\/p>\n<h3>Principais Caracter\u00edsticas<\/h3>\n<ul>\n<li>Microfone condensador FET de diafragma grande e padr\u00e3o cardioide para est\u00fadio, feito \u00e0 m\u00e3o com carinho na UA Custom Shop em Santa Cruz, Calif\u00f3rnia<\/li>\n<li>Sons ic\u00f4nicos de &#8220;unidade de ouro&#8221; com aprimoramentos modernos por David Bock<\/li>\n<li>Circuito FET Class A minimalista<\/li>\n<li>Grande transformador de sa\u00edda Cinemag para graves ricos e maior headroom de baixa frequ\u00eancia<\/li>\n<\/ul>\n<h3>Capture Sons Cl\u00e1ssicos, com Flexibilidade Moderna<\/h3>\n<p>Os microfones vintage U87 s\u00e3o conhecidos por sua presen\u00e7a, mas podem se tornar estridentes quando pressionados. Nosso UA Bock 187 aprimora esse design cl\u00e1ssico com um transformador maior, circuito refinado e um modo &#8220;fat&#8221; exclusivo que proporciona um refor\u00e7o entre 10 Hz e 400 Hz. Isso se traduz em maior faixa din\u00e2mica, presen\u00e7a e plenitude em vocais, guitarras e mais.<\/p>\n<h3>Adicione uma Obra-prima Feita \u00e0 M\u00e3o ao seu Acervo de Microfones<\/h3>\n<p>O UA Bock 187 \u00e9 a interpreta\u00e7\u00e3o inspirada de David Bock dos lend\u00e1rios microfones U87 que ele estudou e manteve como engenheiro t\u00e9cnico-chefe dos principais est\u00fadios de grava\u00e7\u00e3o do mundo por duas d\u00e9cadas. Feito \u00e0 m\u00e3o na Custom Shop da UA em Santa Cruz, Calif\u00f3rnia, o microfone UA Bock 187 oferece o tom de &#8220;unidade de ouro&#8221; de um \u00edcone dos est\u00fadios.<\/p>","protected":false},"excerpt":{"rendered":"<p>O UA Bock 187 \u00e9 o microfone condensador FET de diafragma grande da Universal Audio, projetado para proporcionar \u00e0s vozes e instrumentos o tom cl\u00e1ssico do lend\u00e1rio U87,* com aprimoramentos sonoros modernos do designer de microfones David Bock.<\/p>","protected":false},"featured_media":4150,"comment_status":"closed","ping_status":"closed","template":"","meta":{"site-sidebar-layout":"default","site-content-layout":"default","ast-site-content-layout":"default","site-content-style":"default","site-sidebar-style":"default","ast-global-header-display":"","ast-banner-title-visibility":"","ast-main-header-display":"","ast-hfb-above-header-display":"","ast-hfb-below-header-display":"","ast-hfb-mobile-header-display":"","site-post-title":"","ast-breadcrumbs-content":"","ast-featured-img":"","footer-sml-layout":"","ast-disable-related-posts":"","theme-transparent-header-meta":"default","adv-header-id-meta":"","stick-header-meta":"","header-above-stick-meta":"","header-main-stick-meta":"","header-below-stick-meta":"","astra-migrate-meta-layouts":"default","ast-page-background-enabled":"default","ast-page-background-meta":{"desktop":{"background-color":"var(--ast-global-color-4)","background-image":"","background-repeat":"repeat","background-position":"center center","background-size":"auto","background-attachment":"scroll","background-type":"","background-media":"","overlay-type":"","overlay-color":"","overlay-opacity":"","overlay-gradient":""},"tablet":{"background-color":"","background-image":"","background-repeat":"repeat","background-position":"center center","background-size":"auto","background-attachment":"scroll","background-type":"","background-media":"","overlay-type":"","overlay-color":"","overlay-opacity":"","overlay-gradient":""},"mobile":{"background-color":"","background-image":"","background-repeat":"repeat","background-position":"center center","background-size":"auto","background-attachment":"scroll","background-type":"","background-media":"","overlay-type":"","overlay-color":"","overlay-opacity":"","overlay-gradient":""}},"ast-content-background-meta":{"desktop":{"background-color":"var(--ast-global-color-5)","background-image":"","background-repeat":"repeat","background-position":"center center","background-size":"auto","background-attachment":"scroll","background-type":"","background-media":"","overlay-type":"","overlay-color":"","overlay-opacity":"","overlay-gradient":""},"tablet":{"background-color":"var(--ast-global-color-5)","background-image":"","background-repeat":"repeat","background-position":"center center","background-size":"auto","background-attachment":"scroll","background-type":"","background-media":"","overlay-type":"","overlay-color":"","overlay-opacity":"","overlay-gradient":""},"mobile":{"background-color":"var(--ast-global-color-5)","background-image":"","background-repeat":"repeat","background-position":"center center","background-size":"auto","background-attachment":"scroll","background-type":"","background-media":"","overlay-type":"","overlay-color":"","overlay-opacity":"","overlay-gradient":""}},"_joinchat":[]},"product_brand":[],"product_cat":[23],"product_tag":[59],"class_list":{"0":"post-4145","1":"product","2":"type-product","3":"status-publish","4":"has-post-thumbnail","6":"product_cat-microfones","7":"product_tag-universal-audio","8":"desktop-align-left","9":"tablet-align-left","10":"mobile-align-left","12":"first","13":"instock","14":"shipping-taxable","15":"product-type-simple"},"aioseo_notices":[],"jetpack_sharing_enabled":true,"_links":{"self":[{"href":"https:\/\/www.uaudiobrasil.com.br\/en\/wp-json\/wp\/v2\/product\/4145","targetHints":{"allow":["GET"]}}],"collection":[{"href":"https:\/\/www.uaudiobrasil.com.br\/en\/wp-json\/wp\/v2\/product"}],"about":[{"href":"https:\/\/www.uaudiobrasil.com.br\/en\/wp-json\/wp\/v2\/types\/product"}],"replies":[{"embeddable":true,"href":"https:\/\/www.uaudiobrasil.com.br\/en\/wp-json\/wp\/v2\/comments?post=4145"}],"version-history":[{"count":1,"href":"https:\/\/www.uaudiobrasil.com.br\/en\/wp-json\/wp\/v2\/product\/4145\/revisions"}],"predecessor-version":[{"id":4153,"href":"https:\/\/www.uaudiobrasil.com.br\/en\/wp-json\/wp\/v2\/product\/4145\/revisions\/4153"}],"wp:featuredmedia":[{"embeddable":true,"href":"https:\/\/www.uaudiobrasil.com.br\/en\/wp-json\/wp\/v2\/media\/4150"}],"wp:attachment":[{"href":"https:\/\/www.uaudiobrasil.com.br\/en\/wp-json\/wp\/v2\/media?parent=4145"}],"wp:term":[{"taxonomy":"product_brand","embeddable":true,"href":"https:\/\/www.uaudiobrasil.com.br\/en\/wp-json\/wp\/v2\/product_brand?post=4145"},{"taxonomy":"product_cat","embeddable":true,"href":"https:\/\/www.uaudiobrasil.com.br\/en\/wp-json\/wp\/v2\/product_cat?post=4145"},{"taxonomy":"product_tag","embeddable":true,"href":"https:\/\/www.uaudiobrasil.com.br\/en\/wp-json\/wp\/v2\/product_tag?post=4145"}],"curies":[{"name":"wp","href":"https:\/\/api.w.org\/{rel}","templated":true}]}}