{"id":4131,"date":"2024-07-26T11:49:46","date_gmt":"2024-07-26T14:49:46","guid":{"rendered":"https:\/\/www.uaudiobrasil.com.br\/?post_type=product&#038;p=4131"},"modified":"2025-03-05T14:35:10","modified_gmt":"2025-03-05T17:35:10","slug":"microfone-bock-167-universal-audio","status":"publish","type":"product","link":"https:\/\/www.uaudiobrasil.com.br\/en\/loja\/microfones\/microfone-bock-167-universal-audio\/","title":{"rendered":"Microfone Bock 167 Universal Audio"},"content":{"rendered":"<h2>UA Bock 167<\/h2>\n<p><em>Grave com a m\u00e1gica rica do tubo.<\/em><\/p>\n<p>O UA Bock 167 \u00e9 o microfone condensador de tubo de diafragma grande da Universal Audio, projetado para proporcionar \u00e0s vozes e instrumentos o cl\u00e1ssico tom suave do lend\u00e1rio U67.*<\/p>\n<p>Feito \u00e0 m\u00e3o na UA Custom Shop na Calif\u00f3rnia, com melhorias do renomado designer de microfones David Bock, este microfone de est\u00fadio premium de m\u00faltiplos padr\u00f5es combina recursos modernos com artesanato de alta qualidade, para anos de grava\u00e7\u00f5es impec\u00e1veis.<\/p>\n<p><img data-recalc-dims=\"1\" decoding=\"async\" style=\"width: 100%; max-width: 600px; height: auto;\" src=\"https:\/\/i0.wp.com\/www.uaudiobrasil.com.br\/wp-content\/uploads\/2024\/07\/Bock-167-Hero-jpg.webp?ssl=1\" alt=\"UA Bock 167\" \/><\/p>\n<h3>Principais Caracter\u00edsticas<\/h3>\n<ul>\n<li>Microfone condensador de tubo de diafragma grande e m\u00faltiplos padr\u00f5es, feito \u00e0 m\u00e3o com carinho na UA Custom Shop em Santa Cruz, Calif\u00f3rnia<\/li>\n<li>Sons ic\u00f4nicos de &#8220;unidade de ouro&#8221; com melhorias modernas por David Bock<\/li>\n<li>Padr\u00f5es polares omnidirecional, cardioide e figura-8 continuamente vari\u00e1veis<\/li>\n<li>C\u00e1psula K67 de dupla simetria e transformador Lundahl<\/li>\n<\/ul>\n<h3>Obtenha Sons Ic\u00f4nicos com Escultura de Tom Moderna<\/h3>\n<p>Os microfones de tubo vintage U67 s\u00e3o valorizados por seu som cheio e faixa m\u00e9dia viva. Nosso UA Bock 167 melhora esse design cl\u00e1ssico com tr\u00eas op\u00e7\u00f5es de filtragem de EQ, um &#8220;fat switch&#8221; exclusivo para refor\u00e7o entre 10 Hz e 400 Hz, e padr\u00e3o polar continuamente vari\u00e1vel. Isso se traduz em grava\u00e7\u00f5es com maior faixa din\u00e2mica, extens\u00e3o tonal e flexibilidade.<\/p>\n<h3>Adicione uma Obra-prima Feita \u00e0 M\u00e3o ao seu Est\u00fadio<\/h3>\n<p>O UA Bock 167 \u00e9 a reinterpreta\u00e7\u00e3o cuidadosa de David Bock dos microfones U67 ic\u00f4nicos que ele estudou e manteve como engenheiro t\u00e9cnico-chefe dos principais est\u00fadios de grava\u00e7\u00e3o do mundo por duas d\u00e9cadas. Feito \u00e0 m\u00e3o na Custom Shop da UA em Santa Cruz, Calif\u00f3rnia, o UA Bock 167 \u00e9 a escolha perfeita para gravar cantores, instrumentos ac\u00fasticos, baterias e locu\u00e7\u00f5es.<\/p>\n<p><img data-recalc-dims=\"1\" decoding=\"async\" style=\"width: 100%; max-width: 600px; height: auto;\" src=\"https:\/\/i0.wp.com\/www.uaudiobrasil.com.br\/wp-content\/uploads\/2024\/07\/Bock-167-3-jpg.webp?ssl=1\" alt=\"Componentes premium do UA Bock 167\" \/><\/p>\n<h3>Experimente uma Vida de Grava\u00e7\u00f5es Bonitas<\/h3>\n<p>Feito \u00e0 m\u00e3o com componentes premium \u2014 incluindo uma c\u00e1psula K67 de dupla simetria, transformador Lundahl e tubo NOS \u2014 cada UA Bock 167 \u00e9 constru\u00eddo e testado conforme as exigentes especifica\u00e7\u00f5es de David Bock. Com seu estojo premium, montagem antichoque profissional e fonte de alimenta\u00e7\u00e3o ajustada \u00e0 m\u00e3o, este microfone proporcionar\u00e1 anos de grava\u00e7\u00f5es excepcionais.<\/p>\n<p><em>*O produto UA Bock 167 n\u00e3o \u00e9 afiliado, patrocinado ou endossado pela Neumann. O nome &#8220;U67&#8221; \u00e9 usado apenas para identificar o design cl\u00e1ssico do microfone no qual o produto da Universal Audio \u00e9 baseado. Todas as outras marcas s\u00e3o propriedade de seus respectivos donos.<\/em><\/p>","protected":false},"excerpt":{"rendered":"<div class=\"flex flex-grow flex-col max-w-full\">\n<div class=\"min-h-[20px] text-message flex w-full flex-col items-end gap-2 whitespace-pre-wrap break-words [.text-message+&amp;]:mt-5 overflow-x-auto\" dir=\"auto\" data-message-author-role=\"assistant\" data-message-id=\"1cc58046-561b-4708-b048-cf67d63b3d5c\">\n<div class=\"flex w-full flex-col gap-1 empty:hidden first:pt-[3px]\">\n<div class=\"markdown prose w-full break-words dark:prose-invert light\">\n<p>O UA Bock 167 \u00e9 um microfone condensador de tubo de diafragma grande, com padr\u00e3o polar continuamente vari\u00e1vel, controles de aumento, corte e frequ\u00eancia plana, &#8220;fat switch&#8221; para resposta de graves estendida, e atenuador de -10 dB.<\/p>\n<\/div>\n<\/div>\n<\/div>\n<\/div>\n","protected":false},"featured_media":4136,"comment_status":"closed","ping_status":"closed","template":"","meta":{"site-sidebar-layout":"default","site-content-layout":"default","ast-site-content-layout":"default","site-content-style":"default","site-sidebar-style":"default","ast-global-header-display":"","ast-banner-title-visibility":"","ast-main-header-display":"","ast-hfb-above-header-display":"","ast-hfb-below-header-display":"","ast-hfb-mobile-header-display":"","site-post-title":"","ast-breadcrumbs-content":"","ast-featured-img":"","footer-sml-layout":"","ast-disable-related-posts":"","theme-transparent-header-meta":"default","adv-header-id-meta":"","stick-header-meta":"","header-above-stick-meta":"","header-main-stick-meta":"","header-below-stick-meta":"","astra-migrate-meta-layouts":"default","ast-page-background-enabled":"default","ast-page-background-meta":{"desktop":{"background-color":"var(--ast-global-color-4)","background-image":"","background-repeat":"repeat","background-position":"center center","background-size":"auto","background-attachment":"scroll","background-type":"","background-media":"","overlay-type":"","overlay-color":"","overlay-opacity":"","overlay-gradient":""},"tablet":{"background-color":"","background-image":"","background-repeat":"repeat","background-position":"center center","background-size":"auto","background-attachment":"scroll","background-type":"","background-media":"","overlay-type":"","overlay-color":"","overlay-opacity":"","overlay-gradient":""},"mobile":{"background-color":"","background-image":"","background-repeat":"repeat","background-position":"center center","background-size":"auto","background-attachment":"scroll","background-type":"","background-media":"","overlay-type":"","overlay-color":"","overlay-opacity":"","overlay-gradient":""}},"ast-content-background-meta":{"desktop":{"background-color":"var(--ast-global-color-5)","background-image":"","background-repeat":"repeat","background-position":"center center","background-size":"auto","background-attachment":"scroll","background-type":"","background-media":"","overlay-type":"","overlay-color":"","overlay-opacity":"","overlay-gradient":""},"tablet":{"background-color":"var(--ast-global-color-5)","background-image":"","background-repeat":"repeat","background-position":"center center","background-size":"auto","background-attachment":"scroll","background-type":"","background-media":"","overlay-type":"","overlay-color":"","overlay-opacity":"","overlay-gradient":""},"mobile":{"background-color":"var(--ast-global-color-5)","background-image":"","background-repeat":"repeat","background-position":"center center","background-size":"auto","background-attachment":"scroll","background-type":"","background-media":"","overlay-type":"","overlay-color":"","overlay-opacity":"","overlay-gradient":""}},"_joinchat":[]},"product_brand":[],"product_cat":[23],"product_tag":[59],"class_list":{"0":"post-4131","1":"product","2":"type-product","3":"status-publish","4":"has-post-thumbnail","6":"product_cat-microfones","7":"product_tag-universal-audio","8":"desktop-align-left","9":"tablet-align-left","10":"mobile-align-left","12":"first","13":"instock","14":"shipping-taxable","15":"product-type-simple"},"aioseo_notices":[],"jetpack_sharing_enabled":true,"_links":{"self":[{"href":"https:\/\/www.uaudiobrasil.com.br\/en\/wp-json\/wp\/v2\/product\/4131","targetHints":{"allow":["GET"]}}],"collection":[{"href":"https:\/\/www.uaudiobrasil.com.br\/en\/wp-json\/wp\/v2\/product"}],"about":[{"href":"https:\/\/www.uaudiobrasil.com.br\/en\/wp-json\/wp\/v2\/types\/product"}],"replies":[{"embeddable":true,"href":"https:\/\/www.uaudiobrasil.com.br\/en\/wp-json\/wp\/v2\/comments?post=4131"}],"version-history":[{"count":4,"href":"https:\/\/www.uaudiobrasil.com.br\/en\/wp-json\/wp\/v2\/product\/4131\/revisions"}],"predecessor-version":[{"id":4144,"href":"https:\/\/www.uaudiobrasil.com.br\/en\/wp-json\/wp\/v2\/product\/4131\/revisions\/4144"}],"wp:featuredmedia":[{"embeddable":true,"href":"https:\/\/www.uaudiobrasil.com.br\/en\/wp-json\/wp\/v2\/media\/4136"}],"wp:attachment":[{"href":"https:\/\/www.uaudiobrasil.com.br\/en\/wp-json\/wp\/v2\/media?parent=4131"}],"wp:term":[{"taxonomy":"product_brand","embeddable":true,"href":"https:\/\/www.uaudiobrasil.com.br\/en\/wp-json\/wp\/v2\/product_brand?post=4131"},{"taxonomy":"product_cat","embeddable":true,"href":"https:\/\/www.uaudiobrasil.com.br\/en\/wp-json\/wp\/v2\/product_cat?post=4131"},{"taxonomy":"product_tag","embeddable":true,"href":"https:\/\/www.uaudiobrasil.com.br\/en\/wp-json\/wp\/v2\/product_tag?post=4131"}],"curies":[{"name":"wp","href":"https:\/\/api.w.org\/{rel}","templated":true}]}}