{"id":3975,"date":"2024-07-17T12:00:11","date_gmt":"2024-07-17T15:00:11","guid":{"rendered":"https:\/\/www.uaudiobrasil.com.br\/?post_type=product&#038;p=3975"},"modified":"2025-03-05T14:35:10","modified_gmt":"2025-03-05T17:35:10","slug":"apollo-x16d","status":"publish","type":"product","link":"https:\/\/www.uaudiobrasil.com.br\/en\/loja\/interfaces-de-audio\/linha-apollo\/apollo-x16d\/","title":{"rendered":"Universal Audio Apollo x16D Dante Edition Ultimate+ (Rack\/Mac\/Win\/TB3)"},"content":{"rendered":"<p>Interface de \u00e1udio Thunderbolt 18 x 20 para montagem em rack com I\/O Dante, convers\u00e3o de \u00e1udio Apollo X de classe elite 24-bit\/192 kHz e processamento HEXA core para Mac ou Windows.<\/p>\n<p>Leve os plug-ins UAD do est\u00fadio para o palco.<\/p>\n<p>Perfeito para locais de som ao vivo ou est\u00fadios de grava\u00e7\u00e3o em rede, o Apollo x16D oferece som de classe elite Apollo X e processamento em tempo real de plug-ins UAD via Thunderbolt e Dante. Com o Apollo x16D, voc\u00ea pode mixar e gravar performances ao vivo com mais de 200 plug-ins UAD de Neve, SSL e Auto-Tune, al\u00e9m de compressores cl\u00e1ssicos LA-2A e 1176, e muito mais.<\/p>\n<div class=\"key-benefits\">\n<h3>Benef\u00edcios Principais<\/h3>\n<ul>\n<li>Mixar performances de est\u00fadio e ao vivo usando plug-ins UAD premiados em tempo real via Dante<\/li>\n<li>Usar Cenas de Plug-In para lembrar configura\u00e7\u00f5es instantaneamente, mesmo no meio de uma performance<\/li>\n<li>Transformar qualquer espa\u00e7o com Ethernet em um est\u00fadio de grava\u00e7\u00e3o Apollo multi-sala<\/li>\n<li>Linkar at\u00e9 quatro x16Ds para um sistema Dante de 64 canais com redund\u00e2ncia de rede<\/li>\n<li>Levar seus melhores plug-ins UAD como Auto-Tune, Neve e Lexicon do est\u00fadio para o palco<\/li>\n<li>Escolher entre as edi\u00e7\u00f5es Essentials+ e Ultimate+, adicionando at\u00e9 100+ plug-ins UAD no valor de milhares de d\u00f3lares<\/li>\n<\/ul>\n<\/div>\n<div class=\"key-features\">\n<h3>Caracter\u00edsticas Principais<\/h3>\n<ul>\n<li>Interface de \u00e1udio 18 x 20 com I\/O Dante (suporta modo AES67 @ 48 kHz)<\/li>\n<li>Convers\u00e3o D\/A de classe elite Apollo X 24-bit \/ 192 kHz<\/li>\n<li>Stereo AES I\/O para conex\u00e3o com hardware digital profissional<\/li>\n<li>Inclui at\u00e9 100+ plug-ins UAD com edi\u00e7\u00f5es Ultimate+ ou Essentials+<\/li>\n<li>Lembrar configura\u00e7\u00f5es de plug-ins via MIDI, mesmo no meio de uma performance<\/li>\n<li>Processamento HEXA Core onboard para mixagem com plug-ins UAD com lat\u00eancia quase zero<\/li>\n<li>Compat\u00edvel com interfaces Thunderbolt Apollo para expandir sistemas via Dante*<\/li>\n<li>Criar mixagens de \u00e1udio imersivas de 16 canais para Dolby Atmos, Auro-3D, Sony 360 Reality Audio e outros<\/li>\n<li>Suporte de monitoramento ALT em todos os modos de monitoramento (2 x ALT mon para est\u00e9reo, 1 x ALT mon para todos)<\/li>\n<li>Suporte t\u00e9cnico l\u00edder do setor gratuito de engenheiros de \u00e1udio experientes<\/li>\n<\/ul>\n<\/div>","protected":false},"excerpt":{"rendered":"<p>Interface de \u00e1udio em rack 18 x 20 com Thunderbolt, com I\/O Dante, convers\u00e3o de \u00e1udio elite Apollo X a 24 bits\/192 kHz e processamento HEXA core para Mac ou Windows.<\/p>\n<p>Perfeito para locais de som ao vivo ou est\u00fadios de grava\u00e7\u00e3o em rede, o Apollo x16D proporciona som de classe elite Apollo X e processamento em tempo real de plug-ins UAD via Thunderbolt e Dante. Com o Apollo x16D, voc\u00ea pode mixar e gravar performances ao vivo com mais de 200 plug-ins UAD de marcas como Neve, SSL, Auto-Tune, al\u00e9m dos cl\u00e1ssicos compressores LA-2A e 1176, entre outros.<\/p>\n<p><img decoding=\"async\" class=\"alignnone size-medium wp-image-5695\" src=\"https:\/\/www.uaudiobrasil.com.br\/wp-content\/uploads\/2025\/03\/disclaimer.png\" alt=\"AV Pro Brasil\" width=\"100%\" \/><\/p>\n<h2>R$ 39.199,00<\/h2>","protected":false},"featured_media":3978,"comment_status":"closed","ping_status":"closed","template":"","meta":{"site-sidebar-layout":"default","site-content-layout":"default","ast-site-content-layout":"default","site-content-style":"default","site-sidebar-style":"default","ast-global-header-display":"","ast-banner-title-visibility":"","ast-main-header-display":"","ast-hfb-above-header-display":"","ast-hfb-below-header-display":"","ast-hfb-mobile-header-display":"","site-post-title":"","ast-breadcrumbs-content":"","ast-featured-img":"","footer-sml-layout":"","ast-disable-related-posts":"","theme-transparent-header-meta":"default","adv-header-id-meta":"","stick-header-meta":"","header-above-stick-meta":"","header-main-stick-meta":"","header-below-stick-meta":"","astra-migrate-meta-layouts":"set","ast-page-background-enabled":"default","ast-page-background-meta":{"desktop":{"background-color":"var(--ast-global-color-4)","background-image":"","background-repeat":"repeat","background-position":"center center","background-size":"auto","background-attachment":"scroll","background-type":"","background-media":"","overlay-type":"","overlay-color":"","overlay-opacity":"","overlay-gradient":""},"tablet":{"background-color":"","background-image":"","background-repeat":"repeat","background-position":"center center","background-size":"auto","background-attachment":"scroll","background-type":"","background-media":"","overlay-type":"","overlay-color":"","overlay-opacity":"","overlay-gradient":""},"mobile":{"background-color":"","background-image":"","background-repeat":"repeat","background-position":"center center","background-size":"auto","background-attachment":"scroll","background-type":"","background-media":"","overlay-type":"","overlay-color":"","overlay-opacity":"","overlay-gradient":""}},"ast-content-background-meta":{"desktop":{"background-color":"var(--ast-global-color-5)","background-image":"","background-repeat":"repeat","background-position":"center center","background-size":"auto","background-attachment":"scroll","background-type":"","background-media":"","overlay-type":"","overlay-color":"","overlay-opacity":"","overlay-gradient":""},"tablet":{"background-color":"var(--ast-global-color-5)","background-image":"","background-repeat":"repeat","background-position":"center center","background-size":"auto","background-attachment":"scroll","background-type":"","background-media":"","overlay-type":"","overlay-color":"","overlay-opacity":"","overlay-gradient":""},"mobile":{"background-color":"var(--ast-global-color-5)","background-image":"","background-repeat":"repeat","background-position":"center center","background-size":"auto","background-attachment":"scroll","background-type":"","background-media":"","overlay-type":"","overlay-color":"","overlay-opacity":"","overlay-gradient":""}},"_joinchat":[]},"product_brand":[],"product_cat":[21,20],"product_tag":[115,59],"class_list":{"0":"post-3975","1":"product","2":"type-product","3":"status-publish","4":"has-post-thumbnail","6":"product_cat-interfaces-de-audio","7":"product_cat-linha-apollo","8":"product_tag-apollo-x16d","9":"product_tag-universal-audio","10":"desktop-align-left","11":"tablet-align-left","12":"mobile-align-left","14":"first","15":"instock","16":"shipping-taxable","17":"product-type-external"},"aioseo_notices":[],"jetpack_sharing_enabled":true,"_links":{"self":[{"href":"https:\/\/www.uaudiobrasil.com.br\/en\/wp-json\/wp\/v2\/product\/3975","targetHints":{"allow":["GET"]}}],"collection":[{"href":"https:\/\/www.uaudiobrasil.com.br\/en\/wp-json\/wp\/v2\/product"}],"about":[{"href":"https:\/\/www.uaudiobrasil.com.br\/en\/wp-json\/wp\/v2\/types\/product"}],"replies":[{"embeddable":true,"href":"https:\/\/www.uaudiobrasil.com.br\/en\/wp-json\/wp\/v2\/comments?post=3975"}],"version-history":[{"count":21,"href":"https:\/\/www.uaudiobrasil.com.br\/en\/wp-json\/wp\/v2\/product\/3975\/revisions"}],"predecessor-version":[{"id":5771,"href":"https:\/\/www.uaudiobrasil.com.br\/en\/wp-json\/wp\/v2\/product\/3975\/revisions\/5771"}],"wp:featuredmedia":[{"embeddable":true,"href":"https:\/\/www.uaudiobrasil.com.br\/en\/wp-json\/wp\/v2\/media\/3978"}],"wp:attachment":[{"href":"https:\/\/www.uaudiobrasil.com.br\/en\/wp-json\/wp\/v2\/media?parent=3975"}],"wp:term":[{"taxonomy":"product_brand","embeddable":true,"href":"https:\/\/www.uaudiobrasil.com.br\/en\/wp-json\/wp\/v2\/product_brand?post=3975"},{"taxonomy":"product_cat","embeddable":true,"href":"https:\/\/www.uaudiobrasil.com.br\/en\/wp-json\/wp\/v2\/product_cat?post=3975"},{"taxonomy":"product_tag","embeddable":true,"href":"https:\/\/www.uaudiobrasil.com.br\/en\/wp-json\/wp\/v2\/product_tag?post=3975"}],"curies":[{"name":"wp","href":"https:\/\/api.w.org\/{rel}","templated":true}]}}