{"id":3925,"date":"2024-05-21T16:35:13","date_gmt":"2024-05-21T19:35:13","guid":{"rendered":"https:\/\/www.uaudiobrasil.com.br\/?post_type=product&#038;p=3925"},"modified":"2025-03-05T14:35:10","modified_gmt":"2025-03-05T17:35:10","slug":"microfone-dinamico-universal-audio-sd-3-pacote-com-3-microfones","status":"publish","type":"product","link":"https:\/\/www.uaudiobrasil.com.br\/en\/loja\/microfones\/microfone-dinamico-universal-audio-sd-3-pacote-com-3-microfones\/","title":{"rendered":"Microfone Din\u00e2mico Universal Audio SD-3 Pacote com 3 microfones"},"content":{"rendered":"<p>PRODUTO COM NOTA FISCAL E GARANTIA NO BRASIL &#8211; SOMOS REVENDA OFICIAL<\/p>\n<p>SD-3 inclui os seguintes modelos de microfone em Hemisphere:<\/p>\n<p>DN-604 (inspirado pelo Sennheiser e604)<br \/>\nDN-545 (inspirado pelo Shure Unidyne 545S)<br \/>\nDN-4 (inspirado pelo Audix D4)<br \/>\nDN-57 (inspirado pelo Shure SM57)<br \/>\nDN-409U (inspirado pelo Sennheiser 409U)<\/p>\n<p>Bundle de Microfone Din\u00e2mico Universal Audio SD-3X3 com Modelagem Hemisphere<\/p>\n<p>O SD-3X3 da Universal Audio \u00e9 um conjunto compacto de microfones din\u00e2micos cardioides para grava\u00e7\u00e3o de bateria e instrumentos, com tecnologia de modelagem de microfones Hemisphere, alta toler\u00e2ncia a SPL e acess\u00f3rios inclu\u00eddos.<\/p>\n<p>Capture facilmente conjuntos de bateria e se\u00e7\u00f5es de metais com o SD-3X3 da Universal Audio \u2014 um conjunto de tr\u00eas microfones din\u00e2micos cl\u00e1ssicos com alta capacidade de SPL, padr\u00f5es polares cardioides e tecnologia de modelagem de microfones Hemisphere de ponta, proporcionando sons profissionais em qualquer ambiente.<\/p>\n<p><strong>Principais Benef\u00edcios<\/strong><br \/>\n\u25cf Obtenha grava\u00e7\u00f5es de qualidade de est\u00fadio com um conjunto de microfones din\u00e2micos de modelagem projetados pela UA<br \/>\n\u25cf Aproveite o som aut\u00eantico dos microfones mais populares j\u00e1 feitos com a tecnologia de modelagem de microfones Hemisphere<br \/>\n\u25cf Obtenha resultados impec\u00e1veis em qualquer ambiente, desde est\u00fadios profissionais e caseiros at\u00e9 palcos<br \/>\n\u25cf Encontre seu som perfeito com facilidade usando os controles de filtro, proximidade e eixo<\/p>\n<p><strong>Grave Com Microfones Vers\u00e1teis<\/strong><br \/>\nO conjunto de microfones SD-3X3 \u00e9 alimentado pela mesma tecnologia de modelagem de microfones encontrada nos premiados microfones UA Sphere da Universal Audio. Com a Cole\u00e7\u00e3o de Microfones Hemisphere inclu\u00edda, \u00e9 o \u00fanico conjunto de microfones de modelagem que proporciona o som aut\u00eantico de microfones famosos da Shure, Sennheiser e Audix.*<\/p>\n<p><strong>Microfones de Modelagem Que Trabalham Para Voc\u00ea<\/strong><br \/>\nO conjunto de microfones SD-3X3 e o plug-in da Cole\u00e7\u00e3o de Microfones Hemisphere funcionam com ou sem hardware da UA, e v\u00e3o al\u00e9m das curvas sutis de EQ para proporcionar controle preciso sobre filtro, proximidade e eixo \u2014 uma novidade na ind\u00fastria. Basta configurar os microfones SD-3X3 na frente da sua fonte e usar o plug-in para encontrar o &#8220;ponto ideal&#8221; para um instrumento de metal ou domar frequ\u00eancias agudas em caixas e tons.<\/p>\n<p><strong>Capture Seus Melhores Sons Com Facilidade<\/strong><br \/>\nA Universal Audio ajustou o padr\u00e3o polar cardioide dos microfones SD-3X3 para uma ampla gama de ambientes. Seja no seu quarto, projeto ou est\u00fadio profissional \u2014 ou at\u00e9 mesmo no palco \u2014 sua alta toler\u00e2ncia a SPL e excepcional isolamento proporcionam sons ic\u00f4nicos &#8220;que se encaixam na mixagem&#8221; ouvidos em in\u00fameros sucessos. Al\u00e9m disso, seu tamanho compacto permite o posicionamento perfeito do microfone em espa\u00e7os apertados.<\/p>\n<p><strong>Adicione um Microfone Profissional com Estilo Vintage<\/strong><br \/>\nCom constru\u00e7\u00e3o totalmente em metal, acabamento retr\u00f4 e c\u00e1psulas selecionadas \u00e0 m\u00e3o, o conjunto de microfones SD-3X3 se destaca dos outros &#8220;din\u00e2micos vers\u00e1teis&#8221; \u2014 oferecendo um parceiro confi\u00e1vel, perfeito para capturar quase qualquer tipo de conjunto de bateria ou instrumento de backline.<\/p>\n<p><strong>Modelos de Microfones Hemisphere Inclu\u00eddos<\/strong><\/p>\n<p><strong>DN-57<\/strong><br \/>\nIntroduzido em 1965, o onipresente \u201c57\u201d \u00e9 muito provavelmente o microfone mais vendido de todos os tempos. Pode ser uma op\u00e7\u00e3o particularmente boa quando combinado com outros microfones, como ribbon e condensadores de grande diafragma, para obter um som mais equilibrado. O DN-57 \u00e9 baseado em um modelo de produ\u00e7\u00e3o recente.<\/p>\n<p><strong>DN-545<\/strong><br \/>\nUm predecessor do poderoso 57, este modelo empregava a c\u00e1psula Unidyne III. Foi usado extensivamente no \u00e1lbum Pet Sounds dos Beach Boys, incluindo no vocal principal de Brian Wilson, e em in\u00fameras outras grava\u00e7\u00f5es daquela era.**<\/p>\n<p><strong>DN-604<\/strong><br \/>\nO modelo DN-604 \u00e9 baseado em um 604 de produ\u00e7\u00e3o europeia atual, que se tornou um padr\u00e3o em palcos e est\u00fadios ao redor do mundo. Este microfone compacto de clip tem uma variedade de usos, mais notavelmente em caixas e tambores de tom.<\/p>\n<p><strong>DN-409U<\/strong><br \/>\nO 409 brilha em muitas fontes, mas \u00e9 particularmente adequado para amplificadores de guitarra el\u00e9trica. Tem um top suave, e sua resposta de baixa frequ\u00eancia abaixo de 100 Hz pode ajudar instrumentos e vocais a se encaixarem bem na mixagem.<\/p>\n<p><strong>DN-4<\/strong><br \/>\nO DN-4 \u00e9 baseado em um microfone de instrumento compacto moderno que funciona muito bem em tambores de tom, mas \u00e9 igualmente eficaz em gabinetes de guitarra e caixas de bateria. A Universal Audio incluiu um filtro de tr\u00eas posi\u00e7\u00f5es para permitir que voc\u00ea esculpa ainda mais o som.<\/p>\n<p><strong>Principais Caracter\u00edsticas<\/strong><br \/>\n\u25cf Conjunto compacto de microfones din\u00e2micos para grava\u00e7\u00e3o de caixas e tons<br \/>\n\u25cf Padr\u00e3o polar cardioide que rejeita sons fora do eixo<br \/>\n\u25cf Obtenha os sons de microfones din\u00e2micos populares com a modelagem de microfones Hemisphere<br \/>\n\u25cf C\u00e1psulas din\u00e2micas selecionadas \u00e0 m\u00e3o para lidar com SPL extremo<br \/>\n\u25cf Inclui suporte de microfone e bolsa de armazenamento<br \/>\n\u25cf Constru\u00e7\u00e3o robusta totalmente em metal e artesanato elegante da UA<\/p>\n<p>&nbsp;<\/p>\n<p><strong>Tipo de Microfone<\/strong>: Din\u00e2mico<br \/>\n<strong>Padr\u00e3o Polar<\/strong>: Cardioide<br \/>\n<strong>Faixa de Frequ\u00eancia<\/strong>: 40 Hz &#8211; 15 kHz<br \/>\n<strong>Sensibilidade<\/strong>: -58 dB<br \/>\n<strong>Imped\u00e2ncia de Sa\u00edda<\/strong>: 250 Ohms<br \/>\n<strong>Conector<\/strong>: XLRM de 3 pinos<br \/>\n<strong>Acess\u00f3rio Inclu\u00eddo<\/strong>: Adaptador de rosca de \u215d&#8221; para \u215c&#8221;, suporte de microfone, bolsa de armazenamento<br \/>\n<strong>Dimens\u00f5es<\/strong>: 3,58&#8243; (91 mm) de comprimento, 1,65&#8243; (42 mm) de altura<br \/>\n<strong>Peso<\/strong>: 0,47 lbs (214 g)<\/p>","protected":false},"excerpt":{"rendered":"<p>O SD-3X3 da Universal Audio \u00e9 um conjunto compacto de microfones din\u00e2micos cardioides para grava\u00e7\u00e3o de bateria e instrumentos, com tecnologia de modelagem de microfones Hemisphere, alta toler\u00e2ncia a SPL e acess\u00f3rios inclu\u00eddos.<\/p>\n<p>Capture facilmente conjuntos de bateria e se\u00e7\u00f5es de metais com o SD-3X3 da Universal Audio \u2014 um conjunto de tr\u00eas microfones din\u00e2micos cl\u00e1ssicos com alta capacidade de SPL, padr\u00f5es polares cardioides e tecnologia de modelagem de microfones Hemisphere de ponta, proporcionando sons profissionais em qualquer ambiente.<\/p>\n<p><img decoding=\"async\" class=\"alignnone size-medium wp-image-5695\" src=\"https:\/\/www.uaudiobrasil.com.br\/wp-content\/uploads\/2025\/03\/disclaimer.png\" alt=\"AV Pro Brasil\" width=\"100%\" \/><\/p>\n<h2>R$ 4.299,00<\/h2>","protected":false},"featured_media":5238,"comment_status":"closed","ping_status":"closed","template":"","meta":{"site-sidebar-layout":"default","site-content-layout":"default","ast-site-content-layout":"default","site-content-style":"default","site-sidebar-style":"default","ast-global-header-display":"","ast-banner-title-visibility":"","ast-main-header-display":"","ast-hfb-above-header-display":"","ast-hfb-below-header-display":"","ast-hfb-mobile-header-display":"","site-post-title":"","ast-breadcrumbs-content":"","ast-featured-img":"","footer-sml-layout":"","ast-disable-related-posts":"","theme-transparent-header-meta":"default","adv-header-id-meta":"","stick-header-meta":"","header-above-stick-meta":"","header-main-stick-meta":"","header-below-stick-meta":"","astra-migrate-meta-layouts":"set","ast-page-background-enabled":"default","ast-page-background-meta":{"desktop":{"background-color":"var(--ast-global-color-4)","background-image":"","background-repeat":"repeat","background-position":"center center","background-size":"auto","background-attachment":"scroll","background-type":"","background-media":"","overlay-type":"","overlay-color":"","overlay-opacity":"","overlay-gradient":""},"tablet":{"background-color":"","background-image":"","background-repeat":"repeat","background-position":"center center","background-size":"auto","background-attachment":"scroll","background-type":"","background-media":"","overlay-type":"","overlay-color":"","overlay-opacity":"","overlay-gradient":""},"mobile":{"background-color":"","background-image":"","background-repeat":"repeat","background-position":"center center","background-size":"auto","background-attachment":"scroll","background-type":"","background-media":"","overlay-type":"","overlay-color":"","overlay-opacity":"","overlay-gradient":""}},"ast-content-background-meta":{"desktop":{"background-color":"var(--ast-global-color-5)","background-image":"","background-repeat":"repeat","background-position":"center center","background-size":"auto","background-attachment":"scroll","background-type":"","background-media":"","overlay-type":"","overlay-color":"","overlay-opacity":"","overlay-gradient":""},"tablet":{"background-color":"var(--ast-global-color-5)","background-image":"","background-repeat":"repeat","background-position":"center center","background-size":"auto","background-attachment":"scroll","background-type":"","background-media":"","overlay-type":"","overlay-color":"","overlay-opacity":"","overlay-gradient":""},"mobile":{"background-color":"var(--ast-global-color-5)","background-image":"","background-repeat":"repeat","background-position":"center center","background-size":"auto","background-attachment":"scroll","background-type":"","background-media":"","overlay-type":"","overlay-color":"","overlay-opacity":"","overlay-gradient":""}},"_joinchat":[]},"product_brand":[],"product_cat":[23],"product_tag":[59],"class_list":{"0":"post-3925","1":"product","2":"type-product","3":"status-publish","4":"has-post-thumbnail","6":"product_cat-microfones","7":"product_tag-universal-audio","8":"desktop-align-left","9":"tablet-align-left","10":"mobile-align-left","12":"first","13":"instock","14":"shipping-taxable","15":"product-type-external"},"aioseo_notices":[],"jetpack_sharing_enabled":true,"_links":{"self":[{"href":"https:\/\/www.uaudiobrasil.com.br\/en\/wp-json\/wp\/v2\/product\/3925","targetHints":{"allow":["GET"]}}],"collection":[{"href":"https:\/\/www.uaudiobrasil.com.br\/en\/wp-json\/wp\/v2\/product"}],"about":[{"href":"https:\/\/www.uaudiobrasil.com.br\/en\/wp-json\/wp\/v2\/types\/product"}],"replies":[{"embeddable":true,"href":"https:\/\/www.uaudiobrasil.com.br\/en\/wp-json\/wp\/v2\/comments?post=3925"}],"version-history":[{"count":5,"href":"https:\/\/www.uaudiobrasil.com.br\/en\/wp-json\/wp\/v2\/product\/3925\/revisions"}],"predecessor-version":[{"id":5743,"href":"https:\/\/www.uaudiobrasil.com.br\/en\/wp-json\/wp\/v2\/product\/3925\/revisions\/5743"}],"wp:featuredmedia":[{"embeddable":true,"href":"https:\/\/www.uaudiobrasil.com.br\/en\/wp-json\/wp\/v2\/media\/5238"}],"wp:attachment":[{"href":"https:\/\/www.uaudiobrasil.com.br\/en\/wp-json\/wp\/v2\/media?parent=3925"}],"wp:term":[{"taxonomy":"product_brand","embeddable":true,"href":"https:\/\/www.uaudiobrasil.com.br\/en\/wp-json\/wp\/v2\/product_brand?post=3925"},{"taxonomy":"product_cat","embeddable":true,"href":"https:\/\/www.uaudiobrasil.com.br\/en\/wp-json\/wp\/v2\/product_cat?post=3925"},{"taxonomy":"product_tag","embeddable":true,"href":"https:\/\/www.uaudiobrasil.com.br\/en\/wp-json\/wp\/v2\/product_tag?post=3925"}],"curies":[{"name":"wp","href":"https:\/\/api.w.org\/{rel}","templated":true}]}}