{"id":3878,"date":"2024-05-14T09:01:18","date_gmt":"2024-05-14T12:01:18","guid":{"rendered":"https:\/\/www.uaudiobrasil.com.br\/?post_type=product&#038;p=3878"},"modified":"2025-03-05T14:35:10","modified_gmt":"2025-03-05T17:35:10","slug":"microfone-dinamico-universal-audio-sd-5-com-modelagem-de-hemisphere","status":"publish","type":"product","link":"https:\/\/www.uaudiobrasil.com.br\/en\/loja\/microfones\/microfone-dinamico-universal-audio-sd-5-com-modelagem-de-hemisphere\/","title":{"rendered":"Microfone Din\u00e2mico Universal Audio SD-5 com Modelagem de hemisphere"},"content":{"rendered":"<p>PRODUTO COM NOTA FISCAL E GARANTIA NO BRASIL &#8211; SOMOS REVENDA OFICIAL<\/p>\n<p>SD-5 inclui os seguintes modelos de microfone em Hemisphere:<\/p>\n<p>DN-52 (inspirado pelo Shure Beta 52)<br \/>\nDN-112 (inspirado pelo AKG D112)<br \/>\nDN-6 (inspirado pelo Audix D6)<br \/>\nDN-SUB (inspirado pelos microfones Subkick)<br \/>\nDN-12A (inspirado pelo AKG D12A)<\/p>\n<h3>Microfone Universal Audio SD-5<\/h3>\n<h4>Obtenha tons de bumbo e baixo da sua era favorita.<\/h4>\n<p>Capture facilmente todo o impacto e peso dos seus bumbos, amplificadores de baixo e qualquer outra coisa que exija uma extens\u00e3o de baixa frequ\u00eancia. Um microfone din\u00e2mico cl\u00e1ssico com um padr\u00e3o polar supercardioide, alta capacidade de manuseio de SPL e a melhor tecnologia de modelagem de microfone Hemisphere da categoria \u2014 o SD-5 oferece som profissional, n\u00e3o importa onde voc\u00ea grave.<\/p>\n<h4>Principais Benef\u00edcios<\/h4>\n<ul>\n<li>Obtenha grava\u00e7\u00f5es de bumbo e baixo com qualidade de est\u00fadio com um microfone din\u00e2mico de modelagem projetado pela UA<\/li>\n<li>Aproveite o som aut\u00eantico dos microfones mais populares j\u00e1 feitos com a tecnologia de modelagem de microfone Hemisphere<\/li>\n<li>Obtenha resultados impec\u00e1veis em qualquer ambiente, desde salas profissionais e est\u00fadios caseiros at\u00e9 palcos<\/li>\n<li>Encontre o som perfeito com facilidade usando os controles de filtro, proximidade e eixo<\/li>\n<\/ul>\n<h4>Grave com Cinco Microfones de Bumbo de Trabalho Pesado<\/h4>\n<p>O SD-5 \u00e9 alimentado pela mesma tecnologia de modelagem de microfone encontrada nos premiados microfones UA Sphere da Universal Audio. Com a cole\u00e7\u00e3o de microfones Hemisphere inclu\u00edda, \u00e9 o \u00fanico microfone din\u00e2mico de modelagem que oferece o som aut\u00eantico de din\u00e2micos famosos da Shure, Audix e AKG.*<\/p>\n<h4>Um Microfone de Modelagem que Trabalha para Voc\u00ea<\/h4>\n<p>O SD-5 e o plug-in da cole\u00e7\u00e3o de microfones Hemisphere inclu\u00eddo funcionam com ou sem hardware da UA, e v\u00e3o muito al\u00e9m de curvas de EQ sutis para fornecer controle preciso sobre filtro, proximidade e eixo \u2014 uma inova\u00e7\u00e3o na ind\u00fastria. Basta configurar o SD-5 e usar o plug-in para encontrar rapidamente aquele &#8220;ponto ideal&#8221; para seu bumbo ou amplificador de baixo.<\/p>\n<h4>Capture Facilmente Seus Melhores Sons de Baixo<\/h4>\n<p>A Universal Audio ajustou finamente o padr\u00e3o polar supercardioide do SD-5 para uso no palco ou no est\u00fadio. E com sua capacidade ultra-alta de SPL e isolamento excepcional, voc\u00ea capturar\u00e1 todo o impacto, tom e transientes do seu instrumento sem interfer\u00eancia de outras fontes.<\/p>\n<h4>Adicione um Microfone Profissional com Estilo Vintage<\/h4>\n<p>Com constru\u00e7\u00e3o totalmente em metal, estilo retr\u00f4 e c\u00e1psulas selecionadas \u00e0 m\u00e3o, o SD-5 oferece um companheiro confi\u00e1vel para capturar valiosas frequ\u00eancias de baixa frequ\u00eancia durante d\u00e9cadas de desempenho s\u00f3lido.<\/p>\n<h3>Modelos de Microfone Hemisphere Inclu\u00eddos<\/h3>\n<p><strong>DN-12A<\/strong><\/p>\n<p>Baseado em um popular microfone din\u00e2mico que remonta aos anos 1950 \u2014 este modelo \u00e9 preferido pelo produtor\/engenheiro John Leckie (Radiohead, Paul McCartney, Pink Floyd), que frequentemente usa um modelo 12 ao lado de um 421 em bumbos.**<\/p>\n<p><strong>DN-112<\/strong><\/p>\n<p>Este microfone de bumbo fabricado na \u00c1ustria \u00e9 agora considerado um padr\u00e3o da ind\u00fastria. Usado em in\u00fameros discos de Hip-Hop e Rock, possui captura de baixa frequ\u00eancia estendida com presen\u00e7a clara de top-end para ataque de batedor.<\/p>\n<p><strong>DN-6<\/strong><\/p>\n<p>O modelo DN-6 \u00e9 baseado em um microfone de bumbo americano que se tornou uma refer\u00eancia para grava\u00e7\u00e3o em est\u00fadio. Com seu baixo profundo e som fortemente contornado, funciona especialmente bem para g\u00eaneros de Metal apertados e sincopados.<\/p>\n<p><strong>DN-52<\/strong><\/p>\n<p>O modelo DN-52 \u00e9 baseado em uma vers\u00e3o atual de produ\u00e7\u00e3o do microfone de bumbo estilo americano 52. Este modelo proporciona captura de baixa frequ\u00eancia estendida e um som equilibrado geral, \u00fatil em praticamente qualquer bumbo ou instrumento de baixo.<\/p>\n<p><strong>DN-SUB<\/strong><\/p>\n<p>O modelo DN-SUB \u00e9 baseado em um truque de est\u00fadio que usa um driver de alto-falante de faixa completa conectado ao contr\u00e1rio para captura de subfrequ\u00eancias estendidas. Muitos engenheiros combinam esse som com um microfone tradicional para adicionar peso aos bumbos e gabinetes de baixo \u2014 agora uma tarefa mais f\u00e1cil com apenas um microfone e o plug-in Hemisphere.<\/p>\n<h4>Caracter\u00edsticas Principais<\/h4>\n<ul>\n<li>Microfone din\u00e2mico compacto para bumbos, amplificadores de baixo e outras fontes de baixa frequ\u00eancia<\/li>\n<li>Obtenha os sons de microfones populares de bumbo com a modelagem de microfone Hemisphere<\/li>\n<li>Padr\u00e3o polar supercardioide rejeita sons fora do eixo enquanto mant\u00e9m a presen\u00e7a de baixa frequ\u00eancia<\/li>\n<li>C\u00e1psulas din\u00e2micas selecionadas \u00e0 m\u00e3o para suportar SPL extremo<\/li>\n<li>Inclui suporte integrado e bolsa de armazenamento<\/li>\n<li>Constru\u00e7\u00e3o robusta totalmente em metal e artesanato estiloso da UA<\/li>\n<\/ul>\n<p>&nbsp;<\/p>\n<p><strong>Tipo de Microfone:<\/strong> Din\u00e2mico<br \/>\n<strong>Padr\u00e3o Polar:<\/strong> Supercardioide<br \/>\n<strong>Faixa de Frequ\u00eancia:<\/strong> 20 Hz &#8211; 15 kHz<br \/>\n<strong>Sensibilidade:<\/strong> -64 dB (0 dB = 1V\/Pa @ 1 kHz)<br \/>\n<strong>Imped\u00e2ncia de Sa\u00edda:<\/strong> 50 Ohms<br \/>\n<strong>Conector:<\/strong> XLR de 3 pinos<br \/>\n<strong>Acess\u00f3rios Inclu\u00eddos:<\/strong> Suporte integrado com ajuste de \u00e2ngulo, adaptador de rosca &#8220;\u215d&#8221; para &#8220;\u215c&#8221;, bolsa de armazenamento<br \/>\n<strong>Dimens\u00f5es:<\/strong> 103,2 mm (comprimento) x 142,6 mm<br \/>\n<strong>Peso:<\/strong> 727 g (1,6 lbs)<\/p>","protected":false},"excerpt":{"rendered":"<p>Capture facilmente todo o impacto e peso dos seus bumbos, amplificadores de baixo e qualquer outra coisa que exija uma extens\u00e3o de baixa frequ\u00eancia. Um microfone din\u00e2mico cl\u00e1ssico com um padr\u00e3o polar supercardioide, alta capacidade de manuseio de SPL e a melhor tecnologia de modelagem de microfone Hemisphere da categoria \u2014 o SD-5 oferece som profissional, n\u00e3o importa onde voc\u00ea grave.<\/p>\n<p><img decoding=\"async\" class=\"alignnone size-medium wp-image-5695\" src=\"https:\/\/www.uaudiobrasil.com.br\/wp-content\/uploads\/2025\/03\/disclaimer.png\" alt=\"AV Pro Brasil\" width=\"100%\" \/><\/p>\n<h2>R$ 2.399,00<\/h2>","protected":false},"featured_media":3891,"comment_status":"closed","ping_status":"closed","template":"","meta":{"site-sidebar-layout":"default","site-content-layout":"default","ast-site-content-layout":"default","site-content-style":"default","site-sidebar-style":"default","ast-global-header-display":"","ast-banner-title-visibility":"","ast-main-header-display":"","ast-hfb-above-header-display":"","ast-hfb-below-header-display":"","ast-hfb-mobile-header-display":"","site-post-title":"","ast-breadcrumbs-content":"","ast-featured-img":"","footer-sml-layout":"","ast-disable-related-posts":"","theme-transparent-header-meta":"default","adv-header-id-meta":"","stick-header-meta":"","header-above-stick-meta":"","header-main-stick-meta":"","header-below-stick-meta":"","astra-migrate-meta-layouts":"set","ast-page-background-enabled":"default","ast-page-background-meta":{"desktop":{"background-color":"var(--ast-global-color-4)","background-image":"","background-repeat":"repeat","background-position":"center center","background-size":"auto","background-attachment":"scroll","background-type":"","background-media":"","overlay-type":"","overlay-color":"","overlay-opacity":"","overlay-gradient":""},"tablet":{"background-color":"","background-image":"","background-repeat":"repeat","background-position":"center center","background-size":"auto","background-attachment":"scroll","background-type":"","background-media":"","overlay-type":"","overlay-color":"","overlay-opacity":"","overlay-gradient":""},"mobile":{"background-color":"","background-image":"","background-repeat":"repeat","background-position":"center center","background-size":"auto","background-attachment":"scroll","background-type":"","background-media":"","overlay-type":"","overlay-color":"","overlay-opacity":"","overlay-gradient":""}},"ast-content-background-meta":{"desktop":{"background-color":"var(--ast-global-color-5)","background-image":"","background-repeat":"repeat","background-position":"center center","background-size":"auto","background-attachment":"scroll","background-type":"","background-media":"","overlay-type":"","overlay-color":"","overlay-opacity":"","overlay-gradient":""},"tablet":{"background-color":"var(--ast-global-color-5)","background-image":"","background-repeat":"repeat","background-position":"center center","background-size":"auto","background-attachment":"scroll","background-type":"","background-media":"","overlay-type":"","overlay-color":"","overlay-opacity":"","overlay-gradient":""},"mobile":{"background-color":"var(--ast-global-color-5)","background-image":"","background-repeat":"repeat","background-position":"center center","background-size":"auto","background-attachment":"scroll","background-type":"","background-media":"","overlay-type":"","overlay-color":"","overlay-opacity":"","overlay-gradient":""}},"_joinchat":[]},"product_brand":[],"product_cat":[23],"product_tag":[59],"class_list":{"0":"post-3878","1":"product","2":"type-product","3":"status-publish","4":"has-post-thumbnail","6":"product_cat-microfones","7":"product_tag-universal-audio","8":"desktop-align-left","9":"tablet-align-left","10":"mobile-align-left","12":"first","13":"instock","14":"shipping-taxable","15":"product-type-external"},"aioseo_notices":[],"jetpack_sharing_enabled":true,"_links":{"self":[{"href":"https:\/\/www.uaudiobrasil.com.br\/en\/wp-json\/wp\/v2\/product\/3878","targetHints":{"allow":["GET"]}}],"collection":[{"href":"https:\/\/www.uaudiobrasil.com.br\/en\/wp-json\/wp\/v2\/product"}],"about":[{"href":"https:\/\/www.uaudiobrasil.com.br\/en\/wp-json\/wp\/v2\/types\/product"}],"replies":[{"embeddable":true,"href":"https:\/\/www.uaudiobrasil.com.br\/en\/wp-json\/wp\/v2\/comments?post=3878"}],"version-history":[{"count":4,"href":"https:\/\/www.uaudiobrasil.com.br\/en\/wp-json\/wp\/v2\/product\/3878\/revisions"}],"predecessor-version":[{"id":5745,"href":"https:\/\/www.uaudiobrasil.com.br\/en\/wp-json\/wp\/v2\/product\/3878\/revisions\/5745"}],"wp:featuredmedia":[{"embeddable":true,"href":"https:\/\/www.uaudiobrasil.com.br\/en\/wp-json\/wp\/v2\/media\/3891"}],"wp:attachment":[{"href":"https:\/\/www.uaudiobrasil.com.br\/en\/wp-json\/wp\/v2\/media?parent=3878"}],"wp:term":[{"taxonomy":"product_brand","embeddable":true,"href":"https:\/\/www.uaudiobrasil.com.br\/en\/wp-json\/wp\/v2\/product_brand?post=3878"},{"taxonomy":"product_cat","embeddable":true,"href":"https:\/\/www.uaudiobrasil.com.br\/en\/wp-json\/wp\/v2\/product_cat?post=3878"},{"taxonomy":"product_tag","embeddable":true,"href":"https:\/\/www.uaudiobrasil.com.br\/en\/wp-json\/wp\/v2\/product_tag?post=3878"}],"curies":[{"name":"wp","href":"https:\/\/api.w.org\/{rel}","templated":true}]}}