{"id":3863,"date":"2024-05-13T16:26:17","date_gmt":"2024-05-13T19:26:17","guid":{"rendered":"https:\/\/www.uaudiobrasil.com.br\/?post_type=product&#038;p=3863"},"modified":"2025-03-05T14:35:10","modified_gmt":"2025-03-05T17:35:10","slug":"microfone-dinamico-universal-audio-sd-7-com-modelagem-de-hemisphere","status":"publish","type":"product","link":"https:\/\/www.uaudiobrasil.com.br\/en\/loja\/microfones\/microfone-dinamico-universal-audio-sd-7-com-modelagem-de-hemisphere\/","title":{"rendered":"Microfone Din\u00e2mico Universal Audio SD-7 com Modelagem de hemisphere"},"content":{"rendered":"<p>PRODUTO COM NOTA FISCAL E GARANTIA NO BRASIL &#8211; SOMOS REVENDA OFICIAL<\/p>\n<p>SD-7 inclui os seguintes modelos de microfone em Hemisphere:<\/p>\n<p>DN-421B (inspirado pelo Sennheiser 421B)<br \/>\nDN-421S (inspirado pelo Sennheiser 421S)<br \/>\nRB-160 (inspirado pelo Beyerdynamic M160)<br \/>\nDN-441 (inspirado pelo Sennheiser 441)<br \/>\nDN-409U (inspirado pelo Sennheiser 409U)<\/p>\n<p>O SD-7 da Universal Audio \u00e9 um microfone din\u00e2mico hipercardioide para tambores e instrumentos, apresentando a tecnologia de modelagem de microfone Hemisphere, toler\u00e2ncia alta a SPL e acess\u00f3rios inclu\u00eddos.<\/p>\n<p>Capture facilmente tambores tom, gabinetes de guitarra, metais e muito mais com um tom natural e aberto. Um microfone din\u00e2mico cl\u00e1ssico com alta capacidade de SPL, padr\u00e3o polar hipercardioide e tecnologia de modelagem de microfone Hemisphere l\u00edder do setor &#8211; o SD-7 oferece som profissional com precis\u00e3o, em qualquer ambiente.<\/p>\n<p>Principais Benef\u00edcios:<\/p>\n<ul>\n<li>Obtenha grava\u00e7\u00f5es de instrumentos de qualidade de est\u00fadio com um microfone de modelagem din\u00e2mica projetado pela UA<\/li>\n<li>Explore o som aut\u00eantico dos microfones mais populares j\u00e1 feitos com a tecnologia de modelagem de microfone Hemisphere<\/li>\n<li>Obtenha resultados precisos em qualquer ambiente, de est\u00fadios profissionais e caseiros a palcos<\/li>\n<li>Encontre seu som perfeito com facilidade usando controles de filtro, proximidade e eixo<\/li>\n<\/ul>\n<p>Grave Atrav\u00e9s de Cinco Famosos Microfones de Instrumento O SD-7 \u00e9 alimentado pela mesma tecnologia de modelagem de microfone encontrada nos premiados microfones UA Sphere da Universal Audio. Com a cole\u00e7\u00e3o de microfones Hemisphere inclu\u00edda, \u00e9 o \u00fanico microfone de modelagem din\u00e2mica que oferece o som aut\u00eantico de microfones din\u00e2micos famosos da Sennheiser e Beyerdynamic.*<\/p>\n<p>Um Microfone de Modelagem que Funciona para Voc\u00ea O SD-7 e o plug-in da cole\u00e7\u00e3o de microfones Hemisphere inclu\u00eddo funcionam com ou sem hardware da UA e v\u00e3o muito al\u00e9m das curvas de EQ sutis para lhe dar controle preciso sobre filtro, proximidade e eixo &#8211; uma inova\u00e7\u00e3o na ind\u00fastria. Basta configurar o SD-7 e usar o plug-in para encontrar rapidamente o &#8220;ponto doce&#8221; para um amplificador de guitarra ou destacar metais na mixagem.<\/p>\n<p>Descubra Seus Melhores Sons De um palco agitado a um est\u00fadio tranquilo, a capacidade ultra-alta de SPL do SD-7 o torna uma escolha perfeita para fontes altas e ricas em transientes. E gra\u00e7as ao seu padr\u00e3o polar hipercardioide, voc\u00ea pode afastar o microfone para obter mais &#8220;ar&#8221; sem sacrificar o isolamento.<\/p>\n<p>Adicione um Microfone Profissional com Estilo Vintage Com constru\u00e7\u00e3o robusta totalmente met\u00e1lica, visual retro legal e c\u00e1psulas selecionadas manualmente, o SD-7 lhe oferece um companheiro confi\u00e1vel, capturando suas fontes para uma vida de performance profissional.<\/p>\n<p>Modelos de Microfone Hemisphere Inclu\u00eddos:<\/p>\n<p>DN-421B Baseado em um moderno 421, que tem um som ligeiramente mais brilhante e duro do que itera\u00e7\u00f5es anteriores &#8211; este \u00e9 provavelmente o microfone de tom mais famoso de todos os tempos e tamb\u00e9m n\u00e3o \u00e9 fraco em kick drum ou instrumentos de metais.<\/p>\n<p>DN-421S Baseado em um raro 421 inicial com logotipo do script, este modelo tem um car\u00e1ter ligeiramente mais vintage, tornando-o \u00fatil para aquecer seus amplificadores de guitarra, tambores ou at\u00e9 mesmo vocais.<\/p>\n<p>RB-160 Este modelo \u00e9 baseado em um microfone de fita vintage dos anos 1960 com car\u00e1ter rico e meio-adiantado &#8211; notavelmente usado em grava\u00e7\u00f5es de rock famosas, desde o amplificador de guitarra gritante de Jimi Hendrix at\u00e9 um par usado para gravar tambores para &#8220;When the Levee Breaks&#8221; do Led Zeppelin.**<\/p>\n<p>DN-409N Baseado na vers\u00e3o inicial da linha de microfones 409. Esta vers\u00e3o vintage tem ligeiramente mais colora\u00e7\u00e3o do que os modelos de produ\u00e7\u00e3o atuais, tornando-os \u00fateis em uma variedade de fontes, incluindo guitarra el\u00e9trica e vocais. Usos not\u00e1veis do 409 incluem vocais para o v\u00eddeo do concerto Live at Pompeii de Pink Floyd.**<\/p>\n<p>DN-441 O cl\u00e1ssico 441 foi usado em in\u00fameros registros, de Fleetwood Mac e Tom Petty a Tame Impala. Muitos engenheiros e artistas confiaram neste modelo por seu som equilibrado e natural em vocais, caixas de snare e amplificadores de guitarra.**<\/p>\n<p>Principais Benef\u00edcios:<\/p>\n<ul>\n<li>Microfone din\u00e2mico hipercardioide para tambores tom, amplificadores de guitarra e baixo, metais e instrumentos de percuss\u00e3o<\/li>\n<li>A tecnologia de modelagem Hemisphere oferece os sons de microfones din\u00e2micos e de fita ic\u00f4nicos da Sennheiser e Beyerdynamic*<\/li>\n<li>O padr\u00e3o polar hipercardioide rejeita sons fora do eixo<\/li>\n<li>C\u00e1psulas din\u00e2micas selecionadas manualmente para lidar com SPL extremo<\/li>\n<li>Inclui suporte integrado e bolsa de armazenamento<\/li>\n<li>Constru\u00e7\u00e3o robusta toda em metal e artesanato elegante da UA<\/li>\n<\/ul>\n<p>Especifica\u00e7\u00f5es :<\/p>\n<ul>\n<li>Tipo: Din\u00e2mico<\/li>\n<li>Padr\u00e3o Polar: Hypercardioide<\/li>\n<li>Faixa de Frequ\u00eancia: 30 Hz &#8211; 17 kHz<\/li>\n<li>Sensibilidade: -54 dB<\/li>\n<li>Imped\u00e2ncia de Sa\u00edda: 600 Ohms<\/li>\n<li>Conector: XLRM de 3 pinos<\/li>\n<li>Acess\u00f3rio Inclu\u00eddo: Suporte integrado com ajuste de \u00e2ngulo, adaptador de rosca de &#8220;\u215d&#8221; para &#8220;\u215c&#8221;, bolsa de armazenamento<\/li>\n<li>Dimens\u00f5es: Comprimento de 4,47&#8243; (113,5 mm), largura de 1,97&#8243; (50 mm), altura de 3,84&#8243; (97,5 mm)<\/li>\n<li>Peso: 1,05 lbs (475 g)<\/li>\n<\/ul>","protected":false},"excerpt":{"rendered":"<p>O SD-7 da Universal Audio \u00e9 um microfone din\u00e2mico hipercardioide para tambores e instrumentos, apresentando a tecnologia de modelagem de microfone Hemisphere, toler\u00e2ncia alta a SPL e acess\u00f3rios inclu\u00eddos.<\/p>\n<p>Capture facilmente tambores tom, gabinetes de guitarra, metais e muito mais com um tom natural e aberto. Um microfone din\u00e2mico cl\u00e1ssico com alta capacidade de SPL, padr\u00e3o polar hipercardioide e tecnologia de modelagem de microfone Hemisphere l\u00edder do setor &#8211; o SD-7 oferece som profissional com precis\u00e3o, em qualquer ambiente.<\/p>\n<p><img decoding=\"async\" class=\"alignnone size-medium wp-image-5695\" src=\"https:\/\/www.uaudiobrasil.com.br\/wp-content\/uploads\/2025\/03\/disclaimer.png\" alt=\"AV Pro Brasil\" width=\"100%\" \/><\/p>\n<h2>R$ 1.799,00<\/h2>","protected":false},"featured_media":3865,"comment_status":"closed","ping_status":"closed","template":"","meta":{"site-sidebar-layout":"default","site-content-layout":"default","ast-site-content-layout":"default","site-content-style":"default","site-sidebar-style":"default","ast-global-header-display":"","ast-banner-title-visibility":"","ast-main-header-display":"","ast-hfb-above-header-display":"","ast-hfb-below-header-display":"","ast-hfb-mobile-header-display":"","site-post-title":"","ast-breadcrumbs-content":"","ast-featured-img":"","footer-sml-layout":"","ast-disable-related-posts":"","theme-transparent-header-meta":"default","adv-header-id-meta":"","stick-header-meta":"","header-above-stick-meta":"","header-main-stick-meta":"","header-below-stick-meta":"","astra-migrate-meta-layouts":"set","ast-page-background-enabled":"default","ast-page-background-meta":{"desktop":{"background-color":"var(--ast-global-color-4)","background-image":"","background-repeat":"repeat","background-position":"center center","background-size":"auto","background-attachment":"scroll","background-type":"","background-media":"","overlay-type":"","overlay-color":"","overlay-opacity":"","overlay-gradient":""},"tablet":{"background-color":"","background-image":"","background-repeat":"repeat","background-position":"center center","background-size":"auto","background-attachment":"scroll","background-type":"","background-media":"","overlay-type":"","overlay-color":"","overlay-opacity":"","overlay-gradient":""},"mobile":{"background-color":"","background-image":"","background-repeat":"repeat","background-position":"center center","background-size":"auto","background-attachment":"scroll","background-type":"","background-media":"","overlay-type":"","overlay-color":"","overlay-opacity":"","overlay-gradient":""}},"ast-content-background-meta":{"desktop":{"background-color":"var(--ast-global-color-5)","background-image":"","background-repeat":"repeat","background-position":"center center","background-size":"auto","background-attachment":"scroll","background-type":"","background-media":"","overlay-type":"","overlay-color":"","overlay-opacity":"","overlay-gradient":""},"tablet":{"background-color":"var(--ast-global-color-5)","background-image":"","background-repeat":"repeat","background-position":"center center","background-size":"auto","background-attachment":"scroll","background-type":"","background-media":"","overlay-type":"","overlay-color":"","overlay-opacity":"","overlay-gradient":""},"mobile":{"background-color":"var(--ast-global-color-5)","background-image":"","background-repeat":"repeat","background-position":"center center","background-size":"auto","background-attachment":"scroll","background-type":"","background-media":"","overlay-type":"","overlay-color":"","overlay-opacity":"","overlay-gradient":""}},"_joinchat":[]},"product_brand":[],"product_cat":[23],"product_tag":[59],"class_list":{"0":"post-3863","1":"product","2":"type-product","3":"status-publish","4":"has-post-thumbnail","6":"product_cat-microfones","7":"product_tag-universal-audio","8":"desktop-align-left","9":"tablet-align-left","10":"mobile-align-left","12":"first","13":"instock","14":"sold-individually","15":"shipping-taxable","16":"product-type-external"},"aioseo_notices":[],"jetpack_sharing_enabled":true,"_links":{"self":[{"href":"https:\/\/www.uaudiobrasil.com.br\/en\/wp-json\/wp\/v2\/product\/3863","targetHints":{"allow":["GET"]}}],"collection":[{"href":"https:\/\/www.uaudiobrasil.com.br\/en\/wp-json\/wp\/v2\/product"}],"about":[{"href":"https:\/\/www.uaudiobrasil.com.br\/en\/wp-json\/wp\/v2\/types\/product"}],"replies":[{"embeddable":true,"href":"https:\/\/www.uaudiobrasil.com.br\/en\/wp-json\/wp\/v2\/comments?post=3863"}],"version-history":[{"count":6,"href":"https:\/\/www.uaudiobrasil.com.br\/en\/wp-json\/wp\/v2\/product\/3863\/revisions"}],"predecessor-version":[{"id":5749,"href":"https:\/\/www.uaudiobrasil.com.br\/en\/wp-json\/wp\/v2\/product\/3863\/revisions\/5749"}],"wp:featuredmedia":[{"embeddable":true,"href":"https:\/\/www.uaudiobrasil.com.br\/en\/wp-json\/wp\/v2\/media\/3865"}],"wp:attachment":[{"href":"https:\/\/www.uaudiobrasil.com.br\/en\/wp-json\/wp\/v2\/media?parent=3863"}],"wp:term":[{"taxonomy":"product_brand","embeddable":true,"href":"https:\/\/www.uaudiobrasil.com.br\/en\/wp-json\/wp\/v2\/product_brand?post=3863"},{"taxonomy":"product_cat","embeddable":true,"href":"https:\/\/www.uaudiobrasil.com.br\/en\/wp-json\/wp\/v2\/product_cat?post=3863"},{"taxonomy":"product_tag","embeddable":true,"href":"https:\/\/www.uaudiobrasil.com.br\/en\/wp-json\/wp\/v2\/product_tag?post=3863"}],"curies":[{"name":"wp","href":"https:\/\/api.w.org\/{rel}","templated":true}]}}