{"id":3689,"date":"2023-11-16T13:33:25","date_gmt":"2023-11-16T16:33:25","guid":{"rendered":"https:\/\/www.uaudiobrasil.com.br\/?post_type=product&#038;p=3689"},"modified":"2025-03-05T14:35:10","modified_gmt":"2025-03-05T17:35:10","slug":"microphone-universal-audio-sc-1-standard-condenser-with-hemisphere","status":"publish","type":"product","link":"https:\/\/www.uaudiobrasil.com.br\/en\/loja\/microfones\/microphone-universal-audio-sc-1-standard-condenser-with-hemisphere\/","title":{"rendered":"Microphone Universal Audio SC-1 Condensador com Modelagem Hemisphere"},"content":{"rendered":"<p>PRODUTO COM NOTA FISCAL E GARANTIA NO BRASIL &#8211; SOMOS REVENDA OFICIAL<\/p>\n<p>Microfones emulados<\/p>\n<p>LD-47K = Neumann U47<br \/>\nLD-67 NOS = Neumann U67<br \/>\nLD-87 Vintage = Neumann U87<br \/>\nLD-103 = Neumann TLM103<br \/>\nLD-12 = AKG C12<br \/>\nLD-251 = Telefunken ELA M251<br \/>\nLD-414 US = AKG C414<br \/>\nLD-800 = Coles 4038<\/p>\n<p>Capture os sons dos microfones mais famosos do mundo com a modelagem de microfone Hemisphere.<br \/>\nCom o microfone SC-1 e a modelagem de microfone Hemisphere, voc\u00ea vai capturar vocais e instrumentos prontos para \u00e1lbuns com o som aut\u00eantico e o car\u00e1ter dos microfones de est\u00fadio mais populares j\u00e1 fabricados \u2014 tudo com um \u00fanico condensador de alta qualidade.<\/p>\n<p>Grave vocais e instrumentos profissionais<br \/>\nO SC-1 oferece um som cl\u00e1ssico de condensador perfeito para vocais, viol\u00e3o, cordas e at\u00e9 mesmo um amplificador de guitarra alto, gra\u00e7as \u00e0 sua capacidade de lidar com altos n\u00edveis de press\u00e3o sonora (SPL). Al\u00e9m disso, seu circuito ultralinear e sua ampla faixa din\u00e2mica garantem resultados livres de distor\u00e7\u00e3o tanto em baixas quanto em altas frequ\u00eancias, proporcionando resultados suaves sempre.<\/p>\n<p>Modelagem Aut\u00eantica de Microfone Simplificada<br \/>\nUtilizando a mesma tecnologia premiada dos nossos microfones de modelagem UA Sphere, o plug-in de modelagem de microfone Hemisphere inclu\u00eddo proporciona ao seu est\u00fadio o som aut\u00eantico de microfones condensadores essenciais da Neumann, Sony, AKG e muito mais \u2014 em tempo real com o Apollo ou nativamente em sua esta\u00e7\u00e3o de trabalho de \u00e1udio digital (DAW).* Voc\u00ea tamb\u00e9m pode moldar o som das suas grava\u00e7\u00f5es usando controles de filtro, proximidade e eixo \u2014 mesmo depois da grava\u00e7\u00e3o ter sido feita.<\/p>\n<p>Microfone condensador profissional de est\u00fadio de diafragma grande<br \/>\nModelagem de microfone Hemisphere para os sons de microfones condensadores ic\u00f4nicos<br \/>\nMenor ru\u00eddo pr\u00f3prio (12 dB) e maior SPL m\u00e1ximo (145 dB) de qualquer microfone de modelagem em sua classe<br \/>\nFabrica\u00e7\u00e3o de alta qualidade da UA e design elegante e resistente<br \/>\nInclui suporte para o microfone, adaptador de rosca de 5\/8\u201d para 3\/8\u201d e estojo de transporte da UA.<\/p>","protected":false},"excerpt":{"rendered":"<p>Com o microfone SC-1 e a modelagem de microfone Hemisphere, voc\u00ea vai capturar vocais e instrumentos prontos para \u00e1lbuns com o som aut\u00eantico e o car\u00e1ter dos microfones de est\u00fadio mais populares j\u00e1 fabricados \u2014 tudo com um \u00fanico condensador de alta qualidade.<\/p>\n<p>O SC-1 oferece um som cl\u00e1ssico de condensador perfeito para vocais, viol\u00e3o, cordas e at\u00e9 mesmo um amplificador de guitarra alto, gra\u00e7as \u00e0 sua capacidade de lidar com altos n\u00edveis de press\u00e3o sonora (SPL). Al\u00e9m disso, seu circuito ultralinear e sua ampla faixa din\u00e2mica garantem resultados livres de distor\u00e7\u00e3o tanto em baixas quanto em altas frequ\u00eancias, proporcionando resultados suaves sempre.<\/p>\n<p><img decoding=\"async\" class=\"alignnone size-medium wp-image-5695\" src=\"https:\/\/www.uaudiobrasil.com.br\/wp-content\/uploads\/2025\/03\/disclaimer.png\" alt=\"AV Pro Brasil\" width=\"100%\" \/><\/p>\n<h2>R$ 4.999,00<\/h2>","protected":false},"featured_media":3693,"comment_status":"closed","ping_status":"closed","template":"","meta":{"site-sidebar-layout":"default","site-content-layout":"default","ast-site-content-layout":"default","site-content-style":"default","site-sidebar-style":"default","ast-global-header-display":"","ast-banner-title-visibility":"","ast-main-header-display":"","ast-hfb-above-header-display":"","ast-hfb-below-header-display":"","ast-hfb-mobile-header-display":"","site-post-title":"","ast-breadcrumbs-content":"","ast-featured-img":"","footer-sml-layout":"","ast-disable-related-posts":"","theme-transparent-header-meta":"default","adv-header-id-meta":"","stick-header-meta":"","header-above-stick-meta":"","header-main-stick-meta":"","header-below-stick-meta":"","astra-migrate-meta-layouts":"set","ast-page-background-enabled":"default","ast-page-background-meta":{"desktop":{"background-color":"var(--ast-global-color-4)","background-image":"","background-repeat":"repeat","background-position":"center center","background-size":"auto","background-attachment":"scroll","background-type":"","background-media":"","overlay-type":"","overlay-color":"","overlay-opacity":"","overlay-gradient":""},"tablet":{"background-color":"","background-image":"","background-repeat":"repeat","background-position":"center center","background-size":"auto","background-attachment":"scroll","background-type":"","background-media":"","overlay-type":"","overlay-color":"","overlay-opacity":"","overlay-gradient":""},"mobile":{"background-color":"","background-image":"","background-repeat":"repeat","background-position":"center center","background-size":"auto","background-attachment":"scroll","background-type":"","background-media":"","overlay-type":"","overlay-color":"","overlay-opacity":"","overlay-gradient":""}},"ast-content-background-meta":{"desktop":{"background-color":"var(--ast-global-color-5)","background-image":"","background-repeat":"repeat","background-position":"center center","background-size":"auto","background-attachment":"scroll","background-type":"","background-media":"","overlay-type":"","overlay-color":"","overlay-opacity":"","overlay-gradient":""},"tablet":{"background-color":"var(--ast-global-color-5)","background-image":"","background-repeat":"repeat","background-position":"center center","background-size":"auto","background-attachment":"scroll","background-type":"","background-media":"","overlay-type":"","overlay-color":"","overlay-opacity":"","overlay-gradient":""},"mobile":{"background-color":"var(--ast-global-color-5)","background-image":"","background-repeat":"repeat","background-position":"center center","background-size":"auto","background-attachment":"scroll","background-type":"","background-media":"","overlay-type":"","overlay-color":"","overlay-opacity":"","overlay-gradient":""}},"_joinchat":[]},"product_brand":[],"product_cat":[23],"product_tag":[],"class_list":{"0":"post-3689","1":"product","2":"type-product","3":"status-publish","4":"has-post-thumbnail","6":"product_cat-microfones","7":"desktop-align-left","8":"tablet-align-left","9":"mobile-align-left","11":"first","12":"instock","13":"sold-individually","14":"shipping-taxable","15":"product-type-external"},"aioseo_notices":[],"jetpack_sharing_enabled":true,"_links":{"self":[{"href":"https:\/\/www.uaudiobrasil.com.br\/en\/wp-json\/wp\/v2\/product\/3689","targetHints":{"allow":["GET"]}}],"collection":[{"href":"https:\/\/www.uaudiobrasil.com.br\/en\/wp-json\/wp\/v2\/product"}],"about":[{"href":"https:\/\/www.uaudiobrasil.com.br\/en\/wp-json\/wp\/v2\/types\/product"}],"replies":[{"embeddable":true,"href":"https:\/\/www.uaudiobrasil.com.br\/en\/wp-json\/wp\/v2\/comments?post=3689"}],"version-history":[{"count":6,"href":"https:\/\/www.uaudiobrasil.com.br\/en\/wp-json\/wp\/v2\/product\/3689\/revisions"}],"predecessor-version":[{"id":5739,"href":"https:\/\/www.uaudiobrasil.com.br\/en\/wp-json\/wp\/v2\/product\/3689\/revisions\/5739"}],"wp:featuredmedia":[{"embeddable":true,"href":"https:\/\/www.uaudiobrasil.com.br\/en\/wp-json\/wp\/v2\/media\/3693"}],"wp:attachment":[{"href":"https:\/\/www.uaudiobrasil.com.br\/en\/wp-json\/wp\/v2\/media?parent=3689"}],"wp:term":[{"taxonomy":"product_brand","embeddable":true,"href":"https:\/\/www.uaudiobrasil.com.br\/en\/wp-json\/wp\/v2\/product_brand?post=3689"},{"taxonomy":"product_cat","embeddable":true,"href":"https:\/\/www.uaudiobrasil.com.br\/en\/wp-json\/wp\/v2\/product_cat?post=3689"},{"taxonomy":"product_tag","embeddable":true,"href":"https:\/\/www.uaudiobrasil.com.br\/en\/wp-json\/wp\/v2\/product_tag?post=3689"}],"curies":[{"name":"wp","href":"https:\/\/api.w.org\/{rel}","templated":true}]}}