{"id":3670,"date":"2023-11-06T14:50:02","date_gmt":"2023-11-06T17:50:02","guid":{"rendered":"https:\/\/www.uaudiobrasil.com.br\/?post_type=product&#038;p=3670"},"modified":"2025-03-05T14:35:10","modified_gmt":"2025-03-05T17:35:10","slug":"pedal-de-guitarra-teletronix-la-2a-studio-compressor-universal-audio","status":"publish","type":"product","link":"https:\/\/www.uaudiobrasil.com.br\/en\/loja\/interno\/pedal-de-guitarra-teletronix-la-2a-studio-compressor-universal-audio\/","title":{"rendered":"Pedal de Guitarra Teletronix LA-2A Studio Compressor Universal Audio"},"content":{"rendered":"<div class=\"text-centered tc_\"><\/div>\n<div class=\"text-centered tc_\">\n<h3><span>O Teletronix LA-2A Studio Compressor coloca os sons do nosso lend\u00e1rio limitador de tubo \u00f3ptico aos seus p\u00e9s, dublados para combinar com precis\u00e3o com o hardware original conectado \u00e0 m\u00e3o &#8211; com todo o tom inspirador e toque cl\u00e1ssico ao toque.<\/span><\/h3>\n<\/div>\n<p>&nbsp;<\/p>\n<p><img fetchpriority=\"high\" decoding=\"async\" class=\"\" src=\"https:\/\/help.uaudio.com\/hc\/article_attachments\/20286807414676\" alt=\"la-2a-qs.png\" width=\"806\" height=\"494\" \/><\/p>\n<p><img decoding=\"async\" class=\"\" src=\"https:\/\/help.uaudio.com\/hc\/article_attachments\/20286454578964\" alt=\"la-2a-back-panel.png\" width=\"805\" height=\"257\" \/><\/p>\n<p>&nbsp;<\/p>\n<p>(fonte de alimenta\u00e7\u00e3o vendida separadamente)<br \/>\nIsolado 9VDC, centro-negativo, m\u00ednimo de 250 mA Entrada \u00bc\u201d n\u00e3o balanceada TS Sa\u00edda \u00bc\u201d n\u00e3o balanceada TS Imped\u00e2ncia de entrada 1 Megohm Imped\u00e2ncia de sa\u00edda 500 Ohms N\u00edvel m\u00e1ximo de entrada 12.2 dBu N\u00edvel m\u00e1ximo de sa\u00edda 12.1 dBu Resposta de frequ\u00eancia 20 Hz a 20 kHz, \u00b11 dB USB Tipo-C Para registro e atualiza\u00e7\u00f5es de firmware via computador Dimens\u00f5es<br \/>\nAltura: 6,5 cm<br \/>\nLargura: 9,2 cm<br \/>\nProfundidade: 14,1 cm<br \/>\nPeso (sem embalagem) 0,28 kg<\/p>","protected":false},"excerpt":{"rendered":"<p><img decoding=\"async\" class=\"alignnone size-medium wp-image-5695\" src=\"https:\/\/www.uaudiobrasil.com.br\/wp-content\/uploads\/2025\/03\/disclaimer.png\" alt=\"AV Pro Brasil\" width=\"100%\" \/><\/p>\n<h2>R$ 1.979,00<\/h2>","protected":false},"featured_media":3673,"comment_status":"closed","ping_status":"closed","template":"","meta":{"site-sidebar-layout":"default","site-content-layout":"default","ast-site-content-layout":"default","site-content-style":"default","site-sidebar-style":"default","ast-global-header-display":"","ast-banner-title-visibility":"","ast-main-header-display":"","ast-hfb-above-header-display":"","ast-hfb-below-header-display":"","ast-hfb-mobile-header-display":"","site-post-title":"","ast-breadcrumbs-content":"","ast-featured-img":"","footer-sml-layout":"","ast-disable-related-posts":"","theme-transparent-header-meta":"default","adv-header-id-meta":"","stick-header-meta":"","header-above-stick-meta":"","header-main-stick-meta":"","header-below-stick-meta":"","astra-migrate-meta-layouts":"set","ast-page-background-enabled":"default","ast-page-background-meta":{"desktop":{"background-color":"var(--ast-global-color-4)","background-image":"","background-repeat":"repeat","background-position":"center center","background-size":"auto","background-attachment":"scroll","background-type":"","background-media":"","overlay-type":"","overlay-color":"","overlay-opacity":"","overlay-gradient":""},"tablet":{"background-color":"","background-image":"","background-repeat":"repeat","background-position":"center center","background-size":"auto","background-attachment":"scroll","background-type":"","background-media":"","overlay-type":"","overlay-color":"","overlay-opacity":"","overlay-gradient":""},"mobile":{"background-color":"","background-image":"","background-repeat":"repeat","background-position":"center center","background-size":"auto","background-attachment":"scroll","background-type":"","background-media":"","overlay-type":"","overlay-color":"","overlay-opacity":"","overlay-gradient":""}},"ast-content-background-meta":{"desktop":{"background-color":"var(--ast-global-color-5)","background-image":"","background-repeat":"repeat","background-position":"center center","background-size":"auto","background-attachment":"scroll","background-type":"","background-media":"","overlay-type":"","overlay-color":"","overlay-opacity":"","overlay-gradient":""},"tablet":{"background-color":"var(--ast-global-color-5)","background-image":"","background-repeat":"repeat","background-position":"center center","background-size":"auto","background-attachment":"scroll","background-type":"","background-media":"","overlay-type":"","overlay-color":"","overlay-opacity":"","overlay-gradient":""},"mobile":{"background-color":"var(--ast-global-color-5)","background-image":"","background-repeat":"repeat","background-position":"center center","background-size":"auto","background-attachment":"scroll","background-type":"","background-media":"","overlay-type":"","overlay-color":"","overlay-opacity":"","overlay-gradient":""}},"_joinchat":[]},"product_brand":[],"product_cat":[57,17],"product_tag":[59],"class_list":{"0":"post-3670","1":"product","2":"type-product","3":"status-publish","4":"has-post-thumbnail","6":"product_cat-interno","7":"product_cat-pedais-uafx","8":"product_tag-universal-audio","9":"desktop-align-left","10":"tablet-align-left","11":"mobile-align-left","13":"first","14":"instock","15":"shipping-taxable","16":"product-type-external"},"aioseo_notices":[],"jetpack_sharing_enabled":true,"_links":{"self":[{"href":"https:\/\/www.uaudiobrasil.com.br\/en\/wp-json\/wp\/v2\/product\/3670","targetHints":{"allow":["GET"]}}],"collection":[{"href":"https:\/\/www.uaudiobrasil.com.br\/en\/wp-json\/wp\/v2\/product"}],"about":[{"href":"https:\/\/www.uaudiobrasil.com.br\/en\/wp-json\/wp\/v2\/types\/product"}],"replies":[{"embeddable":true,"href":"https:\/\/www.uaudiobrasil.com.br\/en\/wp-json\/wp\/v2\/comments?post=3670"}],"version-history":[{"count":3,"href":"https:\/\/www.uaudiobrasil.com.br\/en\/wp-json\/wp\/v2\/product\/3670\/revisions"}],"predecessor-version":[{"id":5711,"href":"https:\/\/www.uaudiobrasil.com.br\/en\/wp-json\/wp\/v2\/product\/3670\/revisions\/5711"}],"wp:featuredmedia":[{"embeddable":true,"href":"https:\/\/www.uaudiobrasil.com.br\/en\/wp-json\/wp\/v2\/media\/3673"}],"wp:attachment":[{"href":"https:\/\/www.uaudiobrasil.com.br\/en\/wp-json\/wp\/v2\/media?parent=3670"}],"wp:term":[{"taxonomy":"product_brand","embeddable":true,"href":"https:\/\/www.uaudiobrasil.com.br\/en\/wp-json\/wp\/v2\/product_brand?post=3670"},{"taxonomy":"product_cat","embeddable":true,"href":"https:\/\/www.uaudiobrasil.com.br\/en\/wp-json\/wp\/v2\/product_cat?post=3670"},{"taxonomy":"product_tag","embeddable":true,"href":"https:\/\/www.uaudiobrasil.com.br\/en\/wp-json\/wp\/v2\/product_tag?post=3670"}],"curies":[{"name":"wp","href":"https:\/\/api.w.org\/{rel}","templated":true}]}}