{"id":3643,"date":"2023-10-26T10:08:38","date_gmt":"2023-10-26T13:08:38","guid":{"rendered":"https:\/\/www.uaudiobrasil.com.br\/?post_type=product&#038;p=3643"},"modified":"2025-03-05T14:35:10","modified_gmt":"2025-03-05T17:35:10","slug":"pedal-de-guitarra-lion-68-super-lead-amp-universal-audio","status":"publish","type":"product","link":"https:\/\/www.uaudiobrasil.com.br\/en\/loja\/pedais-profissionais\/pedal-de-guitarra-lion-68-super-lead-amp-universal-audio\/","title":{"rendered":"Pedal de Guitarra Lion &#8217;68 Super Lead Amp Universal Audio"},"content":{"rendered":"<p>O pedal UAFX Lion &#8217;68 Super Lead Amp oferece os sons cl\u00e1ssicos de amplificador brit\u00e2nico que ficaram famosos por d\u00e9cadas de artistas lend\u00e1rios, incluindo Jimi Hendrix, Van Halen, Led Zeppelin, AC\/DC e muito mais. Lion &#8217;68 \u00e9 o \u00fanico pedal que oferece os tons perfeitos de tr\u00eas amplificadores plexi distintos de 100 watts. Constru\u00eddo com base no poderoso processamento de motor duplo e modelagem UAD de classe mundial, voc\u00ea obt\u00e9m todas as limpezas deslumbrantes, separa\u00e7\u00e3o agressiva e rugido hot rod dos originais.<\/p>\n<p>&nbsp;<\/p>\n<p><img fetchpriority=\"high\" decoding=\"async\" class=\"\" src=\"https:\/\/help.uaudio.com\/hc\/article_attachments\/20287565383188\" width=\"691\" height=\"504\" \/><\/p>\n<p><img decoding=\"async\" class=\"\" src=\"https:\/\/help.uaudio.com\/hc\/article_attachments\/20287565386004\" width=\"691\" height=\"266\" \/><\/p>\n<p>&nbsp;<\/p>\n<p>&nbsp;<\/p>\n<p>(fonte de alimenta\u00e7\u00e3o vendida separadamente)<br \/>\n9 VCC isolado, centro negativo, m\u00ednimo de 400 mA<br \/>\nEntradas: 2 x \u00bc\u201d TS n\u00e3o balanceado<br \/>\n(entrada 2 para conex\u00f5es est\u00e9reo)<br \/>\nSa\u00edda: 2 x \u00bc\u201d TS n\u00e3o balanceado<br \/>\n(sa\u00edda 2 para conex\u00f5es est\u00e9reo)<br \/>\nImped\u00e2ncia de entrada 500 Kilohms (Mono In)<br \/>\n1 Megaohms (entrada est\u00e9reo)<br \/>\nImped\u00e2ncia de sa\u00edda 500 Ohms<br \/>\nN\u00edvel m\u00e1ximo de entrada 12,2 dBu<br \/>\nN\u00edvel m\u00e1ximo de sa\u00edda 12,1 dBu<br \/>\nResposta de frequ\u00eancia de 20 Hz a 20 kHz, \u00b11 dB<br \/>\nUSB Type-C Para registro e atualiza\u00e7\u00f5es de firmware via computador<br \/>\nDimens\u00f5es: 6,5 x 9,2 x 14,1 cm<br \/>\nPeso (sem caixa) 0,588kg<\/p>\n<p>&nbsp;<\/p>","protected":false},"excerpt":{"rendered":"<p>O pedal UAFX Lion &#8217;68 Super Lead Amp oferece os sons cl\u00e1ssicos de amplificador brit\u00e2nico que ficaram famosos por d\u00e9cadas de artistas lend\u00e1rios, incluindo Jimi Hendrix, Van Halen, Led Zeppelin, AC\/DC e muito mais. Lion &#8217;68 \u00e9 o \u00fanico pedal que oferece os tons perfeitos de tr\u00eas amplificadores plexi distintos de 100 watts. Constru\u00eddo com base no poderoso processamento de motor duplo e modelagem UAD de classe mundial, voc\u00ea obt\u00e9m todas as limpezas deslumbrantes, separa\u00e7\u00e3o agressiva e rugido hot rod dos originais.<\/p>\n<p><img decoding=\"async\" class=\"alignnone size-medium wp-image-5695\" src=\"https:\/\/www.uaudiobrasil.com.br\/wp-content\/uploads\/2025\/03\/disclaimer.png\" alt=\"AV Pro Brasil\" width=\"100%\" \/><\/p>\n<h2>R$ 3.849,00<\/h2>","protected":false},"featured_media":3702,"comment_status":"closed","ping_status":"closed","template":"","meta":{"site-sidebar-layout":"default","site-content-layout":"default","ast-site-content-layout":"default","site-content-style":"default","site-sidebar-style":"default","ast-global-header-display":"","ast-banner-title-visibility":"","ast-main-header-display":"","ast-hfb-above-header-display":"","ast-hfb-below-header-display":"","ast-hfb-mobile-header-display":"","site-post-title":"","ast-breadcrumbs-content":"","ast-featured-img":"","footer-sml-layout":"","ast-disable-related-posts":"","theme-transparent-header-meta":"default","adv-header-id-meta":"","stick-header-meta":"","header-above-stick-meta":"","header-main-stick-meta":"","header-below-stick-meta":"","astra-migrate-meta-layouts":"set","ast-page-background-enabled":"default","ast-page-background-meta":{"desktop":{"background-color":"var(--ast-global-color-4)","background-image":"","background-repeat":"repeat","background-position":"center center","background-size":"auto","background-attachment":"scroll","background-type":"","background-media":"","overlay-type":"","overlay-color":"","overlay-opacity":"","overlay-gradient":""},"tablet":{"background-color":"","background-image":"","background-repeat":"repeat","background-position":"center center","background-size":"auto","background-attachment":"scroll","background-type":"","background-media":"","overlay-type":"","overlay-color":"","overlay-opacity":"","overlay-gradient":""},"mobile":{"background-color":"","background-image":"","background-repeat":"repeat","background-position":"center center","background-size":"auto","background-attachment":"scroll","background-type":"","background-media":"","overlay-type":"","overlay-color":"","overlay-opacity":"","overlay-gradient":""}},"ast-content-background-meta":{"desktop":{"background-color":"var(--ast-global-color-5)","background-image":"","background-repeat":"repeat","background-position":"center center","background-size":"auto","background-attachment":"scroll","background-type":"","background-media":"","overlay-type":"","overlay-color":"","overlay-opacity":"","overlay-gradient":""},"tablet":{"background-color":"var(--ast-global-color-5)","background-image":"","background-repeat":"repeat","background-position":"center center","background-size":"auto","background-attachment":"scroll","background-type":"","background-media":"","overlay-type":"","overlay-color":"","overlay-opacity":"","overlay-gradient":""},"mobile":{"background-color":"var(--ast-global-color-5)","background-image":"","background-repeat":"repeat","background-position":"center center","background-size":"auto","background-attachment":"scroll","background-type":"","background-media":"","overlay-type":"","overlay-color":"","overlay-opacity":"","overlay-gradient":""}},"_joinchat":[]},"product_brand":[],"product_cat":[58,17],"product_tag":[],"class_list":{"0":"post-3643","1":"product","2":"type-product","3":"status-publish","4":"has-post-thumbnail","6":"product_cat-pedais-profissionais","7":"product_cat-pedais-uafx","8":"desktop-align-left","9":"tablet-align-left","10":"mobile-align-left","12":"first","13":"instock","14":"shipping-taxable","15":"product-type-external"},"aioseo_notices":[],"jetpack_sharing_enabled":true,"_links":{"self":[{"href":"https:\/\/www.uaudiobrasil.com.br\/en\/wp-json\/wp\/v2\/product\/3643","targetHints":{"allow":["GET"]}}],"collection":[{"href":"https:\/\/www.uaudiobrasil.com.br\/en\/wp-json\/wp\/v2\/product"}],"about":[{"href":"https:\/\/www.uaudiobrasil.com.br\/en\/wp-json\/wp\/v2\/types\/product"}],"replies":[{"embeddable":true,"href":"https:\/\/www.uaudiobrasil.com.br\/en\/wp-json\/wp\/v2\/comments?post=3643"}],"version-history":[{"count":5,"href":"https:\/\/www.uaudiobrasil.com.br\/en\/wp-json\/wp\/v2\/product\/3643\/revisions"}],"predecessor-version":[{"id":5715,"href":"https:\/\/www.uaudiobrasil.com.br\/en\/wp-json\/wp\/v2\/product\/3643\/revisions\/5715"}],"wp:featuredmedia":[{"embeddable":true,"href":"https:\/\/www.uaudiobrasil.com.br\/en\/wp-json\/wp\/v2\/media\/3702"}],"wp:attachment":[{"href":"https:\/\/www.uaudiobrasil.com.br\/en\/wp-json\/wp\/v2\/media?parent=3643"}],"wp:term":[{"taxonomy":"product_brand","embeddable":true,"href":"https:\/\/www.uaudiobrasil.com.br\/en\/wp-json\/wp\/v2\/product_brand?post=3643"},{"taxonomy":"product_cat","embeddable":true,"href":"https:\/\/www.uaudiobrasil.com.br\/en\/wp-json\/wp\/v2\/product_cat?post=3643"},{"taxonomy":"product_tag","embeddable":true,"href":"https:\/\/www.uaudiobrasil.com.br\/en\/wp-json\/wp\/v2\/product_tag?post=3643"}],"curies":[{"name":"wp","href":"https:\/\/api.w.org\/{rel}","templated":true}]}}