{"id":3560,"date":"2023-09-27T10:26:00","date_gmt":"2023-09-27T13:26:00","guid":{"rendered":"https:\/\/www.uaudiobrasil.com.br\/?post_type=product&#038;p=3560"},"modified":"2025-03-05T14:35:10","modified_gmt":"2025-03-05T17:35:10","slug":"pedal-de-guitarra-ox-stomp-universal-audio","status":"publish","type":"product","link":"https:\/\/www.uaudiobrasil.com.br\/en\/loja\/pedais-profissionais\/pedal-de-guitarra-ox-stomp-universal-audio\/","title":{"rendered":"Pedal de Guitarra OX Stomp Universal Audio"},"content":{"rendered":"<h5>Ficando sobre os ombros do nosso premiado OX Amp Top Box, o pedal UAFX OX Stomp Dynamic Speaker Emulator oferece aos modeladores &#8220;amp-in-a-box&#8221; um est\u00fadio profissional repleto de gabinetes de guitarra aut\u00eanticos, microfones, modelagem de ambiente e efeitos de qualidade de est\u00fadio &#8211; tudo ao alcance dos seus p\u00e9s. Os sons do OX Stomp s\u00e3o cuidadosamente modelados e altamente edit\u00e1veis com o aplicativo m\u00f3vel UAFX Control.<\/h5>\n<p>&nbsp;<\/p>\n<p><img fetchpriority=\"high\" decoding=\"async\" class=\"\" src=\"https:\/\/help.uaudio.com\/hc\/article_attachments\/19510632799508\" alt=\"ox-stomp-qs@4x.png\" width=\"705\" height=\"531\" \/><\/p>\n<p>&nbsp;<\/p>\n<p><img decoding=\"async\" class=\"\" src=\"https:\/\/help.uaudio.com\/hc\/article_attachments\/16733273440916\" alt=\"non-amp-pedal-rear-connections.png\" width=\"659\" height=\"277\" \/><\/p>\n<p>&nbsp;<\/p>\n<p>(fonte de alimenta\u00e7\u00e3o vendida separadamente)<br \/>\n9 VCC isolado, centro negativo, m\u00ednimo de 400 mA<br \/>\nEntradas: 2 x \u00bc&#8221; TS n\u00e3o balanceado<br \/>\n(entrada 2 para conex\u00f5es est\u00e9reo)<br \/>\nSa\u00edda: 2 x \u00bc&#8221; TS n\u00e3o balanceado<br \/>\n(sa\u00edda 2 para conex\u00f5es est\u00e9reo)<br \/>\nImped\u00e2ncia de entrada 500 Kilohms (Mono In)<br \/>\n1 Megaohms (entrada est\u00e9reo)<br \/>\nImped\u00e2ncia de sa\u00edda 500 Ohms<br \/>\nN\u00edvel m\u00e1ximo de entrada 12,2 dBu<br \/>\nN\u00edvel m\u00e1ximo de sa\u00edda 12,1 dBu<br \/>\nResposta de frequ\u00eancia de 20 Hz a 20 kHz, \u00b11 dB<br \/>\nUSB Type-C Para registro e atualiza\u00e7\u00f5es de firmware via computador<br \/>\nDimens\u00f5es: 6,5 x 9,2 x 14,1 cm<br \/>\nPeso (sem caixa) 0,588kg<\/p>","protected":false},"excerpt":{"rendered":"<p>Ficando sobre os ombros do nosso premiado OX Amp Top Box, o pedal UAFX OX Stomp Dynamic Speaker Emulator oferece aos modeladores &#8220;amp-in-a-box&#8221; um est\u00fadio profissional repleto de gabinetes de guitarra aut\u00eanticos, microfones, modelagem de ambiente e efeitos de qualidade de est\u00fadio &#8211; tudo ao alcance dos seus p\u00e9s. Os sons do OX Stomp s\u00e3o cuidadosamente modelados e altamente edit\u00e1veis com o aplicativo m\u00f3vel UAFX Control.<\/p>\n<p><img decoding=\"async\" class=\"alignnone size-medium wp-image-5695\" src=\"https:\/\/www.uaudiobrasil.com.br\/wp-content\/uploads\/2025\/03\/disclaimer.png\" alt=\"AV Pro Brasil\" width=\"100%\" \/><\/p>\n<h2>R$ 3.849,00<\/h2>","protected":false},"featured_media":3561,"comment_status":"closed","ping_status":"closed","template":"","meta":{"site-sidebar-layout":"default","site-content-layout":"default","ast-site-content-layout":"default","site-content-style":"default","site-sidebar-style":"default","ast-global-header-display":"","ast-banner-title-visibility":"","ast-main-header-display":"","ast-hfb-above-header-display":"","ast-hfb-below-header-display":"","ast-hfb-mobile-header-display":"","site-post-title":"","ast-breadcrumbs-content":"","ast-featured-img":"","footer-sml-layout":"","ast-disable-related-posts":"","theme-transparent-header-meta":"default","adv-header-id-meta":"","stick-header-meta":"","header-above-stick-meta":"","header-main-stick-meta":"","header-below-stick-meta":"","astra-migrate-meta-layouts":"set","ast-page-background-enabled":"default","ast-page-background-meta":{"desktop":{"background-color":"var(--ast-global-color-4)","background-image":"","background-repeat":"repeat","background-position":"center center","background-size":"auto","background-attachment":"scroll","background-type":"","background-media":"","overlay-type":"","overlay-color":"","overlay-opacity":"","overlay-gradient":""},"tablet":{"background-color":"","background-image":"","background-repeat":"repeat","background-position":"center center","background-size":"auto","background-attachment":"scroll","background-type":"","background-media":"","overlay-type":"","overlay-color":"","overlay-opacity":"","overlay-gradient":""},"mobile":{"background-color":"","background-image":"","background-repeat":"repeat","background-position":"center center","background-size":"auto","background-attachment":"scroll","background-type":"","background-media":"","overlay-type":"","overlay-color":"","overlay-opacity":"","overlay-gradient":""}},"ast-content-background-meta":{"desktop":{"background-color":"var(--ast-global-color-5)","background-image":"","background-repeat":"repeat","background-position":"center center","background-size":"auto","background-attachment":"scroll","background-type":"","background-media":"","overlay-type":"","overlay-color":"","overlay-opacity":"","overlay-gradient":""},"tablet":{"background-color":"var(--ast-global-color-5)","background-image":"","background-repeat":"repeat","background-position":"center center","background-size":"auto","background-attachment":"scroll","background-type":"","background-media":"","overlay-type":"","overlay-color":"","overlay-opacity":"","overlay-gradient":""},"mobile":{"background-color":"var(--ast-global-color-5)","background-image":"","background-repeat":"repeat","background-position":"center center","background-size":"auto","background-attachment":"scroll","background-type":"","background-media":"","overlay-type":"","overlay-color":"","overlay-opacity":"","overlay-gradient":""}},"_joinchat":[]},"product_brand":[],"product_cat":[58,17],"product_tag":[],"class_list":{"0":"post-3560","1":"product","2":"type-product","3":"status-publish","4":"has-post-thumbnail","6":"product_cat-pedais-profissionais","7":"product_cat-pedais-uafx","8":"desktop-align-left","9":"tablet-align-left","10":"mobile-align-left","12":"first","13":"instock","14":"shipping-taxable","15":"product-type-external"},"aioseo_notices":[],"jetpack_sharing_enabled":true,"_links":{"self":[{"href":"https:\/\/www.uaudiobrasil.com.br\/en\/wp-json\/wp\/v2\/product\/3560","targetHints":{"allow":["GET"]}}],"collection":[{"href":"https:\/\/www.uaudiobrasil.com.br\/en\/wp-json\/wp\/v2\/product"}],"about":[{"href":"https:\/\/www.uaudiobrasil.com.br\/en\/wp-json\/wp\/v2\/types\/product"}],"replies":[{"embeddable":true,"href":"https:\/\/www.uaudiobrasil.com.br\/en\/wp-json\/wp\/v2\/comments?post=3560"}],"version-history":[{"count":12,"href":"https:\/\/www.uaudiobrasil.com.br\/en\/wp-json\/wp\/v2\/product\/3560\/revisions"}],"predecessor-version":[{"id":5717,"href":"https:\/\/www.uaudiobrasil.com.br\/en\/wp-json\/wp\/v2\/product\/3560\/revisions\/5717"}],"wp:featuredmedia":[{"embeddable":true,"href":"https:\/\/www.uaudiobrasil.com.br\/en\/wp-json\/wp\/v2\/media\/3561"}],"wp:attachment":[{"href":"https:\/\/www.uaudiobrasil.com.br\/en\/wp-json\/wp\/v2\/media?parent=3560"}],"wp:term":[{"taxonomy":"product_brand","embeddable":true,"href":"https:\/\/www.uaudiobrasil.com.br\/en\/wp-json\/wp\/v2\/product_brand?post=3560"},{"taxonomy":"product_cat","embeddable":true,"href":"https:\/\/www.uaudiobrasil.com.br\/en\/wp-json\/wp\/v2\/product_cat?post=3560"},{"taxonomy":"product_tag","embeddable":true,"href":"https:\/\/www.uaudiobrasil.com.br\/en\/wp-json\/wp\/v2\/product_tag?post=3560"}],"curies":[{"name":"wp","href":"https:\/\/api.w.org\/{rel}","templated":true}]}}