{"id":3425,"date":"2023-08-31T10:30:40","date_gmt":"2023-08-31T13:30:40","guid":{"rendered":"https:\/\/www.uaudiobrasil.com.br\/?post_type=product&#038;p=3425"},"modified":"2025-03-05T14:35:11","modified_gmt":"2025-03-05T17:35:11","slug":"pedal-de-guitarra-uafx-orion-tape-delay","status":"publish","type":"product","link":"https:\/\/www.uaudiobrasil.com.br\/en\/loja\/pedais-uafx\/pedal-de-guitarra-uafx-orion-tape-delay\/","title":{"rendered":"Pedal de Guitarra Uafx Orion Tape Delay"},"content":{"rendered":"<p>Orion Tape Echo O Orion Tape Echo oferece a voc\u00ea os efeitos m\u00e1gicos e nebulosos de atraso das antigas unidades de fita Maestro Echoplex EP-III dos anos 70, tudo em um pedal compacto.* Gra\u00e7as aos mesmos algoritmos premiados de nossa Starlight Echo Station, o Orion proporciona a voc\u00ea os ricos efeitos tridimensionais de um eco de fita vintage minuciosamente emulado \u2014 para timbres que superam todos os outros pedais compactos de eco de fita. Escolha entre tr\u00eas vers\u00f5es sonoramente distintas do EP-III com os tipos de fita Mint, Worn e Old para cor e atmosfera, e ajuste o controle Wonk para repeti\u00e7\u00f5es moduladas sutis a exc\u00eantricas e texturas de cortes de fita divertidos.<\/p>\n<p>Principais Caracter\u00edsticas Emula\u00e7\u00e3o aut\u00eantica de um eco de fita vintage Maestro Echoplex EP-III em um pedal compacto* Bypass verdadeiro ou com trails e pr\u00e9-amplificador comut\u00e1vel Pr\u00e9-amplificador anal\u00f3gico perfeitamente capturado para tons e efeitos gordos e impulsionados Tipos de fita selecion\u00e1veis Mint, Worn e Old para adicionar cor e textura Controle Wonk para repeti\u00e7\u00f5es moduladas e sons de cortes de fita cheios de atmosfera *Todas as marcas registradas s\u00e3o propriedade de seus respectivos propriet\u00e1rios e s\u00e3o usadas apenas para representar os efeitos modelados como parte do Orion Tape Echo.<\/p>\n<p>&nbsp;<\/p>\n<p><img fetchpriority=\"high\" decoding=\"async\" class=\"\" src=\"https:\/\/help.uaudio.com\/hc\/article_attachments\/18483514988820\" alt=\"qs-orion.png\" width=\"823\" height=\"494\" \/><\/p>\n<p><img decoding=\"async\" class=\"\" src=\"https:\/\/help.uaudio.com\/hc\/article_attachments\/18483514997780\" alt=\"orion-rear-panel.png\" width=\"901\" height=\"308\" \/><\/p>\n<p>&nbsp;<\/p>\n<p>&nbsp;<\/p>\n<h5>(fonte de alimenta\u00e7\u00e3o vendida separadamente)<\/h5>\n<h6>Isolado 9VDC, centro negativo, m\u00ednimo de 250 mA<br \/>\nEntradas TS desbalanceadas de \u00bc&#8221;<br \/>\nSa\u00eddas TS desbalanceadas de \u00bc&#8221;<br \/>\nImped\u00e2ncia de entrada 1 Megohm<br \/>\nImped\u00e2ncia de sa\u00edda 500 Ohms<br \/>\nN\u00edvel m\u00e1ximo de entrada 12.2 dBu<br \/>\nN\u00edvel m\u00e1ximo de sa\u00edda 12.2 dBu<br \/>\nResposta de frequ\u00eancia de 20 Hz a 20 kHz, \u00b11 dB<br \/>\nUSB Tipo-C Para registro e atualiza\u00e7\u00f5es de firmware via computador Dimens\u00f5es<br \/>\n(com bot\u00f5es e sali\u00eancias)<br \/>\nAltura: 2,29 polegadas, 5,81 cm<br \/>\nLargura: 2,58 polegadas, 6,55 cm<br \/>\nProfundidade: 4,75 polegadas, 12,07 cm<br \/>\nPeso (sem embalagem) 0,295 kg<\/h6>","protected":false},"excerpt":{"rendered":"<p>Orion Tape Echo O Orion Tape Echo oferece a voc\u00ea os efeitos m\u00e1gicos e nebulosos de atraso das antigas unidades de fita Maestro Echoplex EP-III dos anos 70, tudo em um pedal compacto.* Gra\u00e7as aos mesmos algoritmos premiados de nossa Starlight Echo Station, o Orion proporciona a voc\u00ea os ricos efeitos tridimensionais de um eco de fita vintage minuciosamente emulado \u2014 para timbres que superam todos os outros pedais compactos de eco de fita. Escolha entre tr\u00eas vers\u00f5es sonoramente distintas do EP-III com os tipos de fita Mint, Worn e Old para cor e atmosfera, e ajuste o controle Wonk para repeti\u00e7\u00f5es moduladas sutis a exc\u00eantricas e texturas de cortes de fita divertidos.<\/p>\n<p><img decoding=\"async\" class=\"alignnone size-medium wp-image-5695\" src=\"https:\/\/www.uaudiobrasil.com.br\/wp-content\/uploads\/2025\/03\/disclaimer.png\" alt=\"AV Pro Brasil\" width=\"100%\" \/><\/p>\n<h2>R$ 3.849,00<\/h2>","protected":false},"featured_media":3438,"comment_status":"closed","ping_status":"closed","template":"","meta":{"site-sidebar-layout":"default","site-content-layout":"","ast-site-content-layout":"default","site-content-style":"default","site-sidebar-style":"default","ast-global-header-display":"","ast-banner-title-visibility":"","ast-main-header-display":"","ast-hfb-above-header-display":"","ast-hfb-below-header-display":"","ast-hfb-mobile-header-display":"","site-post-title":"","ast-breadcrumbs-content":"","ast-featured-img":"","footer-sml-layout":"","ast-disable-related-posts":"","theme-transparent-header-meta":"default","adv-header-id-meta":"","stick-header-meta":"","header-above-stick-meta":"","header-main-stick-meta":"","header-below-stick-meta":"","astra-migrate-meta-layouts":"set","ast-page-background-enabled":"default","ast-page-background-meta":{"desktop":{"background-color":"var(--ast-global-color-4)","background-image":"","background-repeat":"repeat","background-position":"center center","background-size":"auto","background-attachment":"scroll","background-type":"","background-media":"","overlay-type":"","overlay-color":"","overlay-opacity":"","overlay-gradient":""},"tablet":{"background-color":"","background-image":"","background-repeat":"repeat","background-position":"center center","background-size":"auto","background-attachment":"scroll","background-type":"","background-media":"","overlay-type":"","overlay-color":"","overlay-opacity":"","overlay-gradient":""},"mobile":{"background-color":"","background-image":"","background-repeat":"repeat","background-position":"center center","background-size":"auto","background-attachment":"scroll","background-type":"","background-media":"","overlay-type":"","overlay-color":"","overlay-opacity":"","overlay-gradient":""}},"ast-content-background-meta":{"desktop":{"background-color":"var(--ast-global-color-5)","background-image":"","background-repeat":"repeat","background-position":"center center","background-size":"auto","background-attachment":"scroll","background-type":"","background-media":"","overlay-type":"","overlay-color":"","overlay-opacity":"","overlay-gradient":""},"tablet":{"background-color":"var(--ast-global-color-5)","background-image":"","background-repeat":"repeat","background-position":"center center","background-size":"auto","background-attachment":"scroll","background-type":"","background-media":"","overlay-type":"","overlay-color":"","overlay-opacity":"","overlay-gradient":""},"mobile":{"background-color":"var(--ast-global-color-5)","background-image":"","background-repeat":"repeat","background-position":"center center","background-size":"auto","background-attachment":"scroll","background-type":"","background-media":"","overlay-type":"","overlay-color":"","overlay-opacity":"","overlay-gradient":""}},"_joinchat":[]},"product_brand":[],"product_cat":[17],"product_tag":[],"class_list":{"0":"post-3425","1":"product","2":"type-product","3":"status-publish","4":"has-post-thumbnail","6":"product_cat-pedais-uafx","7":"desktop-align-left","8":"tablet-align-left","9":"mobile-align-left","11":"first","12":"instock","13":"shipping-taxable","14":"product-type-external"},"aioseo_notices":[],"jetpack_sharing_enabled":true,"_links":{"self":[{"href":"https:\/\/www.uaudiobrasil.com.br\/en\/wp-json\/wp\/v2\/product\/3425","targetHints":{"allow":["GET"]}}],"collection":[{"href":"https:\/\/www.uaudiobrasil.com.br\/en\/wp-json\/wp\/v2\/product"}],"about":[{"href":"https:\/\/www.uaudiobrasil.com.br\/en\/wp-json\/wp\/v2\/types\/product"}],"replies":[{"embeddable":true,"href":"https:\/\/www.uaudiobrasil.com.br\/en\/wp-json\/wp\/v2\/comments?post=3425"}],"version-history":[{"count":2,"href":"https:\/\/www.uaudiobrasil.com.br\/en\/wp-json\/wp\/v2\/product\/3425\/revisions"}],"predecessor-version":[{"id":5718,"href":"https:\/\/www.uaudiobrasil.com.br\/en\/wp-json\/wp\/v2\/product\/3425\/revisions\/5718"}],"wp:featuredmedia":[{"embeddable":true,"href":"https:\/\/www.uaudiobrasil.com.br\/en\/wp-json\/wp\/v2\/media\/3438"}],"wp:attachment":[{"href":"https:\/\/www.uaudiobrasil.com.br\/en\/wp-json\/wp\/v2\/media?parent=3425"}],"wp:term":[{"taxonomy":"product_brand","embeddable":true,"href":"https:\/\/www.uaudiobrasil.com.br\/en\/wp-json\/wp\/v2\/product_brand?post=3425"},{"taxonomy":"product_cat","embeddable":true,"href":"https:\/\/www.uaudiobrasil.com.br\/en\/wp-json\/wp\/v2\/product_cat?post=3425"},{"taxonomy":"product_tag","embeddable":true,"href":"https:\/\/www.uaudiobrasil.com.br\/en\/wp-json\/wp\/v2\/product_tag?post=3425"}],"curies":[{"name":"wp","href":"https:\/\/api.w.org\/{rel}","templated":true}]}}