{"id":3424,"date":"2023-08-31T10:30:39","date_gmt":"2023-08-31T13:30:39","guid":{"rendered":"https:\/\/www.uaudiobrasil.com.br\/?post_type=product&#038;p=3424"},"modified":"2025-03-05T14:35:11","modified_gmt":"2025-03-05T17:35:11","slug":"pedal-de-guitarra-uafx-heavenly-studio-reverb","status":"publish","type":"product","link":"https:\/\/www.uaudiobrasil.com.br\/en\/loja\/interno\/pedal-de-guitarra-uafx-heavenly-studio-reverb\/","title":{"rendered":"Pedal de Guitarra Uafx Heavenly Studio Reverb"},"content":{"rendered":"<p>Vis\u00e3o Geral do Heavenly Studio Reverb Nascido do premiado Golden Reverberator, o Heavenly Plate Reverb oferece a voc\u00ea a ambi\u00eancia envolvente das cl\u00e1ssicas placas de est\u00fadio ouvidas em incont\u00e1veis discos de sucesso, tudo em um pedal compacto. O Heavenly proporciona a voc\u00ea as ricas texturas imersivas dos reverbs de placas de est\u00fadio fabricados na Alemanha nos anos 1950, com um som denso e melanc\u00f3lico que supera outros pedais de efeito de &#8220;placa&#8221;.<\/p>\n<p>O Heavenly inclui configura\u00e7\u00f5es Vintage Bright, Vintage Dark e Modern Full range para uma variedade de sons de reverb de placa cl\u00e1ssicos. Obtenha rapidamente a ambi\u00eancia perfeita, tonalidade e dimens\u00e3o com controles simples de Pr\u00e9-Delay, EQ, Modula\u00e7\u00e3o e Taxa.<\/p>\n<p>Principais Caracter\u00edsticas Tr\u00eas aut\u00eanticos reverbs de placa de est\u00fadio vintage usados em in\u00fameros \u00e1lbuns cl\u00e1ssicos Bypass verdadeiro ou com trails e pr\u00e9-delay comut\u00e1vel Configura\u00e7\u00f5es selecion\u00e1veis de placa Vintage Bright, Vintage Dark e Modern Full Controles de Modula\u00e7\u00e3o, Pr\u00e9-Delay, EQ e taxa lenta\/r\u00e1pida para esculpir o efeito detalhadamente<\/p>\n<p><img fetchpriority=\"high\" decoding=\"async\" class=\"\" src=\"https:\/\/help.uaudio.com\/hc\/article_attachments\/18481981693972\" alt=\"qs-heavenly.png\" width=\"814\" height=\"480\" \/><\/p>\n<p>&nbsp;<\/p>\n<p><img decoding=\"async\" class=\"\" src=\"https:\/\/help.uaudio.com\/hc\/article_attachments\/18482407778580\" alt=\"heavenly-rear-panel.png\" width=\"846\" height=\"251\" \/><\/p>\n<p>&nbsp;<\/p>\n<h5>(fonte de alimenta\u00e7\u00e3o vendida separadamente)<\/h5>\n<h6>Isolado 9VDC, centro negativo, m\u00ednimo de 250 mA<br \/>\nEntradas TS desbalanceadas de \u00bc&#8221;<br \/>\nSa\u00eddas TS desbalanceadas de \u00bc&#8221;<br \/>\nImped\u00e2ncia de entrada 1 Megohm<br \/>\nImped\u00e2ncia de sa\u00edda 500 Ohms<br \/>\nN\u00edvel m\u00e1ximo de entrada 12.2 dBu<br \/>\nN\u00edvel m\u00e1ximo de sa\u00edda 12.2 dBu<br \/>\nResposta de frequ\u00eancia de 20 Hz a 20 kHz, \u00b11 dB<br \/>\nUSB Tipo-C Para registro e atualiza\u00e7\u00f5es de firmware via computador Dimens\u00f5es<br \/>\n(com bot\u00f5es e sali\u00eancias)<br \/>\nAltura: 2,29 polegadas, 5,81 cm<br \/>\nLargura: 2,58 polegadas, 6,55 cm<br \/>\nProfundidade: 4,75 polegadas, 12,07 cm<br \/>\nPeso (sem embalagem) 0,295 kg<\/h6>","protected":false},"excerpt":{"rendered":"<p>Vis\u00e3o Geral do Heavenly Studio Reverb Nascido do premiado Golden Reverberator, o Heavenly Plate Reverb oferece a voc\u00ea a ambi\u00eancia envolvente das cl\u00e1ssicas placas de est\u00fadio ouvidas em incont\u00e1veis discos de sucesso, tudo em um pedal compacto. O Heavenly proporciona a voc\u00ea as ricas texturas imersivas dos reverbs de placas de est\u00fadio fabricados na Alemanha nos anos 1950, com um som denso e melanc\u00f3lico que supera outros pedais de efeito de &#8220;placa&#8221;.<\/p>\n<p><img decoding=\"async\" class=\"alignnone size-medium wp-image-5695\" src=\"https:\/\/www.uaudiobrasil.com.br\/wp-content\/uploads\/2025\/03\/disclaimer.png\" alt=\"AV Pro Brasil\" width=\"100%\" \/><\/p>\n<h2>R$ 2.079,00<\/h2>","protected":false},"featured_media":3434,"comment_status":"closed","ping_status":"closed","template":"","meta":{"site-sidebar-layout":"default","site-content-layout":"","ast-site-content-layout":"default","site-content-style":"default","site-sidebar-style":"default","ast-global-header-display":"","ast-banner-title-visibility":"","ast-main-header-display":"","ast-hfb-above-header-display":"","ast-hfb-below-header-display":"","ast-hfb-mobile-header-display":"","site-post-title":"","ast-breadcrumbs-content":"","ast-featured-img":"","footer-sml-layout":"","ast-disable-related-posts":"","theme-transparent-header-meta":"default","adv-header-id-meta":"","stick-header-meta":"","header-above-stick-meta":"","header-main-stick-meta":"","header-below-stick-meta":"","astra-migrate-meta-layouts":"set","ast-page-background-enabled":"default","ast-page-background-meta":{"desktop":{"background-color":"var(--ast-global-color-4)","background-image":"","background-repeat":"repeat","background-position":"center center","background-size":"auto","background-attachment":"scroll","background-type":"","background-media":"","overlay-type":"","overlay-color":"","overlay-opacity":"","overlay-gradient":""},"tablet":{"background-color":"","background-image":"","background-repeat":"repeat","background-position":"center center","background-size":"auto","background-attachment":"scroll","background-type":"","background-media":"","overlay-type":"","overlay-color":"","overlay-opacity":"","overlay-gradient":""},"mobile":{"background-color":"","background-image":"","background-repeat":"repeat","background-position":"center center","background-size":"auto","background-attachment":"scroll","background-type":"","background-media":"","overlay-type":"","overlay-color":"","overlay-opacity":"","overlay-gradient":""}},"ast-content-background-meta":{"desktop":{"background-color":"var(--ast-global-color-5)","background-image":"","background-repeat":"repeat","background-position":"center center","background-size":"auto","background-attachment":"scroll","background-type":"","background-media":"","overlay-type":"","overlay-color":"","overlay-opacity":"","overlay-gradient":""},"tablet":{"background-color":"var(--ast-global-color-5)","background-image":"","background-repeat":"repeat","background-position":"center center","background-size":"auto","background-attachment":"scroll","background-type":"","background-media":"","overlay-type":"","overlay-color":"","overlay-opacity":"","overlay-gradient":""},"mobile":{"background-color":"var(--ast-global-color-5)","background-image":"","background-repeat":"repeat","background-position":"center center","background-size":"auto","background-attachment":"scroll","background-type":"","background-media":"","overlay-type":"","overlay-color":"","overlay-opacity":"","overlay-gradient":""}},"_joinchat":[]},"product_brand":[],"product_cat":[57,17],"product_tag":[],"class_list":{"0":"post-3424","1":"product","2":"type-product","3":"status-publish","4":"has-post-thumbnail","6":"product_cat-interno","7":"product_cat-pedais-uafx","8":"desktop-align-left","9":"tablet-align-left","10":"mobile-align-left","12":"first","13":"instock","14":"shipping-taxable","15":"product-type-external"},"aioseo_notices":[],"jetpack_sharing_enabled":true,"_links":{"self":[{"href":"https:\/\/www.uaudiobrasil.com.br\/en\/wp-json\/wp\/v2\/product\/3424","targetHints":{"allow":["GET"]}}],"collection":[{"href":"https:\/\/www.uaudiobrasil.com.br\/en\/wp-json\/wp\/v2\/product"}],"about":[{"href":"https:\/\/www.uaudiobrasil.com.br\/en\/wp-json\/wp\/v2\/types\/product"}],"replies":[{"embeddable":true,"href":"https:\/\/www.uaudiobrasil.com.br\/en\/wp-json\/wp\/v2\/comments?post=3424"}],"version-history":[{"count":4,"href":"https:\/\/www.uaudiobrasil.com.br\/en\/wp-json\/wp\/v2\/product\/3424\/revisions"}],"predecessor-version":[{"id":5719,"href":"https:\/\/www.uaudiobrasil.com.br\/en\/wp-json\/wp\/v2\/product\/3424\/revisions\/5719"}],"wp:featuredmedia":[{"embeddable":true,"href":"https:\/\/www.uaudiobrasil.com.br\/en\/wp-json\/wp\/v2\/media\/3434"}],"wp:attachment":[{"href":"https:\/\/www.uaudiobrasil.com.br\/en\/wp-json\/wp\/v2\/media?parent=3424"}],"wp:term":[{"taxonomy":"product_brand","embeddable":true,"href":"https:\/\/www.uaudiobrasil.com.br\/en\/wp-json\/wp\/v2\/product_brand?post=3424"},{"taxonomy":"product_cat","embeddable":true,"href":"https:\/\/www.uaudiobrasil.com.br\/en\/wp-json\/wp\/v2\/product_cat?post=3424"},{"taxonomy":"product_tag","embeddable":true,"href":"https:\/\/www.uaudiobrasil.com.br\/en\/wp-json\/wp\/v2\/product_tag?post=3424"}],"curies":[{"name":"wp","href":"https:\/\/api.w.org\/{rel}","templated":true}]}}