{"id":3423,"date":"2023-08-31T10:30:39","date_gmt":"2023-08-31T13:30:39","guid":{"rendered":"https:\/\/www.uaudiobrasil.com.br\/?post_type=product&#038;p=3423"},"modified":"2025-03-05T14:35:11","modified_gmt":"2025-03-05T17:35:11","slug":"pedal-de-guitarra-uafx-1176-studio-compressor","status":"publish","type":"product","link":"https:\/\/www.uaudiobrasil.com.br\/en\/loja\/interno\/pedal-de-guitarra-uafx-1176-studio-compressor\/","title":{"rendered":"Pedal de Guitarra Uafx 1176 Studio Compressor"},"content":{"rendered":"<div class=\"group w-full text-token-text-primary border-b border-black\/10 dark:border-gray-900\/50 bg-gray-50 dark:bg-[#444654]\" data-testid=\"conversation-turn-13\">\n<div class=\"p-4 justify-center text-base md:gap-6 md:py-6 lg:px-0 m-auto\">\n<div class=\"flex flex-1 gap-4 text-base mx-auto md:gap-6 md:max-w-2xl lg:max-w-[38rem] xl:max-w-3xl }\">\n<div class=\"relative flex w-[calc(100%-50px)] flex-col gap-1 md:gap-3 lg:w-[calc(100%-115px)]\">\n<div class=\"flex flex-grow flex-col gap-3 max-w-full\">\n<div class=\"min-h-[20px] flex flex-col items-start gap-3 overflow-x-auto whitespace-pre-wrap break-words\">\n<div class=\"markdown prose w-full break-words dark:prose-invert light\">\n<p>Vis\u00e3o Geral do UAFX 1176 Studio Compressor Introduzido em 1967, o Universal Audio 1176 continua sendo o rei da limita\u00e7\u00e3o de \u00e1udio, presente em mais discos cl\u00e1ssicos do que qualquer outro compressor. Constru\u00eddo sobre a potente plataforma UAFX, o 1176 Studio Compressor oferece os mesmos tons impactantes e expressivos do renomado hardware, agora em um pedal compacto.<\/p>\n<p>O 1176 apresenta controles individuais para entrada, sa\u00edda, ataque, libera\u00e7\u00e3o e taxa de compress\u00e3o, incluindo a configura\u00e7\u00e3o \u00fanica &#8220;all buttons in&#8221; (todos os bot\u00f5es pressionados). O 1176 inclui tr\u00eas tipos de compress\u00e3o baseados em aplica\u00e7\u00f5es cl\u00e1ssicas do 1176 \u2014 Single, Dual e Sustain. O bypass verdadeiro e em buffer, juntamente com um modo paralelo exclusivo, tamb\u00e9m est\u00e3o dispon\u00edveis.<\/p>\n<p>Principais Caracter\u00edsticas Emula\u00e7\u00e3o aut\u00eantica do Limiting Amplifier 1176LN em um pedal compacto Bypass verdadeiro ou em buffer comut\u00e1vel e modo de compress\u00e3o paralela Tipos Single, Dual e Sustain para compress\u00e3o \u00fanica e sons de ganho Configura\u00e7\u00f5es de Entrada, Sa\u00edda, Ataque e Libera\u00e7\u00e3o fi\u00e9is ao hardware original 1176 Bot\u00e3o de taxa de compress\u00e3o inclui configura\u00e7\u00e3o exclusiva &#8220;all buttons in&#8221; para texturas comprimidas e granuladas<\/p>\n<\/div>\n<\/div>\n<\/div>\n<div class=\"flex justify-between lg:block\">\n<div class=\"text-gray-400 flex self-end lg:self-center justify-center mt-2 gap-2 md:gap-3 lg:gap-1 lg:absolute lg:top-0 lg:translate-x-full lg:right-0 lg:mt-0 lg:pl-2 visible\">\n<p>&nbsp;<\/p>\n<div class=\"flex gap-1\"><img fetchpriority=\"high\" decoding=\"async\" class=\"alignnone\" src=\"https:\/\/help.uaudio.com\/hc\/article_attachments\/18477609422612\" alt=\"qs-1176.png\" width=\"816\" height=\"447\" \/><\/div>\n<\/div>\n<\/div>\n<\/div>\n<\/div>\n<\/div>\n<\/div>\n<p>&nbsp;<\/p>\n<p><img decoding=\"async\" class=\"\" src=\"https:\/\/help.uaudio.com\/hc\/article_attachments\/18478710657812\" alt=\"1176-rear-panel.png\" width=\"840\" height=\"248\" \/><\/p>\n<p>&nbsp;<\/p>\n<p>&nbsp;<\/p>\n<h5>(fonte de alimenta\u00e7\u00e3o vendida separadamente)<\/h5>\n<h6>Isolado 9VDC, centro negativo, m\u00ednimo de 250 mA<br \/>\nEntradas TS desbalanceadas de \u00bc&#8221;<br \/>\nSa\u00eddas TS desbalanceadas de \u00bc&#8221;<br \/>\nImped\u00e2ncia de entrada 1 Megohm<br \/>\nImped\u00e2ncia de sa\u00edda 500 Ohms<br \/>\nN\u00edvel m\u00e1ximo de entrada 12.2 dBu<br \/>\nN\u00edvel m\u00e1ximo de sa\u00edda 12.2 dBu<br \/>\nResposta de frequ\u00eancia de 20 Hz a 20 kHz, \u00b11 dB<br \/>\nUSB Tipo-C Para registro e atualiza\u00e7\u00f5es de firmware via computador Dimens\u00f5es<br \/>\n(com bot\u00f5es e sali\u00eancias)<br \/>\nAltura: 2,29 polegadas, 5,81 cm<br \/>\nLargura: 2,58 polegadas, 6,55 cm<br \/>\nProfundidade: 4,75 polegadas, 12,07 cm<br \/>\nPeso (sem embalagem) 0,295 kg<\/h6>\n","protected":false},"excerpt":{"rendered":"<p>Vis\u00e3o Geral do UAFX 1176 Studio Compressor Introduzido em 1967, o Universal Audio 1176 continua sendo o rei da limita\u00e7\u00e3o de \u00e1udio, presente em mais discos cl\u00e1ssicos do que qualquer outro compressor. Constru\u00eddo sobre a potente plataforma UAFX, o 1176 Studio Compressor oferece os mesmos tons impactantes e expressivos do renomado hardware, agora em um pedal compacto.<\/p>\n<p>O 1176 apresenta controles individuais para entrada, sa\u00edda, ataque, libera\u00e7\u00e3o e taxa de compress\u00e3o, incluindo a configura\u00e7\u00e3o \u00fanica &#8220;all buttons in&#8221; (todos os bot\u00f5es pressionados). O 1176 inclui tr\u00eas tipos de compress\u00e3o baseados em aplica\u00e7\u00f5es cl\u00e1ssicas do 1176 \u2014 Single, Dual e Sustain. O bypass verdadeiro e em buffer, juntamente com um modo paralelo exclusivo, tamb\u00e9m est\u00e3o dispon\u00edveis.<\/p>\n<p><img decoding=\"async\" class=\"alignnone size-medium wp-image-5695\" src=\"https:\/\/www.uaudiobrasil.com.br\/wp-content\/uploads\/2025\/03\/disclaimer.png\" alt=\"AV Pro Brasil\" width=\"100%\" \/><\/p>\n<h2>R$ 1.979,00<\/h2>","protected":false},"featured_media":3430,"comment_status":"closed","ping_status":"closed","template":"","meta":{"site-sidebar-layout":"default","site-content-layout":"","ast-site-content-layout":"default","site-content-style":"default","site-sidebar-style":"default","ast-global-header-display":"","ast-banner-title-visibility":"","ast-main-header-display":"","ast-hfb-above-header-display":"","ast-hfb-below-header-display":"","ast-hfb-mobile-header-display":"","site-post-title":"","ast-breadcrumbs-content":"","ast-featured-img":"","footer-sml-layout":"","ast-disable-related-posts":"","theme-transparent-header-meta":"default","adv-header-id-meta":"","stick-header-meta":"","header-above-stick-meta":"","header-main-stick-meta":"","header-below-stick-meta":"","astra-migrate-meta-layouts":"set","ast-page-background-enabled":"default","ast-page-background-meta":{"desktop":{"background-color":"var(--ast-global-color-4)","background-image":"","background-repeat":"repeat","background-position":"center center","background-size":"auto","background-attachment":"scroll","background-type":"","background-media":"","overlay-type":"","overlay-color":"","overlay-opacity":"","overlay-gradient":""},"tablet":{"background-color":"","background-image":"","background-repeat":"repeat","background-position":"center center","background-size":"auto","background-attachment":"scroll","background-type":"","background-media":"","overlay-type":"","overlay-color":"","overlay-opacity":"","overlay-gradient":""},"mobile":{"background-color":"","background-image":"","background-repeat":"repeat","background-position":"center center","background-size":"auto","background-attachment":"scroll","background-type":"","background-media":"","overlay-type":"","overlay-color":"","overlay-opacity":"","overlay-gradient":""}},"ast-content-background-meta":{"desktop":{"background-color":"var(--ast-global-color-5)","background-image":"","background-repeat":"repeat","background-position":"center center","background-size":"auto","background-attachment":"scroll","background-type":"","background-media":"","overlay-type":"","overlay-color":"","overlay-opacity":"","overlay-gradient":""},"tablet":{"background-color":"var(--ast-global-color-5)","background-image":"","background-repeat":"repeat","background-position":"center center","background-size":"auto","background-attachment":"scroll","background-type":"","background-media":"","overlay-type":"","overlay-color":"","overlay-opacity":"","overlay-gradient":""},"mobile":{"background-color":"var(--ast-global-color-5)","background-image":"","background-repeat":"repeat","background-position":"center center","background-size":"auto","background-attachment":"scroll","background-type":"","background-media":"","overlay-type":"","overlay-color":"","overlay-opacity":"","overlay-gradient":""}},"_joinchat":[]},"product_brand":[],"product_cat":[57,17],"product_tag":[],"class_list":{"0":"post-3423","1":"product","2":"type-product","3":"status-publish","4":"has-post-thumbnail","6":"product_cat-interno","7":"product_cat-pedais-uafx","8":"desktop-align-left","9":"tablet-align-left","10":"mobile-align-left","12":"first","13":"instock","14":"shipping-taxable","15":"product-type-external"},"aioseo_notices":[],"jetpack_sharing_enabled":true,"_links":{"self":[{"href":"https:\/\/www.uaudiobrasil.com.br\/en\/wp-json\/wp\/v2\/product\/3423","targetHints":{"allow":["GET"]}}],"collection":[{"href":"https:\/\/www.uaudiobrasil.com.br\/en\/wp-json\/wp\/v2\/product"}],"about":[{"href":"https:\/\/www.uaudiobrasil.com.br\/en\/wp-json\/wp\/v2\/types\/product"}],"replies":[{"embeddable":true,"href":"https:\/\/www.uaudiobrasil.com.br\/en\/wp-json\/wp\/v2\/comments?post=3423"}],"version-history":[{"count":3,"href":"https:\/\/www.uaudiobrasil.com.br\/en\/wp-json\/wp\/v2\/product\/3423\/revisions"}],"predecessor-version":[{"id":5722,"href":"https:\/\/www.uaudiobrasil.com.br\/en\/wp-json\/wp\/v2\/product\/3423\/revisions\/5722"}],"wp:featuredmedia":[{"embeddable":true,"href":"https:\/\/www.uaudiobrasil.com.br\/en\/wp-json\/wp\/v2\/media\/3430"}],"wp:attachment":[{"href":"https:\/\/www.uaudiobrasil.com.br\/en\/wp-json\/wp\/v2\/media?parent=3423"}],"wp:term":[{"taxonomy":"product_brand","embeddable":true,"href":"https:\/\/www.uaudiobrasil.com.br\/en\/wp-json\/wp\/v2\/product_brand?post=3423"},{"taxonomy":"product_cat","embeddable":true,"href":"https:\/\/www.uaudiobrasil.com.br\/en\/wp-json\/wp\/v2\/product_cat?post=3423"},{"taxonomy":"product_tag","embeddable":true,"href":"https:\/\/www.uaudiobrasil.com.br\/en\/wp-json\/wp\/v2\/product_tag?post=3423"}],"curies":[{"name":"wp","href":"https:\/\/api.w.org\/{rel}","templated":true}]}}