{"id":3348,"date":"2023-07-06T17:27:53","date_gmt":"2023-07-06T20:27:53","guid":{"rendered":"https:\/\/www.uaudiobrasil.com.br\/?post_type=product&#038;p=3348"},"modified":"2025-03-05T14:35:11","modified_gmt":"2025-03-05T17:35:11","slug":"microfone-sphere-lx-modeling-microphone-universal-audio","status":"publish","type":"product","link":"https:\/\/www.uaudiobrasil.com.br\/en\/loja\/microfones\/microfone-sphere-lx-modeling-microphone-universal-audio\/","title":{"rendered":"Microfone Sphere LX Modeling Microphone Universal \u00c1udio"},"content":{"rendered":"<div style=\"font-family: Arial, sans-serif; color: #333; line-height: 1.6;\">\n<h2 style=\"color: #333; border-bottom: 2px solid #333; padding-bottom: 10px;\">Universal Audio Sphere LX Modeling Microphone<\/h2>\n<p>O <strong>Universal Audio Sphere LX Modeling Microphone<\/strong> combina um microfone condensador de grande diafragma com o plug-in Sphere LX para modelar com precis\u00e3o 20 dos microfones vintage mais cobi\u00e7ados, incluindo Neumann, Telefunken, AKG e outros. Experimentar e alternar entre microfones durante uma sess\u00e3o pode ser tedioso, mas gra\u00e7as ao plug-in, voc\u00ea pode mudar o tipo de microfone, o padr\u00e3o polar, reduzir a interfer\u00eancia, a colora\u00e7\u00e3o da sala e at\u00e9 ajustar o efeito de proximidade\u2014seja durante ou ap\u00f3s a grava\u00e7\u00e3o de vocais, guitarras ac\u00fasticas e el\u00e9tricas, instrumentos de cordas e sopro, percuss\u00e3o, som ambiente, e muito mais.<\/p>\n<p><img data-recalc-dims=\"1\" fetchpriority=\"high\" decoding=\"async\" width=\"300\" height=\"169\" class=\"wp-image-4241 alignleft\" style=\"width: 48%; height: auto; margin: 10px 2% 10px 0; float: left;\" src=\"https:\/\/i0.wp.com\/www.uaudiobrasil.com.br\/wp-content\/uploads\/2023\/07\/UA-Sphere-LX_Enviro-3-300x169.webp?resize=300%2C169&#038;ssl=1\" alt=\"Microfone Sphere LX\" srcset=\"https:\/\/i0.wp.com\/www.uaudiobrasil.com.br\/wp-content\/uploads\/2023\/07\/UA-Sphere-LX_Enviro-3-jpg.webp?resize=300%2C169&amp;ssl=1 300w, https:\/\/i0.wp.com\/www.uaudiobrasil.com.br\/wp-content\/uploads\/2023\/07\/UA-Sphere-LX_Enviro-3-jpg.webp?resize=1024%2C576&amp;ssl=1 1024w, https:\/\/i0.wp.com\/www.uaudiobrasil.com.br\/wp-content\/uploads\/2023\/07\/UA-Sphere-LX_Enviro-3-jpg.webp?resize=768%2C432&amp;ssl=1 768w, https:\/\/i0.wp.com\/www.uaudiobrasil.com.br\/wp-content\/uploads\/2023\/07\/UA-Sphere-LX_Enviro-3-jpg.webp?resize=1536%2C864&amp;ssl=1 1536w, https:\/\/i0.wp.com\/www.uaudiobrasil.com.br\/wp-content\/uploads\/2023\/07\/UA-Sphere-LX_Enviro-3-jpg.webp?resize=18%2C10&amp;ssl=1 18w, https:\/\/i0.wp.com\/www.uaudiobrasil.com.br\/wp-content\/uploads\/2023\/07\/UA-Sphere-LX_Enviro-3-jpg.webp?resize=800%2C450&amp;ssl=1 800w, https:\/\/i0.wp.com\/www.uaudiobrasil.com.br\/wp-content\/uploads\/2023\/07\/UA-Sphere-LX_Enviro-3-jpg.webp?w=1974&amp;ssl=1 1974w\" sizes=\"(max-width: 300px) 100vw, 300px\" \/><\/p>\n<p>O <strong>Sphere LX<\/strong> \u00e9 um microfone de c\u00e1psula dupla com sa\u00eddas duplas, projetado sob medida para capturar o campo sonoro tridimensional com detalhes exatos\u2014including informa\u00e7\u00f5es direcionais e de dist\u00e2ncia que, de outra forma, seriam perdidas com um microfone convencional de canal \u00fanico. Extremamente robusto, o microfone pode lidar com mais de 145 dB SPL antes de distorcer e n\u00e3o ser\u00e1 danificado por altos SPLs ou rajadas de ar, como pode ocorrer com alguns microfones vintage. Ele tamb\u00e9m possui um n\u00edvel de ru\u00eddo pr\u00f3prio de 10 dB-A SPL, bem abaixo da maioria dos microfones vintage e compar\u00e1vel a muitos dos melhores microfones modernos.<\/p>\n<p><img data-recalc-dims=\"1\" decoding=\"async\" width=\"300\" height=\"169\" class=\"wp-image-4244 alignright\" style=\"width: 48%; height: auto; margin: 10px 0 10px 2%; float: right;\" src=\"https:\/\/i0.wp.com\/www.uaudiobrasil.com.br\/wp-content\/uploads\/2023\/07\/UA-Sphere-LX_Desktop-300x169.webp?resize=300%2C169&#038;ssl=1\" alt=\"Sphere LX em um setup\" srcset=\"https:\/\/i0.wp.com\/www.uaudiobrasil.com.br\/wp-content\/uploads\/2023\/07\/UA-Sphere-LX_Desktop-jpg.webp?resize=300%2C169&amp;ssl=1 300w, https:\/\/i0.wp.com\/www.uaudiobrasil.com.br\/wp-content\/uploads\/2023\/07\/UA-Sphere-LX_Desktop-jpg.webp?resize=1024%2C576&amp;ssl=1 1024w, https:\/\/i0.wp.com\/www.uaudiobrasil.com.br\/wp-content\/uploads\/2023\/07\/UA-Sphere-LX_Desktop-jpg.webp?resize=768%2C432&amp;ssl=1 768w, https:\/\/i0.wp.com\/www.uaudiobrasil.com.br\/wp-content\/uploads\/2023\/07\/UA-Sphere-LX_Desktop-jpg.webp?resize=1536%2C864&amp;ssl=1 1536w, https:\/\/i0.wp.com\/www.uaudiobrasil.com.br\/wp-content\/uploads\/2023\/07\/UA-Sphere-LX_Desktop-jpg.webp?resize=2048%2C1152&amp;ssl=1 2048w, https:\/\/i0.wp.com\/www.uaudiobrasil.com.br\/wp-content\/uploads\/2023\/07\/UA-Sphere-LX_Desktop-jpg.webp?resize=18%2C10&amp;ssl=1 18w, https:\/\/i0.wp.com\/www.uaudiobrasil.com.br\/wp-content\/uploads\/2023\/07\/UA-Sphere-LX_Desktop-jpg.webp?resize=800%2C450&amp;ssl=1 800w\" sizes=\"(max-width: 300px) 100vw, 300px\" \/><\/p>\n<p>Para operar o microfone com o plug-in, s\u00e3o necess\u00e1rias duas entradas de pr\u00e9-amplificador de microfone XLR, pois toda a modelagem de microfone e outras fun\u00e7\u00f5es avan\u00e7adas de DSP ocorrem no software Sphere LX. Vale ressaltar que o microfone tamb\u00e9m pode ser usado como um microfone condensador padr\u00e3o (sem modelagem) com apenas um pr\u00e9-amplificador de microfone XLR.<\/p>\n<div style=\"clear: both; margin-top: 20px; padding: 15px; background-color: #f9f9f9; border-left: 4px solid #333;\">\n<p><strong>Principais caracter\u00edsticas:<\/strong><\/p>\n<ul style=\"list-style-type: disc; padding-left: 20px;\">\n<li>Microfone condensador de grande diafragma com c\u00e1psula dupla<\/li>\n<li>Modela 20 microfones vintage ic\u00f4nicos, como Neumann, Telefunken e AKG<\/li>\n<li>Suporta SPL acima de 145 dB sem distor\u00e7\u00e3o<\/li>\n<li>N\u00edvel de ru\u00eddo pr\u00f3prio de 10 dB-A SPL<\/li>\n<li>Compat\u00edvel com o plug-in Sphere LX para modelagem avan\u00e7ada<\/li>\n<li>Pode ser usado como microfone condensador padr\u00e3o<\/li>\n<\/ul>\n<\/div>\n<div style=\"margin-top: 30px;\">\n<div class=\"playerContainer_e5OiOIyzu8\" style=\"height: 452px;\"><iframe src=\"https:\/\/w.soundcloud.com\/player\/?url=https:\/\/soundcloud.com\/universal-audio\/sets\/townsend-labs-sphere-l22-tm?si=d55c59c308754ea087737406d7ac4501&amp;utm_source=clipboard&amp;utm_medium=text&amp;utm_campaign=social_sharing&amp;buying=false\" width=\"100%\" height=\"100%\" frameborder=\"no\" data-selenium=\"SoundTrackWidgetIframe\" data-gtm-yt-inspected-4=\"true\"><\/iframe><\/div>\n<\/div>\n<div style=\"padding: 20px; background-color: #f9f9f9; border-left: 4px solid #333; margin-top: 20px; line-height: 1.8;\">\n<h3 style=\"color: #333; margin-bottom: 15px;\">Pegue as Chaves para o Melhor Arm\u00e1rio de Microfones<\/h3>\n<p style=\"margin-bottom: 15px;\">O plug-in Sphere oferece acesso a 20 dos microfones de fita, condensador e din\u00e2micos mais valorizados j\u00e1 feitos.<br \/>\nObtenha o som de cl\u00e1ssicos como o 47 (com tubo VF14), 67, M49, C12 e 800, entre outros.<\/p>\n<h4 style=\"color: #333; margin-bottom: 10px;\">Plug-in de Modelagem de Microfone Sphere LX Otimizado para o Apollo<\/h4>\n<p style=\"margin-bottom: 15px;\">O plug-in Sphere LX (download gratuito dispon\u00edvel separadamente) permite ao usu\u00e1rio mudar o tipo de microfone e o padr\u00e3o polar mesmo depois da grava\u00e7\u00e3o.<br \/>\nUsar o software com a interface de \u00e1udio Apollo simplifica muito o processo de combina\u00e7\u00e3o dos pr\u00e9-amplificadores necess\u00e1rios para o funcionamento do plug-in.<\/p>\n<ul style=\"list-style-type: disc; padding-left: 20px; margin-bottom: 20px;\">\n<li><strong>Efeito de proximidade ajust\u00e1vel:<\/strong> elimina a necessidade de mover um microfone apenas por falta ou excesso de graves devido ao efeito de proximidade \u2014 ideal para gravar vocais onde a dist\u00e2ncia do microfone varia entre takes.<\/li>\n<li><strong>Corre\u00e7\u00e3o fora do eixo:<\/strong> cria padr\u00f5es polares mais precisos para reduzir vazamentos, colora\u00e7\u00e3o da sala e susceptibilidade a feedback antes ou depois da grava\u00e7\u00e3o.<\/li>\n<\/ul>\n<p style=\"margin-bottom: 15px;\">O Sphere suporta uma ampla gama de formatos de plug-in, incluindo UAD, AAX DSP, AAX Native, VST2, VST3 e Audio Units no Mac e Windows.<\/p>\n<h4 style=\"color: #333; margin-bottom: 10px;\">Use o Modo Dual para Combina\u00e7\u00f5es Cl\u00e1ssicas de Microfones<\/h4>\n<p style=\"margin-bottom: 15px;\">Misture o som de dois microfones mono com o Modo Dual do Sphere LX e obtenha combina\u00e7\u00f5es de microfone ricas em caixas de bateria e amplificadores de guitarra.<\/p>\n<h4 style=\"color: #333; margin-bottom: 10px;\">Modelagem de Padr\u00e3o Polar<\/h4>\n<p style=\"margin-bottom: 15px;\">O controle Polar permite ajustar o padr\u00e3o de capta\u00e7\u00e3o do modelo do microfone, com a vantagem adicional de poder selecionar padr\u00f5es polares intermedi\u00e1rios que o microfone original n\u00e3o tinha.<br \/>\nPara microfones com um \u00fanico padr\u00e3o, o controle de padr\u00e3o \u00e9 fixado nesse padr\u00e3o.<\/p>\n<p style=\"margin-bottom: 15px;\"><strong>Padr\u00f5es dispon\u00edveis:<\/strong><\/p>\n<ul style=\"list-style-type: disc; padding-left: 20px; margin-bottom: 20px;\">\n<li>Omni, Sub-Omni<\/li>\n<li>Wide-Cardi\u00f3ide, Subcardi\u00f3ide, Cardi\u00f3ide<\/li>\n<li>Supercardi\u00f3ide, Hipercardi\u00f3ide<\/li>\n<li>Sub-8, Figura-8<\/li>\n<\/ul>\n<h4 style=\"color: #333; margin-bottom: 10px;\">Processamento em Tempo Real com Baixa Lat\u00eancia<\/h4>\n<p style=\"margin-bottom: 15px;\">Com interfaces de \u00e1udio Universal Audio Apollo (vendidas separadamente), voc\u00ea pode alcan\u00e7ar lat\u00eancia extremamente baixa (aproximadamente 1,6ms de ida e volta a 96 kHz) para um desempenho real-time sem falhas.<br \/>\nO formato AAX DSP permite um desempenho de baixa lat\u00eancia em sistemas Avid HDX.<\/p>\n<h4 style=\"color: #333; margin-bottom: 10px;\">Otimize o Microfone para seu Tratamento Ac\u00fastico Espec\u00edfico<\/h4>\n<p style=\"margin-bottom: 15px;\">A fun\u00e7\u00e3o IsoSphere no plug-in Sphere LX otimiza como o microfone Sphere LX trabalha em conjunto com dispositivos de isolamento comuns \u2014 como os filtros de reflex\u00e3o sE, Aston Halo, Kaotica Eyeball e at\u00e9 cabines vocais.<br \/>\nIsoSphere melhora o comportamento fora do eixo para m\u00e1xima rejei\u00e7\u00e3o e modifica a resposta de frequ\u00eancia para compensar colora\u00e7\u00f5es indesejadas, resultando em grava\u00e7\u00f5es ainda melhores.<\/p>\n<h4 style=\"color: #333; margin-bottom: 10px;\">Constru\u00eddo para Durar uma Vida<\/h4>\n<p>Com diafragmas duplos banhados a ouro, o Sphere LX equipa seu est\u00fadio com um microfone condensador de diafragma grande premium, constru\u00eddo com precis\u00e3o para oferecer anos de inspira\u00e7\u00e3o para suas grava\u00e7\u00f5es e produ\u00e7\u00f5es musicais.<\/p>\n<\/div>\n<div style=\"margin-bottom: 20px;\">\n<h3 style=\"color: #333; border-bottom: 2px solid #333; padding-bottom: 10px;\">Aplica\u00e7\u00f5es Principais<\/h3>\n<p>Grava\u00e7\u00e3o em Est\u00fadio<\/p>\n<\/div>\n<div style=\"margin-bottom: 20px;\">\n<h3 style=\"color: #333;\">Fontes Sonoras Destinadas<\/h3>\n<p>Voz, Viol\u00e3o, Guitarra El\u00e9trica, Baixo El\u00e9trico, Contrabaixo, Piano, Bateria, Percuss\u00e3o, Overhead, Metais, Trompete, Trombone, Sopros, Saxofone, Cordas, Violino, Violoncelo, Coral, Ambi\u00eancia de Sala<\/p>\n<\/div>\n<div style=\"margin-bottom: 20px;\">\n<h3 style=\"color: #333;\">Campo Sonoro<\/h3>\n<p>Mono<\/p>\n<\/div>\n<div style=\"margin-bottom: 20px;\">\n<h3 style=\"color: #333;\">Diafragma<\/h3>\n<p>1&#8243; \/ 25,4 mm<\/p>\n<\/div>\n<div style=\"margin-bottom: 20px;\">\n<h3 style=\"color: #333;\">Sele\u00e7\u00e3o de Padr\u00e3o<\/h3>\n<p>Continuamente Vari\u00e1vel<\/p>\n<\/div>\n<div style=\"margin-bottom: 20px;\">\n<h3 style=\"color: #333;\">Orienta\u00e7\u00e3o<\/h3>\n<p>Endere\u00e7amento Lateral<\/p>\n<\/div>\n<div style=\"margin-bottom: 20px;\">\n<h3 style=\"color: #333;\">Circuito<\/h3>\n<p>Estado S\u00f3lido<\/p>\n<\/div>\n<div style=\"margin-bottom: 20px;\">\n<h3 style=\"color: #333; border-bottom: 2px solid #333; padding-bottom: 10px;\">Desempenho<\/h3>\n<p><strong>Faixa de Frequ\u00eancia:<\/strong> 20 Hz a 20 kHz<br \/>\n<strong>SPL M\u00e1ximo:<\/strong> 145 dB SPL (1% THD)<br \/>\n<strong>Imped\u00e2ncia:<\/strong> 200 Ohms<br \/>\n<strong>Imped\u00e2ncia de Carga:<\/strong> &gt; 1000 Ohms<br \/>\n<strong>Sensibilidade:<\/strong> -39 dB (1 kHz)<br \/>\n<strong>Faixa Din\u00e2mica:<\/strong> 135 dB<br \/>\n<strong>Rela\u00e7\u00e3o Sinal-Ru\u00eddo:<\/strong> 84 dB<\/p>\n<\/div>\n<div style=\"margin-bottom: 20px;\">\n<h3 style=\"color: #333; border-bottom: 2px solid #333; padding-bottom: 10px;\">Conectividade<\/h3>\n<p><strong>Sa\u00edda Anal\u00f3gica:<\/strong> 1x XLR 5-Pinos Macho (no Microfone)<br \/>\n<strong>Comprimento do Cabo:<\/strong> 10&#8242; \/ 3,0 m<\/p>\n<\/div>\n<div style=\"margin-bottom: 20px;\">\n<h3 style=\"color: #333; border-bottom: 2px solid #333; padding-bottom: 10px;\">Dimens\u00f5es F\u00edsicas<\/h3>\n<p><strong>Tamanho da Rosca de Montagem:<\/strong> 5\/8&#8243;-27 F\u00eamea<br \/>\n<strong>Dimens\u00f5es:<\/strong> \u00f8: 5,1 x L: 19,6 cm<br \/>\n<strong>Peso:<\/strong> 0,5 kg<\/p>\n<\/div>\n<div style=\"margin-bottom: 20px;\">\n<h3 style=\"color: #333; border-bottom: 2px solid #333; padding-bottom: 10px;\">Informa\u00e7\u00f5es de Embalagem<\/h3>\n<p><strong>Peso da Embalagem:<\/strong> 4,305 lb<br \/>\n<strong>Dimens\u00f5es da Caixa (CxLxA):<\/strong> 11,7 x 9 x 4,2&#8243;<\/p>\n<\/div>\n<\/div>","protected":false},"excerpt":{"rendered":"<p>O Microfone Sphere LX Modeling Microphone da Universal Audio \u00e9 um dispositivo de \u00e1udio de alta qualidade que oferece uma experi\u00eancia de grava\u00e7\u00e3o profissional e vers\u00e1til. Projetado com tecnologia avan\u00e7ada, o Sphere LX permite aos usu\u00e1rios capturar \u00e1udio com uma precis\u00e3o excepcional, replicando o desempenho e as caracter\u00edsticas tonais dos microfones mais renomados e ic\u00f4nicos da ind\u00fastria da m\u00fasica.<\/p>\n<p><img decoding=\"async\" class=\"alignnone size-medium wp-image-5695\" src=\"https:\/\/www.uaudiobrasil.com.br\/wp-content\/uploads\/2025\/03\/disclaimer.png\" alt=\"AV Pro Brasil\" width=\"100%\" \/><\/p>\n<h2>R$ 9.999,00<\/h2>","protected":false},"featured_media":4254,"comment_status":"closed","ping_status":"closed","template":"","meta":{"site-sidebar-layout":"default","site-content-layout":"default","ast-site-content-layout":"default","site-content-style":"default","site-sidebar-style":"default","ast-global-header-display":"","ast-banner-title-visibility":"","ast-main-header-display":"","ast-hfb-above-header-display":"","ast-hfb-below-header-display":"","ast-hfb-mobile-header-display":"","site-post-title":"","ast-breadcrumbs-content":"","ast-featured-img":"","footer-sml-layout":"","ast-disable-related-posts":"","theme-transparent-header-meta":"default","adv-header-id-meta":"","stick-header-meta":"","header-above-stick-meta":"","header-main-stick-meta":"","header-below-stick-meta":"","astra-migrate-meta-layouts":"set","ast-page-background-enabled":"default","ast-page-background-meta":{"desktop":{"background-color":"var(--ast-global-color-4)","background-image":"","background-repeat":"repeat","background-position":"center center","background-size":"auto","background-attachment":"scroll","background-type":"","background-media":"","overlay-type":"","overlay-color":"","overlay-opacity":"","overlay-gradient":""},"tablet":{"background-color":"","background-image":"","background-repeat":"repeat","background-position":"center center","background-size":"auto","background-attachment":"scroll","background-type":"","background-media":"","overlay-type":"","overlay-color":"","overlay-opacity":"","overlay-gradient":""},"mobile":{"background-color":"","background-image":"","background-repeat":"repeat","background-position":"center center","background-size":"auto","background-attachment":"scroll","background-type":"","background-media":"","overlay-type":"","overlay-color":"","overlay-opacity":"","overlay-gradient":""}},"ast-content-background-meta":{"desktop":{"background-color":"var(--ast-global-color-5)","background-image":"","background-repeat":"repeat","background-position":"center center","background-size":"auto","background-attachment":"scroll","background-type":"","background-media":"","overlay-type":"","overlay-color":"","overlay-opacity":"","overlay-gradient":""},"tablet":{"background-color":"var(--ast-global-color-5)","background-image":"","background-repeat":"repeat","background-position":"center center","background-size":"auto","background-attachment":"scroll","background-type":"","background-media":"","overlay-type":"","overlay-color":"","overlay-opacity":"","overlay-gradient":""},"mobile":{"background-color":"var(--ast-global-color-5)","background-image":"","background-repeat":"repeat","background-position":"center center","background-size":"auto","background-attachment":"scroll","background-type":"","background-media":"","overlay-type":"","overlay-color":"","overlay-opacity":"","overlay-gradient":""}},"_joinchat":[]},"product_brand":[],"product_cat":[23],"product_tag":[],"class_list":{"0":"post-3348","1":"product","2":"type-product","3":"status-publish","4":"has-post-thumbnail","6":"product_cat-microfones","7":"desktop-align-left","8":"tablet-align-left","9":"mobile-align-left","11":"first","12":"instock","13":"shipping-taxable","14":"product-type-external"},"aioseo_notices":[],"jetpack_sharing_enabled":true,"_links":{"self":[{"href":"https:\/\/www.uaudiobrasil.com.br\/en\/wp-json\/wp\/v2\/product\/3348","targetHints":{"allow":["GET"]}}],"collection":[{"href":"https:\/\/www.uaudiobrasil.com.br\/en\/wp-json\/wp\/v2\/product"}],"about":[{"href":"https:\/\/www.uaudiobrasil.com.br\/en\/wp-json\/wp\/v2\/types\/product"}],"replies":[{"embeddable":true,"href":"https:\/\/www.uaudiobrasil.com.br\/en\/wp-json\/wp\/v2\/comments?post=3348"}],"version-history":[{"count":20,"href":"https:\/\/www.uaudiobrasil.com.br\/en\/wp-json\/wp\/v2\/product\/3348\/revisions"}],"predecessor-version":[{"id":5752,"href":"https:\/\/www.uaudiobrasil.com.br\/en\/wp-json\/wp\/v2\/product\/3348\/revisions\/5752"}],"wp:featuredmedia":[{"embeddable":true,"href":"https:\/\/www.uaudiobrasil.com.br\/en\/wp-json\/wp\/v2\/media\/4254"}],"wp:attachment":[{"href":"https:\/\/www.uaudiobrasil.com.br\/en\/wp-json\/wp\/v2\/media?parent=3348"}],"wp:term":[{"taxonomy":"product_brand","embeddable":true,"href":"https:\/\/www.uaudiobrasil.com.br\/en\/wp-json\/wp\/v2\/product_brand?post=3348"},{"taxonomy":"product_cat","embeddable":true,"href":"https:\/\/www.uaudiobrasil.com.br\/en\/wp-json\/wp\/v2\/product_cat?post=3348"},{"taxonomy":"product_tag","embeddable":true,"href":"https:\/\/www.uaudiobrasil.com.br\/en\/wp-json\/wp\/v2\/product_tag?post=3348"}],"curies":[{"name":"wp","href":"https:\/\/api.w.org\/{rel}","templated":true}]}}