{"id":3344,"date":"2023-07-06T17:24:17","date_gmt":"2023-07-06T20:24:17","guid":{"rendered":"https:\/\/www.uaudiobrasil.com.br\/?post_type=product&#038;p=3344"},"modified":"2025-03-05T14:35:11","modified_gmt":"2025-03-05T17:35:11","slug":"microfone-sphere-dlx-modeling-microphone-universal-audio","status":"publish","type":"product","link":"https:\/\/www.uaudiobrasil.com.br\/en\/loja\/microfones\/microfone-sphere-dlx-modeling-microphone-universal-audio\/","title":{"rendered":"Microfone Sphere DLX Modeling Microphone Universal \u00c1udio"},"content":{"rendered":"<p>Microfone condensador de diafragma grande para emular as caracter\u00edsticas de som de 38 microfones cl\u00e1ssicos de fita, condensador e din\u00e2micos em est\u00e9reo<br \/>\nDesign de diafragma duplo de 2,54 cm (banhado a ouro)<br \/>\nGrava\u00e7\u00e3o est\u00e9reo poss\u00edvel com um \u00fanico microfone<br \/>\nO tipo de microfone, o padr\u00e3o polar e outras caracter\u00edsticas podem ser alterados mesmo ap\u00f3s a grava\u00e7\u00e3o.<br \/>\nOp\u00e7\u00f5es de atenua\u00e7\u00e3o: -10db e -20dB<br \/>\nRequer alimenta\u00e7\u00e3o fantasma de 48 V<br \/>\nPadr\u00e3o polar: Sa\u00edda dupla vari\u00e1vel<br \/>\nFaixa de frequ\u00eancia: 20 &#8211; 20.000 Hz<br \/>\nImped\u00e2ncia de sa\u00edda: 200 Ohm<br \/>\nm\u00e1x. n\u00edvel de press\u00e3o sonora: 140dB SPL<br \/>\n1% THD (com pad)<br \/>\nFaixa din\u00e2mica: 133 dB<br \/>\nConex\u00e3o: XLR-m (5 pinos)<br \/>\nDimens\u00f5es (C x \u00d8): 225 x 63 mm<br \/>\nPeso: 770 gramas<br \/>\nFormatos de plug-in suportados UAD, AAX Native, VST2, VST3, Audio Units (somente Mac)<br \/>\nSistemas operacionais suportados Nativo (AAX, VST e AU): Mac OSX 10.15 e superior, Windows 10 e 11 (64 bits)<br \/>\nSistemas operacionais suportados Interfaces Apollo e hardware UAD-2 (AAX, VST, AU e RTAS): Mac OSX 10.15 e superior, Windows 10 e 11.<br \/>\nRequisitos do sistema: conex\u00e3o com a Internet, aplicativo host de plug-in compat\u00edvel (software DAW) com suporte para AAX, VST2, VST3, AU ou UAD, UA Connect para gerenciamento de plug-ins UADx, dois pr\u00e9-amplificadores de microfone com alimenta\u00e7\u00e3o fantasma.<\/p>\n<p>Inclui montagem el\u00e1stica, cabo dividido de 7,5 m (XLR de 5 pinos para XLR de 3 pinos), adaptador de suporte e uma bolsa<\/p>","protected":false},"excerpt":{"rendered":"<p>O Microfone Sphere DLX Modeling Microphone da Universal Audio \u00e9 um dispositivo excepcional que oferece uma experi\u00eancia de grava\u00e7\u00e3o de \u00e1udio de alta qualidade e versatilidade incompar\u00e1vel. Projetado com tecnologia inovadora, o Sphere DLX permite que os usu\u00e1rios capturem sons com uma precis\u00e3o incr\u00edvel, replicando o desempenho e as caracter\u00edsticas tonais dos microfones mais lend\u00e1rios da hist\u00f3ria da m\u00fasica.<\/p>\n<p><img decoding=\"async\" class=\"alignnone size-medium wp-image-5695\" src=\"https:\/\/www.uaudiobrasil.com.br\/wp-content\/uploads\/2025\/03\/disclaimer.png\" alt=\"AV Pro Brasil\" width=\"100%\" \/><\/p>\n<h2>R$ 15.999,00<\/h2>","protected":false},"featured_media":3346,"comment_status":"closed","ping_status":"closed","template":"","meta":{"site-sidebar-layout":"default","site-content-layout":"default","ast-site-content-layout":"default","site-content-style":"default","site-sidebar-style":"default","ast-global-header-display":"","ast-banner-title-visibility":"","ast-main-header-display":"","ast-hfb-above-header-display":"","ast-hfb-below-header-display":"","ast-hfb-mobile-header-display":"","site-post-title":"","ast-breadcrumbs-content":"","ast-featured-img":"","footer-sml-layout":"","ast-disable-related-posts":"","theme-transparent-header-meta":"default","adv-header-id-meta":"","stick-header-meta":"","header-above-stick-meta":"","header-main-stick-meta":"","header-below-stick-meta":"","astra-migrate-meta-layouts":"set","ast-page-background-enabled":"default","ast-page-background-meta":{"desktop":{"background-color":"var(--ast-global-color-4)","background-image":"","background-repeat":"repeat","background-position":"center center","background-size":"auto","background-attachment":"scroll","background-type":"","background-media":"","overlay-type":"","overlay-color":"","overlay-opacity":"","overlay-gradient":""},"tablet":{"background-color":"","background-image":"","background-repeat":"repeat","background-position":"center center","background-size":"auto","background-attachment":"scroll","background-type":"","background-media":"","overlay-type":"","overlay-color":"","overlay-opacity":"","overlay-gradient":""},"mobile":{"background-color":"","background-image":"","background-repeat":"repeat","background-position":"center center","background-size":"auto","background-attachment":"scroll","background-type":"","background-media":"","overlay-type":"","overlay-color":"","overlay-opacity":"","overlay-gradient":""}},"ast-content-background-meta":{"desktop":{"background-color":"var(--ast-global-color-5)","background-image":"","background-repeat":"repeat","background-position":"center center","background-size":"auto","background-attachment":"scroll","background-type":"","background-media":"","overlay-type":"","overlay-color":"","overlay-opacity":"","overlay-gradient":""},"tablet":{"background-color":"var(--ast-global-color-5)","background-image":"","background-repeat":"repeat","background-position":"center center","background-size":"auto","background-attachment":"scroll","background-type":"","background-media":"","overlay-type":"","overlay-color":"","overlay-opacity":"","overlay-gradient":""},"mobile":{"background-color":"var(--ast-global-color-5)","background-image":"","background-repeat":"repeat","background-position":"center center","background-size":"auto","background-attachment":"scroll","background-type":"","background-media":"","overlay-type":"","overlay-color":"","overlay-opacity":"","overlay-gradient":""}},"_joinchat":[]},"product_brand":[],"product_cat":[23],"product_tag":[],"class_list":{"0":"post-3344","1":"product","2":"type-product","3":"status-publish","4":"has-post-thumbnail","6":"product_cat-microfones","7":"desktop-align-left","8":"tablet-align-left","9":"mobile-align-left","11":"first","12":"instock","13":"shipping-taxable","14":"product-type-external"},"aioseo_notices":[],"jetpack_sharing_enabled":true,"_links":{"self":[{"href":"https:\/\/www.uaudiobrasil.com.br\/en\/wp-json\/wp\/v2\/product\/3344","targetHints":{"allow":["GET"]}}],"collection":[{"href":"https:\/\/www.uaudiobrasil.com.br\/en\/wp-json\/wp\/v2\/product"}],"about":[{"href":"https:\/\/www.uaudiobrasil.com.br\/en\/wp-json\/wp\/v2\/types\/product"}],"replies":[{"embeddable":true,"href":"https:\/\/www.uaudiobrasil.com.br\/en\/wp-json\/wp\/v2\/comments?post=3344"}],"version-history":[{"count":3,"href":"https:\/\/www.uaudiobrasil.com.br\/en\/wp-json\/wp\/v2\/product\/3344\/revisions"}],"predecessor-version":[{"id":5751,"href":"https:\/\/www.uaudiobrasil.com.br\/en\/wp-json\/wp\/v2\/product\/3344\/revisions\/5751"}],"wp:featuredmedia":[{"embeddable":true,"href":"https:\/\/www.uaudiobrasil.com.br\/en\/wp-json\/wp\/v2\/media\/3346"}],"wp:attachment":[{"href":"https:\/\/www.uaudiobrasil.com.br\/en\/wp-json\/wp\/v2\/media?parent=3344"}],"wp:term":[{"taxonomy":"product_brand","embeddable":true,"href":"https:\/\/www.uaudiobrasil.com.br\/en\/wp-json\/wp\/v2\/product_brand?post=3344"},{"taxonomy":"product_cat","embeddable":true,"href":"https:\/\/www.uaudiobrasil.com.br\/en\/wp-json\/wp\/v2\/product_cat?post=3344"},{"taxonomy":"product_tag","embeddable":true,"href":"https:\/\/www.uaudiobrasil.com.br\/en\/wp-json\/wp\/v2\/product_tag?post=3344"}],"curies":[{"name":"wp","href":"https:\/\/api.w.org\/{rel}","templated":true}]}}