{"id":3282,"date":"2023-04-18T02:02:08","date_gmt":"2023-04-18T05:02:08","guid":{"rendered":"https:\/\/www.uaudiobrasil.com.br\/?post_type=product&#038;p=3282"},"modified":"2025-03-05T14:35:11","modified_gmt":"2025-03-05T17:35:11","slug":"max-preamp-dual-compressor","status":"publish","type":"product","link":"https:\/\/www.uaudiobrasil.com.br\/en\/loja\/pedais-uafx\/max-preamp-dual-compressor\/","title":{"rendered":"Max Preamp &#038; Dual Compressor"},"content":{"rendered":"<p>Max Preamp &amp; Dual Compressor \u00e9 constru\u00eddo sobre o premiado processamento de motor duplo UAFX e um desejo ardente pelo m\u00e1ximo em legitimidade s\u00f4nica, Max Preamp &amp; Dual Compressor coloca o som colorido de tr\u00eas limitadores lend\u00e1rios e um pr\u00e9-amplificador de tubo ic\u00f4nico, bem aos seus p\u00e9s.<\/p>\n<p>Da mente do fundador da UA, Bill Putnam, \u00e0 sua pedaleira, Max oferece o mesmo compressor FET usado em d\u00e9cadas de sons lend\u00e1rios de guitarra de est\u00fadio, se voc\u00ea est\u00e1 procurando tornar seu funk um pouco mais funk, adicionar sustenta\u00e7\u00e3o soulful ou injetar infus\u00f5es sutis de tom.<\/p>\n<p><img data-recalc-dims=\"1\" fetchpriority=\"high\" decoding=\"async\" class=\"alignnone size-full wp-image-3283\" src=\"https:\/\/i0.wp.com\/www.uaudiobrasil.com.br\/wp-content\/uploads\/2023\/04\/max_glamban_bottom.jpg?resize=1805%2C845&#038;ssl=1\" alt=\"\" width=\"1805\" height=\"845\" srcset=\"https:\/\/i0.wp.com\/www.uaudiobrasil.com.br\/wp-content\/uploads\/2023\/04\/max_glamban_bottom.jpg?w=1805&amp;ssl=1 1805w, https:\/\/i0.wp.com\/www.uaudiobrasil.com.br\/wp-content\/uploads\/2023\/04\/max_glamban_bottom.jpg?resize=300%2C140&amp;ssl=1 300w, https:\/\/i0.wp.com\/www.uaudiobrasil.com.br\/wp-content\/uploads\/2023\/04\/max_glamban_bottom.jpg?resize=1024%2C479&amp;ssl=1 1024w, https:\/\/i0.wp.com\/www.uaudiobrasil.com.br\/wp-content\/uploads\/2023\/04\/max_glamban_bottom.jpg?resize=768%2C360&amp;ssl=1 768w, https:\/\/i0.wp.com\/www.uaudiobrasil.com.br\/wp-content\/uploads\/2023\/04\/max_glamban_bottom.jpg?resize=1536%2C719&amp;ssl=1 1536w, https:\/\/i0.wp.com\/www.uaudiobrasil.com.br\/wp-content\/uploads\/2023\/04\/max_glamban_bottom.jpg?resize=18%2C8&amp;ssl=1 18w, https:\/\/i0.wp.com\/www.uaudiobrasil.com.br\/wp-content\/uploads\/2023\/04\/max_glamban_bottom.jpg?resize=800%2C375&amp;ssl=1 800w\" sizes=\"(max-width: 1000px) 100vw, 1000px\" \/><\/p>\n<p>Al\u00e9m disso, os compressores de pilha para tons que v\u00e3o al\u00e9m da norma Com o Max, voc\u00ea pode facilmente colocar compressores em camadas em qualquer combina\u00e7\u00e3o para uma variedade estonteante de sons e texturas, permitindo que voc\u00ea empurre seus tons para a frente, n\u00e3o importa o quanto limite voc\u00ea aplique.<\/p>","protected":false},"excerpt":{"rendered":"<p>Max Preamp &amp; Dual Compressor \u00e9 constru\u00eddo sobre o premiado processamento de motor duplo UAFX e um desejo ardente pelo m\u00e1ximo em legitimidade s\u00f4nica, Max Preamp &amp; Dual Compressor coloca o som colorido de tr\u00eas limitadores lend\u00e1rios e um pr\u00e9-amplificador de tubo ic\u00f4nico, bem aos p\u00e9s.<\/p>\n<p>Da mente do fundador da UA, Bill Putnam, \u00e0 sua pedaleira, Max oferece o mesmo compressor FET usado em d\u00e9cadas de sons lend\u00e1rios de guitarra de est\u00fadio, se voc\u00ea est\u00e1 procurando tornar seu funk um pouco mais funk, adicionar sustenta\u00e7\u00e3o soulful ou injetar infus\u00f5es sutis de tom.<\/p>\n<p><img decoding=\"async\" class=\"alignnone size-medium wp-image-5695\" src=\"https:\/\/www.uaudiobrasil.com.br\/wp-content\/uploads\/2025\/03\/disclaimer.png\" alt=\"AV Pro Brasil\" width=\"100%\" \/><\/p>\n<h2>R$ 3.409,00<\/h2>","protected":false},"featured_media":3271,"comment_status":"closed","ping_status":"closed","template":"","meta":{"site-sidebar-layout":"default","site-content-layout":"default","ast-site-content-layout":"default","site-content-style":"default","site-sidebar-style":"default","ast-global-header-display":"","ast-banner-title-visibility":"","ast-main-header-display":"","ast-hfb-above-header-display":"","ast-hfb-below-header-display":"","ast-hfb-mobile-header-display":"","site-post-title":"","ast-breadcrumbs-content":"","ast-featured-img":"","footer-sml-layout":"","ast-disable-related-posts":"","theme-transparent-header-meta":"default","adv-header-id-meta":"","stick-header-meta":"","header-above-stick-meta":"","header-main-stick-meta":"","header-below-stick-meta":"","astra-migrate-meta-layouts":"set","ast-page-background-enabled":"default","ast-page-background-meta":{"desktop":{"background-color":"var(--ast-global-color-4)","background-image":"","background-repeat":"repeat","background-position":"center center","background-size":"auto","background-attachment":"scroll","background-type":"","background-media":"","overlay-type":"","overlay-color":"","overlay-opacity":"","overlay-gradient":""},"tablet":{"background-color":"","background-image":"","background-repeat":"repeat","background-position":"center center","background-size":"auto","background-attachment":"scroll","background-type":"","background-media":"","overlay-type":"","overlay-color":"","overlay-opacity":"","overlay-gradient":""},"mobile":{"background-color":"","background-image":"","background-repeat":"repeat","background-position":"center center","background-size":"auto","background-attachment":"scroll","background-type":"","background-media":"","overlay-type":"","overlay-color":"","overlay-opacity":"","overlay-gradient":""}},"ast-content-background-meta":{"desktop":{"background-color":"var(--ast-global-color-5)","background-image":"","background-repeat":"repeat","background-position":"center center","background-size":"auto","background-attachment":"scroll","background-type":"","background-media":"","overlay-type":"","overlay-color":"","overlay-opacity":"","overlay-gradient":""},"tablet":{"background-color":"var(--ast-global-color-5)","background-image":"","background-repeat":"repeat","background-position":"center center","background-size":"auto","background-attachment":"scroll","background-type":"","background-media":"","overlay-type":"","overlay-color":"","overlay-opacity":"","overlay-gradient":""},"mobile":{"background-color":"var(--ast-global-color-5)","background-image":"","background-repeat":"repeat","background-position":"center center","background-size":"auto","background-attachment":"scroll","background-type":"","background-media":"","overlay-type":"","overlay-color":"","overlay-opacity":"","overlay-gradient":""}},"_joinchat":[]},"product_brand":[],"product_cat":[17],"product_tag":[],"class_list":{"0":"post-3282","1":"product","2":"type-product","3":"status-publish","4":"has-post-thumbnail","6":"product_cat-pedais-uafx","7":"desktop-align-left","8":"tablet-align-left","9":"mobile-align-left","11":"first","12":"instock","13":"shipping-taxable","14":"product-type-external"},"aioseo_notices":[],"jetpack_sharing_enabled":true,"_links":{"self":[{"href":"https:\/\/www.uaudiobrasil.com.br\/en\/wp-json\/wp\/v2\/product\/3282","targetHints":{"allow":["GET"]}}],"collection":[{"href":"https:\/\/www.uaudiobrasil.com.br\/en\/wp-json\/wp\/v2\/product"}],"about":[{"href":"https:\/\/www.uaudiobrasil.com.br\/en\/wp-json\/wp\/v2\/types\/product"}],"replies":[{"embeddable":true,"href":"https:\/\/www.uaudiobrasil.com.br\/en\/wp-json\/wp\/v2\/comments?post=3282"}],"version-history":[{"count":7,"href":"https:\/\/www.uaudiobrasil.com.br\/en\/wp-json\/wp\/v2\/product\/3282\/revisions"}],"predecessor-version":[{"id":5725,"href":"https:\/\/www.uaudiobrasil.com.br\/en\/wp-json\/wp\/v2\/product\/3282\/revisions\/5725"}],"wp:featuredmedia":[{"embeddable":true,"href":"https:\/\/www.uaudiobrasil.com.br\/en\/wp-json\/wp\/v2\/media\/3271"}],"wp:attachment":[{"href":"https:\/\/www.uaudiobrasil.com.br\/en\/wp-json\/wp\/v2\/media?parent=3282"}],"wp:term":[{"taxonomy":"product_brand","embeddable":true,"href":"https:\/\/www.uaudiobrasil.com.br\/en\/wp-json\/wp\/v2\/product_brand?post=3282"},{"taxonomy":"product_cat","embeddable":true,"href":"https:\/\/www.uaudiobrasil.com.br\/en\/wp-json\/wp\/v2\/product_cat?post=3282"},{"taxonomy":"product_tag","embeddable":true,"href":"https:\/\/www.uaudiobrasil.com.br\/en\/wp-json\/wp\/v2\/product_tag?post=3282"}],"curies":[{"name":"wp","href":"https:\/\/api.w.org\/{rel}","templated":true}]}}