{"id":3278,"date":"2023-04-18T02:02:19","date_gmt":"2023-04-18T05:02:19","guid":{"rendered":"https:\/\/www.uaudiobrasil.com.br\/?post_type=product&#038;p=3278"},"modified":"2025-03-05T14:35:11","modified_gmt":"2025-03-05T17:35:11","slug":"del-verb-ambience-companion","status":"publish","type":"product","link":"https:\/\/www.uaudiobrasil.com.br\/en\/loja\/pedais-uafx\/del-verb-ambience-companion\/","title":{"rendered":"Del-Verb Ambience Companion"},"content":{"rendered":"<p>Del-Verb Ambience Companion \u00e9 constru\u00eddo sobre o premiado processamento de motor duplo UAFX e possui uma impressionante autenticidade sonora, sendo um pedal projetado para inspira\u00e7\u00e3o imediata.<\/p>\n<p>Obtenha tr\u00eas reverbera\u00e7\u00f5es cl\u00e1ssicas, da mola do amplificador de tubo dos anos 60, da placa de est\u00fadio e do sal\u00e3o digital vintage. Esculpir paisagens sonoras tridimensionais facilmente com controles simples e mecanismos de efeito est\u00e9reo duplo.<\/p>\n<p><img data-recalc-dims=\"1\" fetchpriority=\"high\" decoding=\"async\" class=\"alignnone size-full wp-image-3279\" src=\"https:\/\/i0.wp.com\/www.uaudiobrasil.com.br\/wp-content\/uploads\/2023\/04\/delverb_glamban_bottom.jpg?resize=1805%2C845&#038;ssl=1\" alt=\"\" width=\"1805\" height=\"845\" srcset=\"https:\/\/i0.wp.com\/www.uaudiobrasil.com.br\/wp-content\/uploads\/2023\/04\/delverb_glamban_bottom.jpg?w=1805&amp;ssl=1 1805w, https:\/\/i0.wp.com\/www.uaudiobrasil.com.br\/wp-content\/uploads\/2023\/04\/delverb_glamban_bottom.jpg?resize=300%2C140&amp;ssl=1 300w, https:\/\/i0.wp.com\/www.uaudiobrasil.com.br\/wp-content\/uploads\/2023\/04\/delverb_glamban_bottom.jpg?resize=1024%2C479&amp;ssl=1 1024w, https:\/\/i0.wp.com\/www.uaudiobrasil.com.br\/wp-content\/uploads\/2023\/04\/delverb_glamban_bottom.jpg?resize=768%2C360&amp;ssl=1 768w, https:\/\/i0.wp.com\/www.uaudiobrasil.com.br\/wp-content\/uploads\/2023\/04\/delverb_glamban_bottom.jpg?resize=1536%2C719&amp;ssl=1 1536w, https:\/\/i0.wp.com\/www.uaudiobrasil.com.br\/wp-content\/uploads\/2023\/04\/delverb_glamban_bottom.jpg?resize=18%2C8&amp;ssl=1 18w, https:\/\/i0.wp.com\/www.uaudiobrasil.com.br\/wp-content\/uploads\/2023\/04\/delverb_glamban_bottom.jpg?resize=800%2C375&amp;ssl=1 800w\" sizes=\"(max-width: 1000px) 100vw, 1000px\" \/><\/p>\n<p>O poderoso motor do Del-Verb Ambience Companion executa inst\u00e2ncias est\u00e9reo separadas de cada reverbera\u00e7\u00e3o e atraso &#8211; permitindo-lhe combinar criativamente efeitos com uma impressionante profundidade est\u00e9reo tridimensional que \u00e9 inigual\u00e1vel por qualquer outro stompbox.<\/p>\n<div class=\"ast-oembed-container\" style=\"height: 100%;\"><iframe title=\"Del-Verb Ambience Companion |\u00a0UAFX Pedals\" width=\"500\" height=\"281\" src=\"https:\/\/www.youtube.com\/embed\/jsvJRlxn2t0?feature=oembed\" frameborder=\"0\" allow=\"accelerometer; autoplay; clipboard-write; encrypted-media; gyroscope; picture-in-picture; web-share\" referrerpolicy=\"strict-origin-when-cross-origin\" allowfullscreen><\/iframe><\/div>\n<p>&nbsp;<\/p>","protected":false},"excerpt":{"rendered":"<p>Del-Verb Ambience Companion \u00e9 constru\u00eddo sobre o premiado processamento de motor duplo UAFX e possui uma impressionante autenticidade sonora, sendo um pedal projetado para inspira\u00e7\u00e3o imediata.<\/p>\n<p>Obtenha tr\u00eas reverbera\u00e7\u00f5es cl\u00e1ssicas, da mola do amplificador de tubo dos anos 60, da placa de est\u00fadio e do sal\u00e3o digital vintage. Esculpir paisagens sonoras tridimensionais facilmente com controles simples e mecanismos de efeito est\u00e9reo duplo.<\/p>","protected":false},"featured_media":3273,"comment_status":"closed","ping_status":"closed","template":"","meta":{"site-sidebar-layout":"default","site-content-layout":"default","ast-site-content-layout":"default","site-content-style":"default","site-sidebar-style":"default","ast-global-header-display":"","ast-banner-title-visibility":"","ast-main-header-display":"","ast-hfb-above-header-display":"","ast-hfb-below-header-display":"","ast-hfb-mobile-header-display":"","site-post-title":"","ast-breadcrumbs-content":"","ast-featured-img":"","footer-sml-layout":"","ast-disable-related-posts":"","theme-transparent-header-meta":"default","adv-header-id-meta":"","stick-header-meta":"","header-above-stick-meta":"","header-main-stick-meta":"","header-below-stick-meta":"","astra-migrate-meta-layouts":"default","ast-page-background-enabled":"default","ast-page-background-meta":{"desktop":{"background-color":"var(--ast-global-color-4)","background-image":"","background-repeat":"repeat","background-position":"center center","background-size":"auto","background-attachment":"scroll","background-type":"","background-media":"","overlay-type":"","overlay-color":"","overlay-opacity":"","overlay-gradient":""},"tablet":{"background-color":"","background-image":"","background-repeat":"repeat","background-position":"center center","background-size":"auto","background-attachment":"scroll","background-type":"","background-media":"","overlay-type":"","overlay-color":"","overlay-opacity":"","overlay-gradient":""},"mobile":{"background-color":"","background-image":"","background-repeat":"repeat","background-position":"center center","background-size":"auto","background-attachment":"scroll","background-type":"","background-media":"","overlay-type":"","overlay-color":"","overlay-opacity":"","overlay-gradient":""}},"ast-content-background-meta":{"desktop":{"background-color":"var(--ast-global-color-5)","background-image":"","background-repeat":"repeat","background-position":"center center","background-size":"auto","background-attachment":"scroll","background-type":"","background-media":"","overlay-type":"","overlay-color":"","overlay-opacity":"","overlay-gradient":""},"tablet":{"background-color":"var(--ast-global-color-5)","background-image":"","background-repeat":"repeat","background-position":"center center","background-size":"auto","background-attachment":"scroll","background-type":"","background-media":"","overlay-type":"","overlay-color":"","overlay-opacity":"","overlay-gradient":""},"mobile":{"background-color":"var(--ast-global-color-5)","background-image":"","background-repeat":"repeat","background-position":"center center","background-size":"auto","background-attachment":"scroll","background-type":"","background-media":"","overlay-type":"","overlay-color":"","overlay-opacity":"","overlay-gradient":""}},"_joinchat":[]},"product_brand":[],"product_cat":[17],"product_tag":[],"class_list":{"0":"post-3278","1":"product","2":"type-product","3":"status-publish","4":"has-post-thumbnail","6":"product_cat-pedais-uafx","7":"desktop-align-left","8":"tablet-align-left","9":"mobile-align-left","11":"first","12":"instock","13":"shipping-taxable","14":"purchasable","15":"product-type-simple"},"aioseo_notices":[],"jetpack_sharing_enabled":true,"_links":{"self":[{"href":"https:\/\/www.uaudiobrasil.com.br\/en\/wp-json\/wp\/v2\/product\/3278","targetHints":{"allow":["GET"]}}],"collection":[{"href":"https:\/\/www.uaudiobrasil.com.br\/en\/wp-json\/wp\/v2\/product"}],"about":[{"href":"https:\/\/www.uaudiobrasil.com.br\/en\/wp-json\/wp\/v2\/types\/product"}],"replies":[{"embeddable":true,"href":"https:\/\/www.uaudiobrasil.com.br\/en\/wp-json\/wp\/v2\/comments?post=3278"}],"version-history":[{"count":3,"href":"https:\/\/www.uaudiobrasil.com.br\/en\/wp-json\/wp\/v2\/product\/3278\/revisions"}],"predecessor-version":[{"id":3290,"href":"https:\/\/www.uaudiobrasil.com.br\/en\/wp-json\/wp\/v2\/product\/3278\/revisions\/3290"}],"wp:featuredmedia":[{"embeddable":true,"href":"https:\/\/www.uaudiobrasil.com.br\/en\/wp-json\/wp\/v2\/media\/3273"}],"wp:attachment":[{"href":"https:\/\/www.uaudiobrasil.com.br\/en\/wp-json\/wp\/v2\/media?parent=3278"}],"wp:term":[{"taxonomy":"product_brand","embeddable":true,"href":"https:\/\/www.uaudiobrasil.com.br\/en\/wp-json\/wp\/v2\/product_brand?post=3278"},{"taxonomy":"product_cat","embeddable":true,"href":"https:\/\/www.uaudiobrasil.com.br\/en\/wp-json\/wp\/v2\/product_cat?post=3278"},{"taxonomy":"product_tag","embeddable":true,"href":"https:\/\/www.uaudiobrasil.com.br\/en\/wp-json\/wp\/v2\/product_tag?post=3278"}],"curies":[{"name":"wp","href":"https:\/\/api.w.org\/{rel}","templated":true}]}}