{"id":3269,"date":"2023-04-18T02:02:29","date_gmt":"2023-04-18T05:02:29","guid":{"rendered":"https:\/\/www.uaudiobrasil.com.br\/?post_type=product&#038;p=3269"},"modified":"2025-03-05T14:35:11","modified_gmt":"2025-03-05T17:35:11","slug":"galaxy-74-tape-echo-reverb","status":"publish","type":"product","link":"https:\/\/www.uaudiobrasil.com.br\/en\/loja\/pedais-uafx\/galaxy-74-tape-echo-reverb\/","title":{"rendered":"Galaxy &#8217;74 Tape Echo &#038; Reverb"},"content":{"rendered":"<p>Constru\u00eddo sobre o premiado processamento de motor duplo UAFX e uma sede insaci\u00e1vel de autenticidade sonora, o Galaxy &#8217;74 Tape Echo &amp; Reverb captura os efeitos, com qualidade e implacavelmente anal\u00f3gicos do ic\u00f4nico hardware Roland Space Echo* de meados dos anos 70, para uma caixa de giz de cera de texturas exuberantes, bem aos seus p\u00e9s.<\/p>\n<p>Obtenha texturas de fita ic\u00f4nicas preenchidas com o uau, a vibra\u00e7\u00e3o musical e a satura\u00e7\u00e3o da unidade Space Echo original e use o design de v\u00e1rias cabe\u00e7as &#8211; juntamente com tempos de atraso dobrados e tempo de toque &#8211; para criar subdivis\u00f5es r\u00edtmicas que n\u00e3o s\u00e3o poss\u00edveis no hardware original. Voc\u00ea pode at\u00e9 dobrar mentes em tempo real com auto-oscila\u00e7\u00e3o para efeitos de atraso descontrolados loucos.<\/p>\n<p><img data-recalc-dims=\"1\" fetchpriority=\"high\" decoding=\"async\" class=\"alignnone size-full wp-image-3274\" src=\"https:\/\/i0.wp.com\/www.uaudiobrasil.com.br\/wp-content\/uploads\/2023\/04\/galaxy_glamban_bottom_1.jpg?resize=1805%2C845&#038;ssl=1\" alt=\"\" width=\"1805\" height=\"845\" srcset=\"https:\/\/i0.wp.com\/www.uaudiobrasil.com.br\/wp-content\/uploads\/2023\/04\/galaxy_glamban_bottom_1.jpg?w=1805&amp;ssl=1 1805w, https:\/\/i0.wp.com\/www.uaudiobrasil.com.br\/wp-content\/uploads\/2023\/04\/galaxy_glamban_bottom_1.jpg?resize=300%2C140&amp;ssl=1 300w, https:\/\/i0.wp.com\/www.uaudiobrasil.com.br\/wp-content\/uploads\/2023\/04\/galaxy_glamban_bottom_1.jpg?resize=1024%2C479&amp;ssl=1 1024w, https:\/\/i0.wp.com\/www.uaudiobrasil.com.br\/wp-content\/uploads\/2023\/04\/galaxy_glamban_bottom_1.jpg?resize=768%2C360&amp;ssl=1 768w, https:\/\/i0.wp.com\/www.uaudiobrasil.com.br\/wp-content\/uploads\/2023\/04\/galaxy_glamban_bottom_1.jpg?resize=1536%2C719&amp;ssl=1 1536w, https:\/\/i0.wp.com\/www.uaudiobrasil.com.br\/wp-content\/uploads\/2023\/04\/galaxy_glamban_bottom_1.jpg?resize=18%2C8&amp;ssl=1 18w, https:\/\/i0.wp.com\/www.uaudiobrasil.com.br\/wp-content\/uploads\/2023\/04\/galaxy_glamban_bottom_1.jpg?resize=800%2C375&amp;ssl=1 800w\" sizes=\"(max-width: 1000px) 100vw, 1000px\" \/><\/p>\n<p>Apenas o Galaxy &#8217;74 oferece os aut\u00eanticos efeitos dub-heavy do reverb de primavera do original &#8211; juntamente com um controle Dwell para sons ainda mais selvagens &#8211; lan\u00e7ando seu tom no cosmos, com texturas que deixam outros emuladores desse hardware sagrado para tr\u00e1s em um sopro de poeira espacial.<\/p>\n<p>O poderoso motor do Galaxy &#8217;74 executa inst\u00e2ncias est\u00e9reo separadas de cada reverb e delay &#8211; para uma profundidade est\u00e9reo tridimensional impressionante que \u00e9 inigual\u00e1vel por qualquer outro stompbox.<\/p>\n<div class=\"ast-oembed-container\" style=\"height: 100%;\"><iframe title=\"Galaxy &#039;74 Tape Echo &amp; Reverb | UAFX Pedals\" width=\"500\" height=\"281\" src=\"https:\/\/www.youtube.com\/embed\/k69JU32BFmg?feature=oembed\" frameborder=\"0\" allow=\"accelerometer; autoplay; clipboard-write; encrypted-media; gyroscope; picture-in-picture; web-share\" referrerpolicy=\"strict-origin-when-cross-origin\" allowfullscreen><\/iframe><\/div>\n<p>&nbsp;<\/p>","protected":false},"excerpt":{"rendered":"<p>Constru\u00eddo sobre o premiado processamento de motor duplo UAFX e uma sede insaci\u00e1vel de autenticidade sonora, o Galaxy &#8217;74 Tape Echo &amp; Reverb captura os efeitos, com qualidade e implacavelmente anal\u00f3gicos do ic\u00f4nico hardware Roland Space Echo* de meados dos anos 70, para uma caixa de giz de cera de texturas exuberantes, bem aos seus p\u00e9s.<\/p>","protected":false},"featured_media":3272,"comment_status":"closed","ping_status":"closed","template":"","meta":{"site-sidebar-layout":"default","site-content-layout":"default","ast-site-content-layout":"default","site-content-style":"default","site-sidebar-style":"default","ast-global-header-display":"","ast-banner-title-visibility":"","ast-main-header-display":"","ast-hfb-above-header-display":"","ast-hfb-below-header-display":"","ast-hfb-mobile-header-display":"","site-post-title":"","ast-breadcrumbs-content":"","ast-featured-img":"","footer-sml-layout":"","ast-disable-related-posts":"","theme-transparent-header-meta":"default","adv-header-id-meta":"","stick-header-meta":"","header-above-stick-meta":"","header-main-stick-meta":"","header-below-stick-meta":"","astra-migrate-meta-layouts":"default","ast-page-background-enabled":"default","ast-page-background-meta":{"desktop":{"background-color":"var(--ast-global-color-4)","background-image":"","background-repeat":"repeat","background-position":"center center","background-size":"auto","background-attachment":"scroll","background-type":"","background-media":"","overlay-type":"","overlay-color":"","overlay-opacity":"","overlay-gradient":""},"tablet":{"background-color":"","background-image":"","background-repeat":"repeat","background-position":"center center","background-size":"auto","background-attachment":"scroll","background-type":"","background-media":"","overlay-type":"","overlay-color":"","overlay-opacity":"","overlay-gradient":""},"mobile":{"background-color":"","background-image":"","background-repeat":"repeat","background-position":"center center","background-size":"auto","background-attachment":"scroll","background-type":"","background-media":"","overlay-type":"","overlay-color":"","overlay-opacity":"","overlay-gradient":""}},"ast-content-background-meta":{"desktop":{"background-color":"var(--ast-global-color-5)","background-image":"","background-repeat":"repeat","background-position":"center center","background-size":"auto","background-attachment":"scroll","background-type":"","background-media":"","overlay-type":"","overlay-color":"","overlay-opacity":"","overlay-gradient":""},"tablet":{"background-color":"var(--ast-global-color-5)","background-image":"","background-repeat":"repeat","background-position":"center center","background-size":"auto","background-attachment":"scroll","background-type":"","background-media":"","overlay-type":"","overlay-color":"","overlay-opacity":"","overlay-gradient":""},"mobile":{"background-color":"var(--ast-global-color-5)","background-image":"","background-repeat":"repeat","background-position":"center center","background-size":"auto","background-attachment":"scroll","background-type":"","background-media":"","overlay-type":"","overlay-color":"","overlay-opacity":"","overlay-gradient":""}},"_joinchat":[]},"product_brand":[],"product_cat":[17],"product_tag":[],"class_list":{"0":"post-3269","1":"product","2":"type-product","3":"status-publish","4":"has-post-thumbnail","6":"product_cat-pedais-uafx","7":"desktop-align-left","8":"tablet-align-left","9":"mobile-align-left","11":"first","12":"instock","13":"shipping-taxable","14":"purchasable","15":"product-type-simple"},"aioseo_notices":[],"jetpack_sharing_enabled":true,"_links":{"self":[{"href":"https:\/\/www.uaudiobrasil.com.br\/en\/wp-json\/wp\/v2\/product\/3269","targetHints":{"allow":["GET"]}}],"collection":[{"href":"https:\/\/www.uaudiobrasil.com.br\/en\/wp-json\/wp\/v2\/product"}],"about":[{"href":"https:\/\/www.uaudiobrasil.com.br\/en\/wp-json\/wp\/v2\/types\/product"}],"replies":[{"embeddable":true,"href":"https:\/\/www.uaudiobrasil.com.br\/en\/wp-json\/wp\/v2\/comments?post=3269"}],"version-history":[{"count":5,"href":"https:\/\/www.uaudiobrasil.com.br\/en\/wp-json\/wp\/v2\/product\/3269\/revisions"}],"predecessor-version":[{"id":5940,"href":"https:\/\/www.uaudiobrasil.com.br\/en\/wp-json\/wp\/v2\/product\/3269\/revisions\/5940"}],"wp:featuredmedia":[{"embeddable":true,"href":"https:\/\/www.uaudiobrasil.com.br\/en\/wp-json\/wp\/v2\/media\/3272"}],"wp:attachment":[{"href":"https:\/\/www.uaudiobrasil.com.br\/en\/wp-json\/wp\/v2\/media?parent=3269"}],"wp:term":[{"taxonomy":"product_brand","embeddable":true,"href":"https:\/\/www.uaudiobrasil.com.br\/en\/wp-json\/wp\/v2\/product_brand?post=3269"},{"taxonomy":"product_cat","embeddable":true,"href":"https:\/\/www.uaudiobrasil.com.br\/en\/wp-json\/wp\/v2\/product_cat?post=3269"},{"taxonomy":"product_tag","embeddable":true,"href":"https:\/\/www.uaudiobrasil.com.br\/en\/wp-json\/wp\/v2\/product_tag?post=3269"}],"curies":[{"name":"wp","href":"https:\/\/api.w.org\/{rel}","templated":true}]}}