{"id":3181,"date":"2023-03-01T18:58:41","date_gmt":"2023-03-01T21:58:41","guid":{"rendered":"https:\/\/www.uaudiobrasil.com.br\/?post_type=product&#038;p=3181"},"modified":"2025-10-31T15:48:15","modified_gmt":"2025-10-31T18:48:15","slug":"ox-amp-top-box","status":"publish","type":"product","link":"https:\/\/www.uaudiobrasil.com.br\/en\/loja\/pedais-uafx\/ox-amp-top-box\/","title":{"rendered":"OX &#8211; Amp Top Box"},"content":{"rendered":"<p>O OX \u00e9 uma caixa de carga reativa premium e um sistema de grava\u00e7\u00e3o de guitarra, oferecendo sons de amplificador perfeitamente imitados em est\u00fadio do seu amplificador de tubo favorito. O OX &#8211; Amp Top Box permite que voc\u00ea reproduza e grave seu amplificador em seus pontos ideais &#8211; de enormes tons limpos e borda de quebra a totalmente acionado &#8211; em qualquer n\u00edvel de volume e com emula\u00e7\u00f5es de microfone, sala e gabinete de alto-falante no giro de um bot\u00e3o.<\/p>\n<p>Apresentando a inovadora Modelagem Din\u00e2mica de Alto-falante da Universal Audio, o OX \u00e9 o primeiro sistema a emular com precis\u00e3o a unidade, a quebra e o choro de cone do alto-falante &#8211; tornando-se o melhor atenuador de alto-falante e solu\u00e7\u00e3o de grava\u00e7\u00e3o de amplificador de guitarra do mundo.<\/p>\n<p>* Reproduza e grave o amplificador de tubo no seu ponto ideal tonal \u2014 em qualquer lugar, em qualquer volume, com din\u00e2mica completa<\/p>\n<p>* Obtenha combina\u00e7\u00f5es impressionantes de microfone e gabinete de guitarra ao girar de um bot\u00e3o RIG &#8211; sem necessidade de miking<\/p>\n<p>* Fa\u00e7a testes, ajustes e salve mais de 100 Rigs personalizados de cair o queixo em computadores compat\u00edveis com iPad ou Mac\/Windows.<\/p>\n<p>* Obtenha sons aut\u00eanticos de &#8220;borda de destrui\u00e7\u00e3o&#8221;, completos com Modelagem de Sala Din\u00e2mica UA e quebra de alto-falante.<\/p>\n<p>Com d\u00e9cadas de experi\u00eancia em engenharia de hardware anal\u00f3gico, a equipe de engenheiros dos sonhos da Universal Audio se prop\u00f4s a projetar uma caixa de carga reativa que ret\u00e9m o tom, a din\u00e2mica e a sensa\u00e7\u00e3o do seu amplificador de tubo &#8211; n\u00e3o importa o quanto ele seja atenuado.<\/p>\n<p>O objetivo era que o amplificador de tubo &#8220;visse&#8221; o OX como um alto-falante real &#8211; com imped\u00e2ncia e resposta continuamente vari\u00e1veis &#8211; para que voc\u00ea n\u00e3o perca uma gota de tom ou din\u00e2mica de reprodu\u00e7\u00e3o.<\/p>","protected":false},"excerpt":{"rendered":"<p>O OX \u00e9 um Reactive Loader que permite voc\u00ea ligar a sa\u00edda do falante do seu amplificador direto nele e utilizar uma variedade de caixas dispon\u00edveis com a qualidade que s\u00f3 a Universal Audio oferece. Considerado um dos melhores Reactive Loader do mercado e usado em in\u00fameros est\u00fadios do mundo inteiro com um sistema \u00fanico de Caixas Virtuais que reproduzem o som real das melhores caixas e microfones para guitarra. Os sons de sala s\u00e3o t\u00e3o real\u00edsticos que seu timbre de guitarra nunca mais ser\u00e1 o mesmo. O OX Amp ToolBox oferece 22 caixas e seis microfones ic\u00f4nicos e a possibilidade de gravar guitarra dentro do seu quarto com os seus amplificadores valvulados a hora que sua inspira\u00e7\u00e3o chegar sem incomodar o resto do ambiente.<\/p>\n<p><img decoding=\"async\" class=\"alignnone size-medium wp-image-5695\" src=\"https:\/\/www.uaudiobrasil.com.br\/wp-content\/uploads\/2025\/03\/disclaimer.png\" alt=\"AV Pro Brasil\" width=\"100%\" \/><\/p>","protected":false},"featured_media":3182,"comment_status":"closed","ping_status":"closed","template":"","meta":{"site-sidebar-layout":"default","site-content-layout":"default","ast-site-content-layout":"default","site-content-style":"default","site-sidebar-style":"default","ast-global-header-display":"","ast-banner-title-visibility":"","ast-main-header-display":"","ast-hfb-above-header-display":"","ast-hfb-below-header-display":"","ast-hfb-mobile-header-display":"","site-post-title":"","ast-breadcrumbs-content":"","ast-featured-img":"","footer-sml-layout":"","ast-disable-related-posts":"","theme-transparent-header-meta":"default","adv-header-id-meta":"","stick-header-meta":"","header-above-stick-meta":"","header-main-stick-meta":"","header-below-stick-meta":"","astra-migrate-meta-layouts":"set","ast-page-background-enabled":"default","ast-page-background-meta":{"desktop":{"background-color":"var(--ast-global-color-4)","background-image":"","background-repeat":"repeat","background-position":"center center","background-size":"auto","background-attachment":"scroll","background-type":"","background-media":"","overlay-type":"","overlay-color":"","overlay-opacity":"","overlay-gradient":""},"tablet":{"background-color":"","background-image":"","background-repeat":"repeat","background-position":"center center","background-size":"auto","background-attachment":"scroll","background-type":"","background-media":"","overlay-type":"","overlay-color":"","overlay-opacity":"","overlay-gradient":""},"mobile":{"background-color":"","background-image":"","background-repeat":"repeat","background-position":"center center","background-size":"auto","background-attachment":"scroll","background-type":"","background-media":"","overlay-type":"","overlay-color":"","overlay-opacity":"","overlay-gradient":""}},"ast-content-background-meta":{"desktop":{"background-color":"var(--ast-global-color-5)","background-image":"","background-repeat":"repeat","background-position":"center center","background-size":"auto","background-attachment":"scroll","background-type":"","background-media":"","overlay-type":"","overlay-color":"","overlay-opacity":"","overlay-gradient":""},"tablet":{"background-color":"var(--ast-global-color-5)","background-image":"","background-repeat":"repeat","background-position":"center center","background-size":"auto","background-attachment":"scroll","background-type":"","background-media":"","overlay-type":"","overlay-color":"","overlay-opacity":"","overlay-gradient":""},"mobile":{"background-color":"var(--ast-global-color-5)","background-image":"","background-repeat":"repeat","background-position":"center center","background-size":"auto","background-attachment":"scroll","background-type":"","background-media":"","overlay-type":"","overlay-color":"","overlay-opacity":"","overlay-gradient":""}},"_joinchat":[]},"product_brand":[],"product_cat":[17],"product_tag":[],"class_list":{"0":"post-3181","1":"product","2":"type-product","3":"status-publish","4":"has-post-thumbnail","6":"product_cat-pedais-uafx","7":"desktop-align-left","8":"tablet-align-left","9":"mobile-align-left","11":"first","12":"instock","13":"shipping-taxable","14":"product-type-external"},"aioseo_notices":[],"jetpack_sharing_enabled":true,"_links":{"self":[{"href":"https:\/\/www.uaudiobrasil.com.br\/en\/wp-json\/wp\/v2\/product\/3181","targetHints":{"allow":["GET"]}}],"collection":[{"href":"https:\/\/www.uaudiobrasil.com.br\/en\/wp-json\/wp\/v2\/product"}],"about":[{"href":"https:\/\/www.uaudiobrasil.com.br\/en\/wp-json\/wp\/v2\/types\/product"}],"replies":[{"embeddable":true,"href":"https:\/\/www.uaudiobrasil.com.br\/en\/wp-json\/wp\/v2\/comments?post=3181"}],"version-history":[{"count":5,"href":"https:\/\/www.uaudiobrasil.com.br\/en\/wp-json\/wp\/v2\/product\/3181\/revisions"}],"predecessor-version":[{"id":5942,"href":"https:\/\/www.uaudiobrasil.com.br\/en\/wp-json\/wp\/v2\/product\/3181\/revisions\/5942"}],"wp:featuredmedia":[{"embeddable":true,"href":"https:\/\/www.uaudiobrasil.com.br\/en\/wp-json\/wp\/v2\/media\/3182"}],"wp:attachment":[{"href":"https:\/\/www.uaudiobrasil.com.br\/en\/wp-json\/wp\/v2\/media?parent=3181"}],"wp:term":[{"taxonomy":"product_brand","embeddable":true,"href":"https:\/\/www.uaudiobrasil.com.br\/en\/wp-json\/wp\/v2\/product_brand?post=3181"},{"taxonomy":"product_cat","embeddable":true,"href":"https:\/\/www.uaudiobrasil.com.br\/en\/wp-json\/wp\/v2\/product_cat?post=3181"},{"taxonomy":"product_tag","embeddable":true,"href":"https:\/\/www.uaudiobrasil.com.br\/en\/wp-json\/wp\/v2\/product_tag?post=3181"}],"curies":[{"name":"wp","href":"https:\/\/api.w.org\/{rel}","templated":true}]}}