{"id":2318,"date":"2022-06-15T19:04:14","date_gmt":"2022-06-15T22:04:14","guid":{"rendered":"https:\/\/www.uaudiobrasil.com.br\/?post_type=product&#038;p=2318"},"modified":"2025-03-05T14:35:12","modified_gmt":"2025-03-05T17:35:12","slug":"uafx-woodrow-55-instrument-amplifier","status":"publish","type":"product","link":"https:\/\/www.uaudiobrasil.com.br\/en\/loja\/pedais-uafx\/uafx-woodrow-55-instrument-amplifier\/","title":{"rendered":"UAFX Woodrow &#8217;55 Instrument Amplifier"},"content":{"rendered":"<p><strong>Obtenha os timbres do nascimento das guitarras el\u00e9tricas.<\/strong><\/p>\n<p>O pedal UAFX Woodrow &#8217;55 Instrument Amplifier oferece o som da lend\u00e1ria v\u00e1lvula tweed americana em um amplificador usado por artistas e produtores em v\u00e1rias d\u00e9cadas, passando por The Eagles, Chuck Berry a Neil Young.<\/p>\n<p>Constru\u00eddo sob dois poderosos processadores com a comprovada experi\u00eancia em modelagem anal\u00f3gica da Universal Audio, o Woodrow &#8217;55 oferece tanto Sons Limpos, Overdrive Rico como uma Distor\u00e7\u00e3o Suja.<\/p>\n<p>&nbsp;<\/p>\n<p><strong>Tenha os timbres de amplificador de tubo perfeito para palco e est\u00fadio<\/strong><\/p>\n<p>Seja substituindo seu amplificador original e indo direto para a frente do palco, ou gravando faixas em seu est\u00fadio &#8211; Woodrow &#8217;55 oferece timbres inspiradores e prontos para seu \u00e1lbum, com um amplificador valvulado \u201cGolden Unit\u201d habilmente gravado.<\/p>\n<p><strong>\u00a0<\/strong><\/p>\n<p><strong>Coloque um som quente em seu pedal de emula\u00e7\u00e3o<\/strong><\/p>\n<p>Sinta ainda mais seus timbres barulhentos usando um verdadeiro emulador de falantes British Swaps e Boosts &#8211; incluindo os famosos pr\u00e9-amplificadores de rack KORG SDD-3000 e Maestro EP-3 Tape Delay &#8211; ao toque de um bot\u00e3o. Somente o Woodrow &#8217;55 coloca um ronco de v\u00e1lvulas original sob seu comando. *<\/p>\n<p>&nbsp;<\/p>\n<p><strong>Comece j\u00e1<\/strong><\/p>\n<p>Com pares personalizados de microfone e alto-falante derivados do premiado OX Amp Top Box da UA, o Woodrow &#8217;55 permite que voc\u00ea personalize seus timbres como quiser.<\/p>\n<p>&nbsp;<\/p>\n<p><strong>Modelos de alto-falante 2&#215;12<\/strong><\/p>\n<ul>\n<li>BLU15: 15W Celestion Blue<\/li>\n<li>JP12: Stock Jensen P12R<\/li>\n<li>GB25: 25W Celestion Greenback<\/li>\n<\/ul>\n<p><strong>Modelos de gabinete de alto-falante adicionais gratuitos<\/strong><\/p>\n<p><strong>(Obtenha com o aplicativo UAFX Control)<\/strong><\/p>\n<ul>\n<li>Marshall 4&#215;12 com falantes Celestion V30<\/li>\n<li>Fender 4&#215;10 Bassman cab com falantes Jensen P10R<\/li>\n<li>Fender 1&#215;12 cab com falantes vintage JBL D-120F<\/li>\n<\/ul>\n<p>&nbsp;<\/p>\n<p><em>* Os nomes dos produtos usados \u200b\u200baqui s\u00e3o marcas registradas de seus respectivos propriet\u00e1rios, que n\u00e3o s\u00e3o de forma alguma afiliadas \u00e0 Universal Audio Inc. Este(s) nome(s) \u00e9(\u00e3o) utilizado(s) exclusivamente para identificar os produtos estudados na cria\u00e7\u00e3o dos modelos sonoros encontrados no UAFX Woodrow &#8217;55 Instrument Amplifier.<\/em><\/p>\n<p>&nbsp;<\/p>\n<p><strong>Personalize seu som com o aplicativo UAFX<\/strong><\/p>\n<p>O Woodrow &#8217;55 fica ainda melhor com o aplicativo m\u00f3vel UAFX Control. Baixe o timbre de seus artistas preferidos, recupere e arquive seus presets e mergulhe mais fundo no mundo dos melhores amplificadores valvulados.<\/p>","protected":false},"excerpt":{"rendered":"<p>Pedal que emula* gabinetes de amplifica\u00e7\u00e3o est\u00e9reo com modelagem de sala, m\u00faltiplos alto-falantes, gabinetes e Boosts, modos ao vivo e pr\u00e9-definidos, al\u00e9m de personaliza\u00e7\u00e3o com o aplicativo m\u00f3vel UAFX.<\/p>\n<p><img decoding=\"async\" class=\"alignnone size-medium wp-image-5695\" src=\"https:\/\/www.uaudiobrasil.com.br\/wp-content\/uploads\/2025\/03\/disclaimer.png\" alt=\"AV Pro Brasil\" width=\"100%\" \/><\/p>\n<h2>R$ 3.849,00<\/h2>","protected":false},"featured_media":2321,"comment_status":"closed","ping_status":"closed","template":"","meta":{"site-sidebar-layout":"default","site-content-layout":"default","ast-site-content-layout":"default","site-content-style":"default","site-sidebar-style":"default","ast-global-header-display":"","ast-banner-title-visibility":"","ast-main-header-display":"","ast-hfb-above-header-display":"","ast-hfb-below-header-display":"","ast-hfb-mobile-header-display":"","site-post-title":"","ast-breadcrumbs-content":"","ast-featured-img":"","footer-sml-layout":"","ast-disable-related-posts":"","theme-transparent-header-meta":"default","adv-header-id-meta":"","stick-header-meta":"","header-above-stick-meta":"","header-main-stick-meta":"","header-below-stick-meta":"","astra-migrate-meta-layouts":"set","ast-page-background-enabled":"default","ast-page-background-meta":{"desktop":{"background-color":"var(--ast-global-color-4)","background-image":"","background-repeat":"repeat","background-position":"center center","background-size":"auto","background-attachment":"scroll","background-type":"","background-media":"","overlay-type":"","overlay-color":"","overlay-opacity":"","overlay-gradient":""},"tablet":{"background-color":"","background-image":"","background-repeat":"repeat","background-position":"center center","background-size":"auto","background-attachment":"scroll","background-type":"","background-media":"","overlay-type":"","overlay-color":"","overlay-opacity":"","overlay-gradient":""},"mobile":{"background-color":"","background-image":"","background-repeat":"repeat","background-position":"center center","background-size":"auto","background-attachment":"scroll","background-type":"","background-media":"","overlay-type":"","overlay-color":"","overlay-opacity":"","overlay-gradient":""}},"ast-content-background-meta":{"desktop":{"background-color":"var(--ast-global-color-5)","background-image":"","background-repeat":"repeat","background-position":"center center","background-size":"auto","background-attachment":"scroll","background-type":"","background-media":"","overlay-type":"","overlay-color":"","overlay-opacity":"","overlay-gradient":""},"tablet":{"background-color":"var(--ast-global-color-5)","background-image":"","background-repeat":"repeat","background-position":"center center","background-size":"auto","background-attachment":"scroll","background-type":"","background-media":"","overlay-type":"","overlay-color":"","overlay-opacity":"","overlay-gradient":""},"mobile":{"background-color":"var(--ast-global-color-5)","background-image":"","background-repeat":"repeat","background-position":"center center","background-size":"auto","background-attachment":"scroll","background-type":"","background-media":"","overlay-type":"","overlay-color":"","overlay-opacity":"","overlay-gradient":""}},"_joinchat":[]},"product_brand":[],"product_cat":[17],"product_tag":[],"class_list":{"0":"post-2318","1":"product","2":"type-product","3":"status-publish","4":"has-post-thumbnail","6":"product_cat-pedais-uafx","7":"desktop-align-left","8":"tablet-align-left","9":"mobile-align-left","11":"first","12":"instock","13":"shipping-taxable","14":"product-type-external"},"aioseo_notices":[],"jetpack_sharing_enabled":true,"_links":{"self":[{"href":"https:\/\/www.uaudiobrasil.com.br\/en\/wp-json\/wp\/v2\/product\/2318","targetHints":{"allow":["GET"]}}],"collection":[{"href":"https:\/\/www.uaudiobrasil.com.br\/en\/wp-json\/wp\/v2\/product"}],"about":[{"href":"https:\/\/www.uaudiobrasil.com.br\/en\/wp-json\/wp\/v2\/types\/product"}],"replies":[{"embeddable":true,"href":"https:\/\/www.uaudiobrasil.com.br\/en\/wp-json\/wp\/v2\/comments?post=2318"}],"version-history":[{"count":2,"href":"https:\/\/www.uaudiobrasil.com.br\/en\/wp-json\/wp\/v2\/product\/2318\/revisions"}],"predecessor-version":[{"id":5726,"href":"https:\/\/www.uaudiobrasil.com.br\/en\/wp-json\/wp\/v2\/product\/2318\/revisions\/5726"}],"wp:featuredmedia":[{"embeddable":true,"href":"https:\/\/www.uaudiobrasil.com.br\/en\/wp-json\/wp\/v2\/media\/2321"}],"wp:attachment":[{"href":"https:\/\/www.uaudiobrasil.com.br\/en\/wp-json\/wp\/v2\/media?parent=2318"}],"wp:term":[{"taxonomy":"product_brand","embeddable":true,"href":"https:\/\/www.uaudiobrasil.com.br\/en\/wp-json\/wp\/v2\/product_brand?post=2318"},{"taxonomy":"product_cat","embeddable":true,"href":"https:\/\/www.uaudiobrasil.com.br\/en\/wp-json\/wp\/v2\/product_cat?post=2318"},{"taxonomy":"product_tag","embeddable":true,"href":"https:\/\/www.uaudiobrasil.com.br\/en\/wp-json\/wp\/v2\/product_tag?post=2318"}],"curies":[{"name":"wp","href":"https:\/\/api.w.org\/{rel}","templated":true}]}}