{"id":2313,"date":"2022-06-15T18:59:33","date_gmt":"2022-06-15T21:59:33","guid":{"rendered":"https:\/\/www.uaudiobrasil.com.br\/?post_type=product&#038;p=2313"},"modified":"2025-03-05T14:35:12","modified_gmt":"2025-03-05T17:35:12","slug":"uafx-ruby-63-top-boost-amplifier","status":"publish","type":"product","link":"https:\/\/www.uaudiobrasil.com.br\/en\/loja\/pedais-uafx\/uafx-ruby-63-top-boost-amplifier\/","title":{"rendered":"UAFX Ruby &#8217;63 Top Boost Amplifier"},"content":{"rendered":"<p><strong>Obtenha os timbres da Invas\u00e3o Brit\u00e2nica que inspiraram gera\u00e7\u00f5es.<\/strong><\/p>\n<p>O pedal UAFX Ruby &#8217;63 Top Boost Amplifier oferece a v\u00e1lvula brit\u00e2nica em um amplificador amado por artistas e produtores h\u00e1 mais de 60 anos, passando pelo Queen, U2 e Radiohead.<\/p>\n<p>Constru\u00eddo sob dois poderosos processadores com a comprovada experi\u00eancia em modelagem anal\u00f3gica da Universal Audio, o Ruby &#8217;63 oferece Sons Claros, Overdrive complexo e Vibrato perfeito.<\/p>\n<p>&nbsp;<\/p>\n<p><strong>Tenha os timbres de amplificador de tubo brit\u00e2nicos para palco e est\u00fadio<\/strong><\/p>\n<p>Seja substituindo seu amplificador original e indo direto para a frente do palco, ou gravando faixas em seu est\u00fadio &#8211; Ruby &#8217;63 oferece timbres inspiradores e prontos para seu \u00e1lbum, com um amplificador valvulado \u201cGolden Unit\u201d habilmente gravado.<\/p>\n<p>&nbsp;<\/p>\n<p><strong>Explore os canais Normal, Brilhante e Vibrato<\/strong><\/p>\n<p>Ruby &#8217;63 \u00e9 o \u00fanico pedal que oferece os canais Normal, Brilhante e Vibrato do amplificador original &#8211; logo voc\u00ea pode voar para a Irlanda, Londres ou Liverpool com o toque de um bot\u00e3o. Do suave \u00e0 britadeira, est\u00e1 tudo aqui.<\/p>\n<p>&nbsp;<\/p>\n<p><strong>Chegue ao limite com o cl\u00e1ssico UK Boosts<\/strong><\/p>\n<p>Ruby &#8217;63 traz Boosts cl\u00e1ssicos, bem integrados. Ou seja, o lend\u00e1rio Dallas Rangemaster Germanium Treble Booster dos anos 60 e o pr\u00e9-amplificador Maestro EP-3 tape Delay dos anos 70. Somente vire a chave do Boost para timbres em camadas e veja os amplificadores modelados baseados em IR irem para a lixeira. *<\/p>\n<p>&nbsp;<\/p>\n<p><strong>E mais<\/strong><\/p>\n<p>Com pares personalizados de microfone e alto-falante derivados do premiado OX Amp Top Box da UA, o Ruby &#8217;63 permite que voc\u00ea personalize seus timbres de amplificadores brit\u00e2nicos como quiser.<\/p>\n<p>&nbsp;<\/p>\n<p><strong>Modelos de alto-falante 2&#215;12<\/strong><\/p>\n<ul>\n<li>SILVER: Raro 15W Celestion Silver Bulldogs<\/li>\n<li>BLUE: Original Celestion Blue Bulldogs<\/li>\n<li>GREEN: Moderno Celestion G12Hs<\/li>\n<\/ul>\n<p>&nbsp;<\/p>\n<p><strong>Modelos de gabinete de alto-falante adicionais gratuitos<\/strong><\/p>\n<p><strong>(Obtenha com o aplicativo UAFX Control)<\/strong><\/p>\n<ul>\n<li>1&#215;12 AC15 cab com Blue Bulldog<\/li>\n<li>2&#215;12 Matchless cab com Celestion G12Hs<\/li>\n<li>2&#215;12 Two-Rock cab com Celestion Golds<\/li>\n<\/ul>\n<p>&nbsp;<\/p>\n<p><em>* Os nomes dos produtos usados \u200b\u200baqui s\u00e3o marcas registradas de seus respectivos propriet\u00e1rios, que n\u00e3o s\u00e3o de forma alguma afiliadas \u00e0 Universal Audio Inc. Este(s) nome(s) \u00e9(s\u00e3o) utilizado(s) exclusivamente para identificar os produtos estudados na cria\u00e7\u00e3o dos modelos de som encontrados no UAFX Ruby &#8217;63 Top Boost Amplifier.<\/em><\/p>\n<p>&nbsp;<\/p>\n<p><strong>Personalize seu som com o aplicativo UAFX<\/strong><\/p>\n<p>O Ruby &#8217;63 fica ainda melhor com o aplicativo m\u00f3vel UAFX Control. Baixe o timbre de seus artistas preferidos, recupere e arquive seus presets e mergulhe mais fundo em um dos melhores amplificadores valvulados j\u00e1 utilizados pelos brit\u00e2nicos.<\/p>","protected":false},"excerpt":{"rendered":"<p>O pedal UAFX Ruby &#8217;63 Top Boost Amplifier oferece a v\u00e1lvula brit\u00e2nica em um amplificador amado por artistas e produtores h\u00e1 mais de 60 anos, passando pelo Queen, U2 e Radiohead.<\/p>\n<p>Constru\u00eddo sob dois poderosos processadores com a comprovada experi\u00eancia em modelagem anal\u00f3gica da Universal Audio, o Ruby &#8217;63 oferece Sons Claros, Overdrive complexo e Vibrato perfeito.<\/p>\n<p><img decoding=\"async\" class=\"alignnone size-medium wp-image-5695\" src=\"https:\/\/www.uaudiobrasil.com.br\/wp-content\/uploads\/2025\/03\/disclaimer.png\" alt=\"AV Pro Brasil\" width=\"100%\" \/><\/p>\n<h2>R$ 3.849,00<\/h2>","protected":false},"featured_media":2316,"comment_status":"closed","ping_status":"closed","template":"","meta":{"site-sidebar-layout":"default","site-content-layout":"","ast-site-content-layout":"default","site-content-style":"default","site-sidebar-style":"default","ast-global-header-display":"","ast-banner-title-visibility":"","ast-main-header-display":"","ast-hfb-above-header-display":"","ast-hfb-below-header-display":"","ast-hfb-mobile-header-display":"","site-post-title":"","ast-breadcrumbs-content":"","ast-featured-img":"","footer-sml-layout":"","ast-disable-related-posts":"","theme-transparent-header-meta":"default","adv-header-id-meta":"","stick-header-meta":"","header-above-stick-meta":"","header-main-stick-meta":"","header-below-stick-meta":"","astra-migrate-meta-layouts":"set","ast-page-background-enabled":"default","ast-page-background-meta":{"desktop":{"background-color":"var(--ast-global-color-4)","background-image":"","background-repeat":"repeat","background-position":"center center","background-size":"auto","background-attachment":"scroll","background-type":"","background-media":"","overlay-type":"","overlay-color":"","overlay-opacity":"","overlay-gradient":""},"tablet":{"background-color":"","background-image":"","background-repeat":"repeat","background-position":"center center","background-size":"auto","background-attachment":"scroll","background-type":"","background-media":"","overlay-type":"","overlay-color":"","overlay-opacity":"","overlay-gradient":""},"mobile":{"background-color":"","background-image":"","background-repeat":"repeat","background-position":"center center","background-size":"auto","background-attachment":"scroll","background-type":"","background-media":"","overlay-type":"","overlay-color":"","overlay-opacity":"","overlay-gradient":""}},"ast-content-background-meta":{"desktop":{"background-color":"var(--ast-global-color-5)","background-image":"","background-repeat":"repeat","background-position":"center center","background-size":"auto","background-attachment":"scroll","background-type":"","background-media":"","overlay-type":"","overlay-color":"","overlay-opacity":"","overlay-gradient":""},"tablet":{"background-color":"var(--ast-global-color-5)","background-image":"","background-repeat":"repeat","background-position":"center center","background-size":"auto","background-attachment":"scroll","background-type":"","background-media":"","overlay-type":"","overlay-color":"","overlay-opacity":"","overlay-gradient":""},"mobile":{"background-color":"var(--ast-global-color-5)","background-image":"","background-repeat":"repeat","background-position":"center center","background-size":"auto","background-attachment":"scroll","background-type":"","background-media":"","overlay-type":"","overlay-color":"","overlay-opacity":"","overlay-gradient":""}},"_joinchat":[]},"product_brand":[],"product_cat":[17],"product_tag":[],"class_list":{"0":"post-2313","1":"product","2":"type-product","3":"status-publish","4":"has-post-thumbnail","6":"product_cat-pedais-uafx","7":"desktop-align-left","8":"tablet-align-left","9":"mobile-align-left","11":"first","12":"instock","13":"shipping-taxable","14":"product-type-external"},"aioseo_notices":[],"jetpack_sharing_enabled":true,"_links":{"self":[{"href":"https:\/\/www.uaudiobrasil.com.br\/en\/wp-json\/wp\/v2\/product\/2313","targetHints":{"allow":["GET"]}}],"collection":[{"href":"https:\/\/www.uaudiobrasil.com.br\/en\/wp-json\/wp\/v2\/product"}],"about":[{"href":"https:\/\/www.uaudiobrasil.com.br\/en\/wp-json\/wp\/v2\/types\/product"}],"replies":[{"embeddable":true,"href":"https:\/\/www.uaudiobrasil.com.br\/en\/wp-json\/wp\/v2\/comments?post=2313"}],"version-history":[{"count":4,"href":"https:\/\/www.uaudiobrasil.com.br\/en\/wp-json\/wp\/v2\/product\/2313\/revisions"}],"predecessor-version":[{"id":5730,"href":"https:\/\/www.uaudiobrasil.com.br\/en\/wp-json\/wp\/v2\/product\/2313\/revisions\/5730"}],"wp:featuredmedia":[{"embeddable":true,"href":"https:\/\/www.uaudiobrasil.com.br\/en\/wp-json\/wp\/v2\/media\/2316"}],"wp:attachment":[{"href":"https:\/\/www.uaudiobrasil.com.br\/en\/wp-json\/wp\/v2\/media?parent=2313"}],"wp:term":[{"taxonomy":"product_brand","embeddable":true,"href":"https:\/\/www.uaudiobrasil.com.br\/en\/wp-json\/wp\/v2\/product_brand?post=2313"},{"taxonomy":"product_cat","embeddable":true,"href":"https:\/\/www.uaudiobrasil.com.br\/en\/wp-json\/wp\/v2\/product_cat?post=2313"},{"taxonomy":"product_tag","embeddable":true,"href":"https:\/\/www.uaudiobrasil.com.br\/en\/wp-json\/wp\/v2\/product_tag?post=2313"}],"curies":[{"name":"wp","href":"https:\/\/api.w.org\/{rel}","templated":true}]}}