{"id":2305,"date":"2022-06-15T18:29:31","date_gmt":"2022-06-15T21:29:31","guid":{"rendered":"https:\/\/www.uaudiobrasil.com.br\/?post_type=product&#038;p=2305"},"modified":"2025-03-05T14:35:12","modified_gmt":"2025-03-05T17:35:12","slug":"uafx-dream-65-reverb-amplifier","status":"publish","type":"product","link":"https:\/\/www.uaudiobrasil.com.br\/en\/loja\/pedais-uafx\/uafx-dream-65-reverb-amplifier\/","title":{"rendered":"UAFX Dream \u201865 Reverb Amplifier"},"content":{"rendered":"<p><strong>Obtenha os timbres de amplificadores valvulados Americanos que mudaram o passado.<\/strong><\/p>\n<p>O pedal UAFX Dream &#8217;65 Reverb Amp oferece o principal amplificador valvulado americano<\/p>\n<p>usado por artistas e produtores por 60 anos, desde Muddy Waters, The Beatles e Mac Demarco.<\/p>\n<p>Constru\u00eddo sob dois poderosos processadores com a comprovada experi\u00eancia em modelagem anal\u00f3gica da Universal Audio, o Dream &#8217;65 oferece um som divino com Reverb de Mola e Vibrato maravilhosos.<\/p>\n<p>&nbsp;<\/p>\n<p><strong>Tenha os timbres leg\u00edtimos de amplificadores valvulados para palco e est\u00fadio<\/strong><\/p>\n<p>Seja substituindo seu amplificador original e indo direto para a frente do palco, ou gravando faixas em seu est\u00fadio &#8211; Dream &#8217;65 oferece timbres inspiradores e prontos para seu \u00e1lbum, com um amplificador valvulado \u201cGolden Unit\u201d habilmente gravado.<\/p>\n<p><strong>Deleite-se com o aut\u00eantico Spring Reverb &amp; Vibrato<\/strong><\/p>\n<p>Dream &#8217;65 \u00e9 o \u00fanico pedal amp-in-a-box que captura fielmente o som imersivo de um verdadeiro Reverb e Vibrato acionados por v\u00e1lvulas, tornando este pedal perfeito do Soul ao Surf, Funk ao Punk, Blues ao Bebop. Pegou?<\/p>\n<p>&nbsp;<\/p>\n<p><strong>Coloque um amplificador de est\u00fadio modificado em sua pedaleira<\/strong><\/p>\n<p>Leve seu timbre de amplificador vintage um passo adiante com modifica\u00e7\u00f5es personalizados e chegue ao som de artistas como Stevie Ray Vaughan e Steve Lukather. Com dois Mods famosos e um Boost limpo incorporado no pedal, o Dream &#8217;65 estabelece sons que colocam a concorr\u00eancia fora do jogo.<\/p>\n<p>&nbsp;<\/p>\n<p><strong>Obtenha os timbres de v\u00e1lvula americano dos anos 60 que voc\u00ea sempre quis<\/strong><\/p>\n<p>Com pares personalizados de microfone e alto-falante derivados do premiado OX Amp Top Box da UA, o Dream &#8217;65 oferece timbres inspiradores ao toque de um bot\u00e3o.<\/p>\n<p><strong>Modelos de alto-falantes de 12&#8243;<\/strong><\/p>\n<ul>\n<li>GB25: Vintage Celestion Greenback<\/li>\n<li>Oxford: Original Oxford 12K5-6<\/li>\n<li>EV12: Electro-Voice EVM12L<\/li>\n<\/ul>\n<p>&nbsp;<\/p>\n<p><strong>Modelos de gabinete de alto-falante adicionais gratuitos<\/strong><\/p>\n<p><strong>(Obtenha com o aplicativo UAFX Control)<\/strong><\/p>\n<ul>\n<li>Two-Rock 2&#215;12 extension cab com falantes Celestion G12-65s<\/li>\n<li>Vintage 1966 4&#215;10 Fender Super Reverb cab com falantes CTS originais<\/li>\n<li>Vintage 1968 2&#215;12 Fender Twin Reverb cab com falantes JBL D-120F originais<\/li>\n<\/ul>\n<p>&nbsp;<\/p>\n<p><strong>Personalize seu som com o aplicativo UAFX<\/strong><\/p>\n<p>O Dream &#8217;65 fica ainda melhor com o aplicativo m\u00f3vel UAFX Control. Baixe o timbre de seus artistas preferidos, recupere e arquive seus presets e mergulhe mais fundo em um dos melhores amplificadores valvulados j\u00e1 feitos.<\/p>\n<p>&nbsp;<\/p>\n<p><em>* Os nomes dos produtos usados \u200b\u200baqui s\u00e3o marcas registradas de seus respectivos propriet\u00e1rios, que n\u00e3o s\u00e3o de forma alguma afiliadas \u00e0 Universal Audio Inc. Este(s) nome(s) \u00e9(s\u00e3o) utilizado(s) exclusivamente para identificar os produtos estudados na cria\u00e7\u00e3o dos modelos de som encontrados no Dream &#8217;65 Reverb Amplifier.<\/em><\/p>","protected":false},"excerpt":{"rendered":"<p>O pedal UAFX Dream &#8217;65 Reverb Amp oferece o principal amplificador valvulado americano. Uusado por artistas e produtores por 60 anos, desde Muddy Waters, The Beatles e Mac Demarco.<\/p>\n<p>Constru\u00eddo sob dois poderosos processadores com a comprovada experi\u00eancia em modelagem anal\u00f3gica da Universal Audio, o Dream &#8217;65 oferece um som divino com Reverb de Mola e Vibrato maravilhosos.<\/p>\n<p><img decoding=\"async\" class=\"alignnone size-medium wp-image-5695\" src=\"https:\/\/www.uaudiobrasil.com.br\/wp-content\/uploads\/2025\/03\/disclaimer.png\" alt=\"AV Pro Brasil\" width=\"100%\" \/><\/p>\n<h2>R$ 3.849,00<\/h2>","protected":false},"featured_media":2309,"comment_status":"closed","ping_status":"closed","template":"","meta":{"site-sidebar-layout":"default","site-content-layout":"","ast-site-content-layout":"default","site-content-style":"default","site-sidebar-style":"default","ast-global-header-display":"","ast-banner-title-visibility":"","ast-main-header-display":"","ast-hfb-above-header-display":"","ast-hfb-below-header-display":"","ast-hfb-mobile-header-display":"","site-post-title":"","ast-breadcrumbs-content":"","ast-featured-img":"","footer-sml-layout":"","ast-disable-related-posts":"","theme-transparent-header-meta":"default","adv-header-id-meta":"","stick-header-meta":"","header-above-stick-meta":"","header-main-stick-meta":"","header-below-stick-meta":"","astra-migrate-meta-layouts":"set","ast-page-background-enabled":"default","ast-page-background-meta":{"desktop":{"background-color":"var(--ast-global-color-4)","background-image":"","background-repeat":"repeat","background-position":"center center","background-size":"auto","background-attachment":"scroll","background-type":"","background-media":"","overlay-type":"","overlay-color":"","overlay-opacity":"","overlay-gradient":""},"tablet":{"background-color":"","background-image":"","background-repeat":"repeat","background-position":"center center","background-size":"auto","background-attachment":"scroll","background-type":"","background-media":"","overlay-type":"","overlay-color":"","overlay-opacity":"","overlay-gradient":""},"mobile":{"background-color":"","background-image":"","background-repeat":"repeat","background-position":"center center","background-size":"auto","background-attachment":"scroll","background-type":"","background-media":"","overlay-type":"","overlay-color":"","overlay-opacity":"","overlay-gradient":""}},"ast-content-background-meta":{"desktop":{"background-color":"var(--ast-global-color-5)","background-image":"","background-repeat":"repeat","background-position":"center center","background-size":"auto","background-attachment":"scroll","background-type":"","background-media":"","overlay-type":"","overlay-color":"","overlay-opacity":"","overlay-gradient":""},"tablet":{"background-color":"var(--ast-global-color-5)","background-image":"","background-repeat":"repeat","background-position":"center center","background-size":"auto","background-attachment":"scroll","background-type":"","background-media":"","overlay-type":"","overlay-color":"","overlay-opacity":"","overlay-gradient":""},"mobile":{"background-color":"var(--ast-global-color-5)","background-image":"","background-repeat":"repeat","background-position":"center center","background-size":"auto","background-attachment":"scroll","background-type":"","background-media":"","overlay-type":"","overlay-color":"","overlay-opacity":"","overlay-gradient":""}},"_joinchat":[]},"product_brand":[],"product_cat":[17],"product_tag":[],"class_list":{"0":"post-2305","1":"product","2":"type-product","3":"status-publish","4":"has-post-thumbnail","6":"product_cat-pedais-uafx","7":"desktop-align-left","8":"tablet-align-left","9":"mobile-align-left","11":"first","12":"instock","13":"shipping-taxable","14":"product-type-external"},"aioseo_notices":[],"jetpack_sharing_enabled":true,"_links":{"self":[{"href":"https:\/\/www.uaudiobrasil.com.br\/en\/wp-json\/wp\/v2\/product\/2305","targetHints":{"allow":["GET"]}}],"collection":[{"href":"https:\/\/www.uaudiobrasil.com.br\/en\/wp-json\/wp\/v2\/product"}],"about":[{"href":"https:\/\/www.uaudiobrasil.com.br\/en\/wp-json\/wp\/v2\/types\/product"}],"replies":[{"embeddable":true,"href":"https:\/\/www.uaudiobrasil.com.br\/en\/wp-json\/wp\/v2\/comments?post=2305"}],"version-history":[{"count":2,"href":"https:\/\/www.uaudiobrasil.com.br\/en\/wp-json\/wp\/v2\/product\/2305\/revisions"}],"predecessor-version":[{"id":5731,"href":"https:\/\/www.uaudiobrasil.com.br\/en\/wp-json\/wp\/v2\/product\/2305\/revisions\/5731"}],"wp:featuredmedia":[{"embeddable":true,"href":"https:\/\/www.uaudiobrasil.com.br\/en\/wp-json\/wp\/v2\/media\/2309"}],"wp:attachment":[{"href":"https:\/\/www.uaudiobrasil.com.br\/en\/wp-json\/wp\/v2\/media?parent=2305"}],"wp:term":[{"taxonomy":"product_brand","embeddable":true,"href":"https:\/\/www.uaudiobrasil.com.br\/en\/wp-json\/wp\/v2\/product_brand?post=2305"},{"taxonomy":"product_cat","embeddable":true,"href":"https:\/\/www.uaudiobrasil.com.br\/en\/wp-json\/wp\/v2\/product_cat?post=2305"},{"taxonomy":"product_tag","embeddable":true,"href":"https:\/\/www.uaudiobrasil.com.br\/en\/wp-json\/wp\/v2\/product_tag?post=2305"}],"curies":[{"name":"wp","href":"https:\/\/api.w.org\/{rel}","templated":true}]}}