{"id":2296,"date":"2022-06-14T07:58:58","date_gmt":"2022-06-14T10:58:58","guid":{"rendered":"https:\/\/www.uaudiobrasil.com.br\/?post_type=product&#038;p=2296"},"modified":"2025-03-05T14:35:12","modified_gmt":"2025-03-05T17:35:12","slug":"par-de-microfones-tipo-bastao-padrao-universal-audio-sp-1","status":"publish","type":"product","link":"https:\/\/www.uaudiobrasil.com.br\/en\/loja\/microfones\/par-de-microfones-tipo-bastao-padrao-universal-audio-sp-1\/","title":{"rendered":"Par de microfones tipo bast\u00e3o padr\u00e3o Universal Audio SP-1"},"content":{"rendered":"<div class=\"text-centered\">\n<p>Com o par condensador de diafragma pequeno SP-1, voc\u00ea pode gravar instrumentos ac\u00fasticos, bateria e percuss\u00e3o em est\u00e9reo, com um som instant\u00e2neo e cristalino.<\/p>\n<p>Microfones Simulados<\/p>\n<p>SD-54 = Neumann KM54<br \/>\nSD-56 = Neumann KM56<br \/>\nSD-84 = Neumann KM84<br \/>\nSD-86 = Shure SM86<br \/>\nSD-451 = AKG C451<\/p>\n<p>&nbsp;<\/p>\n<p><strong>Principais benef\u00edcios<\/strong><\/p>\n<ul>\n<li>Capture instrumentos de cordas, baterias e muito mais com um par de microfones condensadores<\/li>\n<li>Aproveite o ambiente para grava\u00e7\u00f5es est\u00e9reo claras e profissionais<\/li>\n<li>Adicione este par retr\u00f4 e de alta qualidade em sua cole\u00e7\u00e3o de microfones<\/li>\n<li>Obtenha um som profissional com as predefini\u00e7\u00f5es Apollo SP-1 inclu\u00eddas<\/li>\n<\/ul>\n<p>&nbsp;<\/p>\n<p><strong>O par perfeito para grava\u00e7\u00e3o est\u00e9reo<\/strong><\/p>\n<p>Com um par est\u00e9reo combinado, o SP-1 adiciona clareza, largura e dimens\u00e3o \u00e0s suas grava\u00e7\u00f5es. Sejam padr\u00f5es X\/Y curtos ou espa\u00e7ados, combine-os como quiser e ou\u00e7a os detalhes de seu instrumento.<\/p>\n<p>&nbsp;<\/p>\n<p><strong>Capture seus melhores sons, em qualquer lugar<\/strong><\/p>\n<p>O design cardi\u00f3ide cl\u00e1ssico do SP-1, a alta toler\u00e2ncia SPL e os agudos suaves e n\u00edtidos, proporcionam captura limpa de viol\u00f5es, overheads de bateria, percuss\u00e3o, metais e muito mais &#8211; em qualquer volume, em qualquer ambiente.<\/p>\n<p>&nbsp;<\/p>\n<p><strong>Mais do que seus microfones de bast\u00e3o medianos<\/strong><\/p>\n<p>Projetamos o par SP-1 para ser seu cavalo de batalha, e a escolha di\u00e1ria para grava\u00e7\u00e3o est\u00e9reo. Com um acabamento retr\u00f4 e constru\u00e7\u00e3o esmerada, esses condensadores elegantes nunca envelhecem.<\/p>\n<p>&nbsp;<\/p>\n<p><strong>Soe como os profissionais com predefini\u00e7\u00f5es de Channel Strip da Apollo<\/strong><\/p>\n<p>Elimine a d\u00favida de obter um som apurado com as predefini\u00e7\u00f5es de microfone SP-1 personalizadas da Apollo, com um EQ pronto para adicionar brilho aos pratos, ou refor\u00e7ar os metais e instrumentos de cordas com som est\u00e9reo.<\/p>\n<p>&nbsp;<\/p>\n<p>O par de microfones UA SP-1 inclui tudo o que voc\u00ea precisa para um som profissional, incluindo:<\/p>\n<ul>\n<li>Dois suportes de microfone<\/li>\n<li>Barra em T est\u00e9reo<\/li>\n<li>Duas espumas windscreens<\/li>\n<li>Dois adaptadores de rosca de \u215d\u201d e \u215c\u201d<\/li>\n<\/ul>\n<\/div>","protected":false},"excerpt":{"rendered":"<p>O par de microfones condensadores (capacitivos) de diafragma pequeno SP-1 da Universal Audio apresenta um padr\u00e3o polar cardi\u00f3ide, al\u00e9m de predefini\u00e7\u00f5es de Channel Strip da Apollo para um som profissional instant\u00e2neo.<\/p>\n<p><img decoding=\"async\" class=\"alignnone size-medium wp-image-5695\" src=\"https:\/\/www.uaudiobrasil.com.br\/wp-content\/uploads\/2025\/03\/disclaimer.png\" alt=\"AV Pro Brasil\" width=\"100%\" \/><\/p>\n<h2>R$ 3.899,00<\/h2>","protected":false},"featured_media":2298,"comment_status":"closed","ping_status":"closed","template":"","meta":{"site-sidebar-layout":"default","site-content-layout":"default","ast-site-content-layout":"default","site-content-style":"default","site-sidebar-style":"default","ast-global-header-display":"","ast-banner-title-visibility":"","ast-main-header-display":"","ast-hfb-above-header-display":"","ast-hfb-below-header-display":"","ast-hfb-mobile-header-display":"","site-post-title":"","ast-breadcrumbs-content":"","ast-featured-img":"","footer-sml-layout":"","ast-disable-related-posts":"","theme-transparent-header-meta":"default","adv-header-id-meta":"","stick-header-meta":"","header-above-stick-meta":"","header-main-stick-meta":"","header-below-stick-meta":"","astra-migrate-meta-layouts":"set","ast-page-background-enabled":"default","ast-page-background-meta":{"desktop":{"background-color":"var(--ast-global-color-4)","background-image":"","background-repeat":"repeat","background-position":"center center","background-size":"auto","background-attachment":"scroll","background-type":"","background-media":"","overlay-type":"","overlay-color":"","overlay-opacity":"","overlay-gradient":""},"tablet":{"background-color":"","background-image":"","background-repeat":"repeat","background-position":"center center","background-size":"auto","background-attachment":"scroll","background-type":"","background-media":"","overlay-type":"","overlay-color":"","overlay-opacity":"","overlay-gradient":""},"mobile":{"background-color":"","background-image":"","background-repeat":"repeat","background-position":"center center","background-size":"auto","background-attachment":"scroll","background-type":"","background-media":"","overlay-type":"","overlay-color":"","overlay-opacity":"","overlay-gradient":""}},"ast-content-background-meta":{"desktop":{"background-color":"var(--ast-global-color-5)","background-image":"","background-repeat":"repeat","background-position":"center center","background-size":"auto","background-attachment":"scroll","background-type":"","background-media":"","overlay-type":"","overlay-color":"","overlay-opacity":"","overlay-gradient":""},"tablet":{"background-color":"var(--ast-global-color-5)","background-image":"","background-repeat":"repeat","background-position":"center center","background-size":"auto","background-attachment":"scroll","background-type":"","background-media":"","overlay-type":"","overlay-color":"","overlay-opacity":"","overlay-gradient":""},"mobile":{"background-color":"var(--ast-global-color-5)","background-image":"","background-repeat":"repeat","background-position":"center center","background-size":"auto","background-attachment":"scroll","background-type":"","background-media":"","overlay-type":"","overlay-color":"","overlay-opacity":"","overlay-gradient":""}},"_joinchat":[]},"product_brand":[],"product_cat":[23],"product_tag":[],"class_list":{"0":"post-2296","1":"product","2":"type-product","3":"status-publish","4":"has-post-thumbnail","6":"product_cat-microfones","7":"desktop-align-left","8":"tablet-align-left","9":"mobile-align-left","11":"first","12":"instock","13":"shipping-taxable","14":"product-type-external"},"aioseo_notices":[],"jetpack_sharing_enabled":true,"_links":{"self":[{"href":"https:\/\/www.uaudiobrasil.com.br\/en\/wp-json\/wp\/v2\/product\/2296","targetHints":{"allow":["GET"]}}],"collection":[{"href":"https:\/\/www.uaudiobrasil.com.br\/en\/wp-json\/wp\/v2\/product"}],"about":[{"href":"https:\/\/www.uaudiobrasil.com.br\/en\/wp-json\/wp\/v2\/types\/product"}],"replies":[{"embeddable":true,"href":"https:\/\/www.uaudiobrasil.com.br\/en\/wp-json\/wp\/v2\/comments?post=2296"}],"version-history":[{"count":5,"href":"https:\/\/www.uaudiobrasil.com.br\/en\/wp-json\/wp\/v2\/product\/2296\/revisions"}],"predecessor-version":[{"id":5746,"href":"https:\/\/www.uaudiobrasil.com.br\/en\/wp-json\/wp\/v2\/product\/2296\/revisions\/5746"}],"wp:featuredmedia":[{"embeddable":true,"href":"https:\/\/www.uaudiobrasil.com.br\/en\/wp-json\/wp\/v2\/media\/2298"}],"wp:attachment":[{"href":"https:\/\/www.uaudiobrasil.com.br\/en\/wp-json\/wp\/v2\/media?parent=2296"}],"wp:term":[{"taxonomy":"product_brand","embeddable":true,"href":"https:\/\/www.uaudiobrasil.com.br\/en\/wp-json\/wp\/v2\/product_brand?post=2296"},{"taxonomy":"product_cat","embeddable":true,"href":"https:\/\/www.uaudiobrasil.com.br\/en\/wp-json\/wp\/v2\/product_cat?post=2296"},{"taxonomy":"product_tag","embeddable":true,"href":"https:\/\/www.uaudiobrasil.com.br\/en\/wp-json\/wp\/v2\/product_tag?post=2296"}],"curies":[{"name":"wp","href":"https:\/\/api.w.org\/{rel}","templated":true}]}}