{"id":2251,"date":"2022-05-26T22:40:27","date_gmt":"2022-05-27T01:40:27","guid":{"rendered":"https:\/\/www.uaudiobrasil.com.br\/?post_type=product&#038;p=2251"},"modified":"2025-03-05T14:35:12","modified_gmt":"2025-03-05T17:35:12","slug":"uad-2-satellite-quad-core-thunderbolt","status":"publish","type":"product","link":"https:\/\/www.uaudiobrasil.com.br\/en\/loja\/dsp-satellite\/uad-2-satellite-quad-core-thunderbolt\/","title":{"rendered":"UAD-2 Satellite Quad Core Thunderbolt"},"content":{"rendered":"<p>O UAD-2 Satellite Thunderbolt \u00e9 um acelerador DSP poderoso que oferece aos usu\u00e1rios de Mac e Windows 10 acesso completo aos plug-ins de emula\u00e7\u00e3o anal\u00f3gica mais detalhados e aut\u00eanticos do mundo, dispon\u00edveis exclusivamente na plataforma UAD.<\/p>\n<p>Refor\u00e7ado pela conectividade de \u00faltima gera\u00e7\u00e3o, o UAD-2 Satellite Thunderbolt 3 permite que voc\u00ea execute grandes mixagens profissionais com o rico car\u00e1ter anal\u00f3gico dos premiados plug-ins desenvolvidos pela UA, incluindo t\u00edtulos exclusivos da Neve, Fender, Lexicon, Studer e muito mais . Al\u00e9m disso, \u00e9 compat\u00edvel com dispositivos Thunderbolt 1 e 2 UA.<\/p>\n<p>&nbsp;<\/p>\n<hr \/>\n<p>&nbsp;<\/p>\n<h2><img data-recalc-dims=\"1\" fetchpriority=\"high\" decoding=\"async\" class=\"size-medium alignleft\" src=\"https:\/\/i0.wp.com\/media.uaudio.com\/assetlibrary\/u\/a\/uad2_satellite_usb_feature_1.jpg?resize=640%2C320&#038;ssl=1\" width=\"640\" height=\"320\" \/><\/h2>\n<h2>Processamento poderoso e expans\u00edvel<\/h2>\n<p>O UAD-2 Satellite Thunderbolt 3 est\u00e1 dispon\u00edvel nos modelos QUAD ou OCTO com quatro ou oito processadores SHARC, respectivamente. Ele tamb\u00e9m pode ser integrado com as placas UAD-2 PCIe DSP Accelerator e interfaces de \u00e1udio UA equipadas com Thunderbolt, incluindo as interfaces Arrow, Apollo Twin e Apollo X para uma pot\u00eancia de mixagem verdadeiramente escal\u00e1vel.<\/p>\n<p>&nbsp;<\/p>\n<hr \/>\n<p><img data-recalc-dims=\"1\" decoding=\"async\" class=\"size-medium alignright\" src=\"https:\/\/i0.wp.com\/media.uaudio.com\/assetlibrary\/u\/a\/uad-2_satellite_feature_3_1.jpg?resize=640%2C320&#038;ssl=1\" width=\"640\" height=\"320\" \/><\/p>\n<h2 style=\"text-align: right;\">Atualize para a cole\u00e7\u00e3o definitiva de Plug-ins UAD<\/h2>\n<p style=\"text-align: right;\">Os aceleradores UAD incluem um conjunto de plug-ins prontos para uso, com compressores Teletronix\u00ae LA-2A e UA 1176, EQs Pultec\u00ae e muito mais. Atualize para o UAD Ultimate Bundle para obter um est\u00fadio anal\u00f3gico totalmente abastecido com grandes economias, com mais de 100 t\u00edtulos exclusivos da Neve,\u00ae Ampex,\u00ae Lexicon,\u00ae SSL,\u00ae Fender\u00ae e muito mais.<\/p>\n<p>&nbsp;<\/p>\n<p>&nbsp;<\/p>\n<hr \/>\n<p>&nbsp;<\/p>\n<p><img data-recalc-dims=\"1\" decoding=\"async\" class=\"size-medium alignleft\" src=\"https:\/\/i0.wp.com\/media.uaudio.com\/assetlibrary\/u\/l\/ultimate_feature.jpg?resize=640%2C320&#038;ssl=1\" width=\"640\" height=\"320\" \/><\/p>\n<h2>Atualize para a cole\u00e7\u00e3o definitiva de Plug-ins UAD<\/h2>\n<p>Os aceleradores UAD incluem um conjunto de plug-ins prontos para uso, com compressores Teletronix\u00ae LA-2A e UA 1176, EQs Pultec\u00ae e muito mais. Atualize para o UAD Ultimate Bundle para obter um est\u00fadio anal\u00f3gico totalmente abastecido com grandes economias, com mais de 100 t\u00edtulos exclusivos da Neve,\u00ae Ampex,\u00ae Lexicon,\u00ae SSL,\u00ae Fender\u00ae e muito mais.<\/p>\n<p>&nbsp;<\/p>\n<p>&nbsp;<\/p>","protected":false},"excerpt":{"rendered":"<p>O UAD-2 Satellite Thunderbolt \u00e9 um acelerador DSP poderoso que oferece aos usu\u00e1rios de Mac e Windows 10 acesso completo aos plug-ins de emula\u00e7\u00e3o anal\u00f3gica mais detalhados e aut\u00eanticos do mundo, dispon\u00edveis exclusivamente na plataforma UAD.<\/p>\n<p>Refor\u00e7ado pela conectividade de \u00faltima gera\u00e7\u00e3o, o UAD-2 Satellite Thunderbolt 3 permite que voc\u00ea execute grandes mixagens profissionais com o rico car\u00e1ter anal\u00f3gico dos premiados plug-ins desenvolvidos pela UA, incluindo t\u00edtulos exclusivos da Neve, Fender, Lexicon, Studer e muito mais . Al\u00e9m disso, \u00e9 compat\u00edvel com dispositivos Thunderbolt 1 e 2 UA.<\/p>\n<p><img decoding=\"async\" class=\"alignnone size-medium wp-image-5695\" src=\"https:\/\/www.uaudiobrasil.com.br\/wp-content\/uploads\/2025\/03\/disclaimer.png\" alt=\"AV Pro Brasil\" width=\"100%\" \/><\/p>\n<h2>R$ 8.199,00<\/h2>","protected":false},"featured_media":2248,"comment_status":"closed","ping_status":"closed","template":"","meta":{"site-sidebar-layout":"default","site-content-layout":"default","ast-site-content-layout":"default","site-content-style":"default","site-sidebar-style":"default","ast-global-header-display":"","ast-banner-title-visibility":"","ast-main-header-display":"","ast-hfb-above-header-display":"","ast-hfb-below-header-display":"","ast-hfb-mobile-header-display":"","site-post-title":"","ast-breadcrumbs-content":"","ast-featured-img":"","footer-sml-layout":"","ast-disable-related-posts":"","theme-transparent-header-meta":"default","adv-header-id-meta":"","stick-header-meta":"","header-above-stick-meta":"","header-main-stick-meta":"","header-below-stick-meta":"","astra-migrate-meta-layouts":"set","ast-page-background-enabled":"default","ast-page-background-meta":{"desktop":{"background-color":"var(--ast-global-color-4)","background-image":"","background-repeat":"repeat","background-position":"center center","background-size":"auto","background-attachment":"scroll","background-type":"","background-media":"","overlay-type":"","overlay-color":"","overlay-opacity":"","overlay-gradient":""},"tablet":{"background-color":"","background-image":"","background-repeat":"repeat","background-position":"center center","background-size":"auto","background-attachment":"scroll","background-type":"","background-media":"","overlay-type":"","overlay-color":"","overlay-opacity":"","overlay-gradient":""},"mobile":{"background-color":"","background-image":"","background-repeat":"repeat","background-position":"center center","background-size":"auto","background-attachment":"scroll","background-type":"","background-media":"","overlay-type":"","overlay-color":"","overlay-opacity":"","overlay-gradient":""}},"ast-content-background-meta":{"desktop":{"background-color":"var(--ast-global-color-5)","background-image":"","background-repeat":"repeat","background-position":"center center","background-size":"auto","background-attachment":"scroll","background-type":"","background-media":"","overlay-type":"","overlay-color":"","overlay-opacity":"","overlay-gradient":""},"tablet":{"background-color":"var(--ast-global-color-5)","background-image":"","background-repeat":"repeat","background-position":"center center","background-size":"auto","background-attachment":"scroll","background-type":"","background-media":"","overlay-type":"","overlay-color":"","overlay-opacity":"","overlay-gradient":""},"mobile":{"background-color":"var(--ast-global-color-5)","background-image":"","background-repeat":"repeat","background-position":"center center","background-size":"auto","background-attachment":"scroll","background-type":"","background-media":"","overlay-type":"","overlay-color":"","overlay-opacity":"","overlay-gradient":""}},"_joinchat":[]},"product_brand":[],"product_cat":[25],"product_tag":[],"class_list":{"0":"post-2251","1":"product","2":"type-product","3":"status-publish","4":"has-post-thumbnail","6":"product_cat-dsp-satellite","7":"desktop-align-left","8":"tablet-align-left","9":"mobile-align-left","11":"first","12":"instock","13":"shipping-taxable","14":"product-type-external"},"aioseo_notices":[],"jetpack_sharing_enabled":true,"_links":{"self":[{"href":"https:\/\/www.uaudiobrasil.com.br\/en\/wp-json\/wp\/v2\/product\/2251","targetHints":{"allow":["GET"]}}],"collection":[{"href":"https:\/\/www.uaudiobrasil.com.br\/en\/wp-json\/wp\/v2\/product"}],"about":[{"href":"https:\/\/www.uaudiobrasil.com.br\/en\/wp-json\/wp\/v2\/types\/product"}],"replies":[{"embeddable":true,"href":"https:\/\/www.uaudiobrasil.com.br\/en\/wp-json\/wp\/v2\/comments?post=2251"}],"version-history":[{"count":4,"href":"https:\/\/www.uaudiobrasil.com.br\/en\/wp-json\/wp\/v2\/product\/2251\/revisions"}],"predecessor-version":[{"id":5735,"href":"https:\/\/www.uaudiobrasil.com.br\/en\/wp-json\/wp\/v2\/product\/2251\/revisions\/5735"}],"wp:featuredmedia":[{"embeddable":true,"href":"https:\/\/www.uaudiobrasil.com.br\/en\/wp-json\/wp\/v2\/media\/2248"}],"wp:attachment":[{"href":"https:\/\/www.uaudiobrasil.com.br\/en\/wp-json\/wp\/v2\/media?parent=2251"}],"wp:term":[{"taxonomy":"product_brand","embeddable":true,"href":"https:\/\/www.uaudiobrasil.com.br\/en\/wp-json\/wp\/v2\/product_brand?post=2251"},{"taxonomy":"product_cat","embeddable":true,"href":"https:\/\/www.uaudiobrasil.com.br\/en\/wp-json\/wp\/v2\/product_cat?post=2251"},{"taxonomy":"product_tag","embeddable":true,"href":"https:\/\/www.uaudiobrasil.com.br\/en\/wp-json\/wp\/v2\/product_tag?post=2251"}],"curies":[{"name":"wp","href":"https:\/\/api.w.org\/{rel}","templated":true}]}}