{"id":2222,"date":"2022-04-08T15:54:04","date_gmt":"2022-04-08T18:54:04","guid":{"rendered":"https:\/\/www.uaudiobrasil.com.br\/?post_type=product&#038;p=2222"},"modified":"2025-03-05T14:35:12","modified_gmt":"2025-03-05T17:35:12","slug":"universal-audio-sd-1-standard-dynamic-cardioid-microphone","status":"publish","type":"product","link":"https:\/\/www.uaudiobrasil.com.br\/en\/loja\/microfones\/universal-audio-sd-1-standard-dynamic-cardioid-microphone\/","title":{"rendered":"Universal Audio SD-1 Standard Dynamic Cardioid Microphone"},"content":{"rendered":"<div class=\"text-centered\">\n<h2>Capture o seu melhor, o tempo todo.<\/h2>\n<\/div>\n<div id=\"gallery62436992bafcb\" class=\"product-gallery slick-initialized slick-slider\">\n<div class=\"slick-list draggable\">\n<div class=\"slick-track\">\n<div id=\"\" class=\"product-gallery__img slick-slide slick-cloned\" tabindex=\"-1\" data-slick-index=\"4\" aria-hidden=\"true\">\n<p>Com o microfone din\u00e2mico SD-1, voc\u00ea pode capturar vocais, instrumentos, transmiss\u00f5es ao vivo e podcasts como um profissional, oferecendo rapidamente um som de est\u00fadio polido e pronto para transmiss\u00e3o.<\/p>\n<\/div>\n<\/div>\n<\/div>\n<\/div>\n<div id=\"f80ff\" class=\"product-feature\">\n<div class=\"product-feature__content-wrapper--right\">\n<div class=\"product-feature__content\">\n<div class=\"product-feature__text-wrapper\">\n<h2>Obtenha Vocais Profissionais, em Qualquer Lugar<\/h2>\n<p>O SD-1 oferece som e estilo de est\u00fadio, n\u00e3o importa onde voc\u00ea grava. \u00c9 feito sob medida para falas e vocais com microfone pr\u00f3ximo, com um design simples que rejeita ru\u00eddos de fundo como ventiladores, geladeiras e colegas de banda barulhentos.<\/p>\n<\/div>\n<\/div>\n<\/div>\n<\/div>\n<div id=\"4d6b3\" class=\"product-feature\">\n<div class=\"product-feature__content-wrapper--left\">\n<div class=\"product-feature__content\">\n<div class=\"product-feature__text-wrapper\">\n<h2>Molde seu som com controles r\u00e1pidos<\/h2>\n<p>Reduza o ru\u00eddo e a lama de suas grava\u00e7\u00f5es com o filtro de corte baixo selecion\u00e1vel do SD-1. E com seu refor\u00e7o de articula\u00e7\u00e3o aprimorado, vocais e instrumentos se destacar\u00e3o instantaneamente com presen\u00e7a adicional..<\/p>\n<h2>Soe como os profissionais com predefini\u00e7\u00f5es Apollo Channel Strip<\/h2>\n<p>Elimine as suposi\u00e7\u00f5es de obter um som polido com as predefini\u00e7\u00f5es de microfone SD-1 personalizadas da Apollo, com EQ pronto para r\u00e1dio e configura\u00e7\u00f5es de compress\u00e3o para vocais, guitarras e transmiss\u00f5es.<\/p>\n<\/div>\n<\/div>\n<\/div>\n<h2>Decore seu Desktop Studio<\/h2>\n<p>Com um design moderno e elegante e um conector XLR montado na parte traseira para facilitar a passagem de cabos, o SD-1 aumentar\u00e1 instantaneamente seu espa\u00e7o de produ\u00e7\u00e3o. Seja m\u00fasica, podcasts, transmiss\u00f5es ao vivo ou reuni\u00f5es Zoom, seu novo microfone de home studio chegou.<\/p>\n<\/div>\n<p>Microfones emulados<\/p>\n<p>DN-7 = Shure SM7A (von 1999)<br \/>\nDN-20 = Electro Voice RE20<br \/>\nRB-77DX Satin = RCA 77DX<br \/>\nDN-88 = Beyerdynamic M 88<br \/>\nDN-441 = Sennheiser MD 441<\/p>","protected":false},"excerpt":{"rendered":"<p>Com o microfone din\u00e2mico SD-1, voc\u00ea pode capturar vocais, instrumentos, transmiss\u00f5es ao vivo e podcasts como um profissional, oferecendo rapidamente um som de est\u00fadio polido e pronto para transmiss\u00e3o.<\/p>\n<p><img decoding=\"async\" class=\"alignnone size-medium wp-image-5695\" src=\"https:\/\/www.uaudiobrasil.com.br\/wp-content\/uploads\/2025\/03\/disclaimer.png\" alt=\"AV Pro Brasil\" width=\"100%\" \/><\/p>\n<h2>R$ 3.299,00<\/h2>","protected":false},"featured_media":2223,"comment_status":"closed","ping_status":"closed","template":"","meta":{"site-sidebar-layout":"default","site-content-layout":"default","ast-site-content-layout":"default","site-content-style":"default","site-sidebar-style":"default","ast-global-header-display":"","ast-banner-title-visibility":"","ast-main-header-display":"","ast-hfb-above-header-display":"","ast-hfb-below-header-display":"","ast-hfb-mobile-header-display":"","site-post-title":"","ast-breadcrumbs-content":"","ast-featured-img":"","footer-sml-layout":"","ast-disable-related-posts":"","theme-transparent-header-meta":"default","adv-header-id-meta":"","stick-header-meta":"","header-above-stick-meta":"","header-main-stick-meta":"","header-below-stick-meta":"","astra-migrate-meta-layouts":"set","ast-page-background-enabled":"default","ast-page-background-meta":{"desktop":{"background-color":"var(--ast-global-color-4)","background-image":"","background-repeat":"repeat","background-position":"center center","background-size":"auto","background-attachment":"scroll","background-type":"","background-media":"","overlay-type":"","overlay-color":"","overlay-opacity":"","overlay-gradient":""},"tablet":{"background-color":"","background-image":"","background-repeat":"repeat","background-position":"center center","background-size":"auto","background-attachment":"scroll","background-type":"","background-media":"","overlay-type":"","overlay-color":"","overlay-opacity":"","overlay-gradient":""},"mobile":{"background-color":"","background-image":"","background-repeat":"repeat","background-position":"center center","background-size":"auto","background-attachment":"scroll","background-type":"","background-media":"","overlay-type":"","overlay-color":"","overlay-opacity":"","overlay-gradient":""}},"ast-content-background-meta":{"desktop":{"background-color":"var(--ast-global-color-5)","background-image":"","background-repeat":"repeat","background-position":"center center","background-size":"auto","background-attachment":"scroll","background-type":"","background-media":"","overlay-type":"","overlay-color":"","overlay-opacity":"","overlay-gradient":""},"tablet":{"background-color":"var(--ast-global-color-5)","background-image":"","background-repeat":"repeat","background-position":"center center","background-size":"auto","background-attachment":"scroll","background-type":"","background-media":"","overlay-type":"","overlay-color":"","overlay-opacity":"","overlay-gradient":""},"mobile":{"background-color":"var(--ast-global-color-5)","background-image":"","background-repeat":"repeat","background-position":"center center","background-size":"auto","background-attachment":"scroll","background-type":"","background-media":"","overlay-type":"","overlay-color":"","overlay-opacity":"","overlay-gradient":""}},"_joinchat":[]},"product_brand":[],"product_cat":[23],"product_tag":[],"class_list":{"0":"post-2222","1":"product","2":"type-product","3":"status-publish","4":"has-post-thumbnail","6":"product_cat-microfones","7":"desktop-align-left","8":"tablet-align-left","9":"mobile-align-left","11":"first","12":"instock","13":"shipping-taxable","14":"product-type-external"},"aioseo_notices":[],"jetpack_sharing_enabled":true,"_links":{"self":[{"href":"https:\/\/www.uaudiobrasil.com.br\/en\/wp-json\/wp\/v2\/product\/2222","targetHints":{"allow":["GET"]}}],"collection":[{"href":"https:\/\/www.uaudiobrasil.com.br\/en\/wp-json\/wp\/v2\/product"}],"about":[{"href":"https:\/\/www.uaudiobrasil.com.br\/en\/wp-json\/wp\/v2\/types\/product"}],"replies":[{"embeddable":true,"href":"https:\/\/www.uaudiobrasil.com.br\/en\/wp-json\/wp\/v2\/comments?post=2222"}],"version-history":[{"count":5,"href":"https:\/\/www.uaudiobrasil.com.br\/en\/wp-json\/wp\/v2\/product\/2222\/revisions"}],"predecessor-version":[{"id":5740,"href":"https:\/\/www.uaudiobrasil.com.br\/en\/wp-json\/wp\/v2\/product\/2222\/revisions\/5740"}],"wp:featuredmedia":[{"embeddable":true,"href":"https:\/\/www.uaudiobrasil.com.br\/en\/wp-json\/wp\/v2\/media\/2223"}],"wp:attachment":[{"href":"https:\/\/www.uaudiobrasil.com.br\/en\/wp-json\/wp\/v2\/media?parent=2222"}],"wp:term":[{"taxonomy":"product_brand","embeddable":true,"href":"https:\/\/www.uaudiobrasil.com.br\/en\/wp-json\/wp\/v2\/product_brand?post=2222"},{"taxonomy":"product_cat","embeddable":true,"href":"https:\/\/www.uaudiobrasil.com.br\/en\/wp-json\/wp\/v2\/product_cat?post=2222"},{"taxonomy":"product_tag","embeddable":true,"href":"https:\/\/www.uaudiobrasil.com.br\/en\/wp-json\/wp\/v2\/product_tag?post=2222"}],"curies":[{"name":"wp","href":"https:\/\/api.w.org\/{rel}","templated":true}]}}