{"id":2204,"date":"2022-04-07T14:13:53","date_gmt":"2022-04-07T17:13:53","guid":{"rendered":"https:\/\/www.uaudiobrasil.com.br\/?post_type=product&#038;p=2204"},"modified":"2025-03-05T14:35:12","modified_gmt":"2025-03-05T17:35:12","slug":"apollo-twin-usb-heritage-edition-processing-win","status":"publish","type":"product","link":"https:\/\/www.uaudiobrasil.com.br\/en\/loja\/interfaces-de-audio\/linha-apollo\/apollo-twin-usb-heritage-edition-processing-win\/","title":{"rendered":"Apollo Twin USB Heritage Edition Processing (Win)"},"content":{"rendered":"<div class=\"text-centered\">\n<h2>Tecnologia Unison: O som genu\u00edno de Neve, SSL, API e pr\u00e9-amplificadores Manley<\/h2>\n<p>Apollo Twin possui dois pr\u00e9-amplificadores de microfone habilitados para Unison, permitindo que voc\u00ea rastreie emula\u00e7\u00f5es de pr\u00e9-amplificadores de microfone precisas de Neve, SSL, API, Manley e Universal Audio.\u00a0Uma tecnologia Unison exclusiva da Apollo acerta o tom desses t\u00e3o procurados pres\u00e9pios de microfone valvulados e de estado s\u00f3lido &#8211; incluindo sua imped\u00e2ncia de entrada, \u201cpontos ideais\u201d do est\u00e1gio de ganho e os comportamentos do circuito em n\u00edvel de componente do hardware original.<\/p>\n<p>O segredo do Unison \u00e9 sua integra\u00e7\u00e3o hardware-software entre os pr\u00e9-amplificadores de microfone da Apollo e sua acelera\u00e7\u00e3o UAD-2 DUO Core DSP integrada.\u00a0Basta colocar um plug-in de pr\u00e9-amplificador Unison na entrada de microfone no software Apollo Console e ele reconfigura fisicamente a imped\u00e2ncia da interface Apollo &#8211; para que voc\u00ea possa aproveitar os sons cl\u00e1ssicos dos pr\u00e9-amplificadores de microfone mais gravados do mundo.<\/p>\n<\/div>\n<div class=\"features\">\n<h2>Agora voc\u00ea pode:<\/h2>\n<div class=\"features__columns\">\n<div class=\"features__column\">\n<div class=\"features__item features__item--no-text\">\n<ul>\n<li>Grave e mixe com convers\u00e3o A\/D e D\/A de classe elite \u2014 com a mais ampla faixa din\u00e2mica e o menor ru\u00eddo de qualquer interface de desktop<\/li>\n<li>O processamento UAD integrado permite rastrear e mixar em tempo real com compressores Teletronix LA-2A e 1176 inclu\u00eddos, EQs Pultec, pr\u00e9-amplificador de tubo 610-B e muito mais<\/li>\n<li>Dois pr\u00e9-amplificadores habilitados para Unison &#8211; acompanhe com lat\u00eancia quase zero por meio de emula\u00e7\u00f5es de pr\u00e9-amplificador de Helios, Neve, API, Manley e muito mais<\/li>\n<li>Inclui LUNA Recording System \u2014 um aplicativo de produ\u00e7\u00e3o musical totalmente integrado e inspirador<\/li>\n<\/ul>\n<\/div>\n<\/div>\n<\/div>\n<\/div>\n<div id=\"tc_1890\" class=\"text-centered--with-image\">\n<div class=\"text-centered--with-image__text-wrapper\"><\/div>\n<\/div>\n<div id=\"f80ff\" class=\"product-feature\">\n<div class=\"product-feature__content-wrapper--right\">\n<div class=\"product-feature__content\">\n<div class=\"product-feature__text-wrapper\">\n<h2>Dois pr\u00e9-amplificadores Unison: obtenha o som genu\u00edno de Neve\u00ae, Helios, API, Manley e mais<\/h2>\n<p>O Apollo Twin possui dois pr\u00e9-amplificadores de microfone habilitados para Unison, permitindo que voc\u00ea acompanhe emula\u00e7\u00f5es exatas de pr\u00e9-amplificador de microfone de Neve\u00ae, Helios, API, Manley, Universal Audio e muito mais. Exclusiva para as interfaces de \u00e1udio UA, a tecnologia Unison acerta o tom desses procurados microfones de estado s\u00f3lido e valvulados \u2013 incluindo sua imped\u00e2ncia de entrada, \u201csweet spots\u201d de est\u00e1gio de ganho e os comportamentos de circuito de n\u00edvel de componente do hardware original.<\/p>\n<\/div>\n<\/div>\n<\/div>\n<\/div>\n<div id=\"4d6b3\" class=\"product-feature\">\n<div class=\"product-feature__content-wrapper--left\">\n<div class=\"product-feature__content\">\n<div class=\"product-feature__text-wrapper\">\n<h2>Convers\u00e3o Classe Elite A\/D e D\/A<\/h2>\n<p>Com milhares de m\u00fasicas de sucesso e centenas de \u00e1lbuns vencedores do Grammy, as interfaces Apollo s\u00e3o usadas para rastrear registros de som excepcional todos os dias. Para melhorar a gera\u00e7\u00e3o anterior de convers\u00e3o de \u00e1udio l\u00edder de classe das interfaces Apollo para desktop, os engenheiros da UA redesenharam a convers\u00e3o de \u00e1udio do Twin para oferecer uma faixa din\u00e2mica impressionante de 127 dB e -117 dB THD + N, dando ao Apollo Twin um som espa\u00e7oso e org\u00e2nico que rivaliza facilmente com conversores dedicados de alta qualidade.<\/p>\n<h2>Um conjunto completo de processamento anal\u00f3gico cl\u00e1ssico integrado<\/h2>\n<p>Pronto para uso, o Apollo Twin oferece um conjunto incr\u00edvel de plug-ins de emula\u00e7\u00e3o anal\u00f3gica, incluindo os \u00fanicos aut\u00eanticos Teletronix LA-2A, 1176LN, Pultec EQs e o UA 610-B Tube Preamp &amp; EQ. Desenvolvido pela equipe de engenheiros de algoritmos de renome mundial da UA, esses plug-ins Realtime Analog Classics definem o padr\u00e3o pelo qual todos os outros plug-ins de emula\u00e7\u00e3o de hardware s\u00e3o julgados.<\/p>\n<p>Desde o calor do tubo do Pultec EQ nas guitarras, at\u00e9 a limita\u00e7\u00e3o suave do LA-2A nos vocais, suas grava\u00e7\u00f5es dar\u00e3o um salto gigantesco em um som anal\u00f3gico rico e sonoramente complexo.<\/p>\n<\/div>\n<\/div>\n<\/div>\n<h2>Apollo: a escolha dos profissionais da nova gera\u00e7\u00e3o<\/h2>\n<p>Apollo \u00e9 a escolha confirmada dos profissionais de sucesso, usados para gravar \u00e1lbuns marcantes de Kendrick Lamar (DAMN.), Chris Stapleton (From A Room: Volume 1), Arcade Fire (Everything Now), Post Malone (Beerbongs &amp; Bentleys), e muitos mais. A gama de interfaces Apollo ganhou v\u00e1rios pr\u00eamios da ind\u00fastria de Sound on Sound, Future Music e Electronic Musician &#8211; bem como o prestigioso pr\u00eamio TEC para hardware de \u00e1udio de computador por cinco anos consecutivos.<\/p>\n<h2>Acesse o mundo dos plug-ins alimentados por UAD<\/h2>\n<p>Al\u00e9m dos plug-ins Realtime Analog Classics inclu\u00eddos, o Apollo Twin permite que voc\u00ea acesse os premiados plug-ins alimentados por UAD da biblioteca completa &#8211; incluindo EQs antigos, compressores, reverbera\u00e7\u00f5es, m\u00e1quinas de fita e muito mais &#8211; com lat\u00eancia pr\u00f3xima de zero, independentemente de tamanho do buffer do seu software de \u00e1udio e sem sobrecarregar a CPU do seu computador.<\/p>\n<p>Com emula\u00e7\u00f5es exclusivas de Neve, Lexicon, Capitol Studios, API, Manley, Ampex, Fender e muito mais, \u00e9 como ter um est\u00fadio anal\u00f3gico sem fim, diretamente na sua \u00e1rea de trabalho. E, diferentemente das interfaces concorrentes, esses plug-ins alimentados por DSP tamb\u00e9m est\u00e3o dispon\u00edveis em sua DAW para mixagem.<\/p>\n<h2>Grave com amplificadores antigos<\/h2>\n<p>O Apollo Twin tamb\u00e9m inclui a tecnologia Unison em sua entrada de instrumento no painel frontal, dando acesso a emula\u00e7\u00f5es de amplificadores de guitarra e baixo como o Fender &#8217;55 Tweed Deluxe, Marshall Plexi Super Lead 1959 e o Ampeg B-15N Bass Amplifier.<\/p>\n<p>&nbsp;<\/p>\n<\/div>\n<hr \/>\n<p>&nbsp;<\/p>\n<h2><img data-recalc-dims=\"1\" fetchpriority=\"high\" decoding=\"async\" class=\"size-medium alignleft\" src=\"https:\/\/i0.wp.com\/media.uaudio.com\/assetlibrary\/l\/u\/luna_generic_feature_apollo.jpg?resize=640%2C320&#038;ssl=1\" width=\"640\" height=\"320\" \/><\/h2>\n<h2><\/h2>\n<h2>LUNA: Deep Apollo Integration para um workflow completo em tempo real<\/h2>\n<p>As interfaces da s\u00e9rie Apollo X funcionam com todas as principais DAWs. Mas eles se tornam um sistema de grava\u00e7\u00e3o totalmente integrado com o LUNA, o aplicativo de produ\u00e7\u00e3o musical inovador da Universal Audio para Mac. Aproveite o Accelerated Realtime Monitoring\u2122 do LUNA e potencialize seu fluxo de trabalho com uma s\u00e9rie de recursos integrados e extens\u00f5es opcionais &#8211; desde som Neve genu\u00edno e fita Studer integrada a instrumentos LUNA inspiradores e muito mais.<\/p>\n<p>&nbsp;<\/p>\n<p>&nbsp;<\/p>\n<hr \/>\n<p>&nbsp;<\/p>\n<p><img data-recalc-dims=\"1\" decoding=\"async\" class=\"alignright size-medium\" src=\"https:\/\/i0.wp.com\/media.uaudio.com\/assetlibrary\/a\/p\/apollo_twin_x_feature_1.jpg?resize=640%2C320&#038;ssl=1\" width=\"640\" height=\"320\" \/><\/p>\n<h2><\/h2>\n<h2 style=\"text-align: right;\">Conex\u00f5es Adicionais e Talkback Integrado<\/h2>\n<p style=\"text-align: right;\">Com seus dois pr\u00e9-amplificadores equipados com Unison integrados, duas sa\u00eddas de linha e entrada \u00f3ptica ADAT\/SPDIF &#8211; al\u00e9m de controles remotos de monitor dedicados e um microfone Talkback integrado &#8211; o Apollo Twin 10 x 6 oferece a E\/S de que voc\u00ea precisa para faixas e mixagens.<\/p>\n<p>&nbsp;<\/p>\n<p>&nbsp;<\/p>\n<p>&nbsp;<\/p>\n<p>&nbsp;<\/p>\n<hr \/>\n<p>&nbsp;<\/p>\n<p><img data-recalc-dims=\"1\" decoding=\"async\" class=\"size-medium alignleft\" src=\"https:\/\/i0.wp.com\/media.uaudio.com\/assetlibrary\/a\/p\/apollo_feature_1_1.jpg?resize=640%2C320&#038;ssl=1\" width=\"640\" height=\"320\" \/><\/p>\n<p>&nbsp;<\/p>\n<h2><\/h2>\n<h2>Construa um est\u00fadio em rede<\/h2>\n<p>Os usu\u00e1rios de qualquer interface Apollo equipada com Thunderbolt podem combinar at\u00e9 quatro Apollos e seis dispositivos UAD-2 no total, adicionando E\/S e DSP \u00e0 medida que seu est\u00fadio cresce. Depois de expandir seu est\u00fadio com uma unidade de montagem em rack Apollo x6, x8, x8p ou x16, voc\u00ea pode usar o Apollo Twin como um controle de monitor de desktop enquanto ainda aproveita sua energia adicional de E\/S e DSP.<\/p>\n<p>&nbsp;<\/p>\n<p>&nbsp;<\/p>\n<hr \/>\n<p>&nbsp;<\/p>\n<p><img data-recalc-dims=\"1\" loading=\"lazy\" decoding=\"async\" class=\"size-medium alignright\" src=\"https:\/\/i0.wp.com\/media.uaudio.com\/assetlibrary\/a\/p\/apollo_heritage_feature_alt.jpg?resize=640%2C320&#038;ssl=1\" width=\"640\" height=\"320\" \/><\/p>\n<p>&nbsp;<\/p>\n<h2 style=\"text-align: right;\">Dispon\u00edvel como Apollo Heritage Edition<\/h2>\n<p style=\"text-align: right;\">Apresentando 5 t\u00edtulos UAD premium &#8211; incluindo cole\u00e7\u00f5es completas de plug-in de nossos premiados compressores Teletronix\u00ae e UA 1176, Pultec\u00ae EQs, pr\u00e9-amplificadores de microfone UA 610 e muito mais &#8211; o Apollo Heritage Edition oferece um est\u00fadio anal\u00f3gico com curadoria, direto do caixa.<\/p>","protected":false},"excerpt":{"rendered":"<p>Tecnologia Unison: O som genu\u00edno de Neve, SSL, API e pr\u00e9-amplificadores Manley Apollo Twin possui dois pr\u00e9-amplificadores de microfone habilitados para Unison, permitindo que voc\u00ea rastreie emula\u00e7\u00f5es de pr\u00e9-amplificadores de microfone precisas de Neve, SSL, API, Manley e Universal Audio.\u00a0Uma tecnologia Unison exclusiva da Apollo acerta o tom desses t\u00e3o procurados pres\u00e9pios de microfone valvulados [&hellip;]<\/p>\n","protected":false},"featured_media":2242,"comment_status":"closed","ping_status":"closed","template":"","meta":{"site-sidebar-layout":"default","site-content-layout":"default","ast-site-content-layout":"default","site-content-style":"default","site-sidebar-style":"default","ast-global-header-display":"","ast-banner-title-visibility":"","ast-main-header-display":"","ast-hfb-above-header-display":"","ast-hfb-below-header-display":"","ast-hfb-mobile-header-display":"","site-post-title":"","ast-breadcrumbs-content":"","ast-featured-img":"","footer-sml-layout":"","ast-disable-related-posts":"","theme-transparent-header-meta":"default","adv-header-id-meta":"","stick-header-meta":"","header-above-stick-meta":"","header-main-stick-meta":"","header-below-stick-meta":"","astra-migrate-meta-layouts":"default","ast-page-background-enabled":"default","ast-page-background-meta":{"desktop":{"background-color":"var(--ast-global-color-4)","background-image":"","background-repeat":"repeat","background-position":"center center","background-size":"auto","background-attachment":"scroll","background-type":"","background-media":"","overlay-type":"","overlay-color":"","overlay-opacity":"","overlay-gradient":""},"tablet":{"background-color":"","background-image":"","background-repeat":"repeat","background-position":"center center","background-size":"auto","background-attachment":"scroll","background-type":"","background-media":"","overlay-type":"","overlay-color":"","overlay-opacity":"","overlay-gradient":""},"mobile":{"background-color":"","background-image":"","background-repeat":"repeat","background-position":"center center","background-size":"auto","background-attachment":"scroll","background-type":"","background-media":"","overlay-type":"","overlay-color":"","overlay-opacity":"","overlay-gradient":""}},"ast-content-background-meta":{"desktop":{"background-color":"var(--ast-global-color-5)","background-image":"","background-repeat":"repeat","background-position":"center center","background-size":"auto","background-attachment":"scroll","background-type":"","background-media":"","overlay-type":"","overlay-color":"","overlay-opacity":"","overlay-gradient":""},"tablet":{"background-color":"var(--ast-global-color-5)","background-image":"","background-repeat":"repeat","background-position":"center center","background-size":"auto","background-attachment":"scroll","background-type":"","background-media":"","overlay-type":"","overlay-color":"","overlay-opacity":"","overlay-gradient":""},"mobile":{"background-color":"var(--ast-global-color-5)","background-image":"","background-repeat":"repeat","background-position":"center center","background-size":"auto","background-attachment":"scroll","background-type":"","background-media":"","overlay-type":"","overlay-color":"","overlay-opacity":"","overlay-gradient":""}},"_joinchat":[]},"product_brand":[],"product_cat":[21,20],"product_tag":[],"class_list":{"0":"post-2204","1":"product","2":"type-product","3":"status-publish","4":"has-post-thumbnail","6":"product_cat-interfaces-de-audio","7":"product_cat-linha-apollo","8":"desktop-align-left","9":"tablet-align-left","10":"mobile-align-left","12":"first","13":"instock","14":"shipping-taxable","15":"purchasable","16":"product-type-simple"},"aioseo_notices":[],"jetpack_sharing_enabled":true,"_links":{"self":[{"href":"https:\/\/www.uaudiobrasil.com.br\/en\/wp-json\/wp\/v2\/product\/2204","targetHints":{"allow":["GET"]}}],"collection":[{"href":"https:\/\/www.uaudiobrasil.com.br\/en\/wp-json\/wp\/v2\/product"}],"about":[{"href":"https:\/\/www.uaudiobrasil.com.br\/en\/wp-json\/wp\/v2\/types\/product"}],"replies":[{"embeddable":true,"href":"https:\/\/www.uaudiobrasil.com.br\/en\/wp-json\/wp\/v2\/comments?post=2204"}],"version-history":[{"count":3,"href":"https:\/\/www.uaudiobrasil.com.br\/en\/wp-json\/wp\/v2\/product\/2204\/revisions"}],"predecessor-version":[{"id":4746,"href":"https:\/\/www.uaudiobrasil.com.br\/en\/wp-json\/wp\/v2\/product\/2204\/revisions\/4746"}],"wp:featuredmedia":[{"embeddable":true,"href":"https:\/\/www.uaudiobrasil.com.br\/en\/wp-json\/wp\/v2\/media\/2242"}],"wp:attachment":[{"href":"https:\/\/www.uaudiobrasil.com.br\/en\/wp-json\/wp\/v2\/media?parent=2204"}],"wp:term":[{"taxonomy":"product_brand","embeddable":true,"href":"https:\/\/www.uaudiobrasil.com.br\/en\/wp-json\/wp\/v2\/product_brand?post=2204"},{"taxonomy":"product_cat","embeddable":true,"href":"https:\/\/www.uaudiobrasil.com.br\/en\/wp-json\/wp\/v2\/product_cat?post=2204"},{"taxonomy":"product_tag","embeddable":true,"href":"https:\/\/www.uaudiobrasil.com.br\/en\/wp-json\/wp\/v2\/product_tag?post=2204"}],"curies":[{"name":"wp","href":"https:\/\/api.w.org\/{rel}","templated":true}]}}