{"id":2199,"date":"2022-04-07T13:22:10","date_gmt":"2022-04-07T16:22:10","guid":{"rendered":"https:\/\/www.uaudiobrasil.com.br\/?post_type=product&#038;p=2199"},"modified":"2025-03-05T14:35:12","modified_gmt":"2025-03-05T17:35:12","slug":"apollo-solo-usb-heritage-edition-desktop-win","status":"publish","type":"product","link":"https:\/\/www.uaudiobrasil.com.br\/en\/loja\/interfaces-de-audio\/linha-apollo\/apollo-solo-usb-heritage-edition-desktop-win\/","title":{"rendered":"Apollo Solo USB Heritage Edition (Desktop\/Win)"},"content":{"rendered":"<div class=\"text-centered\">\n<h2>Convers\u00e3o de \u00e1udio de desktop superior com som anal\u00f3gico cl\u00e1ssico para Windows.<\/h2>\n<\/div>\n<div id=\"gallery62436992bafcb\" class=\"product-gallery slick-initialized slick-slider\">\n<div class=\"slick-list draggable\">\n<div class=\"slick-track\">\n<div id=\"\" class=\"product-gallery__img slick-slide slick-cloned\" tabindex=\"-1\" data-slick-index=\"4\" aria-hidden=\"true\">\n<p>Com sua resolu\u00e7\u00e3o l\u00edder de classe e processamento UAD em tempo real, o Apollo Twin USB define um novo padr\u00e3o para a produ\u00e7\u00e3o musical de desktop.<\/p>\n<p>Esta interface USB 3 2&#215;6 para Windows permite que voc\u00ea grave com lat\u00eancia quase zero atrav\u00e9s de toda a gama de plug-ins alimentados por UAD &#8211; mesclando engenhosamente tons anal\u00f3gicos cl\u00e1ssicos com recursos de ponta.<\/p>\n<\/div>\n<\/div>\n<\/div>\n<\/div>\n<div class=\"features\">\n<h2>Agora voc\u00ea pode:<\/h2>\n<div class=\"features__columns\">\n<div class=\"features__column\">\n<div class=\"features__item features__item--no-text\">\n<ul>\n<li>Grave com convers\u00e3o Apollo A\/D e D\/A de classe mundial &#8211; como ouvido em centenas de discos de sucesso<\/li>\n<li>Mixe com plug-ins UAD, como os compressores Teletronix\u00ae LA-2A e 1176 inclu\u00eddos, Pultec\u00ae EQs e pr\u00e9-amplificador 610-B<\/li>\n<li>Use junto com as placas UAD-2 PCIe DSP Accelerator, UAD-2 Satellite FireWire e UAD-2 Satellite USB para uma pot\u00eancia de mixagem verdadeiramente escal\u00e1vel<\/li>\n<li>Acompanhe com lat\u00eancia quase zero por meio de emula\u00e7\u00f5es de pr\u00e9-amplificador de Neve,\u00ae API,\u00ae Manley\u00ae e muito mais usando a tecnologia Unison\u2122<\/li>\n<\/ul>\n<\/div>\n<\/div>\n<\/div>\n<\/div>\n<div id=\"tc_1890\" class=\"text-centered--with-image\">\n<div class=\"text-centered--with-image__text-wrapper\"><\/div>\n<\/div>\n<div id=\"f80ff\" class=\"product-feature\">\n<div class=\"product-feature__content-wrapper--right\">\n<div class=\"product-feature__content\">\n<div class=\"product-feature__text-wrapper\">\n<h2>Tecnologia Unison: O som genu\u00edno dos pr\u00e9-amplificadores Neve, SSL, API e Manley<\/h2>\n<p>O Apollo Twin possui dois pr\u00e9-amplificadores de microfone habilitados para Unison, permitindo que voc\u00ea acompanhe emula\u00e7\u00f5es exatas de pr\u00e9-amplificador de microfone de Neve, SSL, API, Manley e Universal Audio. Uma tecnologia exclusiva da Apollo, Unison, acerta o tom desses procurados microfones de estado s\u00f3lido e valvulados &#8211; incluindo sua imped\u00e2ncia de entrada, \u201csweet spots\u201d de est\u00e1gio de ganho e os comportamentos de circuito de n\u00edvel de componente do hardware original.<\/p>\n<p>O segredo do Unison \u00e9 sua integra\u00e7\u00e3o hardware-software entre os pr\u00e9-amplificadores de microfone da Apollo e sua acelera\u00e7\u00e3o UAD-2 DUO Core DSP integrada. Basta colocar um plug-in de pr\u00e9-amplificador Unison em sua entrada de microfone no software Apollo Console e ele reconfigura fisicamente a imped\u00e2ncia da interface Apollo &#8211; para que voc\u00ea possa tocar nos sons cl\u00e1ssicos dos pr\u00e9-amplificadores de microfone mais gravados do mundo.<\/p>\n<\/div>\n<\/div>\n<\/div>\n<\/div>\n<div id=\"4d6b3\" class=\"product-feature\">\n<div class=\"product-feature__content-wrapper--left\">\n<div class=\"product-feature__content\">\n<div class=\"product-feature__text-wrapper\">\n<h2>Um conjunto completo de processamento anal\u00f3gico cl\u00e1ssico integrado<\/h2>\n<p>Pronto para uso, o Apollo Twin USB fornece um conjunto de plug-ins de emula\u00e7\u00e3o anal\u00f3gicos incr\u00edveis, incluindo o \u00fanico Teletronix LA-2A aut\u00eantico do mundo, 1176LN, Pultec EQs e o pr\u00e9-amplificador de tubo UA 610-B habilitado para Unison. Desenvolvidos pela equipe de engenheiros de algoritmos de renome mundial da UA, esses plug-ins Realtime Analog Classic definem o padr\u00e3o pelo qual todos os outros plug-ins de emula\u00e7\u00e3o de hardware s\u00e3o julgados.<\/p>\n<p>Desde o calor do tubo do Pultec EQ nas guitarras, at\u00e9 a limita\u00e7\u00e3o suave do LA-2A nos vocais, suas grava\u00e7\u00f5es dar\u00e3o um salto gigantesco em um som anal\u00f3gico rico e sonoramente complexo.<\/p>\n<\/div>\n<\/div>\n<\/div>\n<h2>Acesse o mundo dos plug-ins alimentados por UAD<\/h2>\n<p>Indo al\u00e9m dos plug-ins Realtime Analog Classics Plus inclu\u00eddos, o Apollo x8p permite que voc\u00ea acesse a biblioteca completa de plug-ins UAD Powered de lend\u00e1rios EQs vintage, compressores, reverbs, tape machines, channel strips e muito mais &#8211; com lat\u00eancia pr\u00f3xima de zero, independentemente do tamanho do buffer do seu software de \u00e1udio e sem sobrecarregar a CPU do seu computador.<\/p>\n<p>Com emula\u00e7\u00f5es exclusivas de SSL, Neve, Studer, Manley, Helios, API, Ampex, Lexicon, Fender e muito mais,\u2020 \u00e9 como ter um est\u00fadio cheio de equipamentos anal\u00f3gicos ic\u00f4nicos, em um \u00fanico espa\u00e7o de rack. E, diferentemente das interfaces concorrentes, esses premiados plug-ins alimentados por DSP tamb\u00e9m est\u00e3o dispon\u00edveis em sua DAW para mixagem.<\/p>\n<h2>Convers\u00e3o A\/D e D\/A de \u00faltima gera\u00e7\u00e3o<\/h2>\n<p>Claro, o cora\u00e7\u00e3o de qualquer interface de \u00e1udio \u00e9 a qualidade de sua convers\u00e3o. Ao projetar a pr\u00f3xima gera\u00e7\u00e3o da linha Apollo, os engenheiros da UA come\u00e7aram com uma audi\u00e7\u00e3o obsessiva dos mais recentes conversores A\/D e D\/A, finalmente emparelhando os conversores selecionados de 24 bits\/192kHz com circuitos anal\u00f3gicos totalmente novos para o caminho de sinal ideal. O Apollo Twin oferece maior alcance din\u00e2mico e menor THD em rela\u00e7\u00e3o a outras interfaces &#8211; rivalizando com conversores dedicados que custam milhares a mais.<\/p>\n<h2>Apollo: a escolha dos profissionais da nova escola<\/h2>\n<p>Apollo \u00e9 a escolha confirmada dos profissionais de sucesso, usados para gravar \u00e1lbuns marcantes de Kendrick Lamar (DAMN.), Chris Stapleton (From A Room: Volume 1), Arcade Fire (Everything Now), Post Malone (Beerbongs &amp; Bentleys), e muitos mais. A gama de interfaces Apollo ganhou v\u00e1rios pr\u00eamios da ind\u00fastria de Sound on Sound, Future Music e Electronic Musician &#8211; bem como o prestigioso pr\u00eamio TEC para hardware de \u00e1udio de computador por cinco anos consecutivos.<\/p>\n<p>&nbsp;<\/p>\n<\/div>\n<hr \/>\n<p>&nbsp;<\/p>\n<h2><img data-recalc-dims=\"1\" fetchpriority=\"high\" decoding=\"async\" class=\"alignleft size-medium\" src=\"https:\/\/i0.wp.com\/media.uaudio.com\/assetlibrary\/a\/p\/apollo_feature_3.jpg?resize=640%2C320&#038;ssl=1\" width=\"640\" height=\"320\" \/><\/h2>\n<h2><\/h2>\n<h2>Agora com amplificadores vintage<\/h2>\n<p>Novo para o Apollo Twin USB \u00e9 a tecnologia Unison na entrada de instrumento do painel frontal, oferecendo emula\u00e7\u00f5es de amplificadores de guitarra e baixo com a mesma imped\u00e2ncia, como o Fender &#8217;55 Tweed Deluxe, Marshall Plexi Super Lead 1959 e o Ampeg B-15N Amplificador de baixo.<\/p>\n<p>&nbsp;<\/p>\n<p>&nbsp;<\/p>\n<p>&nbsp;<\/p>\n<p>&nbsp;<\/p>\n<hr \/>\n<p>&nbsp;<\/p>\n<p><img data-recalc-dims=\"1\" decoding=\"async\" class=\"alignright size-medium\" src=\"https:\/\/i0.wp.com\/media.uaudio.com\/assetlibrary\/a\/p\/apollo_twin_feature_4.jpg?resize=640%2C320&#038;ssl=1\" width=\"640\" height=\"320\" \/><\/p>\n<h2><\/h2>\n<h2 style=\"text-align: right;\">Um aplicativo elegante e de baixa lat\u00eancia<\/h2>\n<p style=\"text-align: right;\">Com o aplicativo Console 2.0 da Apollo Twin &#8211; uma re-imagina\u00e7\u00e3o completa do software Console original da Apollo &#8211; voc\u00ea pode aproveitar mais de 25 novos recursos solicitados pelo usu\u00e1rio, como predefini\u00e7\u00f5es de faixa de canal, funcionalidade de arrastar e soltar, janelas redimension\u00e1veis dinamicamente e muito mais.<\/p>\n<p>&nbsp;<\/p>\n<p>&nbsp;<\/p>\n<p>&nbsp;<\/p>\n<p>&nbsp;<\/p>\n<p>&nbsp;<\/p>","protected":false},"excerpt":{"rendered":"<p>Com sua resolu\u00e7\u00e3o l\u00edder de classe e processamento UAD em tempo real, o Apollo Twin USB define um novo padr\u00e3o para a produ\u00e7\u00e3o musical de desktop.<\/p>\n<p><img decoding=\"async\" class=\"alignnone size-medium wp-image-5695\" src=\"https:\/\/www.uaudiobrasil.com.br\/wp-content\/uploads\/2025\/03\/disclaimer.png\" alt=\"AV Pro Brasil\" width=\"100%\" \/><\/p>\n<h2>R$ 5.999,00<\/h2>","protected":false},"featured_media":2200,"comment_status":"closed","ping_status":"closed","template":"","meta":{"site-sidebar-layout":"default","site-content-layout":"default","ast-site-content-layout":"default","site-content-style":"default","site-sidebar-style":"default","ast-global-header-display":"","ast-banner-title-visibility":"","ast-main-header-display":"","ast-hfb-above-header-display":"","ast-hfb-below-header-display":"","ast-hfb-mobile-header-display":"","site-post-title":"","ast-breadcrumbs-content":"","ast-featured-img":"","footer-sml-layout":"","ast-disable-related-posts":"","theme-transparent-header-meta":"default","adv-header-id-meta":"","stick-header-meta":"","header-above-stick-meta":"","header-main-stick-meta":"","header-below-stick-meta":"","astra-migrate-meta-layouts":"set","ast-page-background-enabled":"default","ast-page-background-meta":{"desktop":{"background-color":"var(--ast-global-color-4)","background-image":"","background-repeat":"repeat","background-position":"center center","background-size":"auto","background-attachment":"scroll","background-type":"","background-media":"","overlay-type":"","overlay-color":"","overlay-opacity":"","overlay-gradient":""},"tablet":{"background-color":"","background-image":"","background-repeat":"repeat","background-position":"center center","background-size":"auto","background-attachment":"scroll","background-type":"","background-media":"","overlay-type":"","overlay-color":"","overlay-opacity":"","overlay-gradient":""},"mobile":{"background-color":"","background-image":"","background-repeat":"repeat","background-position":"center center","background-size":"auto","background-attachment":"scroll","background-type":"","background-media":"","overlay-type":"","overlay-color":"","overlay-opacity":"","overlay-gradient":""}},"ast-content-background-meta":{"desktop":{"background-color":"var(--ast-global-color-5)","background-image":"","background-repeat":"repeat","background-position":"center center","background-size":"auto","background-attachment":"scroll","background-type":"","background-media":"","overlay-type":"","overlay-color":"","overlay-opacity":"","overlay-gradient":""},"tablet":{"background-color":"var(--ast-global-color-5)","background-image":"","background-repeat":"repeat","background-position":"center center","background-size":"auto","background-attachment":"scroll","background-type":"","background-media":"","overlay-type":"","overlay-color":"","overlay-opacity":"","overlay-gradient":""},"mobile":{"background-color":"var(--ast-global-color-5)","background-image":"","background-repeat":"repeat","background-position":"center center","background-size":"auto","background-attachment":"scroll","background-type":"","background-media":"","overlay-type":"","overlay-color":"","overlay-opacity":"","overlay-gradient":""}},"_joinchat":[]},"product_brand":[],"product_cat":[21,20],"product_tag":[49],"class_list":{"0":"post-2199","1":"product","2":"type-product","3":"status-publish","4":"has-post-thumbnail","6":"product_cat-interfaces-de-audio","7":"product_cat-linha-apollo","8":"product_tag-apollo-solo","9":"desktop-align-left","10":"tablet-align-left","11":"mobile-align-left","13":"first","14":"instock","15":"shipping-taxable","16":"product-type-external"},"aioseo_notices":[],"jetpack_sharing_enabled":true,"_links":{"self":[{"href":"https:\/\/www.uaudiobrasil.com.br\/en\/wp-json\/wp\/v2\/product\/2199","targetHints":{"allow":["GET"]}}],"collection":[{"href":"https:\/\/www.uaudiobrasil.com.br\/en\/wp-json\/wp\/v2\/product"}],"about":[{"href":"https:\/\/www.uaudiobrasil.com.br\/en\/wp-json\/wp\/v2\/types\/product"}],"replies":[{"embeddable":true,"href":"https:\/\/www.uaudiobrasil.com.br\/en\/wp-json\/wp\/v2\/comments?post=2199"}],"version-history":[{"count":3,"href":"https:\/\/www.uaudiobrasil.com.br\/en\/wp-json\/wp\/v2\/product\/2199\/revisions"}],"predecessor-version":[{"id":5766,"href":"https:\/\/www.uaudiobrasil.com.br\/en\/wp-json\/wp\/v2\/product\/2199\/revisions\/5766"}],"wp:featuredmedia":[{"embeddable":true,"href":"https:\/\/www.uaudiobrasil.com.br\/en\/wp-json\/wp\/v2\/media\/2200"}],"wp:attachment":[{"href":"https:\/\/www.uaudiobrasil.com.br\/en\/wp-json\/wp\/v2\/media?parent=2199"}],"wp:term":[{"taxonomy":"product_brand","embeddable":true,"href":"https:\/\/www.uaudiobrasil.com.br\/en\/wp-json\/wp\/v2\/product_brand?post=2199"},{"taxonomy":"product_cat","embeddable":true,"href":"https:\/\/www.uaudiobrasil.com.br\/en\/wp-json\/wp\/v2\/product_cat?post=2199"},{"taxonomy":"product_tag","embeddable":true,"href":"https:\/\/www.uaudiobrasil.com.br\/en\/wp-json\/wp\/v2\/product_tag?post=2199"}],"curies":[{"name":"wp","href":"https:\/\/api.w.org\/{rel}","templated":true}]}}