{"id":2192,"date":"2022-04-07T11:07:17","date_gmt":"2022-04-07T14:07:17","guid":{"rendered":"https:\/\/www.uaudiobrasil.com.br\/?post_type=product&#038;p=2192"},"modified":"2025-03-05T14:35:12","modified_gmt":"2025-03-05T17:35:12","slug":"apollo-solo-heritage-edition-desktop-mac-win-tb3","status":"publish","type":"product","link":"https:\/\/www.uaudiobrasil.com.br\/en\/loja\/interfaces-de-audio\/linha-apollo\/apollo-solo-heritage-edition-desktop-mac-win-tb3\/","title":{"rendered":"Apollo Solo Thunderbolt 3 Heritage Edition (Desktop\/Mac\/Win\/TB3)"},"content":{"rendered":"<div class=\"text-centered\">\n<h2>Transforme suas grava\u00e7\u00f5es em registros com convers\u00e3o UA genu\u00edna e sons de est\u00fadio cl\u00e1ssicos.<\/h2>\n<\/div>\n<div id=\"gallery62436992bafcb\" class=\"product-gallery slick-initialized slick-slider\">\n<div class=\"slick-list draggable\">\n<div class=\"slick-track\">\n<div id=\"\" class=\"product-gallery__img slick-slide slick-cloned\" tabindex=\"-1\" data-slick-index=\"4\" aria-hidden=\"true\">\n<p>Apollo Solo \u00e9 a melhor interface de \u00e1udio de grava\u00e7\u00e3o de desktop com Thunderbolt 3 do mundo para Mac e Windows &#8211; oferecendo convers\u00e3o de \u00e1udio l\u00edder de classe, dois pr\u00e9-amplificadores de microfone Unison\u2122 e um conjunto de plug-ins UAD integrados para gravar resultados com qualidade de \u00e1lbum, em tempo real Tempo.<\/p>\n<p>Esta interface compacta 2&#215;4 come\u00e7a com a estimada convers\u00e3o Apollo A\/D e D\/A para superar sonoramente qualquer coisa em sua classe. E com sua tecnologia Unison e processamento UAD-2 integrado, voc\u00ea pode gravar por meio de ferramentas cl\u00e1ssicas de est\u00fadio, incluindo o pr\u00e9-amplificador e equalizador de tubo UA 610-B, compressores LA-2A e 1176 e muito mais \u2014 com lat\u00eancia pr\u00f3xima de zero.<\/p>\n<\/div>\n<\/div>\n<\/div>\n<\/div>\n<div class=\"features\">\n<h2>Agora voc\u00ea pode:<\/h2>\n<div class=\"features__columns\">\n<div class=\"features__column\">\n<div class=\"features__item features__item--no-text\">\n<ul>\n<li>Grave com convers\u00e3o A\/D e D\/A l\u00edder de classe &#8211; como ouvido em centenas de discos de sucesso<\/li>\n<li>Inclui LUNA Recording System \u2014 um aplicativo de produ\u00e7\u00e3o musical totalmente integrado e inspirador (somente Mac)<\/li>\n<li>Acompanhe com lat\u00eancia quase zero atrav\u00e9s de emula\u00e7\u00f5es de pr\u00e9-amplificador de microfone e amplificador de guitarra da Neve,\u00ae API,\u00ae Fender\u00ae e muito mais usando a tecnologia Unison\u2122<\/li>\n<li>Crie em movimento com uma interface alimentada por barramento sonoramente superior com constru\u00e7\u00e3o robusta toda em metal<\/li>\n<li>Mixe com plug-ins UAD inclu\u00eddos, como os compressores Teletronix\u00ae LA-2A e 1176, Pultec\u00ae EQs e muito mais<\/li>\n<li>Desfrute de monitoramento claro e detalhado com o amplificador de fone de ouvido com melhor som em sua classe<\/li>\n<\/ul>\n<\/div>\n<\/div>\n<\/div>\n<\/div>\n<div id=\"tc_1890\" class=\"text-centered--with-image\">\n<div class=\"text-centered--with-image__text-wrapper\"><\/div>\n<\/div>\n<div id=\"f80ff\" class=\"product-feature\">\n<div class=\"product-feature__content-wrapper--right\">\n<div class=\"product-feature__content\">\n<div class=\"product-feature__text-wrapper\">\n<h2>Tecnologia Unison\u2122 para Impressionante<br \/>\nEmula\u00e7\u00f5es de pr\u00e9-amplificador de microfone e guitarra<\/h2>\n<p>A tecnologia Unison da Apollo Solo oferece o tom, o toque e a \u201csensa\u00e7\u00e3o\u201d dos pr\u00e9-amplificadores mais procurados do mundo. Isso inclui o pr\u00e9-amplificador de tubo UA 610-B inclu\u00eddo, al\u00e9m de emula\u00e7\u00f5es aut\u00eanticas de pr\u00e9-amplificador de microfone da Neve\u00ae e API\u00ae, al\u00e9m de emula\u00e7\u00f5es de amplificador de guitarra da Fender\u00ae e Marshall\u00ae &#8211; completos com sua imped\u00e2ncia de assinatura, \u201csweet spots\u201d de ganho de palco e componentes- comportamentos do circuito de n\u00edvel.<\/p>\n<p>O segredo do Unison \u00e9 sua integra\u00e7\u00e3o hardware-software entre os pr\u00e9-amplificadores de microfone do Apollo Solo e seu processamento UAD-2 integrado. Basta colocar um plug-in de pr\u00e9-amplificador Unison em sua entrada de microfone no software Apollo&#8217;s Console e ele reconfigura fisicamente a imped\u00e2ncia e o est\u00e1gio de ganho do Apollo &#8211; fornecendo os sons cl\u00e1ssicos de tubo e transformador dos pr\u00e9-amplificadores de microfone e amplificadores de guitarra mais gravados do mundo.<\/p>\n<\/div>\n<\/div>\n<\/div>\n<\/div>\n<div id=\"4d6b3\" class=\"product-feature\">\n<div class=\"product-feature__content-wrapper--left\">\n<div class=\"product-feature__content\">\n<div class=\"product-feature__text-wrapper\">\n<h2>Crie com um workflow r\u00e1pido e natural no LUNA<\/h2>\n<p>Apollo Solo \u00e9 o ponto de entrada ideal para o LUNA, o aplicativo de produ\u00e7\u00e3o musical inovador da UA. Esteja voc\u00ea explorando os sons anal\u00f3gicos e o fluxo de trabalho do Neve Summing e das extens\u00f5es de fita Studer ou criando com inspiradores instrumentos LUNA como Moog Minimoog e Ravel piano de cauda, o LUNA transforma o Apollo Solo em um sistema de grava\u00e7\u00e3o totalmente integrado. Somente Mac.<\/p>\n<\/div>\n<\/div>\n<\/div>\n<h2>Um conjunto completo de processamento de est\u00fadio cl\u00e1ssico a bordo<\/h2>\n<p>Pronto para uso, o Apollo Solo fornece um conjunto de plug-ins de emula\u00e7\u00e3o anal\u00f3gicos incr\u00edveis, incluindo os \u00fanicos compressores Teletronix LA-2A e 1176LN aut\u00eanticos do mundo, EQs Pultec e muito mais. Desde o calor do tubo do Pultec EQ nas guitarras, at\u00e9 a limita\u00e7\u00e3o suave do LA-2A nos vocais, suas grava\u00e7\u00f5es dar\u00e3o um salto gigantesco em um som anal\u00f3gico rico e sonoramente complexo.<\/p>\n<h2>Acesse o mundo dos plug-ins alimentados por UAD<\/h2>\n<p>Indo al\u00e9m dos plug-ins Realtime Analog Classics Plus inclu\u00eddos, o Apollo x8p permite que voc\u00ea acesse a biblioteca completa de plug-ins UAD Powered de lend\u00e1rios EQs vintage, compressores, reverbs, tape machines, channel strips e muito mais &#8211; com lat\u00eancia pr\u00f3xima de zero, independentemente do tamanho do buffer do seu software de \u00e1udio e sem sobrecarregar a CPU do seu computador.<\/p>\n<p>Com emula\u00e7\u00f5es exclusivas de SSL, Neve, Studer, Manley, Helios, API, Ampex, Lexicon, Fender e muito mais,\u2020 \u00e9 como ter um est\u00fadio cheio de equipamentos anal\u00f3gicos ic\u00f4nicos, em um \u00fanico espa\u00e7o de rack. E, diferentemente das interfaces concorrentes, esses premiados plug-ins alimentados por DSP tamb\u00e9m est\u00e3o dispon\u00edveis em sua DAW para mixagem.<\/p>\n<h2>Amplificadores de guitarra e baixo vintage<\/h2>\n<p>Para guitarristas e baixistas, o Apollo Solo inclui a tecnologia Unison em sua entrada de instrumento do painel frontal &#8211; dando a voc\u00ea acesso a emula\u00e7\u00f5es de amplificadores como o Fender\u00ae &#8217;55 Tweed Deluxe, Ampeg\u00ae B-15N Bass Amplifier e o Marshall\u00ae Plexi inclu\u00eddo Cl\u00e1ssico \u2014 todos dispon\u00edveis com lat\u00eancia pr\u00f3xima de zero para composi\u00e7\u00e3o e grava\u00e7\u00e3o.<\/p>\n<p>&nbsp;<\/p>\n<\/div>\n<hr \/>\n<p>&nbsp;<\/p>\n<h2><img data-recalc-dims=\"1\" fetchpriority=\"high\" decoding=\"async\" class=\"alignleft size-medium\" src=\"https:\/\/i0.wp.com\/media.uaudio.com\/assetlibrary\/a\/p\/apollo_solo_feature_1_1.jpg?resize=640%2C320&#038;ssl=1\" width=\"640\" height=\"320\" \/><\/h2>\n<h2><\/h2>\n<h2>O melhor amplificador de headphone da categoria<\/h2>\n<p>A sa\u00edda de fone de ouvido integrada do Apollo Solo \u00e9 mais alta e potente, com menor ru\u00eddo e resposta de frequ\u00eancia mais plana em compara\u00e7\u00e3o com qualquer interface de sua classe. Isso significa que voc\u00ea pode rastrear e mixar com confian\u00e7a usando fones de ouvido, sabendo que est\u00e1 ouvindo todos os detalhes sonoros.<\/p>\n<p>&nbsp;<\/p>\n<p>&nbsp;<\/p>\n<p>&nbsp;<\/p>\n<p>&nbsp;<\/p>\n<hr \/>\n<p>&nbsp;<\/p>\n<p><img data-recalc-dims=\"1\" decoding=\"async\" class=\"alignright size-medium\" src=\"https:\/\/i0.wp.com\/media.uaudio.com\/assetlibrary\/a\/p\/apollo_solo_feature_2.jpg?resize=640%2C320&#038;ssl=1\" width=\"640\" height=\"320\" \/><\/p>\n<h2><\/h2>\n<h2 style=\"text-align: right;\">Leve aonde quiser<\/h2>\n<p style=\"text-align: right;\">Com sua constru\u00e7\u00e3o robusta toda em metal e opera\u00e7\u00e3o Thunderbolt 3 alimentada por barramento, o Apollo Solo \u00e9 a \u00fanica interface de \u00e1udio port\u00e1til &#8220;livre de desordem&#8221; que realmente oferece resultados com qualidade de \u00e1lbum. \u00c9 como ter um est\u00fadio anal\u00f3gico virtual que cabe em qualquer desktop e pode ser transportado facilmente na bolsa do seu laptop.<\/p>\n<p>&nbsp;<\/p>\n<p>&nbsp;<\/p>\n<p>&nbsp;<\/p>\n<p>&nbsp;<\/p>\n<hr \/>\n<p>&nbsp;<\/p>\n<h2><img data-recalc-dims=\"1\" decoding=\"async\" class=\"size-medium alignleft\" src=\"https:\/\/i0.wp.com\/media.uaudio.com\/assetlibrary\/a\/p\/apollo_heritage_feature_alt.jpg?resize=640%2C320&#038;ssl=1\" width=\"640\" height=\"320\" \/><\/h2>\n<h2 style=\"text-align: left;\"><\/h2>\n<h2 style=\"text-align: left;\">Dispon\u00edvel como Apollo Heritage Edition<\/h2>\n<p style=\"text-align: left;\">Apresentando 10 t\u00edtulos UAD premium \u2014 incluindo cole\u00e7\u00f5es completas de plug-in dos nossos premiados compressores Teletronix,\u00ae UA 1176 e Fairchild\u00ae, pr\u00e9-amplificadores de microfone Helios\u00ae Type 69 e UA 610, Pultec\u00ae EQs e muito mais.<\/p>\n<p>&nbsp;<\/p>\n<hr \/>\n<h2>Apollo: a escolha dos profissionais da nova escola<\/h2>\n<p>Apollo \u00e9 a escolha confirmada dos profissionais de sucesso, usados para gravar \u00e1lbuns marcantes de Kendrick Lamar (DAMN.), Chris Stapleton (From A Room: Volume 1), Arcade Fire (Everything Now), Post Malone (Beerbongs &amp; Bentleys), e muitos mais. A gama de interfaces Apollo ganhou v\u00e1rios pr\u00eamios da ind\u00fastria de Sound on Sound, Future Music e Electronic Musician &#8211; bem como o prestigioso pr\u00eamio TEC para hardware de \u00e1udio de computador por cinco anos consecutivos.<\/p>","protected":false},"excerpt":{"rendered":"<p>Apollo Solo \u00e9 a melhor interface de \u00e1udio de grava\u00e7\u00e3o de desktop com Thunderbolt 3 do mundo para Mac e Windows &#8211; oferecendo convers\u00e3o de \u00e1udio l\u00edder de classe, dois pr\u00e9-amplificadores de microfone Unison\u2122 e um conjunto de plug-ins UAD integrados para gravar resultados com qualidade de \u00e1lbum, em tempo real Tempo.<\/p>\n<p><img decoding=\"async\" class=\"alignnone size-medium wp-image-5695\" src=\"https:\/\/www.uaudiobrasil.com.br\/wp-content\/uploads\/2025\/03\/disclaimer.png\" alt=\"AV Pro Brasil\" width=\"100%\" \/><\/p>\n<h2>R$ 5.999,00<\/h2>","protected":false},"featured_media":2196,"comment_status":"closed","ping_status":"closed","template":"","meta":{"site-sidebar-layout":"default","site-content-layout":"default","ast-site-content-layout":"default","site-content-style":"default","site-sidebar-style":"default","ast-global-header-display":"","ast-banner-title-visibility":"","ast-main-header-display":"","ast-hfb-above-header-display":"","ast-hfb-below-header-display":"","ast-hfb-mobile-header-display":"","site-post-title":"","ast-breadcrumbs-content":"","ast-featured-img":"","footer-sml-layout":"","ast-disable-related-posts":"","theme-transparent-header-meta":"default","adv-header-id-meta":"","stick-header-meta":"","header-above-stick-meta":"","header-main-stick-meta":"","header-below-stick-meta":"","astra-migrate-meta-layouts":"set","ast-page-background-enabled":"default","ast-page-background-meta":{"desktop":{"background-color":"var(--ast-global-color-4)","background-image":"","background-repeat":"repeat","background-position":"center center","background-size":"auto","background-attachment":"scroll","background-type":"","background-media":"","overlay-type":"","overlay-color":"","overlay-opacity":"","overlay-gradient":""},"tablet":{"background-color":"","background-image":"","background-repeat":"repeat","background-position":"center center","background-size":"auto","background-attachment":"scroll","background-type":"","background-media":"","overlay-type":"","overlay-color":"","overlay-opacity":"","overlay-gradient":""},"mobile":{"background-color":"","background-image":"","background-repeat":"repeat","background-position":"center center","background-size":"auto","background-attachment":"scroll","background-type":"","background-media":"","overlay-type":"","overlay-color":"","overlay-opacity":"","overlay-gradient":""}},"ast-content-background-meta":{"desktop":{"background-color":"var(--ast-global-color-5)","background-image":"","background-repeat":"repeat","background-position":"center center","background-size":"auto","background-attachment":"scroll","background-type":"","background-media":"","overlay-type":"","overlay-color":"","overlay-opacity":"","overlay-gradient":""},"tablet":{"background-color":"var(--ast-global-color-5)","background-image":"","background-repeat":"repeat","background-position":"center center","background-size":"auto","background-attachment":"scroll","background-type":"","background-media":"","overlay-type":"","overlay-color":"","overlay-opacity":"","overlay-gradient":""},"mobile":{"background-color":"var(--ast-global-color-5)","background-image":"","background-repeat":"repeat","background-position":"center center","background-size":"auto","background-attachment":"scroll","background-type":"","background-media":"","overlay-type":"","overlay-color":"","overlay-opacity":"","overlay-gradient":""}},"_joinchat":[]},"product_brand":[],"product_cat":[21,20],"product_tag":[49],"class_list":{"0":"post-2192","1":"product","2":"type-product","3":"status-publish","4":"has-post-thumbnail","6":"product_cat-interfaces-de-audio","7":"product_cat-linha-apollo","8":"product_tag-apollo-solo","9":"desktop-align-left","10":"tablet-align-left","11":"mobile-align-left","13":"first","14":"instock","15":"shipping-taxable","16":"product-type-external"},"aioseo_notices":[],"jetpack_sharing_enabled":true,"_links":{"self":[{"href":"https:\/\/www.uaudiobrasil.com.br\/en\/wp-json\/wp\/v2\/product\/2192","targetHints":{"allow":["GET"]}}],"collection":[{"href":"https:\/\/www.uaudiobrasil.com.br\/en\/wp-json\/wp\/v2\/product"}],"about":[{"href":"https:\/\/www.uaudiobrasil.com.br\/en\/wp-json\/wp\/v2\/types\/product"}],"replies":[{"embeddable":true,"href":"https:\/\/www.uaudiobrasil.com.br\/en\/wp-json\/wp\/v2\/comments?post=2192"}],"version-history":[{"count":3,"href":"https:\/\/www.uaudiobrasil.com.br\/en\/wp-json\/wp\/v2\/product\/2192\/revisions"}],"predecessor-version":[{"id":5765,"href":"https:\/\/www.uaudiobrasil.com.br\/en\/wp-json\/wp\/v2\/product\/2192\/revisions\/5765"}],"wp:featuredmedia":[{"embeddable":true,"href":"https:\/\/www.uaudiobrasil.com.br\/en\/wp-json\/wp\/v2\/media\/2196"}],"wp:attachment":[{"href":"https:\/\/www.uaudiobrasil.com.br\/en\/wp-json\/wp\/v2\/media?parent=2192"}],"wp:term":[{"taxonomy":"product_brand","embeddable":true,"href":"https:\/\/www.uaudiobrasil.com.br\/en\/wp-json\/wp\/v2\/product_brand?post=2192"},{"taxonomy":"product_cat","embeddable":true,"href":"https:\/\/www.uaudiobrasil.com.br\/en\/wp-json\/wp\/v2\/product_cat?post=2192"},{"taxonomy":"product_tag","embeddable":true,"href":"https:\/\/www.uaudiobrasil.com.br\/en\/wp-json\/wp\/v2\/product_tag?post=2192"}],"curies":[{"name":"wp","href":"https:\/\/api.w.org\/{rel}","templated":true}]}}