{"id":1689,"date":"2022-04-05T16:42:12","date_gmt":"2022-04-05T19:42:12","guid":{"rendered":"https:\/\/www.uaudiobrasil.com.br\/?post_type=product&#038;p=1689"},"modified":"2025-03-05T14:35:13","modified_gmt":"2025-03-05T17:35:13","slug":"apollo-x6-heritage-edition-rack-mac-win-tb3","status":"publish","type":"product","link":"https:\/\/www.uaudiobrasil.com.br\/en\/loja\/interfaces-de-audio\/linha-apollo\/apollo-x6-heritage-edition-rack-mac-win-tb3\/","title":{"rendered":"Apollo x6 Heritage Edition (Rack\/Mac\/Win\/TB3)"},"content":{"rendered":"<div class=\"text-centered\">\n<h2>Convers\u00e3o de \u00e1udio Elite com novo processamento HEXA Core e som surround.<\/h2>\n<\/div>\n<div id=\"gallery62436992bafcb\" class=\"product-gallery slick-initialized slick-slider\">\n<div class=\"slick-list draggable\">\n<div class=\"slick-track\">\n<div id=\"\" class=\"product-gallery__img slick-slide slick-cloned\" tabindex=\"-1\" data-slick-index=\"4\" aria-hidden=\"true\">\n<p>O Apollo x6 permite que produtores musicais e est\u00fadios de p\u00f3s-produ\u00e7\u00e3o rastreiem, fa\u00e7am overdub e mixem com convers\u00e3o A\/D e D\/A de elite, processamento de plug-in HEXA Core UAD, clock de cristal duplo e monitoramento de som surround 5.1 &#8211; tudo em uma elegante interface de \u00e1udio Thunderbolt 3 de montagem em rack para Mac ou Windows.<\/p>\n<p>Constru\u00edda com base na heran\u00e7a de 60 anos de artesanato de \u00e1udio da UA, esta interface 16 x 22 supera facilmente tudo em sua classe com dois pr\u00e9-amplificadores de microfone habilitados para Unison\u2122, processamento HEXA Core totalmente novo &#8211; produzindo 50% mais DSP para executar plug-ins alimentados por UAD em tempo real \u2014 al\u00e9m de incluir o LUNA Recording System, que oferece um aplicativo de produ\u00e7\u00e3o musical totalmente integrado.<\/p>\n<\/div>\n<\/div>\n<\/div>\n<\/div>\n<div class=\"features\">\n<h2>Agora voc\u00ea pode:<\/h2>\n<div class=\"features__columns\">\n<div class=\"features__column\">\n<div class=\"features__item features__item--no-text\">\n<ul>\n<li>Grave com convers\u00e3o A\/D e D\/A de classe elite \u2014 aproximando-se da faixa din\u00e2mica mais ampla e com o menor ru\u00eddo dispon\u00edvel, a qualquer pre\u00e7o<\/li>\n<li>Acompanhe com lat\u00eancia quase zero por meio de emula\u00e7\u00f5es de pr\u00e9-amplificador Unison\u2122 da Neve,\u00ae API,\u00ae Manley,\u00ae Helios,\u00ae Fender\u00ae e muito mais<\/li>\n<li>Mixe com o poderoso processamento HEXA Core, com 6 chips UAD DSP para executar mais plug-ins alimentados por UAD em tempo real<\/li>\n<li>Inclui LUNA Recording System \u2014 um aplicativo de produ\u00e7\u00e3o musical totalmente integrado e inspirador<\/li>\n<\/ul>\n<\/div>\n<\/div>\n<\/div>\n<\/div>\n<div id=\"tc_1890\" class=\"text-centered--with-image\">\n<div class=\"text-centered--with-image__text-wrapper\"><\/div>\n<\/div>\n<div id=\"f80ff\" class=\"product-feature\">\n<div class=\"product-feature__content-wrapper--right\">\n<div class=\"product-feature__content\">\n<div class=\"product-feature__text-wrapper\">\n<h2>Convers\u00e3o Classe Elite A\/D e D\/A<\/h2>\n<p>Com milhares de m\u00fasicas de sucesso e centenas de \u00e1lbuns vencedores do Grammy, as interfaces Apollo n\u00e3o s\u00e3o estranhas ao rastreamento de registros de som estelar. Para melhorar a convers\u00e3o de \u00e1udio l\u00edder de classe das interfaces Apollo da gera\u00e7\u00e3o anterior, os engenheiros da UA testaram obsessivamente os mais recentes conversores A\/D e D\/A &#8211; em \u00faltima an\u00e1lise, emparelhando conversores de classe elite de 24 bits\/192 kHz com circuitos anal\u00f3gicos totalmente novos para um caminho de sinal ultra-puro.<\/p>\n<p>A s\u00e9rie Apollo X tamb\u00e9m apresenta o novo rel\u00f3gio Dual-Crystal &#8211; com cristais dedicados para taxas de amostragem de 44,1\/88,2\/176,4k e 48\/96\/192k &#8211; resultando em um jitter incrivelmente baixo, medido em menos de 10 picossegundos. Isso se traduz em grava\u00e7\u00f5es puras e sem artefatos e imagens est\u00e9reo s\u00f3lidas nas quais voc\u00ea pode confiar.<\/p>\n<p>Com faixa din\u00e2mica de 129 dB e -119 dB THD+N, o som aberto e natural do Apollo x6 rivaliza com qualquer conversor dedicado de ponta no mercado &#8211; independentemente do pre\u00e7o &#8211; e \u00e9 o ponto de partida perfeito para aplicar o processamento UAD.<\/p>\n<\/div>\n<\/div>\n<\/div>\n<\/div>\n<div id=\"4d6b3\" class=\"product-feature\">\n<div class=\"product-feature__content-wrapper--left\">\n<div class=\"product-feature__content\">\n<div class=\"product-feature__text-wrapper\">\n<h2>Processamento UAD HEXA Core em tempo real<\/h2>\n<p>O Apollo x6 possui processamento HEXA Core, com seis chips DSP e 50% mais poder de processamento de plug-in UAD do que os Apollos anteriores. Isso permite que voc\u00ea execute mais plug-ins UAD, seja rastreando em tempo real com faixas de canal de Neve, Manley ou API, ou executando altas contagens de plug-ins UAD ao mixar em sua DAW.<\/p>\n<p>Desde o calor valvulado dos EQs Pultec nas guitarras at\u00e9 a limita\u00e7\u00e3o do tubo musical do LA-2A nos vocais, ou a bomba de um compressor valvulado genu\u00edno 1176 ou Fairchild 670 na bateria, suas grava\u00e7\u00f5es dar\u00e3o um salto gigantesco com um rico som de tr\u00eas som anal\u00f3gico tridimensional que os plug-ins UAD fornecem.<\/p>\n<\/div>\n<\/div>\n<\/div>\n<h2>Tecnologia Unison: O som genu\u00edno dos pr\u00e9-amplificadores Neve, API e Manley<\/h2>\n<p>Perfeito para m\u00fasicos eletr\u00f4nicos e profissionais de p\u00f3s-produ\u00e7\u00e3o que n\u00e3o precisam de toneladas de entradas de microfone, o Apollo x6 possui dois pr\u00e9-amplificadores de microfone habilitados para Unison, permitindo que voc\u00ea acompanhe emula\u00e7\u00f5es de pr\u00e9-amplificador de microfone exatas de Neve, API, Manley, Helios, SSL e Universal Audio . Exclusiva da Universal Audio, a tecnologia Unison acerta o tom desses procurados microfones de estado s\u00f3lido e valvulados &#8211; incluindo a imped\u00e2ncia de entrada, os &#8220;pontos ideais&#8221; do est\u00e1gio de ganho e os comportamentos do circuito de n\u00edvel de componente do hardware original.<\/p>\n<p>O segredo do Unison \u00e9 sua integra\u00e7\u00e3o hardware-software entre os pr\u00e9-amplificadores de microfone da Apollo e sua acelera\u00e7\u00e3o HEXA Core DSP integrada. Basta colocar um plug-in de pr\u00e9-amplificador Unison em sua entrada de microfone no software Apollo Console e ele reconfigura fisicamente a imped\u00e2ncia da interface Apollo &#8211; para que voc\u00ea possa tocar nos sons cl\u00e1ssicos dos pr\u00e9-amplificadores de microfone mais gravados do mundo.<\/p>\n<h2>Um conjunto completo de processamento anal\u00f3gico cl\u00e1ssico integrado<\/h2>\n<p>Uma caracter\u00edstica marcante do Apollo \u00e9 seu processamento UAD em tempo real, permitindo que voc\u00ea execute a biblioteca completa de plug-ins UAD com lat\u00eancia pr\u00f3xima de zero. O Apollo x6 inclui o pacote de plug-in Realtime Analog Classics Plus, para que voc\u00ea possa gravar e mixar com os \u00fanicos compressores Teletronix LA-2A, 1176LN e Fairchild aut\u00eanticos do mundo, o pr\u00e9-amplificador e equalizador de tubo UA 610-B habilitado para Unison e o ic\u00f4nico amplificadores de guitarra e baixo da Marshall e Ampeg.<\/p>\n<h2>Acesse o mundo dos plug-ins alimentados por UAD<\/h2>\n<p>Indo al\u00e9m dos plug-ins Realtime Analog Classics Plus inclu\u00eddos, o Apollo x6 permite que voc\u00ea acesse a biblioteca completa de plug-ins UAD Powered de lend\u00e1rios EQs vintage, compressores, reverbs, tape machines, channel strips e muito mais &#8211; com lat\u00eancia pr\u00f3xima de zero, independentemente do tamanho do buffer do seu software de \u00e1udio e sem sobrecarregar a CPU do seu computador.<\/p>\n<p>Com emula\u00e7\u00f5es exclusivas de Neve, Studer, Manley, Helios, API, Ampex, SSL, Lexicon, Fender e muito mais, \u00e9 como ter um est\u00fadio cheio de equipamentos anal\u00f3gicos ic\u00f4nicos, em um \u00fanico espa\u00e7o de rack. E, diferentemente das interfaces concorrentes, esses premiados plug-ins alimentados por DSP tamb\u00e9m est\u00e3o dispon\u00edveis em sua DAW para mixagem.<\/p>\n<p>&nbsp;<\/p>\n<\/div>\n<hr \/>\n<p>&nbsp;<\/p>\n<h2><img data-recalc-dims=\"1\" fetchpriority=\"high\" decoding=\"async\" class=\"size-medium alignleft\" src=\"https:\/\/i0.wp.com\/media.uaudio.com\/assetlibrary\/l\/u\/luna_generic_feature_apollo.jpg?resize=640%2C320&#038;ssl=1\" width=\"640\" height=\"320\" \/><\/h2>\n<h2>Integra\u00e7\u00e3o profunda do sistema de grava\u00e7\u00e3o LUNA com um workflow r\u00e1pido e natural<\/h2>\n<p>As interfaces da s\u00e9rie Apollo X funcionam com todas as principais DAWs. Mas eles se tornam um sistema de grava\u00e7\u00e3o totalmente integrado com o LUNA, o aplicativo de produ\u00e7\u00e3o musical inovador da Universal Audio para Mac. Aproveite o Accelerated Realtime Monitoring\u2122 do LUNA e potencialize seu fluxo de trabalho com uma s\u00e9rie de recursos integrados e extens\u00f5es opcionais &#8211; desde som Neve genu\u00edno e fita Studer integrada a instrumentos LUNA inspiradores e muito mais.<\/p>\n<p>&nbsp;<\/p>\n<p>&nbsp;<\/p>\n<p>&nbsp;<\/p>\n<hr \/>\n<p>&nbsp;<\/p>\n<p><img data-recalc-dims=\"1\" decoding=\"async\" class=\"size-medium alignright\" src=\"https:\/\/i0.wp.com\/media.uaudio.com\/assetlibrary\/a\/p\/apollo_x6_feature_1.jpg?resize=640%2C320&#038;ssl=1\" width=\"640\" height=\"320\" \/><\/p>\n<h2><\/h2>\n<h2 style=\"text-align: right;\">Som surround, Talkback e muito mais<\/h2>\n<p style=\"text-align: right;\">O Apollo x6 possui fun\u00e7\u00f5es de monitoramento integradas no painel frontal, incluindo um microfone Talkback, alto-falantes Alt e controle Dim ou Mono atribu\u00edvel. Al\u00e9m disso, com seu suporte abrangente de monitoramento surround 5.1, o Apollo x6 \u00e9 uma ben\u00e7\u00e3o para engenheiros e produtores que trabalham em \u00e1udio e m\u00fasica para videogames, televis\u00e3o e web. Al\u00e9m disso, o Apollo x6 oferece opera\u00e7\u00e3o selecion\u00e1vel de +24 dBu para compatibilidade imediata com consoles de mixagem profissionais e outros equipamentos de \u00e1udio profissionais de ponta.<\/p>\n<p>&nbsp;<\/p>\n<p>&nbsp;<\/p>\n<p>&nbsp;<\/p>\n<hr \/>\n<p>&nbsp;<\/p>\n<p><img data-recalc-dims=\"1\" decoding=\"async\" class=\"alignleft size-medium\" src=\"https:\/\/i0.wp.com\/media.uaudio.com\/assetlibrary\/a\/p\/apollo_x_feature_2.jpg?resize=640%2C320&#038;ssl=1\" width=\"640\" height=\"320\" \/><\/p>\n<p>&nbsp;<\/p>\n<h2>Construir um sistema de est\u00fadio expandido sobre Thunderbolt<\/h2>\n<p>O Apollo x6 oferece 16 x 22 entradas\/sa\u00eddas simult\u00e2neas (6 x 6 E\/S anal\u00f3gicas) e duas portas Thunderbolt 3 integradas. Isso permite que os usu\u00e1rios de qualquer interface de \u00e1udio Apollo Twin ou Apollo de montagem em rack equipada com Thunderbolt combinem facilmente at\u00e9 quatro Apollos e seis dispositivos UAD-2 no total &#8211; adicionando E\/S e DSP r\u00e1pidos e de alta largura de banda \u00e0 medida que seu est\u00fadio cresce.<\/p>\n<p>&nbsp;<\/p>\n<p>&nbsp;<\/p>\n<p>&nbsp;<\/p>\n<hr \/>\n<p>&nbsp;<\/p>\n<h2><img data-recalc-dims=\"1\" loading=\"lazy\" decoding=\"async\" class=\"size-medium alignright\" src=\"https:\/\/i0.wp.com\/media.uaudio.com\/assetlibrary\/a\/p\/apollo_heritage_feature_alt.jpg?resize=640%2C320&#038;ssl=1\" width=\"640\" height=\"320\" \/><\/h2>\n<p>&nbsp;<\/p>\n<h2 style=\"text-align: right;\">Dispon\u00edvel como Apollo Heritage Edition<\/h2>\n<p style=\"text-align: right;\">Apresentando 10 t\u00edtulos UAD premium \u2014 incluindo cole\u00e7\u00f5es completas de plug-in dos nossos premiados compressores Teletronix,\u00ae UA 1176 e Fairchild\u00ae, pr\u00e9-amplificadores de microfone Helios\u00ae Type 69 e UA 610, Pultec\u00ae EQs e muito mais.<\/p>\n<p>&nbsp;<\/p>\n<p>&nbsp;<\/p>\n<p>&nbsp;<\/p>\n<p>&nbsp;<\/p>","protected":false},"excerpt":{"rendered":"<p>O Apollo x6 permite que produtores musicais e est\u00fadios de p\u00f3s-produ\u00e7\u00e3o rastreiem, fa\u00e7am overdub e mixem com convers\u00e3o A\/D e D\/A de elite, processamento de plug-in HEXA Core UAD, clock de cristal duplo e monitoramento de som surround 5.1 &#8211; tudo em uma elegante interface de \u00e1udio Thunderbolt 3 de montagem em rack para Mac ou Windows.<\/p>\n<p><img decoding=\"async\" class=\"alignnone size-medium wp-image-5695\" src=\"https:\/\/www.uaudiobrasil.com.br\/wp-content\/uploads\/2025\/03\/disclaimer.png\" alt=\"AV Pro Brasil\" width=\"100%\" \/><\/p>\n<h2>R$ 27.699,00<\/h2>","protected":false},"featured_media":1699,"comment_status":"closed","ping_status":"closed","template":"","meta":{"site-sidebar-layout":"default","site-content-layout":"","ast-site-content-layout":"default","site-content-style":"default","site-sidebar-style":"default","ast-global-header-display":"","ast-banner-title-visibility":"","ast-main-header-display":"","ast-hfb-above-header-display":"","ast-hfb-below-header-display":"","ast-hfb-mobile-header-display":"","site-post-title":"","ast-breadcrumbs-content":"","ast-featured-img":"","footer-sml-layout":"","ast-disable-related-posts":"","theme-transparent-header-meta":"default","adv-header-id-meta":"","stick-header-meta":"","header-above-stick-meta":"","header-main-stick-meta":"","header-below-stick-meta":"","astra-migrate-meta-layouts":"set","ast-page-background-enabled":"default","ast-page-background-meta":{"desktop":{"background-color":"var(--ast-global-color-4)","background-image":"","background-repeat":"repeat","background-position":"center center","background-size":"auto","background-attachment":"scroll","background-type":"","background-media":"","overlay-type":"","overlay-color":"","overlay-opacity":"","overlay-gradient":""},"tablet":{"background-color":"","background-image":"","background-repeat":"repeat","background-position":"center center","background-size":"auto","background-attachment":"scroll","background-type":"","background-media":"","overlay-type":"","overlay-color":"","overlay-opacity":"","overlay-gradient":""},"mobile":{"background-color":"","background-image":"","background-repeat":"repeat","background-position":"center center","background-size":"auto","background-attachment":"scroll","background-type":"","background-media":"","overlay-type":"","overlay-color":"","overlay-opacity":"","overlay-gradient":""}},"ast-content-background-meta":{"desktop":{"background-color":"var(--ast-global-color-5)","background-image":"","background-repeat":"repeat","background-position":"center center","background-size":"auto","background-attachment":"scroll","background-type":"","background-media":"","overlay-type":"","overlay-color":"","overlay-opacity":"","overlay-gradient":""},"tablet":{"background-color":"var(--ast-global-color-5)","background-image":"","background-repeat":"repeat","background-position":"center center","background-size":"auto","background-attachment":"scroll","background-type":"","background-media":"","overlay-type":"","overlay-color":"","overlay-opacity":"","overlay-gradient":""},"mobile":{"background-color":"var(--ast-global-color-5)","background-image":"","background-repeat":"repeat","background-position":"center center","background-size":"auto","background-attachment":"scroll","background-type":"","background-media":"","overlay-type":"","overlay-color":"","overlay-opacity":"","overlay-gradient":""}},"_joinchat":[]},"product_brand":[],"product_cat":[21,20],"product_tag":[],"class_list":{"0":"post-1689","1":"product","2":"type-product","3":"status-publish","4":"has-post-thumbnail","6":"product_cat-interfaces-de-audio","7":"product_cat-linha-apollo","8":"desktop-align-left","9":"tablet-align-left","10":"mobile-align-left","12":"first","13":"instock","14":"shipping-taxable","15":"product-type-external"},"aioseo_notices":[],"jetpack_sharing_enabled":true,"_links":{"self":[{"href":"https:\/\/www.uaudiobrasil.com.br\/en\/wp-json\/wp\/v2\/product\/1689","targetHints":{"allow":["GET"]}}],"collection":[{"href":"https:\/\/www.uaudiobrasil.com.br\/en\/wp-json\/wp\/v2\/product"}],"about":[{"href":"https:\/\/www.uaudiobrasil.com.br\/en\/wp-json\/wp\/v2\/types\/product"}],"replies":[{"embeddable":true,"href":"https:\/\/www.uaudiobrasil.com.br\/en\/wp-json\/wp\/v2\/comments?post=1689"}],"version-history":[{"count":2,"href":"https:\/\/www.uaudiobrasil.com.br\/en\/wp-json\/wp\/v2\/product\/1689\/revisions"}],"predecessor-version":[{"id":5764,"href":"https:\/\/www.uaudiobrasil.com.br\/en\/wp-json\/wp\/v2\/product\/1689\/revisions\/5764"}],"wp:featuredmedia":[{"embeddable":true,"href":"https:\/\/www.uaudiobrasil.com.br\/en\/wp-json\/wp\/v2\/media\/1699"}],"wp:attachment":[{"href":"https:\/\/www.uaudiobrasil.com.br\/en\/wp-json\/wp\/v2\/media?parent=1689"}],"wp:term":[{"taxonomy":"product_brand","embeddable":true,"href":"https:\/\/www.uaudiobrasil.com.br\/en\/wp-json\/wp\/v2\/product_brand?post=1689"},{"taxonomy":"product_cat","embeddable":true,"href":"https:\/\/www.uaudiobrasil.com.br\/en\/wp-json\/wp\/v2\/product_cat?post=1689"},{"taxonomy":"product_tag","embeddable":true,"href":"https:\/\/www.uaudiobrasil.com.br\/en\/wp-json\/wp\/v2\/product_tag?post=1689"}],"curies":[{"name":"wp","href":"https:\/\/api.w.org\/{rel}","templated":true}]}}