{"id":1359,"date":"2022-03-31T15:45:54","date_gmt":"2022-03-31T18:45:54","guid":{"rendered":"https:\/\/www.uaudiobrasil.com.br\/?post_type=product&#038;p=1359"},"modified":"2025-03-05T14:35:13","modified_gmt":"2025-03-05T17:35:13","slug":"710-twin-finity-single-channel-mic-pre","status":"publish","type":"product","link":"https:\/\/www.uaudiobrasil.com.br\/en\/loja\/analogicos\/710-twin-finity-single-channel-mic-pre\/","title":{"rendered":"710 Twin-Finity Single-Channel Mic Pre"},"content":{"rendered":"<div class=\"text-centered\">\n<h2>Obtenha sons valvulados e de estado s\u00f3lido e tudo mais com este pr\u00e9\/DI de microfone exclusivo.<\/h2>\n<\/div>\n<div id=\"gallery62436992bafcb\" class=\"product-gallery slick-initialized slick-slider\">\n<div class=\"slick-list draggable\">\n<div class=\"slick-track\">\n<div id=\"\" class=\"product-gallery__img slick-slide slick-cloned\" tabindex=\"-1\" data-slick-index=\"4\" aria-hidden=\"true\">\n<p>O premiado 710 Twin-Finity\u2122 \u00e9 um design radical de pr\u00e9-amplificador de microfone UA que combina tanto o calor retr\u00f4 cl\u00e1ssico dos tubos com a mordida transit\u00f3ria do estado s\u00f3lido, tudo em uma unidade de meio rack de 2U. O 710 foi criado especificamente para adicionar a versatilidade tonal e a inspira\u00e7\u00e3o sonora que faltava nos pr\u00e9-amplificadores de interface de \u00e1udio gen\u00e9ricos.<\/p>\n<p>A mistura de tons \u00e9 continuamente vari\u00e1vel entre 100% de tubo e 100% de estado s\u00f3lido, oferecendo uma variedade praticamente infinita de tons de pr\u00e9-amplificador exclusivos, al\u00e9m da capacidade de discar facilmente seu pr\u00f3prio som de assinatura. Existem muitos pr\u00e9-amplificadores de estado s\u00f3lido e valvulados com pre\u00e7os razo\u00e1veis, mas o 710 Twin-Finity \u00e9 o \u00fanico que oferece o melhor dos dois mundos &#8211; assim como tudo entre eles &#8211; tudo em uma caixa e ao alcance de or\u00e7amento de qualquer est\u00fadio de projeto s\u00e9rio. Inclui um kit de rack de 19&#8243; para montar uma ou duas unidades.<\/p>\n<\/div>\n<\/div>\n<\/div>\n<\/div>\n<div class=\"spacer spacer--medium\"><\/div>\n<div class=\"features\">\n<h2>Agora voc\u00ea pode:<\/h2>\n<div class=\"features__columns\">\n<div class=\"features__column\">\n<div class=\"features__item features__item--no-text\">\n<ul>\n<li>Aproveite as propriedades sonoras distintas de v\u00e1lvulas e estado s\u00f3lido em um \u00fanico pr\u00e9-amplificador\/DI<\/li>\n<li>Desbloqueie o potencial do seu arm\u00e1rio de microfone com um pr\u00e9-amplificador poderosamente vers\u00e1til<\/li>\n<li>Misture entre sons de tubo e de estado s\u00f3lido para uma infinidade de texturas e tons<\/li>\n<li>Acompanhe facilmente guitarra, baixo ou teclados com a entrada de instrumento Hi-Z de 1\/4&#8243; do painel frontal<\/li>\n<\/ul>\n<\/div>\n<\/div>\n<\/div>\n<\/div>\n<div id=\"tc_1890\" class=\"text-centered--with-image\">\n<div class=\"text-centered--with-image__text-wrapper\">\n<div class=\"text-centered--with-image__text\">\n<h2><\/h2>\n<h2>O m\u00e1ximo em pr\u00e9-flexibilidade de microfone<\/h2>\n<p>A chave para a flexibilidade sonora do 710 Twin-Finity est\u00e1 em seu design de circuito inovador, apresentando um amplificador de entrada de transimped\u00e2ncia de estado s\u00f3lido que aciona simultaneamente tubos separados, alinhados por fase e est\u00e1gios de ganho de estado s\u00f3lido, que s\u00e3o ent\u00e3o somados a uma \u00fanica sa\u00edda. A mistura entre o est\u00e1gio de tubo triodo classe A de termina\u00e7\u00e3o simples de 310 volts e o est\u00e1gio de transimped\u00e2ncia de estado s\u00f3lido \u00e9 controlado atrav\u00e9s do &#8220;Blend Knob&#8221; rotulado como &#8220;\u221e&#8221;. A mistura \u00e9 continuamente vari\u00e1vel entre 100% de tubo e 100% de estado s\u00f3lido, oferecendo uma variedade praticamente infinita de tons de pr\u00e9-amplificador exclusivos e a capacidade de discar facilmente seu pr\u00f3prio som de assinatura.<\/p>\n<\/div>\n<\/div>\n<h2>Drive ilimitado<\/h2>\n<p>Como todos os nossos outros designs de pr\u00e9-amplificador, o 710 possui controles duplos de est\u00e1gio de ganho (Ganho\/N\u00edvel) que podem variar radicalmente a quantidade de colora\u00e7\u00e3o e distor\u00e7\u00e3o, permitindo que voc\u00ea aumente o ganho de entrada como um amplificador de guitarra. O medidor VU possui um modo &#8220;Drive&#8221; exclusivo, permitindo que voc\u00ea veja o qu\u00e3o forte \u00e9 o seu drive o est\u00e1gio de entrada.<\/p>\n<\/div>\n<p>&nbsp;<\/p>\n<p>&nbsp;<\/p>","protected":false},"excerpt":{"rendered":"<p class=\"price\"><span class=\"elex-ppct-after-text\">Consulte valor e disponibilidade<\/span><\/p>\n<div class=\"woocommerce-product-details__short-description\"><\/div>\n<p>O premiado 710 Twin-Finity\u2122 \u00e9 um design radical de pr\u00e9-amplificador de microfone UA que combina tanto o calor retr\u00f4 cl\u00e1ssico dos tubos com a mordida transit\u00f3ria do estado s\u00f3lido, tudo em uma unidade de meio rack de 2U.<\/p>","protected":false},"featured_media":1374,"comment_status":"closed","ping_status":"closed","template":"","meta":{"site-sidebar-layout":"default","site-content-layout":"","ast-site-content-layout":"default","site-content-style":"default","site-sidebar-style":"default","ast-global-header-display":"","ast-banner-title-visibility":"","ast-main-header-display":"","ast-hfb-above-header-display":"","ast-hfb-below-header-display":"","ast-hfb-mobile-header-display":"","site-post-title":"","ast-breadcrumbs-content":"","ast-featured-img":"","footer-sml-layout":"","ast-disable-related-posts":"","theme-transparent-header-meta":"","adv-header-id-meta":"","stick-header-meta":"","header-above-stick-meta":"","header-main-stick-meta":"","header-below-stick-meta":"","astra-migrate-meta-layouts":"default","ast-page-background-enabled":"default","ast-page-background-meta":{"desktop":{"background-color":"var(--ast-global-color-4)","background-image":"","background-repeat":"repeat","background-position":"center center","background-size":"auto","background-attachment":"scroll","background-type":"","background-media":"","overlay-type":"","overlay-color":"","overlay-opacity":"","overlay-gradient":""},"tablet":{"background-color":"","background-image":"","background-repeat":"repeat","background-position":"center center","background-size":"auto","background-attachment":"scroll","background-type":"","background-media":"","overlay-type":"","overlay-color":"","overlay-opacity":"","overlay-gradient":""},"mobile":{"background-color":"","background-image":"","background-repeat":"repeat","background-position":"center center","background-size":"auto","background-attachment":"scroll","background-type":"","background-media":"","overlay-type":"","overlay-color":"","overlay-opacity":"","overlay-gradient":""}},"ast-content-background-meta":{"desktop":{"background-color":"var(--ast-global-color-5)","background-image":"","background-repeat":"repeat","background-position":"center center","background-size":"auto","background-attachment":"scroll","background-type":"","background-media":"","overlay-type":"","overlay-color":"","overlay-opacity":"","overlay-gradient":""},"tablet":{"background-color":"var(--ast-global-color-5)","background-image":"","background-repeat":"repeat","background-position":"center center","background-size":"auto","background-attachment":"scroll","background-type":"","background-media":"","overlay-type":"","overlay-color":"","overlay-opacity":"","overlay-gradient":""},"mobile":{"background-color":"var(--ast-global-color-5)","background-image":"","background-repeat":"repeat","background-position":"center center","background-size":"auto","background-attachment":"scroll","background-type":"","background-media":"","overlay-type":"","overlay-color":"","overlay-opacity":"","overlay-gradient":""}},"_joinchat":[]},"product_brand":[],"product_cat":[22],"product_tag":[],"class_list":{"0":"post-1359","1":"product","2":"type-product","3":"status-publish","4":"has-post-thumbnail","6":"product_cat-analogicos","7":"desktop-align-left","8":"tablet-align-left","9":"mobile-align-left","11":"first","12":"instock","13":"shipping-taxable","14":"product-type-simple"},"aioseo_notices":[],"jetpack_sharing_enabled":true,"_links":{"self":[{"href":"https:\/\/www.uaudiobrasil.com.br\/en\/wp-json\/wp\/v2\/product\/1359","targetHints":{"allow":["GET"]}}],"collection":[{"href":"https:\/\/www.uaudiobrasil.com.br\/en\/wp-json\/wp\/v2\/product"}],"about":[{"href":"https:\/\/www.uaudiobrasil.com.br\/en\/wp-json\/wp\/v2\/types\/product"}],"replies":[{"embeddable":true,"href":"https:\/\/www.uaudiobrasil.com.br\/en\/wp-json\/wp\/v2\/comments?post=1359"}],"version-history":[{"count":2,"href":"https:\/\/www.uaudiobrasil.com.br\/en\/wp-json\/wp\/v2\/product\/1359\/revisions"}],"predecessor-version":[{"id":3174,"href":"https:\/\/www.uaudiobrasil.com.br\/en\/wp-json\/wp\/v2\/product\/1359\/revisions\/3174"}],"wp:featuredmedia":[{"embeddable":true,"href":"https:\/\/www.uaudiobrasil.com.br\/en\/wp-json\/wp\/v2\/media\/1374"}],"wp:attachment":[{"href":"https:\/\/www.uaudiobrasil.com.br\/en\/wp-json\/wp\/v2\/media?parent=1359"}],"wp:term":[{"taxonomy":"product_brand","embeddable":true,"href":"https:\/\/www.uaudiobrasil.com.br\/en\/wp-json\/wp\/v2\/product_brand?post=1359"},{"taxonomy":"product_cat","embeddable":true,"href":"https:\/\/www.uaudiobrasil.com.br\/en\/wp-json\/wp\/v2\/product_cat?post=1359"},{"taxonomy":"product_tag","embeddable":true,"href":"https:\/\/www.uaudiobrasil.com.br\/en\/wp-json\/wp\/v2\/product_tag?post=1359"}],"curies":[{"name":"wp","href":"https:\/\/api.w.org\/{rel}","templated":true}]}}