{"id":1344,"date":"2022-03-31T15:29:55","date_gmt":"2022-03-31T18:29:55","guid":{"rendered":"https:\/\/www.uaudiobrasil.com.br\/?post_type=product&#038;p=1344"},"modified":"2025-03-05T14:35:13","modified_gmt":"2025-03-05T17:35:13","slug":"4-710d-four-channel-mic-pre","status":"publish","type":"product","link":"https:\/\/www.uaudiobrasil.com.br\/en\/loja\/analogicos\/4-710d-four-channel-mic-pre\/","title":{"rendered":"4-710d Four-Channel Mic Pre"},"content":{"rendered":"<div class=\"text-centered\">\n<h2>Tubo cl\u00e1ssico e timbres de estado s\u00f3lido com compress\u00e3o estilo 1176 e convers\u00e3o A\/D profissional.<\/h2>\n<\/div>\n<div id=\"gallery62436992bafcb\" class=\"product-gallery slick-initialized slick-slider\">\n<div class=\"slick-list draggable\">\n<div class=\"slick-track\">\n<div id=\"\" class=\"product-gallery__img slick-slide slick-cloned\" tabindex=\"-1\" data-slick-index=\"4\" aria-hidden=\"true\">\n<p>Ao mesclar o melhor do design anal\u00f3gico cl\u00e1ssico da UA com recursos modernos inteligentes e aprimoramentos de fluxo de trabalho, o 4-710d \u00e9 o pr\u00e9-amplificador de microfone mais flex\u00edvel da linha UA.<\/p>\n<p>Apresentando quatro pr\u00e9-amplificadores de microfone\/linha de ponta com um circuito exclusivo de mistura de tom de tubo\/estado s\u00f3lido, bem como compress\u00e3o cl\u00e1ssica de estilo 1176 em cada canal de microfone, o 4-710d tamb\u00e9m oferece toneladas de E\/S digital para expandir sua configura\u00e7\u00e3o .<\/p>\n<\/div>\n<\/div>\n<\/div>\n<\/div>\n<div class=\"spacer spacer--medium\"><\/div>\n<div class=\"features\">\n<h2>Agora voc\u00ea pode:<\/h2>\n<div class=\"features__columns\">\n<div class=\"features__column\">\n<div class=\"features__item features__item--no-text\">\n<ul>\n<li>Acompanhe atrav\u00e9s de circuitos de pr\u00e9-amplificador de tubo UA meticulosamente projetados<\/li>\n<li>Aproveite a compress\u00e3o cl\u00e1ssica do estilo 1176 em cada canal de microfone<\/li>\n<li>Misture texturas de tubo e estado s\u00f3lido para muita flexibilidade<\/li>\n<li>Adicione 8 entradas a qualquer interface Apollo via conex\u00e3o \u00f3ptica ADAT<\/li>\n<\/ul>\n<\/div>\n<\/div>\n<\/div>\n<\/div>\n<div id=\"tc_1890\" class=\"text-centered--with-image\">\n<div class=\"text-centered--with-image__text-wrapper\">\n<div class=\"text-centered--with-image__text\">\n<h2><\/h2>\n<h2>D\u00ea vida \u00e0 sua cole\u00e7\u00e3o de microfones com uma ampla variedade de tons de pr\u00e9-amplificador UA<\/h2>\n<p>No n\u00facleo do 4-710d est\u00e3o quatro canais de pr\u00e9-amplificadores de microfone \u201cTwin-Finity\u201d de mistura de tons. Cada canal oferece 100% de tubo e 100% de caminho de sinal de estado s\u00f3lido, bem como a capacidade de misturar continuamente os dois circuitos. Isso oferece v\u00e1rias texturas &#8211; de cremosa a crocante &#8211; e permite que voc\u00ea disque a quantidade perfeita de gr\u00e3o de tubo ou brilho de estado s\u00f3lido.<\/p>\n<p>&nbsp;<\/p>\n<hr \/>\n<\/div>\n<\/div>\n<p><img data-recalc-dims=\"1\" fetchpriority=\"high\" decoding=\"async\" class=\"size-medium alignleft\" src=\"https:\/\/i0.wp.com\/media.uaudio.com\/assetlibrary\/4\/-\/4-710d_four_channel_preamp_feature_1.jpg?resize=640%2C320&#038;ssl=1\" width=\"640\" height=\"320\" \/><\/p>\n<h2><\/h2>\n<h2>Um circuito de compress\u00e3o lend\u00e1rio<\/h2>\n<p>Cada um dos quatro canais do 4-710d possui compress\u00e3o estilo 1176 true-bypass, incluindo configura\u00e7\u00f5es &#8220;r\u00e1pidas&#8221; e &#8220;lentas&#8221; especialmente ajustadas. Isso permite ajustes r\u00e1pidos e r\u00e1pidos para engordar um vocal, manter um baixo no lugar ou adicionar chiado e textura a sintetizadores e metais.<\/p>\n<\/div>\n<p>&nbsp;<\/p>\n<p>&nbsp;<\/p>\n<p>&nbsp;<\/p>\n<div id=\"tc_1890\" class=\"text-centered--with-image\">\n<hr \/>\n<\/div>\n<p><img data-recalc-dims=\"1\" decoding=\"async\" class=\"size-medium alignright\" src=\"https:\/\/i0.wp.com\/media.uaudio.com\/assetlibrary\/4\/-\/4-710d_four_channel_preamp_feature_2.jpg?resize=640%2C320&#038;ssl=1\" width=\"640\" height=\"320\" \/><\/p>\n<h2><\/h2>\n<h2 style=\"text-align: right;\">Adicionar entradas e convers\u00e3o A\/D profissional<\/h2>\n<p style=\"text-align: right;\">Com oito entradas anal\u00f3gicas, o 4-710d \u00e9 perfeito para expandir seu est\u00fadio. Digitalizado atrav\u00e9s de conversores A\/D de 24 bits de alt\u00edssima qualidade em taxas de amostragem selecion\u00e1veis de at\u00e9 192 kHz, o 4-710d se conecta facilmente \u00e0 maioria das interfaces com seus conectores duplos ADAT \u00f3pticos ou AES\/EBU DB-25.<\/p>\n<p>&nbsp;<\/p>\n<p>&nbsp;<\/p>\n<p>&nbsp;<\/p>","protected":false},"excerpt":{"rendered":"<p class=\"price\"><span class=\"elex-ppct-after-text\">Consulte valor e disponibilidade<\/span><\/p>\n<p>Apresentando quatro pr\u00e9-amplificadores de microfone\/linha de ponta com um circuito exclusivo de mistura de tom de tubo\/estado s\u00f3lido, bem como compress\u00e3o cl\u00e1ssica de estilo 1176 em cada canal de microfone, o 4-710d tamb\u00e9m oferece toneladas de E\/S digital para expandir sua configura\u00e7\u00e3o.<\/p>\n<p><img decoding=\"async\" class=\"alignnone size-medium wp-image-5695\" src=\"https:\/\/www.uaudiobrasil.com.br\/wp-content\/uploads\/2025\/03\/disclaimer.png\" alt=\"AV Pro Brasil\" width=\"100%\" \/><\/p>","protected":false},"featured_media":1352,"comment_status":"closed","ping_status":"closed","template":"","meta":{"site-sidebar-layout":"default","site-content-layout":"","ast-site-content-layout":"default","site-content-style":"default","site-sidebar-style":"default","ast-global-header-display":"","ast-banner-title-visibility":"","ast-main-header-display":"","ast-hfb-above-header-display":"","ast-hfb-below-header-display":"","ast-hfb-mobile-header-display":"","site-post-title":"","ast-breadcrumbs-content":"","ast-featured-img":"","footer-sml-layout":"","ast-disable-related-posts":"","theme-transparent-header-meta":"default","adv-header-id-meta":"","stick-header-meta":"","header-above-stick-meta":"","header-main-stick-meta":"","header-below-stick-meta":"","astra-migrate-meta-layouts":"set","ast-page-background-enabled":"default","ast-page-background-meta":{"desktop":{"background-color":"var(--ast-global-color-4)","background-image":"","background-repeat":"repeat","background-position":"center center","background-size":"auto","background-attachment":"scroll","background-type":"","background-media":"","overlay-type":"","overlay-color":"","overlay-opacity":"","overlay-gradient":""},"tablet":{"background-color":"","background-image":"","background-repeat":"repeat","background-position":"center center","background-size":"auto","background-attachment":"scroll","background-type":"","background-media":"","overlay-type":"","overlay-color":"","overlay-opacity":"","overlay-gradient":""},"mobile":{"background-color":"","background-image":"","background-repeat":"repeat","background-position":"center center","background-size":"auto","background-attachment":"scroll","background-type":"","background-media":"","overlay-type":"","overlay-color":"","overlay-opacity":"","overlay-gradient":""}},"ast-content-background-meta":{"desktop":{"background-color":"var(--ast-global-color-5)","background-image":"","background-repeat":"repeat","background-position":"center center","background-size":"auto","background-attachment":"scroll","background-type":"","background-media":"","overlay-type":"","overlay-color":"","overlay-opacity":"","overlay-gradient":""},"tablet":{"background-color":"var(--ast-global-color-5)","background-image":"","background-repeat":"repeat","background-position":"center center","background-size":"auto","background-attachment":"scroll","background-type":"","background-media":"","overlay-type":"","overlay-color":"","overlay-opacity":"","overlay-gradient":""},"mobile":{"background-color":"var(--ast-global-color-5)","background-image":"","background-repeat":"repeat","background-position":"center center","background-size":"auto","background-attachment":"scroll","background-type":"","background-media":"","overlay-type":"","overlay-color":"","overlay-opacity":"","overlay-gradient":""}},"_joinchat":[]},"product_brand":[],"product_cat":[22],"product_tag":[],"class_list":{"0":"post-1344","1":"product","2":"type-product","3":"status-publish","4":"has-post-thumbnail","6":"product_cat-analogicos","7":"desktop-align-left","8":"tablet-align-left","9":"mobile-align-left","11":"first","12":"instock","13":"shipping-taxable","14":"product-type-external"},"aioseo_notices":[],"jetpack_sharing_enabled":true,"_links":{"self":[{"href":"https:\/\/www.uaudiobrasil.com.br\/en\/wp-json\/wp\/v2\/product\/1344","targetHints":{"allow":["GET"]}}],"collection":[{"href":"https:\/\/www.uaudiobrasil.com.br\/en\/wp-json\/wp\/v2\/product"}],"about":[{"href":"https:\/\/www.uaudiobrasil.com.br\/en\/wp-json\/wp\/v2\/types\/product"}],"replies":[{"embeddable":true,"href":"https:\/\/www.uaudiobrasil.com.br\/en\/wp-json\/wp\/v2\/comments?post=1344"}],"version-history":[{"count":5,"href":"https:\/\/www.uaudiobrasil.com.br\/en\/wp-json\/wp\/v2\/product\/1344\/revisions"}],"predecessor-version":[{"id":5783,"href":"https:\/\/www.uaudiobrasil.com.br\/en\/wp-json\/wp\/v2\/product\/1344\/revisions\/5783"}],"wp:featuredmedia":[{"embeddable":true,"href":"https:\/\/www.uaudiobrasil.com.br\/en\/wp-json\/wp\/v2\/media\/1352"}],"wp:attachment":[{"href":"https:\/\/www.uaudiobrasil.com.br\/en\/wp-json\/wp\/v2\/media?parent=1344"}],"wp:term":[{"taxonomy":"product_brand","embeddable":true,"href":"https:\/\/www.uaudiobrasil.com.br\/en\/wp-json\/wp\/v2\/product_brand?post=1344"},{"taxonomy":"product_cat","embeddable":true,"href":"https:\/\/www.uaudiobrasil.com.br\/en\/wp-json\/wp\/v2\/product_cat?post=1344"},{"taxonomy":"product_tag","embeddable":true,"href":"https:\/\/www.uaudiobrasil.com.br\/en\/wp-json\/wp\/v2\/product_tag?post=1344"}],"curies":[{"name":"wp","href":"https:\/\/api.w.org\/{rel}","templated":true}]}}