{"id":1332,"date":"2022-03-31T14:56:05","date_gmt":"2022-03-31T17:56:05","guid":{"rendered":"https:\/\/www.uaudiobrasil.com.br\/?post_type=product&#038;p=1332"},"modified":"2025-03-05T14:35:13","modified_gmt":"2025-03-05T17:35:13","slug":"solo-610-classic-tube-single-channel-mic-pre","status":"publish","type":"product","link":"https:\/\/www.uaudiobrasil.com.br\/en\/loja\/analogicos\/solo-610-classic-tube-single-channel-mic-pre\/","title":{"rendered":"Solo\/610 Classic Tube Single Channel Mic Pre"},"content":{"rendered":"<div class=\"text-centered\">\n<h2>O som de pr\u00e9-amplificador de microfone de console 610 todo valvulado em um design robusto e port\u00e1til.<\/h2>\n<\/div>\n<div id=\"gallery62436992bafcb\" class=\"product-gallery slick-initialized slick-slider\">\n<div class=\"slick-list draggable\">\n<div class=\"slick-track\">\n<div id=\"\" class=\"product-gallery__img slick-slide slick-cloned\" tabindex=\"-1\" data-slick-index=\"4\" aria-hidden=\"true\">\n<p>O SOLO\/610 oferece o som cl\u00e1ssico de console valvulado Putnam 610 em um design de pr\u00e9-amplificador de microfone port\u00e1til e altamente vers\u00e1til. Ele fornece o calor sedoso e vintage do design do amplificador de microfone do console original e embelezar\u00e1 e aprimorar\u00e1 qualquer microfone ou instrumento com seus tons ic\u00f4nicos.<\/p>\n<p>Gra\u00e7as ao seu formato conveniente, o SOLO\/610 pode ser usado convenientemente na sala de controle ou na sala de grava\u00e7\u00e3o, no palco ou em uma mesa. Funcionalmente enxuto, mas sonoramente significativo, o SOLO\/610 mant\u00e9m o car\u00e1ter do console 610 &#8211; a um pre\u00e7o que todo est\u00fadio de projeto s\u00e9rio pode pagar.<\/p>\n<\/div>\n<\/div>\n<\/div>\n<\/div>\n<div class=\"spacer spacer--medium\"><\/div>\n<div class=\"features\">\n<h2>Agora voc\u00ea pode:<\/h2>\n<div class=\"features__columns\">\n<div class=\"features__column\">\n<div class=\"features__item features__item--no-text\">\n<ul>\n<li>Grave atrav\u00e9s do circuito de tubo cl\u00e1ssico do pr\u00e9-amplificador de microfone do console Putnam 610 e DI<\/li>\n<li>Esculpir sinais com controles de ganho, n\u00edvel e imped\u00e2ncia para m\u00e1xima variedade tonal<\/li>\n<li>Adicione circunfer\u00eancia do tubo e detalhes a qualquer microfone<\/li>\n<li>Grave suas faixas atrav\u00e9s de circuitos vintage UA, &#8220;feitos \u00e0 m\u00e3o nos EUA&#8221;<\/li>\n<\/ul>\n<\/div>\n<\/div>\n<\/div>\n<\/div>\n<div id=\"tc_1890\" class=\"text-centered--with-image\">\n<div class=\"text-centered--with-image__text-wrapper\">\n<div class=\"text-centered--with-image__text\">\n<h2><\/h2>\n<h2>Tons vintage, workflow moderno<\/h2>\n<p>O SOLO\/610 oferece entradas para microfone e DI e controles de ganho e n\u00edvel para uma infinidade de sons limpos ou coloridos. Ao contr\u00e1rio de seus antecessores, o SOLO\/610 possui controle de ganho cont\u00ednuo com alcance ainda maior, permitindo uma estrutura\u00e7\u00e3o precisa do ganho. O SOLO\/610 possui todos os recursos essenciais de um pr\u00e9 de microfone profissional, incluindo Phantom Power de 48v, filtragem Lo-Cut, revers\u00e3o de fase e sele\u00e7\u00e3o de imped\u00e2ncia dupla flex\u00edvel para entradas de microfone e DI. O SOLO\/610 tamb\u00e9m inclui recursos DI essenciais, como o uso Thru em conjunto com um amplificador, al\u00e9m de Ground Lift e uma chave de sa\u00edda de n\u00edvel de Mic\/Line vers\u00e1til.<\/p>\n<\/div>\n<p>&nbsp;<\/p>\n<\/div>\n<\/div>\n<style class=\"universalaudiobrasil_consultedisponibilidade\">.woocommerce-Price-amount{display:none}<\/style>","protected":false},"excerpt":{"rendered":"<p class=\"price\"><span class=\"elex-ppct-after-text\">Consulte valor e disponibilidade<\/span><\/p>\n<div class=\"woocommerce-product-details__short-description\"><\/div>\n<p>O SOLO\/610 oferece o som cl\u00e1ssico de console valvulado Putnam 610 em um design de pr\u00e9-amplificador de microfone port\u00e1til e altamente vers\u00e1til. Ele fornece o calor sedoso e vintage do design do amplificador de microfone do console original e embelezar\u00e1 e aprimorar\u00e1 qualquer microfone ou instrumento com seus tons ic\u00f4nicos.<\/p>","protected":false},"featured_media":1335,"comment_status":"closed","ping_status":"closed","template":"","meta":{"site-sidebar-layout":"default","site-content-layout":"","ast-site-content-layout":"default","site-content-style":"default","site-sidebar-style":"default","ast-global-header-display":"","ast-banner-title-visibility":"","ast-main-header-display":"","ast-hfb-above-header-display":"","ast-hfb-below-header-display":"","ast-hfb-mobile-header-display":"","site-post-title":"","ast-breadcrumbs-content":"","ast-featured-img":"","footer-sml-layout":"","ast-disable-related-posts":"","theme-transparent-header-meta":"","adv-header-id-meta":"","stick-header-meta":"","header-above-stick-meta":"","header-main-stick-meta":"","header-below-stick-meta":"","astra-migrate-meta-layouts":"default","ast-page-background-enabled":"default","ast-page-background-meta":{"desktop":{"background-color":"var(--ast-global-color-4)","background-image":"","background-repeat":"repeat","background-position":"center center","background-size":"auto","background-attachment":"scroll","background-type":"","background-media":"","overlay-type":"","overlay-color":"","overlay-opacity":"","overlay-gradient":""},"tablet":{"background-color":"","background-image":"","background-repeat":"repeat","background-position":"center center","background-size":"auto","background-attachment":"scroll","background-type":"","background-media":"","overlay-type":"","overlay-color":"","overlay-opacity":"","overlay-gradient":""},"mobile":{"background-color":"","background-image":"","background-repeat":"repeat","background-position":"center center","background-size":"auto","background-attachment":"scroll","background-type":"","background-media":"","overlay-type":"","overlay-color":"","overlay-opacity":"","overlay-gradient":""}},"ast-content-background-meta":{"desktop":{"background-color":"var(--ast-global-color-5)","background-image":"","background-repeat":"repeat","background-position":"center center","background-size":"auto","background-attachment":"scroll","background-type":"","background-media":"","overlay-type":"","overlay-color":"","overlay-opacity":"","overlay-gradient":""},"tablet":{"background-color":"var(--ast-global-color-5)","background-image":"","background-repeat":"repeat","background-position":"center center","background-size":"auto","background-attachment":"scroll","background-type":"","background-media":"","overlay-type":"","overlay-color":"","overlay-opacity":"","overlay-gradient":""},"mobile":{"background-color":"var(--ast-global-color-5)","background-image":"","background-repeat":"repeat","background-position":"center center","background-size":"auto","background-attachment":"scroll","background-type":"","background-media":"","overlay-type":"","overlay-color":"","overlay-opacity":"","overlay-gradient":""}},"_joinchat":[]},"product_brand":[],"product_cat":[22],"product_tag":[],"class_list":{"0":"post-1332","1":"product","2":"type-product","3":"status-publish","4":"has-post-thumbnail","6":"product_cat-analogicos","7":"desktop-align-left","8":"tablet-align-left","9":"mobile-align-left","11":"first","12":"instock","13":"shipping-taxable","14":"product-type-simple"},"aioseo_notices":[],"jetpack_sharing_enabled":true,"_links":{"self":[{"href":"https:\/\/www.uaudiobrasil.com.br\/en\/wp-json\/wp\/v2\/product\/1332","targetHints":{"allow":["GET"]}}],"collection":[{"href":"https:\/\/www.uaudiobrasil.com.br\/en\/wp-json\/wp\/v2\/product"}],"about":[{"href":"https:\/\/www.uaudiobrasil.com.br\/en\/wp-json\/wp\/v2\/types\/product"}],"replies":[{"embeddable":true,"href":"https:\/\/www.uaudiobrasil.com.br\/en\/wp-json\/wp\/v2\/comments?post=1332"}],"version-history":[{"count":1,"href":"https:\/\/www.uaudiobrasil.com.br\/en\/wp-json\/wp\/v2\/product\/1332\/revisions"}],"predecessor-version":[{"id":3172,"href":"https:\/\/www.uaudiobrasil.com.br\/en\/wp-json\/wp\/v2\/product\/1332\/revisions\/3172"}],"wp:featuredmedia":[{"embeddable":true,"href":"https:\/\/www.uaudiobrasil.com.br\/en\/wp-json\/wp\/v2\/media\/1335"}],"wp:attachment":[{"href":"https:\/\/www.uaudiobrasil.com.br\/en\/wp-json\/wp\/v2\/media?parent=1332"}],"wp:term":[{"taxonomy":"product_brand","embeddable":true,"href":"https:\/\/www.uaudiobrasil.com.br\/en\/wp-json\/wp\/v2\/product_brand?post=1332"},{"taxonomy":"product_cat","embeddable":true,"href":"https:\/\/www.uaudiobrasil.com.br\/en\/wp-json\/wp\/v2\/product_cat?post=1332"},{"taxonomy":"product_tag","embeddable":true,"href":"https:\/\/www.uaudiobrasil.com.br\/en\/wp-json\/wp\/v2\/product_tag?post=1332"}],"curies":[{"name":"wp","href":"https:\/\/api.w.org\/{rel}","templated":true}]}}