{"id":1313,"date":"2022-03-31T14:20:25","date_gmt":"2022-03-31T17:20:25","guid":{"rendered":"https:\/\/www.uaudiobrasil.com.br\/?post_type=product&#038;p=1313"},"modified":"2025-03-05T14:35:13","modified_gmt":"2025-03-05T17:35:13","slug":"1176ln-classic-limiting-amplifier","status":"publish","type":"product","link":"https:\/\/www.uaudiobrasil.com.br\/en\/loja\/analogicos\/1176ln-classic-limiting-amplifier\/","title":{"rendered":"1176LN Classic Limiting Amplifier"},"content":{"rendered":"<div class=\"text-centered\">\n<h2>Compress\u00e3o FET lend\u00e1ria com tom e atitude &#8211; fiel ao original.<\/h2>\n<\/div>\n<div id=\"gallery62436992bafcb\" class=\"product-gallery slick-initialized slick-slider\">\n<div class=\"slick-list draggable\">\n<div class=\"slick-track\">\n<div id=\"\" class=\"product-gallery__img slick-slide slick-cloned\" tabindex=\"-1\" data-slick-index=\"4\" aria-hidden=\"true\">\n<p>Ap\u00f3s seu lan\u00e7amento em 1967, o 1176 Limiting Amplifier tornou-se um cl\u00e1ssico instant\u00e2neo por causa de seus tempos de libera\u00e7\u00e3o e ataque extremamente r\u00e1pidos, est\u00e1gio de sa\u00edda musical Classe A e sua ampla gama de sons, variando de compress\u00e3o sutil e quase transparente, a todos -out drive e distor\u00e7\u00e3o.<\/p>\n<p><strong>O Amplificador de Limita\u00e7\u00e3o Cl\u00e1ssico 1176LN da Universal Audio \u00e9 uma reprodu\u00e7\u00e3o fiel e feita \u00e0 m\u00e3o do design vision\u00e1rio original de Bill Putnam Sr.<\/strong><\/p>\n<\/div>\n<\/div>\n<\/div>\n<\/div>\n<div class=\"spacer spacer--medium\"><\/div>\n<div class=\"features\">\n<h2>Agora voc\u00ea pode:<\/h2>\n<div class=\"features__columns\">\n<div class=\"features__column\">\n<div class=\"features__item features__item--no-text\">\n<ul>\n<li>Acompanhe e misture com o lend\u00e1rio compressor estilo FET com transformadores de sa\u00edda classe A personalizados<\/li>\n<li>Aproveite o tempo de ataque ultrarr\u00e1pido no baixo, guitarras, vocais e muito mais<\/li>\n<li>Grave suas faixas atrav\u00e9s de circuitos vintage UA, &#8220;feitos \u00e0 m\u00e3o nos EUA&#8221;<\/li>\n<li>Adicione cor, personalidade e vibra\u00e7\u00e3o aos sinais sem usar compress\u00e3o<\/li>\n<\/ul>\n<\/div>\n<\/div>\n<\/div>\n<\/div>\n<div id=\"tc_1890\" class=\"text-centered--with-image\">\n<div class=\"text-centered--with-image__text-wrapper\">\n<div class=\"text-centered--with-image__text\">\n<h2><\/h2>\n<h2>Um compressor cheio de tons e colorido<\/h2>\n<p>Anunciado como um &#8220;verdadeiro limitador de pico com todos os circuitos de transistor e desempenho superior em todos os tipos de material de programa&#8221;, o principal ponto de venda do 1176 era seu tempo de ataque ultrarr\u00e1pido &#8211; meros 20 \u00b5S (0,00002 segundos) em sua configura\u00e7\u00e3o mais r\u00e1pida. engenheiros logo descobriram que o 1176 tamb\u00e9m injetava personalidade, atitude e vibra\u00e7\u00e3o em qualquer coisa que passasse por seus circuitos. Alguns at\u00e9 usavam o 1176 com a compress\u00e3o desligada, apenas pelo tom distinto que ele transmite. Os amplificadores e transformadores da unidade por si s\u00f3 d\u00e3o uma qualidade &#8220;quente&#8221; desej\u00e1vel para qualquer coisa que passe por eles.<\/p>\n<p>&nbsp;<\/p>\n<\/div>\n<hr \/>\n<\/div>\n<\/div>\n<h2><img data-recalc-dims=\"1\" fetchpriority=\"high\" decoding=\"async\" class=\"size-medium alignleft\" src=\"https:\/\/i0.wp.com\/media.uaudio.com\/assetlibrary\/1\/1\/1176ln_classic_limiting_amplifier_feature_1_1.jpg?resize=640%2C320&#038;ssl=1\" width=\"640\" height=\"320\" \/><\/h2>\n<h2>Renascimento de uma lenda<\/h2>\n<div class=\"spacer spacer--small\">Em 1999, quando Bill Putnam Jr. relan\u00e7ou a Universal Audio, uma reprodu\u00e7\u00e3o do Blackface 1176LN foi o primeiro produto da empresa. Reeditado em 2000, foi baseado nos projetos de circuito das rota\u00e7\u00f5es C, D e E do cl\u00e1ssico 1176. Um dos aspectos mais cr\u00edticos de recriar o som do hardware original, foi reproduzir fielmente o transformador de sa\u00edda original, completo com os enrolamentos adicionais que forneceram o sinal de feedback para o circuito amplificador de sa\u00edda de linha final. Bill Putnam Jr. encontrou extensas notas de design que lhe permitiram recriar e melhorar o design original de seu pai.<\/div>\n<div id=\"f80ff\" class=\"product-feature\"><\/div>\n<div id=\"4d6b3\" class=\"product-feature\">\n<div class=\"product-feature__content-wrapper--left\">\n<div class=\"product-feature__content\">\n<div class=\"product-feature__text-wrapper\">\n<p>&nbsp;<\/p>\n<\/div>\n<\/div>\n<\/div>\n<\/div>","protected":false},"excerpt":{"rendered":"<p class=\"price\"><span class=\"elex-ppct-after-text\">Consulte valor e disponibilidade<\/span><\/p>\n<p>Uma reprodu\u00e7\u00e3o fiel e feita \u00e0 m\u00e3o do design vision\u00e1rio original de Bill Putnam Sr, O 1176 Limiting Amplifier tornou-se um cl\u00e1ssico instant\u00e2neo por causa de seus tempos de libera\u00e7\u00e3o e ataque extremamente r\u00e1pidos, est\u00e1gio de sa\u00edda musical Classe A e sua ampla gama de sons, variando de compress\u00e3o sutil e quase transparente, a todos -out drive e distor\u00e7\u00e3o.<\/p>\n<p><img decoding=\"async\" class=\"alignnone size-medium wp-image-5695\" src=\"https:\/\/www.uaudiobrasil.com.br\/wp-content\/uploads\/2025\/03\/disclaimer.png\" alt=\"AV Pro Brasil\" width=\"100%\" \/><\/p>","protected":false},"featured_media":1322,"comment_status":"closed","ping_status":"closed","template":"","meta":{"site-sidebar-layout":"default","site-content-layout":"","ast-site-content-layout":"default","site-content-style":"default","site-sidebar-style":"default","ast-global-header-display":"","ast-banner-title-visibility":"","ast-main-header-display":"","ast-hfb-above-header-display":"","ast-hfb-below-header-display":"","ast-hfb-mobile-header-display":"","site-post-title":"","ast-breadcrumbs-content":"","ast-featured-img":"","footer-sml-layout":"","ast-disable-related-posts":"","theme-transparent-header-meta":"default","adv-header-id-meta":"","stick-header-meta":"","header-above-stick-meta":"","header-main-stick-meta":"","header-below-stick-meta":"","astra-migrate-meta-layouts":"set","ast-page-background-enabled":"default","ast-page-background-meta":{"desktop":{"background-color":"var(--ast-global-color-4)","background-image":"","background-repeat":"repeat","background-position":"center center","background-size":"auto","background-attachment":"scroll","background-type":"","background-media":"","overlay-type":"","overlay-color":"","overlay-opacity":"","overlay-gradient":""},"tablet":{"background-color":"","background-image":"","background-repeat":"repeat","background-position":"center center","background-size":"auto","background-attachment":"scroll","background-type":"","background-media":"","overlay-type":"","overlay-color":"","overlay-opacity":"","overlay-gradient":""},"mobile":{"background-color":"","background-image":"","background-repeat":"repeat","background-position":"center center","background-size":"auto","background-attachment":"scroll","background-type":"","background-media":"","overlay-type":"","overlay-color":"","overlay-opacity":"","overlay-gradient":""}},"ast-content-background-meta":{"desktop":{"background-color":"var(--ast-global-color-5)","background-image":"","background-repeat":"repeat","background-position":"center center","background-size":"auto","background-attachment":"scroll","background-type":"","background-media":"","overlay-type":"","overlay-color":"","overlay-opacity":"","overlay-gradient":""},"tablet":{"background-color":"var(--ast-global-color-5)","background-image":"","background-repeat":"repeat","background-position":"center center","background-size":"auto","background-attachment":"scroll","background-type":"","background-media":"","overlay-type":"","overlay-color":"","overlay-opacity":"","overlay-gradient":""},"mobile":{"background-color":"var(--ast-global-color-5)","background-image":"","background-repeat":"repeat","background-position":"center center","background-size":"auto","background-attachment":"scroll","background-type":"","background-media":"","overlay-type":"","overlay-color":"","overlay-opacity":"","overlay-gradient":""}},"_joinchat":[]},"product_brand":[],"product_cat":[22],"product_tag":[],"class_list":{"0":"post-1313","1":"product","2":"type-product","3":"status-publish","4":"has-post-thumbnail","6":"product_cat-analogicos","7":"desktop-align-left","8":"tablet-align-left","9":"mobile-align-left","11":"first","12":"instock","13":"shipping-taxable","14":"product-type-external"},"aioseo_notices":[],"jetpack_sharing_enabled":true,"_links":{"self":[{"href":"https:\/\/www.uaudiobrasil.com.br\/en\/wp-json\/wp\/v2\/product\/1313","targetHints":{"allow":["GET"]}}],"collection":[{"href":"https:\/\/www.uaudiobrasil.com.br\/en\/wp-json\/wp\/v2\/product"}],"about":[{"href":"https:\/\/www.uaudiobrasil.com.br\/en\/wp-json\/wp\/v2\/types\/product"}],"replies":[{"embeddable":true,"href":"https:\/\/www.uaudiobrasil.com.br\/en\/wp-json\/wp\/v2\/comments?post=1313"}],"version-history":[{"count":4,"href":"https:\/\/www.uaudiobrasil.com.br\/en\/wp-json\/wp\/v2\/product\/1313\/revisions"}],"predecessor-version":[{"id":5781,"href":"https:\/\/www.uaudiobrasil.com.br\/en\/wp-json\/wp\/v2\/product\/1313\/revisions\/5781"}],"wp:featuredmedia":[{"embeddable":true,"href":"https:\/\/www.uaudiobrasil.com.br\/en\/wp-json\/wp\/v2\/media\/1322"}],"wp:attachment":[{"href":"https:\/\/www.uaudiobrasil.com.br\/en\/wp-json\/wp\/v2\/media?parent=1313"}],"wp:term":[{"taxonomy":"product_brand","embeddable":true,"href":"https:\/\/www.uaudiobrasil.com.br\/en\/wp-json\/wp\/v2\/product_brand?post=1313"},{"taxonomy":"product_cat","embeddable":true,"href":"https:\/\/www.uaudiobrasil.com.br\/en\/wp-json\/wp\/v2\/product_cat?post=1313"},{"taxonomy":"product_tag","embeddable":true,"href":"https:\/\/www.uaudiobrasil.com.br\/en\/wp-json\/wp\/v2\/product_tag?post=1313"}],"curies":[{"name":"wp","href":"https:\/\/api.w.org\/{rel}","templated":true}]}}