{"id":1297,"date":"2022-03-31T14:03:56","date_gmt":"2022-03-31T17:03:56","guid":{"rendered":"https:\/\/www.uaudiobrasil.com.br\/?post_type=product&#038;p=1297"},"modified":"2025-03-05T14:35:13","modified_gmt":"2025-03-05T17:35:13","slug":"la-2a-classic-leveling-amplifier","status":"publish","type":"product","link":"https:\/\/www.uaudiobrasil.com.br\/en\/loja\/analogicos\/la-2a-classic-leveling-amplifier\/","title":{"rendered":"LA-2A Classic Leveling Amplifier"},"content":{"rendered":"<div class=\"text-centered\">\n<h2>Fiel ao design original, o famoso compressor eletro-\u00f3ptico T4 amplificado por tubo da UA.<\/h2>\n<\/div>\n<div id=\"gallery62436992bafcb\" class=\"product-gallery slick-initialized slick-slider\">\n<div class=\"slick-list draggable\">\n<div class=\"slick-track\">\n<div id=\"\" class=\"product-gallery__img slick-slide slick-cloned\" tabindex=\"-1\" data-slick-index=\"4\" aria-hidden=\"true\">\n<p>Por mais de 50 anos, o Teletronix LA-2A foi reverenciado por sua compress\u00e3o musical suave e natural. Com seu exclusivo sistema atenuador eletro-\u00f3ptico acionado por tubo que permite redu\u00e7\u00e3o instant\u00e2nea de ganho sem aumento na distor\u00e7\u00e3o harm\u00f4nica, o LA-2A massageia sinais como nenhum outro compressor j\u00e1 feito.<\/p>\n<\/div>\n<\/div>\n<\/div>\n<\/div>\n<div class=\"spacer spacer--medium\"><\/div>\n<div class=\"features\">\n<h2>Agora voc\u00ea pode:<\/h2>\n<div class=\"features__columns\">\n<div class=\"features__column\">\n<div class=\"features__item features__item--no-text\">\n<ul>\n<li>Texturas de compress\u00e3o de tubo \u00f3ptico lend\u00e1rias para vocais, baixo, bateria e muito mais<\/li>\n<li>Adicione facilmente calor ic\u00f4nico e limita\u00e7\u00e3o de tubo com controles simples e f\u00e1ceis de usar<\/li>\n<li>Grave suas faixas atrav\u00e9s de circuitos vintage UA, &#8220;feitos \u00e0 m\u00e3o nos EUA&#8221;<\/li>\n<li>Acompanhe e misture com um peda\u00e7o do hist\u00f3rico de grava\u00e7\u00e3o de \u00e1udio<\/li>\n<\/ul>\n<\/div>\n<\/div>\n<\/div>\n<\/div>\n<div id=\"tc_1890\" class=\"text-centered--with-image\">\n<div class=\"text-centered--with-image__text-wrapper\">\n<div class=\"text-centered--with-image__text\">\n<h2><\/h2>\n<h2>A hist\u00f3ria da Teletronix<\/h2>\n<p>O fundador da Teletronix, Jim Lawrence, usou pela primeira vez as fotoc\u00e9lulas para controlar o ganho de \u00e1udio no in\u00edcio dos anos 1960. Seu engenhoso design de compress\u00e3o \u00f3ptica foi um avan\u00e7o tecnol\u00f3gico, superando em muito a estabilidade e transpar\u00eancia dos circuitos anteriores. O fundador da Universal Audio, M.T. \u201dBill\u201d Putnam mais tarde comprou esta tecnologia patenteada, continuando a fabricar o LA-2A nos pr\u00f3ximos anos.<\/p>\n<\/div>\n<p>&nbsp;<\/p>\n<\/div>\n<\/div>\n<h2 id=\"tw-target-text\" class=\"tw-data-text tw-text-large tw-ta\" dir=\"ltr\" data-placeholder=\"Tradu\u00e7\u00e3o\">O Verdadeiro Neg\u00f3cio<\/h2>\n<div class=\"spacer spacer--small\">A reedi\u00e7\u00e3o do amplificador de nivelamento cl\u00e1ssico Teletronix LA-2A da Universal Audio fornece as caracter\u00edsticas de desempenho do original ic\u00f4nico. Com muito cuidado, cada nova unidade LA-2A \u00e9 feita \u00e0 m\u00e3o ponto a ponto na Custom Shop da Universal Audio em Santa Cruz, Calif\u00f3rnia, com todos os componentes cuidadosamente avaliados quanto \u00e0 autenticidade. Como resultado, o LA-2A de hoje trar\u00e1 as mesmas caracter\u00edsticas de compress\u00e3o lend\u00e1rias do original para todas as suas grava\u00e7\u00f5es. Exija o original. N\u00e3o aceite nenhuma c\u00f3pia.<\/div>\n<div id=\"f80ff\" class=\"product-feature\"><\/div>\n<div id=\"4d6b3\" class=\"product-feature\">\n<div class=\"product-feature__content-wrapper--left\">\n<div class=\"product-feature__content\">\n<div class=\"product-feature__text-wrapper\">\n<p>&nbsp;<\/p>\n<\/div>\n<\/div>\n<\/div>\n<\/div>","protected":false},"excerpt":{"rendered":"<p class=\"price\"><span class=\"elex-ppct-after-text\">Consulte valor e disponibilidade<\/span><\/p>\n<p>Por mais de 50 anos, o Teletronix LA-2A foi reverenciado por sua compress\u00e3o musical suave e natural. Com seu exclusivo sistema atenuador eletro-\u00f3ptico acionado por tubo que permite redu\u00e7\u00e3o instant\u00e2nea de ganho sem aumento na distor\u00e7\u00e3o harm\u00f4nica, o LA-2A massageia sinais como nenhum outro compressor j\u00e1 feito.<\/p>","protected":false},"featured_media":1305,"comment_status":"closed","ping_status":"closed","template":"","meta":{"site-sidebar-layout":"default","site-content-layout":"","ast-site-content-layout":"default","site-content-style":"default","site-sidebar-style":"default","ast-global-header-display":"","ast-banner-title-visibility":"","ast-main-header-display":"","ast-hfb-above-header-display":"","ast-hfb-below-header-display":"","ast-hfb-mobile-header-display":"","site-post-title":"","ast-breadcrumbs-content":"","ast-featured-img":"","footer-sml-layout":"","ast-disable-related-posts":"","theme-transparent-header-meta":"","adv-header-id-meta":"","stick-header-meta":"","header-above-stick-meta":"","header-main-stick-meta":"","header-below-stick-meta":"","astra-migrate-meta-layouts":"default","ast-page-background-enabled":"default","ast-page-background-meta":{"desktop":{"background-color":"var(--ast-global-color-4)","background-image":"","background-repeat":"repeat","background-position":"center center","background-size":"auto","background-attachment":"scroll","background-type":"","background-media":"","overlay-type":"","overlay-color":"","overlay-opacity":"","overlay-gradient":""},"tablet":{"background-color":"","background-image":"","background-repeat":"repeat","background-position":"center center","background-size":"auto","background-attachment":"scroll","background-type":"","background-media":"","overlay-type":"","overlay-color":"","overlay-opacity":"","overlay-gradient":""},"mobile":{"background-color":"","background-image":"","background-repeat":"repeat","background-position":"center center","background-size":"auto","background-attachment":"scroll","background-type":"","background-media":"","overlay-type":"","overlay-color":"","overlay-opacity":"","overlay-gradient":""}},"ast-content-background-meta":{"desktop":{"background-color":"var(--ast-global-color-5)","background-image":"","background-repeat":"repeat","background-position":"center center","background-size":"auto","background-attachment":"scroll","background-type":"","background-media":"","overlay-type":"","overlay-color":"","overlay-opacity":"","overlay-gradient":""},"tablet":{"background-color":"var(--ast-global-color-5)","background-image":"","background-repeat":"repeat","background-position":"center center","background-size":"auto","background-attachment":"scroll","background-type":"","background-media":"","overlay-type":"","overlay-color":"","overlay-opacity":"","overlay-gradient":""},"mobile":{"background-color":"var(--ast-global-color-5)","background-image":"","background-repeat":"repeat","background-position":"center center","background-size":"auto","background-attachment":"scroll","background-type":"","background-media":"","overlay-type":"","overlay-color":"","overlay-opacity":"","overlay-gradient":""}},"_joinchat":[]},"product_brand":[],"product_cat":[22],"product_tag":[],"class_list":{"0":"post-1297","1":"product","2":"type-product","3":"status-publish","4":"has-post-thumbnail","6":"product_cat-analogicos","7":"desktop-align-left","8":"tablet-align-left","9":"mobile-align-left","11":"first","12":"instock","13":"shipping-taxable","14":"product-type-simple"},"aioseo_notices":[],"jetpack_sharing_enabled":true,"_links":{"self":[{"href":"https:\/\/www.uaudiobrasil.com.br\/en\/wp-json\/wp\/v2\/product\/1297","targetHints":{"allow":["GET"]}}],"collection":[{"href":"https:\/\/www.uaudiobrasil.com.br\/en\/wp-json\/wp\/v2\/product"}],"about":[{"href":"https:\/\/www.uaudiobrasil.com.br\/en\/wp-json\/wp\/v2\/types\/product"}],"replies":[{"embeddable":true,"href":"https:\/\/www.uaudiobrasil.com.br\/en\/wp-json\/wp\/v2\/comments?post=1297"}],"version-history":[{"count":2,"href":"https:\/\/www.uaudiobrasil.com.br\/en\/wp-json\/wp\/v2\/product\/1297\/revisions"}],"predecessor-version":[{"id":3170,"href":"https:\/\/www.uaudiobrasil.com.br\/en\/wp-json\/wp\/v2\/product\/1297\/revisions\/3170"}],"wp:featuredmedia":[{"embeddable":true,"href":"https:\/\/www.uaudiobrasil.com.br\/en\/wp-json\/wp\/v2\/media\/1305"}],"wp:attachment":[{"href":"https:\/\/www.uaudiobrasil.com.br\/en\/wp-json\/wp\/v2\/media?parent=1297"}],"wp:term":[{"taxonomy":"product_brand","embeddable":true,"href":"https:\/\/www.uaudiobrasil.com.br\/en\/wp-json\/wp\/v2\/product_brand?post=1297"},{"taxonomy":"product_cat","embeddable":true,"href":"https:\/\/www.uaudiobrasil.com.br\/en\/wp-json\/wp\/v2\/product_cat?post=1297"},{"taxonomy":"product_tag","embeddable":true,"href":"https:\/\/www.uaudiobrasil.com.br\/en\/wp-json\/wp\/v2\/product_tag?post=1297"}],"curies":[{"name":"wp","href":"https:\/\/api.w.org\/{rel}","templated":true}]}}