{"id":124,"date":"2021-12-06T17:29:14","date_gmt":"2021-12-06T20:29:14","guid":{"rendered":"https:\/\/www.uaudiobrasil.com.br\/?post_type=product&#038;p=124"},"modified":"2025-03-05T14:35:13","modified_gmt":"2025-03-05T17:35:13","slug":"volt-276-studio-pack","status":"publish","type":"product","link":"https:\/\/www.uaudiobrasil.com.br\/en\/loja\/interfaces-de-audio\/linha-volt\/volt-276-studio-pack\/","title":{"rendered":"Volt 276 Studio Pack"},"content":{"rendered":"<h2>Conte\u00fado de hardware do Pacote<\/h2>\n<ul>\n<li>Interface de \u00e1udio Volt 276<\/li>\n<li>Microfone condensador de diafragma grande com Stand Mount<\/li>\n<li>Cabo de microfone XLR<\/li>\n<li>Fone de ouvido Closed-Back<\/li>\n<\/ul>\n<h2><strong>Grave como um profissional em qualquer lugar.<\/strong><\/h2>\n<h4>Agora voc\u00ea pode:<\/h4>\n<ul>\n<li>Criar produ\u00e7\u00f5es musicais e transmitir podcasts ao vivo no Mac, PC, iPad e iPhone.<\/li>\n<li>Gravar sua voz ou guitarra com um som rico e completo usando o modo Vintage Mic Preamp.<\/li>\n<li>Adicionar clareza e intensidade a vozes, instrumentos e outras fontes com um compressor anal\u00f3gico baseado no famoso 1176 da UA.<\/li>\n<li>Produzir com o pacote de software de \u00e1udio e m\u00fasica incluindo o Live Lite da Ableton, Melodyne, Virtual Drummer da UJAM, Marshall, Ampeg e muito mais.<\/li>\n<\/ul>\n<p>&nbsp;<\/p>\n<hr \/>\n<h2><\/h2>\n<h2>Produza com a melhor qualidade de \u00e1udio da categoria<\/h2>\n<p>Da equipe que trouxe a voc\u00ea a revolucion\u00e1ria interface Apollo, a Volt 276 oferece qualidade de som de um est\u00fadio profissional, com mais personalidade e sonoridade do que qualquer interface USB em sua categoria.<\/p>\n<h2>Capture a voz com o modo de pr\u00e9-amplificador de microfone Vintage<\/h2>\n<p>Poucos sons podem ser comparados a um pr\u00e9-amplificador valvulado vintage Universal Audio 610, usado para gravar qualquer pessoa, desde Ray Charles a Van Halen. A Volt 276 oferece o som rico e completo deste cl\u00e1ssico pr\u00e9-amplificador de microfone \/ linha \/ instrumento da UA, gra\u00e7as ao seu exclusivo circuito de simula\u00e7\u00e3o de v\u00e1lvula integrado.<\/p>\n<h2>Controle dos picos de volume com compress\u00e3o UA<\/h2>\n<p>Obtenha for\u00e7a e presen\u00e7a prontas para sua m\u00fasica com o Compressor 76 integrado da interface Volt 276. Um circuito anal\u00f3gico inovador inspirado no 176 Limiting Amplifier da UA. O Compressor 76 apresenta tr\u00eas predefini\u00e7\u00f5es perfeitamente adaptadas para controlar voz, guitarras, sintetizadores e baterias eletr\u00f4nicas. Basta conectar e selecionar uma configura\u00e7\u00e3o.<\/p>\n<p>&nbsp;<\/p>\n<p>&nbsp;<\/p>\n<div class=\"features__column\">\n<hr \/>\n<h2 dir=\"ltr\" data-placeholder=\"Tradu\u00e7\u00e3o\"><\/h2>\n<h2 id=\"tw-target-text\" class=\"tw-data-text tw-text-large tw-ta\" dir=\"ltr\" data-placeholder=\"Tradu\u00e7\u00e3o\">Inspire-se com o pacote de software de \u00e1udio<\/h2>\n<p id=\"tw-target-text\" class=\"tw-data-text tw-text-large tw-ta\" dir=\"ltr\" data-placeholder=\"Tradu\u00e7\u00e3o\">Algumas interfaces de \u00e1udio fornecem um punhado de aplicativos aleat\u00f3rios. Mas n\u00e3o a Volt. Em vez disso, reunimos um pacote de ferramentas de produ\u00e7\u00e3o musical, instrumentos virtuais e plug-ins dos melhores desenvolvedores do mercado.<\/p>\n<\/div>\n<p dir=\"ltr\" data-placeholder=\"Tradu\u00e7\u00e3o\"><img data-recalc-dims=\"1\" fetchpriority=\"high\" decoding=\"async\" class=\"alignnone wp-image-102 size-full\" src=\"https:\/\/i0.wp.com\/www.uaudiobrasil.com.br\/wp-content\/uploads\/2021\/11\/volt_included_software_glamban_1.jpg?resize=1805%2C785&#038;ssl=1\" alt=\"\" width=\"1805\" height=\"785\" srcset=\"https:\/\/i0.wp.com\/www.uaudiobrasil.com.br\/wp-content\/uploads\/2021\/11\/volt_included_software_glamban_1.jpg?w=1805&amp;ssl=1 1805w, https:\/\/i0.wp.com\/www.uaudiobrasil.com.br\/wp-content\/uploads\/2021\/11\/volt_included_software_glamban_1.jpg?resize=300%2C130&amp;ssl=1 300w, https:\/\/i0.wp.com\/www.uaudiobrasil.com.br\/wp-content\/uploads\/2021\/11\/volt_included_software_glamban_1.jpg?resize=1024%2C445&amp;ssl=1 1024w, https:\/\/i0.wp.com\/www.uaudiobrasil.com.br\/wp-content\/uploads\/2021\/11\/volt_included_software_glamban_1.jpg?resize=768%2C334&amp;ssl=1 768w, https:\/\/i0.wp.com\/www.uaudiobrasil.com.br\/wp-content\/uploads\/2021\/11\/volt_included_software_glamban_1.jpg?resize=1536%2C668&amp;ssl=1 1536w, https:\/\/i0.wp.com\/www.uaudiobrasil.com.br\/wp-content\/uploads\/2021\/11\/volt_included_software_glamban_1.jpg?resize=800%2C348&amp;ssl=1 800w\" sizes=\"(max-width: 1000px) 100vw, 1000px\" \/><\/p>\n<hr \/>\n<div class=\"features__column\">\n<h2 dir=\"ltr\" data-placeholder=\"Tradu\u00e7\u00e3o\"><\/h2>\n<h2>Entradas e Sa\u00eddas<\/h2>\n<p>O Volt 276 oferece conex\u00f5es simples de \u00e1udio de 2 entradas \/ 2 sa\u00eddas. Basta conectar seus microfones ou instrumentos no painel frontal. Em seguida, utilize seus monitores de \u00e1udio ou fones de ouvido para obter seu \u00e1udio sem lat\u00eancia. Com a Volt, voc\u00ea criar\u00e1 rapidamente como um profissional.<\/p>\n<h2>Preparado para iPad e iPhone<\/h2>\n<p>Viajando com pouca bagagem? Conecte a Volt 276 em seu iPad ou iPhone e voc\u00ea pode criar beats e samples facilmente, gravar os ensaios de sua banda e editar m\u00fasicas em qualquer lugar. *<\/p>\n<h2>Capture a inspira\u00e7\u00e3o para os pr\u00f3ximos anos<\/h2>\n<p>Com uma constru\u00e7\u00e3o robusta toda em metal e um design industrial elegante de inspira\u00e7\u00e3o vintage, a Volt 276 valoriza seu espa\u00e7o de produ\u00e7\u00e3o com um estilo impec\u00e1vel, constru\u00edda para durar d\u00e9cadas.<\/p>\n<\/div>\n<p>&nbsp;<\/p>\n<div class=\"features__column\">\n<hr \/>\n<h6>* REQUER FONTE DE ALIMENTA\u00c7\u00c3O EXTERNA PARA A VOLT E UM ADAPTADOR PARA A ENTRADA DO PRODUTO APPLE QUE TENHA UMA CONEX\u00c3O LIGHTNING.<\/h6>\n<div>\n<div class=\"features__column\">\n<h4>Manuais<\/h4>\n<\/div>\n<div>\n<div class=\"features__column\">\n<div><a href=\"https:\/\/help.uaudio.com\/hc\/en-us\/articles\/4409233546644-Volt-Software-Manual\" target=\"_blank\" rel=\"noopener\">Manual do Software<\/a>\u00a0 |\u00a0 <a href=\"https:\/\/help.uaudio.com\/hc\/en-us\/articles\/4409233427860-Volt-276-Hardware-Manual\" target=\"_blank\" rel=\"noopener\">Manual do Hardware<\/a><\/div>\n<div><\/div>\n<\/div>\n<div><em>(Manuais em Ingl\u00eas)<\/em><\/div>\n<\/div>\n<\/div>\n<\/div>","protected":false},"excerpt":{"rendered":"<p style=\"background: white; margin: 0cm 0cm 15.0pt 0cm;\">Com um conjunto impressionante de hardware e software de produ\u00e7\u00e3o musical, circuito de emula\u00e7\u00e3o de v\u00e1lvulas, compressor anal\u00f3gico embutido no estilo 1176 da UA e convers\u00e3o digital de alto n\u00edvel, o produto Volt 276 Studio Pack \u00e9 uma solu\u00e7\u00e3o vitoriosa e acess\u00edvel para colaboradores, de m\u00fasicos e compositores a live streamers e podcasters. Para os que desejam gravar \u00e1udio de maneira f\u00e1cil. Conecte direto no seu Mac, PC, iPad ou iPhone e utilize o microfone condensador, cabo XLR, e fone de ouvido do pacote. Est\u00e1 tudo pronto para capturar sua inspira\u00e7\u00e3o com timbres de um est\u00fadio profissional. Tamb\u00e9m informamos que esta linha de produtos n\u00e3o possui os famosos DSP\u00b4s da linha Apollo, e n\u00e3o \u00e9 destinada a quem quer utilizar os plug-ins da Universal Audio para processamento em tempo real.<\/p>\n<p><img decoding=\"async\" class=\"alignnone size-medium wp-image-5695\" src=\"https:\/\/www.uaudiobrasil.com.br\/wp-content\/uploads\/2025\/03\/disclaimer.png\" alt=\"AV Pro Brasil\" width=\"100%\" \/><\/p>\n<h2>R$ 3.599,00<\/h2>","protected":false},"featured_media":125,"comment_status":"closed","ping_status":"closed","template":"","meta":{"site-sidebar-layout":"default","site-content-layout":"","ast-site-content-layout":"default","site-content-style":"default","site-sidebar-style":"default","ast-global-header-display":"","ast-banner-title-visibility":"","ast-main-header-display":"","ast-hfb-above-header-display":"","ast-hfb-below-header-display":"","ast-hfb-mobile-header-display":"","site-post-title":"","ast-breadcrumbs-content":"","ast-featured-img":"","footer-sml-layout":"","ast-disable-related-posts":"","theme-transparent-header-meta":"default","adv-header-id-meta":"","stick-header-meta":"","header-above-stick-meta":"","header-main-stick-meta":"","header-below-stick-meta":"","astra-migrate-meta-layouts":"set","ast-page-background-enabled":"default","ast-page-background-meta":{"desktop":{"background-color":"var(--ast-global-color-4)","background-image":"","background-repeat":"repeat","background-position":"center center","background-size":"auto","background-attachment":"scroll","background-type":"","background-media":"","overlay-type":"","overlay-color":"","overlay-opacity":"","overlay-gradient":""},"tablet":{"background-color":"","background-image":"","background-repeat":"repeat","background-position":"center center","background-size":"auto","background-attachment":"scroll","background-type":"","background-media":"","overlay-type":"","overlay-color":"","overlay-opacity":"","overlay-gradient":""},"mobile":{"background-color":"","background-image":"","background-repeat":"repeat","background-position":"center center","background-size":"auto","background-attachment":"scroll","background-type":"","background-media":"","overlay-type":"","overlay-color":"","overlay-opacity":"","overlay-gradient":""}},"ast-content-background-meta":{"desktop":{"background-color":"var(--ast-global-color-5)","background-image":"","background-repeat":"repeat","background-position":"center center","background-size":"auto","background-attachment":"scroll","background-type":"","background-media":"","overlay-type":"","overlay-color":"","overlay-opacity":"","overlay-gradient":""},"tablet":{"background-color":"var(--ast-global-color-5)","background-image":"","background-repeat":"repeat","background-position":"center center","background-size":"auto","background-attachment":"scroll","background-type":"","background-media":"","overlay-type":"","overlay-color":"","overlay-opacity":"","overlay-gradient":""},"mobile":{"background-color":"var(--ast-global-color-5)","background-image":"","background-repeat":"repeat","background-position":"center center","background-size":"auto","background-attachment":"scroll","background-type":"","background-media":"","overlay-type":"","overlay-color":"","overlay-opacity":"","overlay-gradient":""}},"_joinchat":[]},"product_brand":[],"product_cat":[18],"product_tag":[44,46],"class_list":{"0":"post-124","1":"product","2":"type-product","3":"status-publish","4":"has-post-thumbnail","6":"product_cat-linha-volt","7":"product_tag-volt-2","8":"product_tag-volt-276","9":"desktop-align-left","10":"tablet-align-left","11":"mobile-align-left","13":"first","14":"instock","15":"shipping-taxable","16":"product-type-external"},"aioseo_notices":[],"jetpack_sharing_enabled":true,"_links":{"self":[{"href":"https:\/\/www.uaudiobrasil.com.br\/en\/wp-json\/wp\/v2\/product\/124","targetHints":{"allow":["GET"]}}],"collection":[{"href":"https:\/\/www.uaudiobrasil.com.br\/en\/wp-json\/wp\/v2\/product"}],"about":[{"href":"https:\/\/www.uaudiobrasil.com.br\/en\/wp-json\/wp\/v2\/types\/product"}],"replies":[{"embeddable":true,"href":"https:\/\/www.uaudiobrasil.com.br\/en\/wp-json\/wp\/v2\/comments?post=124"}],"version-history":[{"count":4,"href":"https:\/\/www.uaudiobrasil.com.br\/en\/wp-json\/wp\/v2\/product\/124\/revisions"}],"predecessor-version":[{"id":5761,"href":"https:\/\/www.uaudiobrasil.com.br\/en\/wp-json\/wp\/v2\/product\/124\/revisions\/5761"}],"wp:featuredmedia":[{"embeddable":true,"href":"https:\/\/www.uaudiobrasil.com.br\/en\/wp-json\/wp\/v2\/media\/125"}],"wp:attachment":[{"href":"https:\/\/www.uaudiobrasil.com.br\/en\/wp-json\/wp\/v2\/media?parent=124"}],"wp:term":[{"taxonomy":"product_brand","embeddable":true,"href":"https:\/\/www.uaudiobrasil.com.br\/en\/wp-json\/wp\/v2\/product_brand?post=124"},{"taxonomy":"product_cat","embeddable":true,"href":"https:\/\/www.uaudiobrasil.com.br\/en\/wp-json\/wp\/v2\/product_cat?post=124"},{"taxonomy":"product_tag","embeddable":true,"href":"https:\/\/www.uaudiobrasil.com.br\/en\/wp-json\/wp\/v2\/product_tag?post=124"}],"curies":[{"name":"wp","href":"https:\/\/api.w.org\/{rel}","templated":true}]}}