{"id":1192,"date":"2022-03-29T17:33:09","date_gmt":"2022-03-29T20:33:09","guid":{"rendered":"https:\/\/www.uaudiobrasil.com.br\/?post_type=product&#038;p=1192"},"modified":"2025-03-05T14:35:13","modified_gmt":"2025-03-05T17:35:13","slug":"la-610-mk2-classic-tube-recording-channel","status":"publish","type":"product","link":"https:\/\/www.uaudiobrasil.com.br\/en\/loja\/analogicos\/la-610-mk2-classic-tube-recording-channel\/","title":{"rendered":"LA-610 Mk2 Classic Tube Recording Channel"},"content":{"rendered":"<div class=\"text-centered\">\n<h2>Um pr\u00e9-amplificador de microfone valvulado cl\u00e1ssico e compressor estilo LA-2A em uma \u00fanica unidade.<\/h2>\n<\/div>\n<div id=\"gallery62436992bafcb\" class=\"product-gallery slick-initialized slick-slider\">\n<div class=\"slick-list draggable\">\n<div class=\"slick-track\">\n<div id=\"\" class=\"product-gallery__img slick-slide slick-cloned\" tabindex=\"-1\" data-slick-index=\"4\" aria-hidden=\"true\">\n<p>O LA-610 MkII combina um design de pr\u00e9-amplificador de microfone vintage constru\u00eddo \u00e0 m\u00e3o nos EUA, todo valvulado &#8211; ouvido em \u00e1lbuns cl\u00e1ssicos de Coldplay, The Beach Boys e Van Halen &#8211; com aut\u00eanticos circuitos de opto-compress\u00e3o Teletronix T4.<\/p>\n<p><strong>Este design cl\u00e1ssico de faixa de canal, com seu tom de pr\u00e9-amplificador quente e compress\u00e3o suave e natural, \u00e9 atualizado com recursos modernos e solicitados pelo usu\u00e1rio, como bypass de compressor verdadeiro, medi\u00e7\u00e3o maior, sa\u00edda aumentada e fonte de alimenta\u00e7\u00e3o com comuta\u00e7\u00e3o autom\u00e1tica.<\/strong><\/p>\n<\/div>\n<\/div>\n<\/div>\n<\/div>\n<div class=\"spacer spacer--medium\"><\/div>\n<div class=\"features\">\n<h2>Agora voc\u00ea pode:<\/h2>\n<div class=\"features__columns\">\n<div class=\"features__column\">\n<div class=\"features__item features__item--no-text\">\n<ul>\n<li>Grave atrav\u00e9s do pr\u00e9-amplificador de microfone todo valvulado derivado do lend\u00e1rio console modular 610 projetado por Bill Putnam<\/li>\n<li>Comprimir sinais com circuitos de tubo opto-compress\u00e3o aut\u00eanticos Teletronix T4<\/li>\n<li>Molde seus tons ainda mais com o EQ de tubo de prateleiras de alta e baixa frequ\u00eancia<\/li>\n<li>Grave suas faixas atrav\u00e9s de circuitos vintage UA, &#8220;feitos \u00e0 m\u00e3o nos EUA&#8221;<\/li>\n<\/ul>\n<\/div>\n<\/div>\n<\/div>\n<\/div>\n<div id=\"tc_1890\" class=\"text-centered--with-image\">\n<div class=\"text-centered--with-image__text-wrapper\">\n<div class=\"text-centered--with-image__text\">\n<h2><\/h2>\n<h2>O lend\u00e1rio pr\u00e9-amplificador 610<\/h2>\n<p>O LA-610 MkII \u00e9 baseado nos lend\u00e1rios m\u00f3dulos de console desenvolvidos por Bill Putnam nos anos 60. Conhecidos por seu car\u00e1ter musical e calor, in\u00fameros cl\u00e1ssicos de artistas que v\u00e3o de Frank Sinatra a Coldplay, Van Halen a Pet Sounds, foram gravados usando o pr\u00e9-amplificador 610. O LA-610 MkII transmitir\u00e1 o mesmo calor vintage e sedoso do design do amplificador de microfone do console original para suas fontes.<\/p>\n<\/div>\n<p>&nbsp;<\/p>\n<\/div>\n<\/div>\n<h2 id=\"tw-target-text\" class=\"tw-data-text tw-text-large tw-ta\" dir=\"ltr\" data-placeholder=\"Tradu\u00e7\u00e3o\"><span class=\"Y2IQFc\" lang=\"pt\">Compress\u00e3o de Tubo Tonal<\/span><\/h2>\n<div class=\"spacer spacer--small\">O compressor de tubo T4 do LA-610 Mk II fornece a mesma limita\u00e7\u00e3o ultra-quente que tornou o Teletronix LA-2A o rei da compress\u00e3o \u00f3ptica de gordura. O detector eletro-\u00f3ptico, ou &#8220;c\u00e9lula T4&#8221;, \u00e9 o cora\u00e7\u00e3o e a alma do Teletronix LA-2A. Seus fotorresistores s\u00e3o os componentes cruciais do circuito, dando ao compressor sua assinatura de calor, tornando-o um &#8220;ir para rastreamento&#8221; vocais, baixo ou guitarras ac\u00fasticas. Juntos, \u00e9 imposs\u00edvel obter um som ruim dos lend\u00e1rios circuitos de pr\u00e9-amplificador e compress\u00e3o do LA-610 MkII.<\/div>\n<div id=\"f80ff\" class=\"product-feature\"><\/div>\n<div id=\"4d6b3\" class=\"product-feature\">\n<div class=\"product-feature__content-wrapper--left\">\n<div class=\"product-feature__content\">\n<div class=\"product-feature__text-wrapper\">\n<p>&nbsp;<\/p>\n<\/div>\n<\/div>\n<\/div>\n<\/div>","protected":false},"excerpt":{"rendered":"<p class=\"price\"><span class=\"elex-ppct-after-text\">Consulte valor e disponibilidade<\/span><\/p>\n<p>O LA-610 MkII combina um design de pr\u00e9-amplificador de microfone vintage constru\u00eddo \u00e0 m\u00e3o nos EUA, todo valvulado &#8211; ouvido em \u00e1lbuns cl\u00e1ssicos de Coldplay, The Beach Boys e Van Halen &#8211; com aut\u00eanticos circuitos de opto-compress\u00e3o Teletronix T4.<\/p>","protected":false},"featured_media":1210,"comment_status":"closed","ping_status":"closed","template":"","meta":{"site-sidebar-layout":"default","site-content-layout":"default","ast-site-content-layout":"default","site-content-style":"default","site-sidebar-style":"default","ast-global-header-display":"","ast-banner-title-visibility":"","ast-main-header-display":"","ast-hfb-above-header-display":"","ast-hfb-below-header-display":"","ast-hfb-mobile-header-display":"","site-post-title":"","ast-breadcrumbs-content":"","ast-featured-img":"","footer-sml-layout":"","ast-disable-related-posts":"","theme-transparent-header-meta":"default","adv-header-id-meta":"","stick-header-meta":"","header-above-stick-meta":"","header-main-stick-meta":"","header-below-stick-meta":"","astra-migrate-meta-layouts":"default","ast-page-background-enabled":"default","ast-page-background-meta":{"desktop":{"background-color":"var(--ast-global-color-4)","background-image":"","background-repeat":"repeat","background-position":"center center","background-size":"auto","background-attachment":"scroll","background-type":"","background-media":"","overlay-type":"","overlay-color":"","overlay-opacity":"","overlay-gradient":""},"tablet":{"background-color":"","background-image":"","background-repeat":"repeat","background-position":"center center","background-size":"auto","background-attachment":"scroll","background-type":"","background-media":"","overlay-type":"","overlay-color":"","overlay-opacity":"","overlay-gradient":""},"mobile":{"background-color":"","background-image":"","background-repeat":"repeat","background-position":"center center","background-size":"auto","background-attachment":"scroll","background-type":"","background-media":"","overlay-type":"","overlay-color":"","overlay-opacity":"","overlay-gradient":""}},"ast-content-background-meta":{"desktop":{"background-color":"var(--ast-global-color-5)","background-image":"","background-repeat":"repeat","background-position":"center center","background-size":"auto","background-attachment":"scroll","background-type":"","background-media":"","overlay-type":"","overlay-color":"","overlay-opacity":"","overlay-gradient":""},"tablet":{"background-color":"var(--ast-global-color-5)","background-image":"","background-repeat":"repeat","background-position":"center center","background-size":"auto","background-attachment":"scroll","background-type":"","background-media":"","overlay-type":"","overlay-color":"","overlay-opacity":"","overlay-gradient":""},"mobile":{"background-color":"var(--ast-global-color-5)","background-image":"","background-repeat":"repeat","background-position":"center center","background-size":"auto","background-attachment":"scroll","background-type":"","background-media":"","overlay-type":"","overlay-color":"","overlay-opacity":"","overlay-gradient":""}},"_joinchat":[]},"product_brand":[],"product_cat":[22],"product_tag":[],"class_list":{"0":"post-1192","1":"product","2":"type-product","3":"status-publish","4":"has-post-thumbnail","6":"product_cat-analogicos","7":"desktop-align-left","8":"tablet-align-left","9":"mobile-align-left","11":"first","12":"instock","13":"shipping-taxable","14":"purchasable","15":"product-type-simple"},"aioseo_notices":[],"jetpack_sharing_enabled":true,"_links":{"self":[{"href":"https:\/\/www.uaudiobrasil.com.br\/en\/wp-json\/wp\/v2\/product\/1192","targetHints":{"allow":["GET"]}}],"collection":[{"href":"https:\/\/www.uaudiobrasil.com.br\/en\/wp-json\/wp\/v2\/product"}],"about":[{"href":"https:\/\/www.uaudiobrasil.com.br\/en\/wp-json\/wp\/v2\/types\/product"}],"replies":[{"embeddable":true,"href":"https:\/\/www.uaudiobrasil.com.br\/en\/wp-json\/wp\/v2\/comments?post=1192"}],"version-history":[{"count":2,"href":"https:\/\/www.uaudiobrasil.com.br\/en\/wp-json\/wp\/v2\/product\/1192\/revisions"}],"predecessor-version":[{"id":3093,"href":"https:\/\/www.uaudiobrasil.com.br\/en\/wp-json\/wp\/v2\/product\/1192\/revisions\/3093"}],"wp:featuredmedia":[{"embeddable":true,"href":"https:\/\/www.uaudiobrasil.com.br\/en\/wp-json\/wp\/v2\/media\/1210"}],"wp:attachment":[{"href":"https:\/\/www.uaudiobrasil.com.br\/en\/wp-json\/wp\/v2\/media?parent=1192"}],"wp:term":[{"taxonomy":"product_brand","embeddable":true,"href":"https:\/\/www.uaudiobrasil.com.br\/en\/wp-json\/wp\/v2\/product_brand?post=1192"},{"taxonomy":"product_cat","embeddable":true,"href":"https:\/\/www.uaudiobrasil.com.br\/en\/wp-json\/wp\/v2\/product_cat?post=1192"},{"taxonomy":"product_tag","embeddable":true,"href":"https:\/\/www.uaudiobrasil.com.br\/en\/wp-json\/wp\/v2\/product_tag?post=1192"}],"curies":[{"name":"wp","href":"https:\/\/api.w.org\/{rel}","templated":true}]}}