{"id":1179,"date":"2022-03-29T17:28:15","date_gmt":"2022-03-29T20:28:15","guid":{"rendered":"https:\/\/www.uaudiobrasil.com.br\/?post_type=product&#038;p=1179"},"modified":"2025-03-05T14:35:13","modified_gmt":"2025-03-05T17:35:13","slug":"6176-vintage-channel-strip","status":"publish","type":"product","link":"https:\/\/www.uaudiobrasil.com.br\/en\/loja\/analogicos\/6176-vintage-channel-strip\/","title":{"rendered":"6176 Vintage Channel Strip"},"content":{"rendered":"<div class=\"text-centered\">\n<h2>Um pr\u00e9-amplificador de microfone valvulado cl\u00e1ssico e compressor 1176LN em uma \u00fanica unidade.<\/h2>\n<\/div>\n<div id=\"gallery62436992bafcb\" class=\"product-gallery slick-initialized slick-slider\">\n<div class=\"slick-list draggable\">\n<div class=\"slick-track\">\n<div id=\"\" class=\"product-gallery__img slick-slide slick-cloned\" tabindex=\"-1\" data-slick-index=\"4\" aria-hidden=\"true\">O 6176 Vintage Channel Strip combina os sons sedutores de todos os tubos do lend\u00e1rio pr\u00e9-amplificador de microfone 610 projetado por Bill Putnam, com a compress\u00e3o FET exclusiva do nosso 1176LN, para criar a melhor faixa de canal de grava\u00e7\u00e3o.<\/div>\n<div tabindex=\"-1\" data-slick-index=\"4\" aria-hidden=\"true\"><\/div>\n<div tabindex=\"-1\" data-slick-index=\"4\" aria-hidden=\"true\"><strong>Os tons quentes e suaves deste design de pr\u00e9-amplificador de microfone &#8211; empregado para gravar todos, de Frank Sinatra a Van Halen &#8211; e as caracter\u00edsticas \u00fanicas do compressor, s\u00e3o duas das principais raz\u00f5es pelas quais o 6176 \u00e9 encontrado em est\u00fadios em todo o mundo.<\/strong><\/div>\n<\/div>\n<\/div>\n<\/div>\n<div class=\"spacer spacer--medium\"><\/div>\n<div class=\"features\">\n<h2>Agra voc\u00ea pode:<\/h2>\n<div class=\"features__columns\">\n<div class=\"features__column\">\n<div class=\"features__item features__item--no-text\">\n<ul>\n<li>Grave atrav\u00e9s do pr\u00e9-amplificador de microfone todo valvulado derivado do lend\u00e1rio console modular 610 projetado por Bill Putnam<\/li>\n<li>Comprima sinais com a se\u00e7\u00e3o de compressor FET 1176LN Classe A &#8211; ouvido em in\u00fameros registros de sucesso por mais de 40 anos<\/li>\n<li>Use o interruptor &#8220;Split&#8221; ou &#8220;Join&#8221; para opera\u00e7\u00e3o separada ou em s\u00e9rie do pr\u00e9-amplificador e compressor<\/li>\n<li>Molde suas faixas atrav\u00e9s de circuitos vintage UA, &#8220;feitos \u00e0 m\u00e3o nos EUA&#8221;,<\/li>\n<\/ul>\n<\/div>\n<\/div>\n<\/div>\n<\/div>\n<div id=\"tc_1890\" class=\"text-centered--with-image\">\n<div class=\"text-centered--with-image__text-wrapper\">\n<div class=\"text-centered--with-image__text\">\n<h2>Dois cl\u00e1ssicos em um<\/h2>\n<p>Gra\u00e7as aos seus controles diretos e som caracter\u00edstico, o 6176 \u00e9 o caminho de sinal escolhido para pesos pesados \u200b\u200bda engenharia como Vance Powell e Joe Chiccarelli, al\u00e9m de artistas como Chris Martin do Coldplay, Norah Jones, Wyclef Jean e James Mercer do The Shins. A capacidade de \u201cdividir\u201d ou \u201cjuntar\u201d o pr\u00e9-amplificador e as se\u00e7\u00f5es do compressor atrav\u00e9s de um simples interruptor d\u00e1 ao 6176 flexibilidade adicional. Esta \u00e9 realmente a faixa de canal principal da UA e uma das melhores do mundo.<\/p>\n<\/div>\n<\/div>\n<\/div>\n<div class=\"spacer spacer--medium\"><\/div>\n<div class=\"spacer spacer--small\">\n<hr \/>\n<\/div>\n<div id=\"f80ff\" class=\"product-feature\">\n<div class=\"product-feature__image--left\"><picture><source srcset=\"https:\/\/media.uaudio.com\/assetlibrary\/6\/1\/6176_channel_strip_feature_1_mob_@2x_1.jpg\" media=\"(max-width: 768px)\" data-srcset=\"https:\/\/media.uaudio.com\/assetlibrary\/6\/1\/6176_channel_strip_feature_1_mob_@2x_1.jpg\" \/><source srcset=\"https:\/\/media.uaudio.com\/assetlibrary\/6\/1\/6176_channel_strip_feature_1_1.jpg 1x,https:\/\/media.uaudio.com\/assetlibrary\/6\/1\/6176_channel_strip_feature_1_@2x_1.jpg 2x\" media=\"(max-width: 769px)\" data-srcset=\"https:\/\/media.uaudio.com\/assetlibrary\/6\/1\/6176_channel_strip_feature_1_1.jpg 1x,https:\/\/media.uaudio.com\/assetlibrary\/6\/1\/6176_channel_strip_feature_1_@2x_1.jpg 2x\" \/><img decoding=\"async\" class=\"lazyloaded alignleft\" src=\"data:image\/gif;base64,R0lGODlhAQABAAAAACH5BAEKAAEALAAAAAABAAEAAAICTAEAOw==\" srcset=\"https:\/\/media.uaudio.com\/assetlibrary\/6\/1\/6176_channel_strip_feature_1_1.jpg 1x,https:\/\/media.uaudio.com\/assetlibrary\/6\/1\/6176_channel_strip_feature_1_@2x_1.jpg 2x\" alt=\"The 610B \u2014 A World Renowned Mic\u00a0Preamp\" data-srcset=\"https:\/\/media.uaudio.com\/assetlibrary\/6\/1\/6176_channel_strip_feature_1_1.jpg 1x,https:\/\/media.uaudio.com\/assetlibrary\/6\/1\/6176_channel_strip_feature_1_@2x_1.jpg 2x\" \/><\/picture><\/div>\n<div class=\"product-feature__content-wrapper--right\">\n<div class=\"product-feature__content\">\n<div class=\"product-feature__text-wrapper\">\n<h2>O 610B \u2014 Um pr\u00e9-amplificador de microfone de renome mundial<\/h2>\n<p>O pr\u00e9-amplificador de microfone e instrumento 2-610 recebeu elogios de muitos cantos. Michael Cooper, em sua resenha para a Mix Magazine, o chamou de &#8220;indispens\u00e1vel, o pr\u00e9-amplificador de microfone mais dimensional que j\u00e1 ouvi&#8221;. Peter Wade, engenheiro\/produtor que trabalhou com artistas que v\u00e3o de Wyclef Jean a Jennifer Lopez, disse simplesmente: &#8220;Esta caixa \u00e9 demais&#8221;. As se\u00e7\u00f5es de pr\u00e9-amplificador de 6176 microfones mant\u00eam a qualidade e o car\u00e1ter do 2-610 enquanto adicionam regula\u00e7\u00e3o de pot\u00eancia de alta tens\u00e3o para melhor resposta de graves e um interruptor de pad de 15db no painel frontal.<\/p>\n<hr \/>\n<\/div>\n<\/div>\n<\/div>\n<\/div>\n<div id=\"4d6b3\" class=\"product-feature\">\n<div class=\"product-feature__image--right\"><picture><source srcset=\"https:\/\/media.uaudio.com\/assetlibrary\/6\/1\/6176_channel_strip_feature_2_mob_@2x_1.jpg\" media=\"(max-width: 768px)\" data-srcset=\"https:\/\/media.uaudio.com\/assetlibrary\/6\/1\/6176_channel_strip_feature_2_mob_@2x_1.jpg\" \/><source srcset=\"https:\/\/media.uaudio.com\/assetlibrary\/6\/1\/6176_channel_strip_feature_2_1.jpg 1x,https:\/\/media.uaudio.com\/assetlibrary\/6\/1\/6176_channel_strip_feature_2_@2x_1.jpg 2x\" media=\"(max-width: 769px)\" data-srcset=\"https:\/\/media.uaudio.com\/assetlibrary\/6\/1\/6176_channel_strip_feature_2_1.jpg 1x,https:\/\/media.uaudio.com\/assetlibrary\/6\/1\/6176_channel_strip_feature_2_@2x_1.jpg 2x\" \/><\/picture><\/div>\n<div class=\"product-feature__image--right\"><picture><img decoding=\"async\" class=\"lazyloaded alignright\" src=\"data:image\/gif;base64,R0lGODlhAQABAAAAACH5BAEKAAEALAAAAAABAAEAAAICTAEAOw==\" srcset=\"https:\/\/media.uaudio.com\/assetlibrary\/6\/1\/6176_channel_strip_feature_2_1.jpg 1x,https:\/\/media.uaudio.com\/assetlibrary\/6\/1\/6176_channel_strip_feature_2_@2x_1.jpg 2x\" alt=\"The 1176LN \u2014 A Compressor with\u00a0Tone\" data-srcset=\"https:\/\/media.uaudio.com\/assetlibrary\/6\/1\/6176_channel_strip_feature_2_1.jpg 1x,https:\/\/media.uaudio.com\/assetlibrary\/6\/1\/6176_channel_strip_feature_2_@2x_1.jpg 2x\" \/><\/picture><\/div>\n<div class=\"product-feature__content-wrapper--left\">\n<div class=\"product-feature__content\">\n<div class=\"product-feature__text-wrapper\">\n<h2><\/h2>\n<h2>O 1176LN \u2014 Um compressor\u00a0com\u00a0tom<\/h2>\n<p>Como disse o lend\u00e1rio engenheiro\/produtor Andy Johns, &#8220;O 1176LN \u00e9 o compressor de trabalho pesado&#8221;. Na verdade, o 1176LN pode muito bem ser o compressor mais amado da hist\u00f3ria. Seus tempos de ataque e libera\u00e7\u00e3o extremamente r\u00e1pidos e o tom de seu amplificador de sa\u00edda Classe A melhoraram in\u00fameras grava\u00e7\u00f5es nos \u00faltimos trinta e cinco anos. Recriamos o 1176LN para a se\u00e7\u00e3o de compressor do 6176 com a mesma precis\u00e3o, aten\u00e7\u00e3o aos detalhes e tradi\u00e7\u00e3o que usamos em nosso 1176LN. O car\u00e1ter, a heran\u00e7a e o tom resultantes simplesmente n\u00e3o podem ser encontrados em outras tiras de canal.<\/p>\n<\/div>\n<\/div>\n<\/div>\n<\/div>","protected":false},"excerpt":{"rendered":"<p class=\"price\"><span class=\"elex-ppct-after-text\">Consulte valor e disponibilidade<\/span><\/p>\n<p>O 6176 Vintage Channel Strip combina os sons sedutores de todos os tubos do lend\u00e1rio pr\u00e9-amplificador de microfone 610 projetado por Bill Putnam, com a compress\u00e3o FET exclusiva do nosso 1176LN, para criar a melhor faixa de canal de grava\u00e7\u00e3o.<\/p>","protected":false},"featured_media":1184,"comment_status":"closed","ping_status":"closed","template":"","meta":{"site-sidebar-layout":"default","site-content-layout":"","ast-site-content-layout":"default","site-content-style":"default","site-sidebar-style":"default","ast-global-header-display":"","ast-banner-title-visibility":"","ast-main-header-display":"","ast-hfb-above-header-display":"","ast-hfb-below-header-display":"","ast-hfb-mobile-header-display":"","site-post-title":"","ast-breadcrumbs-content":"","ast-featured-img":"","footer-sml-layout":"","ast-disable-related-posts":"","theme-transparent-header-meta":"","adv-header-id-meta":"","stick-header-meta":"","header-above-stick-meta":"","header-main-stick-meta":"","header-below-stick-meta":"","astra-migrate-meta-layouts":"default","ast-page-background-enabled":"default","ast-page-background-meta":{"desktop":{"background-color":"var(--ast-global-color-4)","background-image":"","background-repeat":"repeat","background-position":"center center","background-size":"auto","background-attachment":"scroll","background-type":"","background-media":"","overlay-type":"","overlay-color":"","overlay-opacity":"","overlay-gradient":""},"tablet":{"background-color":"","background-image":"","background-repeat":"repeat","background-position":"center center","background-size":"auto","background-attachment":"scroll","background-type":"","background-media":"","overlay-type":"","overlay-color":"","overlay-opacity":"","overlay-gradient":""},"mobile":{"background-color":"","background-image":"","background-repeat":"repeat","background-position":"center center","background-size":"auto","background-attachment":"scroll","background-type":"","background-media":"","overlay-type":"","overlay-color":"","overlay-opacity":"","overlay-gradient":""}},"ast-content-background-meta":{"desktop":{"background-color":"var(--ast-global-color-5)","background-image":"","background-repeat":"repeat","background-position":"center center","background-size":"auto","background-attachment":"scroll","background-type":"","background-media":"","overlay-type":"","overlay-color":"","overlay-opacity":"","overlay-gradient":""},"tablet":{"background-color":"var(--ast-global-color-5)","background-image":"","background-repeat":"repeat","background-position":"center center","background-size":"auto","background-attachment":"scroll","background-type":"","background-media":"","overlay-type":"","overlay-color":"","overlay-opacity":"","overlay-gradient":""},"mobile":{"background-color":"var(--ast-global-color-5)","background-image":"","background-repeat":"repeat","background-position":"center center","background-size":"auto","background-attachment":"scroll","background-type":"","background-media":"","overlay-type":"","overlay-color":"","overlay-opacity":"","overlay-gradient":""}},"_joinchat":[]},"product_brand":[],"product_cat":[22],"product_tag":[],"class_list":{"0":"post-1179","1":"product","2":"type-product","3":"status-publish","4":"has-post-thumbnail","6":"product_cat-analogicos","7":"desktop-align-left","8":"tablet-align-left","9":"mobile-align-left","11":"first","12":"instock","13":"shipping-taxable","14":"product-type-simple"},"aioseo_notices":[],"jetpack_sharing_enabled":true,"_links":{"self":[{"href":"https:\/\/www.uaudiobrasil.com.br\/en\/wp-json\/wp\/v2\/product\/1179","targetHints":{"allow":["GET"]}}],"collection":[{"href":"https:\/\/www.uaudiobrasil.com.br\/en\/wp-json\/wp\/v2\/product"}],"about":[{"href":"https:\/\/www.uaudiobrasil.com.br\/en\/wp-json\/wp\/v2\/types\/product"}],"replies":[{"embeddable":true,"href":"https:\/\/www.uaudiobrasil.com.br\/en\/wp-json\/wp\/v2\/comments?post=1179"}],"version-history":[{"count":2,"href":"https:\/\/www.uaudiobrasil.com.br\/en\/wp-json\/wp\/v2\/product\/1179\/revisions"}],"predecessor-version":[{"id":3169,"href":"https:\/\/www.uaudiobrasil.com.br\/en\/wp-json\/wp\/v2\/product\/1179\/revisions\/3169"}],"wp:featuredmedia":[{"embeddable":true,"href":"https:\/\/www.uaudiobrasil.com.br\/en\/wp-json\/wp\/v2\/media\/1184"}],"wp:attachment":[{"href":"https:\/\/www.uaudiobrasil.com.br\/en\/wp-json\/wp\/v2\/media?parent=1179"}],"wp:term":[{"taxonomy":"product_brand","embeddable":true,"href":"https:\/\/www.uaudiobrasil.com.br\/en\/wp-json\/wp\/v2\/product_brand?post=1179"},{"taxonomy":"product_cat","embeddable":true,"href":"https:\/\/www.uaudiobrasil.com.br\/en\/wp-json\/wp\/v2\/product_cat?post=1179"},{"taxonomy":"product_tag","embeddable":true,"href":"https:\/\/www.uaudiobrasil.com.br\/en\/wp-json\/wp\/v2\/product_tag?post=1179"}],"curies":[{"name":"wp","href":"https:\/\/api.w.org\/{rel}","templated":true}]}}