{"id":101,"date":"2021-11-30T18:40:36","date_gmt":"2021-11-30T21:40:36","guid":{"rendered":"https:\/\/www.uaudiobrasil.com.br\/?post_type=product&#038;p=101"},"modified":"2025-03-05T14:35:14","modified_gmt":"2025-03-05T17:35:14","slug":"volt-1-1-in-2-out-usb-2-0-audio-interface","status":"publish","type":"product","link":"https:\/\/www.uaudiobrasil.com.br\/en\/loja\/interfaces-de-audio\/linha-volt\/volt-1-1-in-2-out-usb-2-0-audio-interface\/","title":{"rendered":"Volt 1\u00a01-in\/2-out USB 2.0 Audio Interface"},"content":{"rendered":"<h2>Grave como um profissional em qualquer lugar.<\/h2>\n<h4>Agora voc\u00ea pode:<\/h4>\n<div class=\"features__column\">\n<div class=\"features__item--with-image features__item--no-text\">\n<ul>\n<li>Criar produ\u00e7\u00f5es musicais e transmitir podcasts ao vivo no Mac, PC, iPad e iPhone.<\/li>\n<li>Gravar sua voz ou guitarra com um som rico e completo usando o modo Vintage Mic Preamp.<\/li>\n<li>Produzir com o pacote de software de \u00e1udio e m\u00fasica incluindo o Live Lite da Ableton, Melodyne, Virtual Drummer da UJAM, Marshall, Ampeg e muito mais.<\/li>\n<li>Montar seu Home Studio em torno de uma interface elegante, constru\u00edda para resistir a anos de grava\u00e7\u00e3o, al\u00e9m de poder utiliz\u00e1-la em eventos ao vivo.<\/li>\n<\/ul>\n<p>&nbsp;<\/p>\n<hr \/>\n<\/div>\n<h2 dir=\"ltr\" data-placeholder=\"Tradu\u00e7\u00e3o\"><\/h2>\n<h2 id=\"tw-target-text\" class=\"tw-data-text tw-text-large tw-ta\" dir=\"ltr\" data-placeholder=\"Tradu\u00e7\u00e3o\">Grave voc\u00ea mesmo com a melhor qualidade de \u00e1udio da categoria<\/h2>\n<p id=\"tw-target-text\" class=\"tw-data-text tw-text-large tw-ta\" dir=\"ltr\" data-placeholder=\"Tradu\u00e7\u00e3o\">Da equipe que trouxe a voc\u00ea a revolucion\u00e1ria interface Apollo, a Volt 1 oferece qualidade de som de um est\u00fadio profissional, com mais personalidade e sonoridade do que qualquer interface USB em sua categoria.<\/p>\n<h2 dir=\"ltr\" data-placeholder=\"Tradu\u00e7\u00e3o\">Capture a voz com o modo de pr\u00e9-amplificador de microfone Vintage<\/h2>\n<p id=\"tw-target-text\" class=\"tw-data-text tw-text-large tw-ta\" dir=\"ltr\" data-placeholder=\"Tradu\u00e7\u00e3o\">Poucos sons podem ser comparados a um pr\u00e9-amplificador valvulado vintage Universal Audio 610, usado para gravar qualquer pessoa, desde Ray Charles a Van Halen. A Volt 1 oferece o som rico e completo deste cl\u00e1ssico pr\u00e9-amplificador de microfone \/ linha \/ instrumento da UA, gra\u00e7as ao seu exclusivo circuito de simula\u00e7\u00e3o de v\u00e1lvula integrado.<\/p>\n<hr \/>\n<h2 dir=\"ltr\" data-placeholder=\"Tradu\u00e7\u00e3o\"><\/h2>\n<h2 id=\"tw-target-text\" class=\"tw-data-text tw-text-large tw-ta\" dir=\"ltr\" data-placeholder=\"Tradu\u00e7\u00e3o\">Inspire-se com o pacote de software de \u00e1udio<\/h2>\n<p id=\"tw-target-text\" class=\"tw-data-text tw-text-large tw-ta\" dir=\"ltr\" data-placeholder=\"Tradu\u00e7\u00e3o\">Algumas interfaces de \u00e1udio fornecem um punhado de aplicativos aleat\u00f3rios. Mas n\u00e3o a Volt. Em vez disso, reunimos um pacote de ferramentas de produ\u00e7\u00e3o musical, instrumentos virtuais e plug-ins dos melhores desenvolvedores do mercado.<\/p>\n<\/div>\n<p dir=\"ltr\" data-placeholder=\"Tradu\u00e7\u00e3o\"><img data-recalc-dims=\"1\" fetchpriority=\"high\" decoding=\"async\" class=\"alignnone wp-image-102 size-full\" src=\"https:\/\/i0.wp.com\/www.uaudiobrasil.com.br\/wp-content\/uploads\/2021\/11\/volt_included_software_glamban_1.jpg?resize=1805%2C785&#038;ssl=1\" alt=\"\" width=\"1805\" height=\"785\" srcset=\"https:\/\/i0.wp.com\/www.uaudiobrasil.com.br\/wp-content\/uploads\/2021\/11\/volt_included_software_glamban_1.jpg?w=1805&amp;ssl=1 1805w, https:\/\/i0.wp.com\/www.uaudiobrasil.com.br\/wp-content\/uploads\/2021\/11\/volt_included_software_glamban_1.jpg?resize=300%2C130&amp;ssl=1 300w, https:\/\/i0.wp.com\/www.uaudiobrasil.com.br\/wp-content\/uploads\/2021\/11\/volt_included_software_glamban_1.jpg?resize=1024%2C445&amp;ssl=1 1024w, https:\/\/i0.wp.com\/www.uaudiobrasil.com.br\/wp-content\/uploads\/2021\/11\/volt_included_software_glamban_1.jpg?resize=768%2C334&amp;ssl=1 768w, https:\/\/i0.wp.com\/www.uaudiobrasil.com.br\/wp-content\/uploads\/2021\/11\/volt_included_software_glamban_1.jpg?resize=1536%2C668&amp;ssl=1 1536w, https:\/\/i0.wp.com\/www.uaudiobrasil.com.br\/wp-content\/uploads\/2021\/11\/volt_included_software_glamban_1.jpg?resize=800%2C348&amp;ssl=1 800w\" sizes=\"(max-width: 1000px) 100vw, 1000px\" \/><\/p>\n<hr \/>\n<div class=\"features__column\">\n<h2 dir=\"ltr\" data-placeholder=\"Tradu\u00e7\u00e3o\"><\/h2>\n<h2 id=\"tw-target-text\" class=\"tw-data-text tw-text-large tw-ta\" dir=\"ltr\" data-placeholder=\"Tradu\u00e7\u00e3o\">Entradas e Sa\u00eddas<\/h2>\n<p id=\"tw-target-text\" class=\"tw-data-text tw-text-large tw-ta\" dir=\"ltr\" data-placeholder=\"Tradu\u00e7\u00e3o\">A Volt 1 oferece conex\u00f5es de \u00e1udio simples com 1 entrada \/ 2 sa\u00eddas. Basta conectar um microfone ou instrumento ao painel frontal. Em seguida, utilize seus monitores de \u00e1udio ou fones de ouvido para obter seu \u00e1udio sem lat\u00eancia. Com a Volt, voc\u00ea criar\u00e1 rapidamente como um profissional.<\/p>\n<h2 id=\"tw-target-text\" class=\"tw-data-text tw-text-large tw-ta\" dir=\"ltr\" data-placeholder=\"Tradu\u00e7\u00e3o\">Preparado para iPad e iPhone<\/h2>\n<p id=\"tw-target-text\" class=\"tw-data-text tw-text-large tw-ta\" dir=\"ltr\" data-placeholder=\"Tradu\u00e7\u00e3o\">Viajando com pouca bagagem? Conecte a Volt 1 em seu iPad ou iPhone e voc\u00ea pode criar beats e samples facilmente, gravar os ensaios de sua banda e editar m\u00fasicas em qualquer lugar. *<\/p>\n<h2>Capture a inspira\u00e7\u00e3o para os pr\u00f3ximos anos<\/h2>\n<p>Com uma constru\u00e7\u00e3o robusta toda em metal e um design industrial elegante de inspira\u00e7\u00e3o vintage, a Volt 1 valoriza seu espa\u00e7o de produ\u00e7\u00e3o com um estilo impec\u00e1vel, constru\u00edda para durar d\u00e9cadas.<\/p>\n<\/div>\n<h6><\/h6>\n<div class=\"features__column\">\n<hr \/>\n<h6>* REQUER FONTE DE ALIMENTA\u00c7\u00c3O EXTERNA PARA A VOLT E UM ADAPTADOR PARA A ENTRADA DO PRODUTO APPLE QUE TENHA UMA CONEX\u00c3O LIGHTNING.<\/h6>\n<h4>Manuais<\/h4>\n<\/div>\n<div>\n<div class=\"features__column\">\n<div><a href=\"https:\/\/help.uaudio.com\/hc\/en-us\/articles\/4409233546644-Volt-Software-Manual\" target=\"_blank\" rel=\"noopener\">Manual do Software<\/a>\u00a0 |\u00a0 <a href=\"https:\/\/help.uaudio.com\/hc\/en-us\/articles\/4409183823892-Volt-1-Hardware-Manual\" target=\"_blank\" rel=\"noopener\">Manual do Hardware<\/a><\/div>\n<div><\/div>\n<\/div>\n<div><em>(Manuais em Ingl\u00eas)<\/em><\/div>\n<\/div>","protected":false},"excerpt":{"rendered":"<p style=\"background: white; margin: 0cm 0cm 15.0pt 0cm;\">Criamos a interface Volt 1 para cantores, compositores, guitarristas e podcasters que desejam gravar \u00e1udio de maneira f\u00e1cil. Conecte diretamente ao seu Mac, PC, iPad ou iPhone. A Volt vai te surpreender ao capturar sua inspira\u00e7\u00e3o com a sonoridade de um verdadeiro est\u00fadio profissional. Uma cortesia da Universal Audio para voc\u00ea. Tamb\u00e9m informamos que esta linha de produtos n\u00e3o possui os famosos DSP\u00b4s da linha Apollo, e n\u00e3o \u00e9 destinada a quem quer utilizar os plug-ins da Universal Audio para processamento em tempo real.<\/p>\n<p><img decoding=\"async\" class=\"alignnone size-medium wp-image-5695\" src=\"https:\/\/www.uaudiobrasil.com.br\/wp-content\/uploads\/2025\/03\/disclaimer.png\" alt=\"AV Pro Brasil\" width=\"100%\" \/><\/p>\n<h2>R$ 1.799,00<\/h2>","protected":false},"featured_media":103,"comment_status":"closed","ping_status":"closed","template":"","meta":{"site-sidebar-layout":"default","site-content-layout":"default","ast-site-content-layout":"default","site-content-style":"default","site-sidebar-style":"default","ast-global-header-display":"","ast-banner-title-visibility":"","ast-main-header-display":"","ast-hfb-above-header-display":"","ast-hfb-below-header-display":"","ast-hfb-mobile-header-display":"","site-post-title":"","ast-breadcrumbs-content":"","ast-featured-img":"","footer-sml-layout":"","ast-disable-related-posts":"","theme-transparent-header-meta":"default","adv-header-id-meta":"","stick-header-meta":"","header-above-stick-meta":"","header-main-stick-meta":"","header-below-stick-meta":"","astra-migrate-meta-layouts":"set","ast-page-background-enabled":"default","ast-page-background-meta":{"desktop":{"background-color":"var(--ast-global-color-4)","background-image":"","background-repeat":"repeat","background-position":"center center","background-size":"auto","background-attachment":"scroll","background-type":"","background-media":"","overlay-type":"","overlay-color":"","overlay-opacity":"","overlay-gradient":""},"tablet":{"background-color":"","background-image":"","background-repeat":"repeat","background-position":"center center","background-size":"auto","background-attachment":"scroll","background-type":"","background-media":"","overlay-type":"","overlay-color":"","overlay-opacity":"","overlay-gradient":""},"mobile":{"background-color":"","background-image":"","background-repeat":"repeat","background-position":"center center","background-size":"auto","background-attachment":"scroll","background-type":"","background-media":"","overlay-type":"","overlay-color":"","overlay-opacity":"","overlay-gradient":""}},"ast-content-background-meta":{"desktop":{"background-color":"var(--ast-global-color-5)","background-image":"","background-repeat":"repeat","background-position":"center center","background-size":"auto","background-attachment":"scroll","background-type":"","background-media":"","overlay-type":"","overlay-color":"","overlay-opacity":"","overlay-gradient":""},"tablet":{"background-color":"var(--ast-global-color-5)","background-image":"","background-repeat":"repeat","background-position":"center center","background-size":"auto","background-attachment":"scroll","background-type":"","background-media":"","overlay-type":"","overlay-color":"","overlay-opacity":"","overlay-gradient":""},"mobile":{"background-color":"var(--ast-global-color-5)","background-image":"","background-repeat":"repeat","background-position":"center center","background-size":"auto","background-attachment":"scroll","background-type":"","background-media":"","overlay-type":"","overlay-color":"","overlay-opacity":"","overlay-gradient":""}},"_joinchat":[]},"product_brand":[],"product_cat":[18],"product_tag":[43],"class_list":{"0":"post-101","1":"product","2":"type-product","3":"status-publish","4":"has-post-thumbnail","6":"product_cat-linha-volt","7":"product_tag-volt-1","8":"desktop-align-left","9":"tablet-align-left","10":"mobile-align-left","12":"first","13":"instock","14":"shipping-taxable","15":"product-type-external"},"aioseo_notices":[],"jetpack_sharing_enabled":true,"_links":{"self":[{"href":"https:\/\/www.uaudiobrasil.com.br\/en\/wp-json\/wp\/v2\/product\/101","targetHints":{"allow":["GET"]}}],"collection":[{"href":"https:\/\/www.uaudiobrasil.com.br\/en\/wp-json\/wp\/v2\/product"}],"about":[{"href":"https:\/\/www.uaudiobrasil.com.br\/en\/wp-json\/wp\/v2\/types\/product"}],"replies":[{"embeddable":true,"href":"https:\/\/www.uaudiobrasil.com.br\/en\/wp-json\/wp\/v2\/comments?post=101"}],"version-history":[{"count":3,"href":"https:\/\/www.uaudiobrasil.com.br\/en\/wp-json\/wp\/v2\/product\/101\/revisions"}],"predecessor-version":[{"id":5753,"href":"https:\/\/www.uaudiobrasil.com.br\/en\/wp-json\/wp\/v2\/product\/101\/revisions\/5753"}],"wp:featuredmedia":[{"embeddable":true,"href":"https:\/\/www.uaudiobrasil.com.br\/en\/wp-json\/wp\/v2\/media\/103"}],"wp:attachment":[{"href":"https:\/\/www.uaudiobrasil.com.br\/en\/wp-json\/wp\/v2\/media?parent=101"}],"wp:term":[{"taxonomy":"product_brand","embeddable":true,"href":"https:\/\/www.uaudiobrasil.com.br\/en\/wp-json\/wp\/v2\/product_brand?post=101"},{"taxonomy":"product_cat","embeddable":true,"href":"https:\/\/www.uaudiobrasil.com.br\/en\/wp-json\/wp\/v2\/product_cat?post=101"},{"taxonomy":"product_tag","embeddable":true,"href":"https:\/\/www.uaudiobrasil.com.br\/en\/wp-json\/wp\/v2\/product_tag?post=101"}],"curies":[{"name":"wp","href":"https:\/\/api.w.org\/{rel}","templated":true}]}}